{"id":1976,"date":"2021-09-24T16:59:07","date_gmt":"2021-09-24T16:59:07","guid":{"rendered":"http:\/\/www.rula.disabilityrightsca.org\/vi\/?page_id=1976"},"modified":"2025-07-17T20:23:33","modified_gmt":"2025-07-17T20:23:33","slug":"5-7-how-does-the-scdd-operate-in-california","status":"publish","type":"page","link":"https:\/\/rula.disabilityrightsca.org\/vi\/rula-book\/chapter-5-advocating-for-yourself\/5-7-how-does-the-scdd-operate-in-california\/","title":{"rendered":"(5.7)  SCDD ho\u1ea1t \u0111\u1ed9ng nh\u01b0 th\u1ebf n\u00e0o \u1edf California?"},"content":{"rendered":"\n<p>SCDD c\u00f3 12 v\u0103n ph\u00f2ng khu v\u1ef1c.<span class=\"footnote_referrer\"><a role=\"button\" tabindex=\"0\" onclick=\"footnote_moveToReference_1976_1('footnote_plugin_reference_1976_1_1');\" onkeypress=\"footnote_moveToReference_1976_1('footnote_plugin_reference_1976_1_1');\" ><sup id=\"footnote_plugin_tooltip_1976_1_1\" class=\"footnote_plugin_tooltip_text\">[1]<\/sup><\/a><span id=\"footnote_plugin_tooltip_text_1976_1_1\" class=\"footnote_tooltip\">M\u1ee5c 4544(a).<\/span><\/span><script type=\"text\/javascript\"> jQuery('#footnote_plugin_tooltip_1976_1_1').tooltip({ tip: '#footnote_plugin_tooltip_text_1976_1_1', tipClass: 'footnote_tooltip', effect: 'fade', predelay: 0, fadeInSpeed: 200, delay: 400, fadeOutSpeed: 200, position: 'top center', relative: true, offset: [-7, 0], });<\/script> Nh\u1eefng v\u0103n ph\u00f2ng n\u00e0y tr\u01b0\u1edbc \u0111\u00e2y \u0111\u01b0\u1ee3c g\u1ecdi l\u00e0 \u1ee6y Ban Khu V\u1ef1c, v\u00ec v\u1eady m\u1ed9t s\u1ed1 ng\u01b0\u1eddi v\u1eabn g\u1ecdi c\u00e1c v\u0103n ph\u00f2ng n\u00e0y nh\u01b0 v\u1eady. Nh\u1eefng ng\u01b0\u1eddi l\u00e0m vi\u1ec7c trong v\u0103n ph\u00f2ng khu v\u1ef1c cung c\u1ea5p c\u00e1c kh\u00f3a \u0111\u00e0o t\u1ea1o v\u00e0 t\u1ed5 ch\u1ee9c s\u1ef1 ki\u1ec7n. H\u1ecd c\u0169ng c\u00f3 th\u1ec3 tr\u1ee3 gi\u00fap nh\u1eefng ng\u01b0\u1eddi g\u1ecdi \u0111i\u1ec7n v\u00e0 \u0111\u1eb7t c\u00e2u h\u1ecfi. H\u1ecd c\u00f3 c\u00e1c nh\u00f3m ng\u01b0\u1eddi t\u1ef1 b\u00eanh v\u1ef1c.<\/p>\n\n\n\n<p>\u201c\u1ee6y Ban C\u1ed1 V\u1ea5n Khu V\u1ef1c\u201d c\u1ed1 v\u1ea5n cho c\u00e1c v\u0103n ph\u00f2ng khu v\u1ef1c. H\u1ecd<\/p>\n\n\n\n<ul class=\"wp-block-list\">\n<li>c\u1ed1 v\u1ea5n cho SCDD v\u1ec1 c\u00e1c v\u1ea5n \u0111\u1ec1 v\u00e0 nhu c\u1ea7u \u0111\u1ecba ph\u01b0\u01a1ng,<\/li>\n\n\n\n<li>cung c\u1ea5p th\u00f4ng tin cho SCDD v\u1ec1 vi\u1ec7c l\u1eadp k\u1ebf ho\u1ea1ch ti\u1ec3u bang cho ng\u01b0\u1eddi khuy\u1ebft t\u1eadt v\u1ec1 ph\u00e1t tri\u1ec3n v\u00e0<\/li>\n\n\n\n<li>cung c\u1ea5p th\u00f4ng tin cho ng\u01b0\u1eddi khuy\u1ebft t\u1eadt v\u1ec1 ph\u00e1t tri\u1ec3n, gia \u0111\u00ecnh c\u1ee7a h\u1ecd, c\u00e1c nh\u00f3m chuy\u00ean gia v\u00e0 c\u00f4ng ch\u00fang \u0111\u1ec3 n\u00e2ng cao nh\u1eadn th\u1ee9c v\u1ec1 k\u1ebf ho\u1ea1ch ti\u1ec3u bang.<span class=\"footnote_referrer\"><a role=\"button\" tabindex=\"0\" onclick=\"footnote_moveToReference_1976_1('footnote_plugin_reference_1976_1_2');\" onkeypress=\"footnote_moveToReference_1976_1('footnote_plugin_reference_1976_1_2');\" ><sup id=\"footnote_plugin_tooltip_1976_1_2\" class=\"footnote_plugin_tooltip_text\">[2]<\/sup><\/a><span id=\"footnote_plugin_tooltip_text_1976_1_2\" class=\"footnote_tooltip\">M\u1ee5c 4548.<\/span><\/span><script type=\"text\/javascript\"> jQuery('#footnote_plugin_tooltip_1976_1_2').tooltip({ tip: '#footnote_plugin_tooltip_text_1976_1_2', tipClass: 'footnote_tooltip', effect: 'fade', predelay: 0, fadeInSpeed: 200, delay: 400, fadeOutSpeed: 200, position: 'top center', relative: true, offset: [-7, 0], });<\/script><\/li>\n<\/ul>\n\n\n\n<p>Truy c\u1eadp&nbsp;<a href=\"https:\/\/scdd.ca.gov\/contactus\/\">https:\/\/scdd.ca.gov\/contactus\/<\/a>&nbsp;v\u00e0 nh\u1ea5p v\u00e0o \u201cregional offices\u201d (v\u0103n ph\u00f2ng khu v\u1ef1c) \u0111\u1ec3 t\u00ecm v\u0103n ph\u00f2ng t\u1ea1i khu v\u1ef1c c\u1ee7a qu\u00fd v\u1ecb (tr\u01b0\u1edbc \u0111\u00e2y \u0111\u01b0\u1ee3c g\u1ecdi l\u00e0 \u1ee6y Ban Khu V\u1ef1c).<\/p>\n<div class=\"speaker-mute footnotes_reference_container\"> <div class=\"footnote_container_prepare\"><p><span role=\"button\" tabindex=\"0\" class=\"footnote_reference_container_label pointer\" onclick=\"footnote_expand_collapse_reference_container_1976_1();\">&#x202F;<\/span><span role=\"button\" tabindex=\"0\" class=\"footnote_reference_container_collapse_button\" style=\"display: none;\" onclick=\"footnote_expand_collapse_reference_container_1976_1();\">[<a id=\"footnote_reference_container_collapse_button_1976_1\">+<\/a>]<\/span><\/p><\/div> <div id=\"footnote_references_container_1976_1\" style=\"\"><table class=\"footnotes_table footnote-reference-container\"><caption class=\"accessibility\">References<\/caption> <tbody> \r\n\r\n<tr class=\"footnotes_plugin_reference_row\"> <th scope=\"row\" class=\"footnote_plugin_index_combi pointer\"  onclick=\"footnote_moveToAnchor_1976_1('footnote_plugin_tooltip_1976_1_1');\"><a id=\"footnote_plugin_reference_1976_1_1\" class=\"footnote_backlink\"><span class=\"footnote_index_arrow\">&#8593;<\/span>1<\/a><\/th> <td class=\"footnote_plugin_text\">M\u1ee5c 4544(a).<\/td><\/tr>\r\n\r\n<tr class=\"footnotes_plugin_reference_row\"> <th scope=\"row\" class=\"footnote_plugin_index_combi pointer\"  onclick=\"footnote_moveToAnchor_1976_1('footnote_plugin_tooltip_1976_1_2');\"><a id=\"footnote_plugin_reference_1976_1_2\" class=\"footnote_backlink\"><span class=\"footnote_index_arrow\">&#8593;<\/span>2<\/a><\/th> <td class=\"footnote_plugin_text\">M\u1ee5c 4548.<\/td><\/tr>\r\n\r\n <\/tbody> <\/table> <\/div><\/div><script type=\"text\/javascript\"> function footnote_expand_reference_container_1976_1() { jQuery('#footnote_references_container_1976_1').show(); jQuery('#footnote_reference_container_collapse_button_1976_1').text('\u2212'); } function footnote_collapse_reference_container_1976_1() { jQuery('#footnote_references_container_1976_1').hide(); jQuery('#footnote_reference_container_collapse_button_1976_1').text('+'); } function footnote_expand_collapse_reference_container_1976_1() { if (jQuery('#footnote_references_container_1976_1').is(':hidden')) { footnote_expand_reference_container_1976_1(); } else { footnote_collapse_reference_container_1976_1(); } } function footnote_moveToReference_1976_1(p_str_TargetID) { footnote_expand_reference_container_1976_1(); var l_obj_Target = jQuery('#' + p_str_TargetID); if (l_obj_Target.length) { jQuery( 'html, body' ).delay( 0 ); jQuery('html, body').animate({ scrollTop: l_obj_Target.offset().top - window.innerHeight * 0.2 }, 380); } } function footnote_moveToAnchor_1976_1(p_str_TargetID) { footnote_expand_reference_container_1976_1(); var l_obj_Target = jQuery('#' + p_str_TargetID); if (l_obj_Target.length) { jQuery( 'html, body' ).delay( 0 ); jQuery('html, body').animate({ scrollTop: l_obj_Target.offset().top - window.innerHeight * 0.2 }, 380); } }<\/script>","protected":false},"excerpt":{"rendered":"<p>SCDD c\u00f3 12 v\u0103n ph\u00f2ng khu v\u1ef1c.[1]M\u1ee5c 4544(a). Nh\u1eefng v\u0103n ph\u00f2ng n\u00e0y tr\u01b0\u1edbc \u0111\u00e2y \u0111\u01b0\u1ee3c g\u1ecdi l\u00e0 \u1ee6y Ban Khu V\u1ef1c, v\u00ec v\u1eady m\u1ed9t s\u1ed1&hellip;<\/p>\n","protected":false},"author":1,"featured_media":0,"parent":1957,"menu_order":7,"comment_status":"closed","ping_status":"closed","template":"","meta":{"footnotes":""},"class_list":["post-1976","page","type-page","status-publish","hentry"],"_links":{"self":[{"href":"https:\/\/rula.disabilityrightsca.org\/vi\/wp-json\/wp\/v2\/pages\/1976","targetHints":{"allow":["GET"]}}],"collection":[{"href":"https:\/\/rula.disabilityrightsca.org\/vi\/wp-json\/wp\/v2\/pages"}],"about":[{"href":"https:\/\/rula.disabilityrightsca.org\/vi\/wp-json\/wp\/v2\/types\/page"}],"author":[{"embeddable":true,"href":"https:\/\/rula.disabilityrightsca.org\/vi\/wp-json\/wp\/v2\/users\/1"}],"replies":[{"embeddable":true,"href":"https:\/\/rula.disabilityrightsca.org\/vi\/wp-json\/wp\/v2\/comments?post=1976"}],"version-history":[{"count":5,"href":"https:\/\/rula.disabilityrightsca.org\/vi\/wp-json\/wp\/v2\/pages\/1976\/revisions"}],"predecessor-version":[{"id":3927,"href":"https:\/\/rula.disabilityrightsca.org\/vi\/wp-json\/wp\/v2\/pages\/1976\/revisions\/3927"}],"up":[{"embeddable":true,"href":"https:\/\/rula.disabilityrightsca.org\/vi\/wp-json\/wp\/v2\/pages\/1957"}],"wp:attachment":[{"href":"https:\/\/rula.disabilityrightsca.org\/vi\/wp-json\/wp\/v2\/media?parent=1976"}],"curies":[{"name":"wp","href":"https:\/\/api.w.org\/{rel}","templated":true}]}}