{"id":1974,"date":"2021-09-24T16:51:21","date_gmt":"2021-09-24T16:51:21","guid":{"rendered":"http:\/\/www.rula.disabilityrightsca.org\/vi\/?page_id=1974"},"modified":"2022-04-20T23:51:14","modified_gmt":"2022-04-20T23:51:14","slug":"5-6-what-is-the-state-council-on-developmental-disabilities","status":"publish","type":"page","link":"https:\/\/rula.disabilityrightsca.org\/vi\/rula-book\/chapter-5-advocating-for-yourself\/5-6-what-is-the-state-council-on-developmental-disabilities\/","title":{"rendered":"(5.6) H\u1ed9i \u0110\u1ed3ng Ti\u1ec3u Bang v\u1ec1 Khuy\u1ebft T\u1eadt Ph\u00e1t Tri\u1ec3n l\u00e0 g\u00ec?"},"content":{"rendered":"\n<p>H\u1ed9i \u0110\u1ed3ng Ti\u1ec3u Bang v\u1ec1 Khuy\u1ebft T\u1eadt Ph\u00e1t Tri\u1ec3n (State Council on Developmental Disabilities, SCDD) l\u00e0 m\u1ed9t c\u01a1 quan ti\u1ec3u bang \u0111\u1ed9c l\u1eadp. C\u01a1 quan n\u00e0y \u0111\u1ea3m b\u1ea3o nh\u1eefng ng\u01b0\u1eddi b\u1ecb khuy\u1ebft t\u1eadt v\u1ec1 ph\u00e1t tri\u1ec3n nh\u1eadn \u0111\u01b0\u1ee3c c\u00e1c d\u1ecbch v\u1ee5 v\u00e0 s\u1ef1 h\u1ed7 tr\u1ee3 h\u1ecd c\u1ea7n.<\/p>\n\n\n\n<p>C\u00f3 31 th\u00e0nh vi\u00ean b\u1ecf phi\u1ebfu c\u1ee7a SCDD \u0111\u01b0\u1ee3c th\u1ed1ng \u0111\u1ed1c ch\u1ec9 \u0111\u1ecbnh. 20 th\u00e0nh vi\u00ean ph\u1ea3i l\u00e0 ng\u01b0\u1eddi kh\u00f4ng thu\u1ed9c c\u01a1 quan, th\u1ec3 hi\u1ec7n s\u1ef1 \u0111a d\u1ea1ng v\u1ec1 kinh t\u1ebf x\u00e3 h\u1ed9i, \u0111\u1ecba l\u00fd, t\u00ecnh tr\u1ea1ng khuy\u1ebft t\u1eadt, ch\u1ee7ng t\u1ed9c, d\u00e2n t\u1ed9c v\u00e0 ng\u00f4n ng\u1eef c\u1ee7a California.&nbsp;<\/p>\n\n\n\n<ul class=\"wp-block-list\"><li>7 trong s\u1ed1 20 th\u00e0nh vi\u00ean n\u00e0y ph\u1ea3i l\u00e0 ng\u01b0\u1eddi khuy\u1ebft t\u1eadt v\u1ec1 ph\u00e1t tri\u1ec3n<\/li><li>7 th\u00e0nh vi\u00ean ph\u1ea3i l\u00e0 cha\/m\u1eb9, ng\u01b0\u1eddi th\u00e2n, ng\u01b0\u1eddi gi\u00e1m h\u1ed9 ho\u1eb7c ng\u01b0\u1eddi b\u1ea3o h\u1ed9 c\u1ee7a nh\u1eefng ng\u01b0\u1eddi khuy\u1ebft t\u1eadt v\u1ec1 ph\u00e1t tri\u1ec3n<\/li><li>1 th\u00e0nh vi\u00ean ph\u1ea3i l\u00e0 ng\u01b0\u1eddi khuy\u1ebft t\u1eadt v\u1ec1 ph\u00e1t tri\u1ec3n hi\u1ec7n t\u1ea1i ho\u1eb7c tr\u01b0\u1edbc \u0111\u00e2y \u1edf trong m\u1ed9t c\u01a1 s\u1edf n\u1ed9i tr\u00fa, ho\u1eb7c ng\u01b0\u1eddi th\u00e2n tr\u1ef1c h\u1ec7, ng\u01b0\u1eddi gi\u00e1m h\u1ed9, ho\u1eb7c ng\u01b0\u1eddi b\u1ea3o h\u1ed9 c\u1ee7a h\u1ecd.<span class=\"footnote_referrer\"><a role=\"button\" tabindex=\"0\" onclick=\"footnote_moveToReference_1974_1('footnote_plugin_reference_1974_1_1');\" onkeypress=\"footnote_moveToReference_1974_1('footnote_plugin_reference_1974_1_1');\" ><sup id=\"footnote_plugin_tooltip_1974_1_1\" class=\"footnote_plugin_tooltip_text\">[1]<\/sup><\/a><span id=\"footnote_plugin_tooltip_text_1974_1_1\" class=\"footnote_tooltip\">M\u1ee5c 4521.<\/span><\/span><script type=\"text\/javascript\"> jQuery('#footnote_plugin_tooltip_1974_1_1').tooltip({ tip: '#footnote_plugin_tooltip_text_1974_1_1', tipClass: 'footnote_tooltip', effect: 'fade', predelay: 0, fadeInSpeed: 200, delay: 400, fadeOutSpeed: 200, position: 'top center', relative: true, offset: [-7, 0], });<\/script><\/li><\/ul>\n\n\n\n<p>C\u00e1c th\u00e0nh vi\u00ean c\u01a1 quan c\u1ee7a SCDD bao g\u1ed3m nh\u1eefng ng\u01b0\u1eddi l\u00e0m vi\u1ec7c cho c\u00e1c c\u01a1 quan t\u01b0 nh\u00e2n ho\u1eb7c c\u00f4ng l\u1eadp li\u00ean quan \u0111\u1ebfn ng\u01b0\u1eddi khuy\u1ebft t\u1eadt, ch\u1eb3ng h\u1ea1n nh\u01b0 DRC, DDS, S\u1edf Gi\u00e1o D\u1ee5c v\u00e0 S\u1edf Ph\u1ee5c H\u1ed3i Ch\u1ee9c N\u0103ng. \u0110\u1ec3 b\u00eanh v\u1ef1c cho quy\u1ec1n c\u1ee7a nh\u1eefng ng\u01b0\u1eddi khuy\u1ebft t\u1eadt v\u1ec1 ph\u00e1t tri\u1ec3n, h\u00e3y y\u00eau c\u1ea7u \u0111\u01b0\u1ee3c ch\u1ec9 \u0111\u1ecbnh v\u00e0o SCDD.<\/p>\n\n\n\n<p>SCDD t\u1ea1o ra v\u00e0 gi\u00e1m s\u00e1t k\u1ebf ho\u1ea1ch ti\u1ec3u bang v\u1ec1 d\u1ecbch v\u1ee5 cho kh\u00e1ch h\u00e0ng c\u1ee7a trung t\u00e2m khu v\u1ef1c. M\u1ee5c \u0111\u00edch c\u1ee7a k\u1ebf ho\u1ea1ch ti\u1ec3u bang l\u00e0 \u0111\u1ea3m b\u1ea3o c\u00f3 h\u1ec7 th\u1ed1ng d\u1ecbch v\u1ee5 c\u1ed9ng \u0111\u1ed3ng t\u1ed1t. H\u1ecd \u0111\u1ea3m b\u1ea3o h\u1ec7 th\u1ed1ng \u0111\u01b0\u1ee3c ch\u1ec9 d\u1eabn b\u1edfi v\u00e0 t\u1eadp trung v\u00e0o kh\u00e1ch h\u00e0ng v\u00e0 gia \u0111\u00ecnh. V\u00e0 h\u1ecd s\u1ebd \u0111\u1ea3m b\u1ea3o nh\u1eefng ng\u01b0\u1eddi khuy\u1ebft t\u1eadt v\u1ec1 ph\u00e1t tri\u1ec3n \u0111\u01b0\u1ee3c t\u1ef1 x\u00e1c \u0111\u1ecbnh, \u0111\u1ed9c l\u1eadp, s\u1ed1ng c\u00f3 \u00edch v\u00e0 h\u00f2a nh\u1eadp v\u00e0o t\u1ea5t c\u1ea3 c\u00e1c l\u0129nh v\u1ef1c c\u1ee7a cu\u1ed9c s\u1ed1ng c\u1ed9ng \u0111\u1ed3ng.<span class=\"footnote_referrer\"><a role=\"button\" tabindex=\"0\" onclick=\"footnote_moveToReference_1974_1('footnote_plugin_reference_1974_1_2');\" onkeypress=\"footnote_moveToReference_1974_1('footnote_plugin_reference_1974_1_2');\" ><sup id=\"footnote_plugin_tooltip_1974_1_2\" class=\"footnote_plugin_tooltip_text\">[2]<\/sup><\/a><span id=\"footnote_plugin_tooltip_text_1974_1_2\" class=\"footnote_tooltip\">M\u1ee5c 4562(c).<\/span><\/span><script type=\"text\/javascript\"> jQuery('#footnote_plugin_tooltip_1974_1_2').tooltip({ tip: '#footnote_plugin_tooltip_text_1974_1_2', tipClass: 'footnote_tooltip', effect: 'fade', predelay: 0, fadeInSpeed: 200, delay: 400, fadeOutSpeed: 200, position: 'top center', relative: true, offset: [-7, 0], });<\/script> K\u1ebf ho\u1ea1ch ti\u1ec3u bang t\u00ecm nh\u1eefng l\u0129nh v\u1ef1c c\u1ea7n c\u1ea3i ti\u1ebfn v\u00e0 c\u00e1c d\u1ecbch v\u1ee5 c\u1ea7n \u0111\u01b0\u1ee3c gia t\u0103ng cho ng\u01b0\u1eddi khuy\u1ebft t\u1eadt v\u1ec1 ph\u00e1t tri\u1ec3n v\u00e0 gia \u0111\u00ecnh c\u1ee7a h\u1ecd.<\/p>\n\n\n\n<p>M\u1ed7i 5 n\u0103m, SCDD chu\u1ea9n b\u1ecb \u201c\u0111\u00e1nh gi\u00e1 nhu c\u1ea7u\u201d. \u0110\u00e1nh gi\u00e1 n\u00e0y d\u00e0nh cho c\u00f4ng ch\u00fang v\u00e0 \u0111\u01b0\u1ee3c c\u1eadp nh\u1eadt h\u00e0ng n\u0103m. SCDD h\u1ecfi t\u1ea5t c\u1ea3 trung t\u00e2m khu v\u1ef1c v\u1ec1 c\u00e1c d\u1ecbch v\u1ee5 v\u00e0 s\u1ef1 h\u1ed7 tr\u1ee3 h\u1ecd \u0111ang thi\u1ebfu v\u00e0 nh\u1eefng d\u1ecbch v\u1ee5 v\u00e0 s\u1ef1 h\u1ed7 tr\u1ee3 m\u1edbi, \u0111\u01b0\u1ee3c m\u1edf r\u1ed9ng ho\u1eb7c chuy\u1ec3n \u0111\u1ed5i n\u00e0o m\u00e0 h\u1ecd c\u1ea7n. SCDD \u0111\u01b0a ra c\u00e1c c\u00e1ch cung c\u1ea5p d\u1ecbch v\u1ee5 m\u1edbi v\u00e0 kh\u00e1c bi\u1ec7t \u0111\u1ec3 \u0111\u00e1p \u1ee9ng nhu c\u1ea7u c\u1ee7a kh\u00e1ch h\u00e0ng t\u1ea1i trung t\u00e2m khu v\u1ef1c. SCDD c\u00f3 th\u1ec3 s\u1eed d\u1ee5ng th\u00f4ng tin t\u1eeb c\u00e1c ngu\u1ed3n kh\u00e1c, bao g\u1ed3m c\u00e1c phi\u00ean \u0111i\u1ec1u tr\u1ea7n c\u00f4ng khai.<span class=\"footnote_referrer\"><a role=\"button\" tabindex=\"0\" onclick=\"footnote_moveToReference_1974_1('footnote_plugin_reference_1974_1_3');\" onkeypress=\"footnote_moveToReference_1974_1('footnote_plugin_reference_1974_1_3');\" ><sup id=\"footnote_plugin_tooltip_1974_1_3\" class=\"footnote_plugin_tooltip_text\">[3]<\/sup><\/a><span id=\"footnote_plugin_tooltip_text_1974_1_3\" class=\"footnote_tooltip\">C\u00e1c M\u1ee5c 4520, 4521, 4540, 4561, 4675, 4676 v\u00e0 4677.<\/span><\/span><script type=\"text\/javascript\"> jQuery('#footnote_plugin_tooltip_1974_1_3').tooltip({ tip: '#footnote_plugin_tooltip_text_1974_1_3', tipClass: 'footnote_tooltip', effect: 'fade', predelay: 0, fadeInSpeed: 200, delay: 400, fadeOutSpeed: 200, position: 'top center', relative: true, offset: [-7, 0], });<\/script><\/p>\n\n\n\n<p>SCDD trao \u0111\u1ed5i v\u1edbi DDS \u0111\u1ec3 \u0111\u1ec1 xu\u1ea5t S\u1edf T\u00e0i Ch\u00ednh t\u00e0i tr\u1ee3 cho vi\u1ec7c ph\u00e1t tri\u1ec3n c\u00e1c ch\u01b0\u01a1ng tr\u00ecnh m\u1edbi trong ng\u00e2n s\u00e1ch c\u1ee7a Th\u1ed1ng \u0110\u1ed1c d\u1ef1a tr\u00ean \u0111\u00e1nh gi\u00e1 nhu c\u1ea7u.<span class=\"footnote_referrer\"><a role=\"button\" tabindex=\"0\" onclick=\"footnote_moveToReference_1974_1('footnote_plugin_reference_1974_1_4');\" onkeypress=\"footnote_moveToReference_1974_1('footnote_plugin_reference_1974_1_4');\" ><sup id=\"footnote_plugin_tooltip_1974_1_4\" class=\"footnote_plugin_tooltip_text\">[4]<\/sup><\/a><span id=\"footnote_plugin_tooltip_text_1974_1_4\" class=\"footnote_tooltip\">M\u1ee5c 4677(b)(6).<\/span><\/span><script type=\"text\/javascript\"> jQuery('#footnote_plugin_tooltip_1974_1_4').tooltip({ tip: '#footnote_plugin_tooltip_text_1974_1_4', tipClass: 'footnote_tooltip', effect: 'fade', predelay: 0, fadeInSpeed: 200, delay: 400, fadeOutSpeed: 200, position: 'top center', relative: true, offset: [-7, 0], });<\/script> Li\u00ean H\u1ec7:<\/p>\n\n\n\n<p><strong>H\u1ed9i \u0110\u1ed3ng Ti\u1ec3u Bang v\u1ec1 Khuy\u1ebft T\u1eadt Ph\u00e1t Tri\u1ec3n<\/strong><br>3831 North Freeway Blvd., No. 125<br>Sacramento, CA 95834<br>S\u1ed1 \u0110i\u1ec7n Tho\u1ea1i Mi\u1ec5n Ph\u00ed (833) 818-9886 ho\u1eb7c (916) 263-7919<br>Email: council@scdd.ca.gov<br><a href=\"http:\/\/www.scdd.ca.gov\"><em>www.scdd.ca.gov<\/em><\/a><\/p>\n<div class=\"speaker-mute footnotes_reference_container\"> <div class=\"footnote_container_prepare\"><p><span role=\"button\" tabindex=\"0\" class=\"footnote_reference_container_label pointer\" onclick=\"footnote_expand_collapse_reference_container_1974_1();\">&#x202F;<\/span><span role=\"button\" tabindex=\"0\" class=\"footnote_reference_container_collapse_button\" style=\"display: none;\" onclick=\"footnote_expand_collapse_reference_container_1974_1();\">[<a id=\"footnote_reference_container_collapse_button_1974_1\">+<\/a>]<\/span><\/p><\/div> <div id=\"footnote_references_container_1974_1\" style=\"\"><table class=\"footnotes_table footnote-reference-container\"><caption class=\"accessibility\">References<\/caption> <tbody> \r\n\r\n<tr class=\"footnotes_plugin_reference_row\"> <th scope=\"row\" class=\"footnote_plugin_index_combi pointer\"  onclick=\"footnote_moveToAnchor_1974_1('footnote_plugin_tooltip_1974_1_1');\"><a id=\"footnote_plugin_reference_1974_1_1\" class=\"footnote_backlink\"><span class=\"footnote_index_arrow\">&#8593;<\/span>1<\/a><\/th> <td class=\"footnote_plugin_text\">M\u1ee5c 4521.<\/td><\/tr>\r\n\r\n<tr class=\"footnotes_plugin_reference_row\"> <th scope=\"row\" class=\"footnote_plugin_index_combi pointer\"  onclick=\"footnote_moveToAnchor_1974_1('footnote_plugin_tooltip_1974_1_2');\"><a id=\"footnote_plugin_reference_1974_1_2\" class=\"footnote_backlink\"><span class=\"footnote_index_arrow\">&#8593;<\/span>2<\/a><\/th> <td class=\"footnote_plugin_text\">M\u1ee5c 4562(c).<\/td><\/tr>\r\n\r\n<tr class=\"footnotes_plugin_reference_row\"> <th scope=\"row\" class=\"footnote_plugin_index_combi pointer\"  onclick=\"footnote_moveToAnchor_1974_1('footnote_plugin_tooltip_1974_1_3');\"><a id=\"footnote_plugin_reference_1974_1_3\" class=\"footnote_backlink\"><span class=\"footnote_index_arrow\">&#8593;<\/span>3<\/a><\/th> <td class=\"footnote_plugin_text\">C\u00e1c M\u1ee5c 4520, 4521, 4540, 4561, 4675, 4676 v\u00e0 4677.<\/td><\/tr>\r\n\r\n<tr class=\"footnotes_plugin_reference_row\"> <th scope=\"row\" class=\"footnote_plugin_index_combi pointer\"  onclick=\"footnote_moveToAnchor_1974_1('footnote_plugin_tooltip_1974_1_4');\"><a id=\"footnote_plugin_reference_1974_1_4\" class=\"footnote_backlink\"><span class=\"footnote_index_arrow\">&#8593;<\/span>4<\/a><\/th> <td class=\"footnote_plugin_text\">M\u1ee5c 4677(b)(6).<\/td><\/tr>\r\n\r\n <\/tbody> <\/table> <\/div><\/div><script type=\"text\/javascript\"> function footnote_expand_reference_container_1974_1() { jQuery('#footnote_references_container_1974_1').show(); jQuery('#footnote_reference_container_collapse_button_1974_1').text('\u2212'); } function footnote_collapse_reference_container_1974_1() { jQuery('#footnote_references_container_1974_1').hide(); jQuery('#footnote_reference_container_collapse_button_1974_1').text('+'); } function footnote_expand_collapse_reference_container_1974_1() { if (jQuery('#footnote_references_container_1974_1').is(':hidden')) { footnote_expand_reference_container_1974_1(); } else { footnote_collapse_reference_container_1974_1(); } } function footnote_moveToReference_1974_1(p_str_TargetID) { footnote_expand_reference_container_1974_1(); var l_obj_Target = jQuery('#' + p_str_TargetID); if (l_obj_Target.length) { jQuery( 'html, body' ).delay( 0 ); jQuery('html, body').animate({ scrollTop: l_obj_Target.offset().top - window.innerHeight * 0.2 }, 380); } } function footnote_moveToAnchor_1974_1(p_str_TargetID) { footnote_expand_reference_container_1974_1(); var l_obj_Target = jQuery('#' + p_str_TargetID); if (l_obj_Target.length) { jQuery( 'html, body' ).delay( 0 ); jQuery('html, body').animate({ scrollTop: l_obj_Target.offset().top - window.innerHeight * 0.2 }, 380); } }<\/script>","protected":false},"excerpt":{"rendered":"<p>H\u1ed9i \u0110\u1ed3ng Ti\u1ec3u Bang v\u1ec1 Khuy\u1ebft T\u1eadt Ph\u00e1t Tri\u1ec3n (State Council on Developmental Disabilities, SCDD) l\u00e0 m\u1ed9t c\u01a1 quan ti\u1ec3u bang \u0111\u1ed9c l\u1eadp. C\u01a1 quan&hellip;<\/p>\n","protected":false},"author":1,"featured_media":0,"parent":1957,"menu_order":6,"comment_status":"closed","ping_status":"closed","template":"","meta":{"footnotes":""},"class_list":["post-1974","page","type-page","status-publish","hentry"],"_links":{"self":[{"href":"https:\/\/rula.disabilityrightsca.org\/vi\/wp-json\/wp\/v2\/pages\/1974","targetHints":{"allow":["GET"]}}],"collection":[{"href":"https:\/\/rula.disabilityrightsca.org\/vi\/wp-json\/wp\/v2\/pages"}],"about":[{"href":"https:\/\/rula.disabilityrightsca.org\/vi\/wp-json\/wp\/v2\/types\/page"}],"author":[{"embeddable":true,"href":"https:\/\/rula.disabilityrightsca.org\/vi\/wp-json\/wp\/v2\/users\/1"}],"replies":[{"embeddable":true,"href":"https:\/\/rula.disabilityrightsca.org\/vi\/wp-json\/wp\/v2\/comments?post=1974"}],"version-history":[{"count":4,"href":"https:\/\/rula.disabilityrightsca.org\/vi\/wp-json\/wp\/v2\/pages\/1974\/revisions"}],"predecessor-version":[{"id":3019,"href":"https:\/\/rula.disabilityrightsca.org\/vi\/wp-json\/wp\/v2\/pages\/1974\/revisions\/3019"}],"up":[{"embeddable":true,"href":"https:\/\/rula.disabilityrightsca.org\/vi\/wp-json\/wp\/v2\/pages\/1957"}],"wp:attachment":[{"href":"https:\/\/rula.disabilityrightsca.org\/vi\/wp-json\/wp\/v2\/media?parent=1974"}],"curies":[{"name":"wp","href":"https:\/\/api.w.org\/{rel}","templated":true}]}}