{"id":1972,"date":"2021-09-24T16:48:54","date_gmt":"2021-09-24T16:48:54","guid":{"rendered":"http:\/\/www.rula.disabilityrightsca.org\/vi\/?page_id=1972"},"modified":"2022-04-20T23:50:55","modified_gmt":"2022-04-20T23:50:55","slug":"5-5-how-does-disability-rights-california-drc-protect-my-rights","status":"publish","type":"page","link":"https:\/\/rula.disabilityrightsca.org\/vi\/rula-book\/chapter-5-advocating-for-yourself\/5-5-how-does-disability-rights-california-drc-protect-my-rights\/","title":{"rendered":"(5.5) Disability Rights California (DRC) b\u1ea3o v\u1ec7 c\u00e1c quy\u1ec1n c\u1ee7a t\u00f4i nh\u01b0 th\u1ebf n\u00e0o?"},"content":{"rendered":"\n<p>C\u00f4ng vi\u1ec7c c\u1ee7a DRC l\u00e0 b\u1ea3o v\u1ec7 v\u00e0 b\u00eanh v\u1ef1c cho c\u00e1c quy\u1ec1n c\u1ee7a ng\u01b0\u1eddi khuy\u1ebft t\u1eadt.<span class=\"footnote_referrer\"><a role=\"button\" tabindex=\"0\" onclick=\"footnote_moveToReference_1972_1('footnote_plugin_reference_1972_1_1');\" onkeypress=\"footnote_moveToReference_1972_1('footnote_plugin_reference_1972_1_1');\" ><sup id=\"footnote_plugin_tooltip_1972_1_1\" class=\"footnote_plugin_tooltip_text\">[1]<\/sup><\/a><span id=\"footnote_plugin_tooltip_text_1972_1_1\" class=\"footnote_tooltip\">M\u1ee5c 4902.<\/span><\/span><script type=\"text\/javascript\"> jQuery('#footnote_plugin_tooltip_1972_1_1').tooltip({ tip: '#footnote_plugin_tooltip_text_1972_1_1', tipClass: 'footnote_tooltip', effect: 'fade', predelay: 0, fadeInSpeed: 200, delay: 400, fadeOutSpeed: 200, position: 'top center', relative: true, offset: [-7, 0], });<\/script>DRC c\u0169ng c\u00f3 th\u1ec3 gi\u1edbi thi\u1ec7u v\u00e0 cung c\u1ea5p th\u00f4ng tin cho qu\u00fd v\u1ecb v\u1ec1 c\u00e1c ngu\u1ed3n l\u1ef1c b\u00eanh v\u1ef1c kh\u00e1c. \u0110\u1ec3 bi\u1ebft c\u00e1ch DRC c\u00f3 th\u1ec3 gi\u00fap qu\u00fd v\u1ecb, g\u1ecdi \u0111\u1ebfn s\u1ed1 800-776-5746.&nbsp;<\/p>\n\n\n\n<p>Sau \u0111\u00e2y l\u00e0 c\u00e1c c\u00e1ch Disability Rights California cung c\u1ea5p s\u1ef1 b\u00eanh v\u1ef1c:<\/p>\n\n\n\n<p><strong>C\u00e1c V\u0103n Ph\u00f2ng Ph\u00e1p L\u00fd Khu V\u1ef1c c\u1ee7a Disability Rights California<\/strong>&nbsp;\u2013 DRC c\u00f3 s\u00e1u v\u0103n ph\u00f2ng (Sacramento, Oakland, Fresno, Los Angeles, Ontario, v\u00e0 San Diego) cung c\u1ea5p nhi\u1ec1u lo\u1ea1i tr\u1ee3 gi\u00fap. Qu\u00fd v\u1ecb c\u00f3 th\u1ec3 \u0111\u1ebfn m\u1ed9t trong nh\u1eefng bu\u1ed5i \u0111\u00e0o t\u1ea1o c\u1ee7a h\u1ecd, nh\u1eadn t\u1eadp s\u00e1ch th\u00f4ng tin ho\u1eb7c g\u1ecdi \u0111i\u1ec7n \u0111\u1ec3 \u0111\u01b0\u1ee3c gi\u1ea3i \u0111\u00e1p qua \u0111i\u1ec7n tho\u1ea1i. \u0110\u00f4i khi, m\u1ed9t lu\u1eadt s\u01b0 ho\u1eb7c ng\u01b0\u1eddi b\u00eanh v\u1ef1c c\u00f3 th\u1ec3 \u0111\u1ea1i di\u1ec7n cho qu\u00fd v\u1ecb \u1edf t\u00f2a ho\u1eb7c t\u1ea1i phi\u00ean \u0111i\u1ec1u tr\u1ea7n h\u00e0nh ch\u00ednh. G\u1ecdi 800-776-5746.<\/p>\n\n\n\n<p><strong>V\u0103n Ph\u00f2ng B\u00eanh V\u1ef1c Quy\u1ec1n L\u1ee3i Kh\u00e1ch H\u00e0ng (Office of Clients\u2019 Rights Advocates, OCRA)<\/strong>&nbsp;\u2013 DRC c\u00f3 h\u1ee3p \u0111\u1ed3ng v\u1edbi S\u1edf Khuy\u1ebft T\u1eadt Ph\u00e1t Tri\u1ec3n (Department of Developmental Disabilities, DDS) \u0111\u1ec3 cung c\u1ea5p d\u1ecbch v\u1ee5 b\u00eanh v\u1ef1c quy\u1ec1n l\u1ee3i Kh\u00e1ch H\u00e0ng cho kh\u00e1ch h\u00e0ng c\u1ee7a trung t\u00e2m khu v\u1ef1c. OCRA c\u00f3 nh\u1eefng Ng\u01b0\u1eddi B\u00eanh V\u1ef1c Quy\u1ec1n L\u1ee3i Kh\u00e1ch H\u00e0ng (g\u1ecdi l\u00e0 \u201cCRA\u201d) d\u00e0nh cho nh\u1eefng ng\u01b0\u1eddi nh\u1eadn d\u1ecbch v\u1ee5 t\u1eeb m\u1ecdi trung t\u00e2m khu v\u1ef1c. CRA c\u00f3 th\u1ec3 gi\u00fap qu\u00fd v\u1ecb. H\u1ecd c\u00f3 th\u1ec3 cung c\u1ea5p cho qu\u00fd v\u1ecb th\u00f4ng tin, \u0111\u00e0o t\u1ea1o v\u00e0 tr\u1ea3 l\u1eddi c\u00e2u h\u1ecfi qua \u0111i\u1ec7n tho\u1ea1i. \u0110\u00f4i khi, lu\u1eadt s\u01b0 ho\u1eb7c ng\u01b0\u1eddi b\u00eanh v\u1ef1c c\u1ee7a OCRA c\u00f3 th\u1ec3 \u0111\u1ea1i di\u1ec7n cho qu\u00fd v\u1ecb \u1edf t\u00f2a ho\u1eb7c t\u1ea1i phi\u00ean \u0111i\u1ec1u tr\u1ea7n h\u00e0nh ch\u00ednh. \u1ede B\u1eafc California, g\u1ecdi 800-390-7032; \u1edf Nam California g\u1ecdi 866-833-6712. TTY 877-669-6023.<\/p>\n\n\n\n<p><strong>T\u1ed5 Ch\u1ee9c T\u1ef1 B\u00eanh V\u1ef1c Ngang H\u00e0ng c\u1ee7a Disability Rights California<\/strong>&nbsp;\u2013 T\u1ed5 Ch\u1ee9c T\u1ef1 B\u00eanh V\u1ef1c Ngang H\u00e0ng cung c\u1ea5p s\u1ef1 h\u1ed7 tr\u1ee3 v\u00e0 tr\u1ee3 gi\u00fap cho nh\u1eefng ng\u01b0\u1eddi b\u00eanh v\u1ef1c cho quy\u1ec1n c\u1ee7a ch\u00ednh h\u1ecd. H\u1ecd chia s\u1ebb kinh nghi\u1ec7m v\u00e0 h\u1ed7 tr\u1ee3 l\u1eabn nhau. B\u1ea3n th\u00e2n nh\u1eefng ng\u01b0\u1eddi l\u00e0m vi\u1ec7c trong t\u1ed5 ch\u1ee9c n\u00e0y c\u0169ng b\u1ecb khuy\u1ebft t\u1eadt. T\u1ed5 ch\u1ee9c n\u00e0y c\u00f3 th\u1ec3 gi\u00fap qu\u00fd v\u1ecb t\u00ecm hi\u1ec3u quy\u1ec1n c\u1ee7a qu\u00fd v\u1ecb, c\u00e1ch th\u1ee9c ho\u1ea1t \u0111\u1ed9ng c\u1ee7a h\u1ec7 th\u1ed1ng d\u1ecbch v\u1ee5 d\u00e0nh cho ng\u01b0\u1eddi khuy\u1ebft t\u1eadt v\u00e0 c\u00e1ch b\u00eanh v\u1ef1c cho b\u1ea3n th\u00e2n. G\u1ecdi 800-776-5746.<\/p>\n\n\n\n<p><strong>C\u01a1 Quan \u0110i\u1ec1u Tra (Investigations Unit, IU) c\u1ee7a Disability Rights California&nbsp;<\/strong>\u2013 IU c\u1ee7a DRC xem x\u00e9t c\u00e1c b\u00e1o c\u00e1o v\u1ec1:<\/p>\n\n\n\n<ul class=\"wp-block-list\"><li>l\u1ea1m d\u1ee5ng v\u00e0 b\u1ecf b\u00ea \u1edf c\u00e1c b\u1ec7nh vi\u1ec7n ti\u1ec3u bang v\u00e0 c\u00e1c c\u01a1 s\u1edf kh\u00e1c<\/li><li>ch\u0103m s\u00f3c l\u1ea1m d\u1ee5ng ho\u1eb7c t\u1eafc tr\u00e1ch<\/li><li>t\u1ea5n c\u00f4ng t\u00ecnh d\u1ee5c<\/li><li>l\u1ea1m d\u1ee5ng th\u1ec3 ch\u1ea5t ho\u1eb7c b\u1ecf b\u00ea<\/li><li>s\u1eed d\u1ee5ng bi\u1ec7n ph\u00e1p c\u00e1ch ly v\u00e0 ki\u1ec1m ch\u1ebf kh\u00f4ng ph\u00f9 h\u1ee3p.<\/li><\/ul>\n\n\n\n<p>H\u1ecd c\u0169ng t\u00ecm v\u00e0 l\u1eadp t\u00e0i li\u1ec7u nh\u1eefng tr\u01b0\u1eddng h\u1ee3p l\u1ea1m d\u1ee5ng v\u00e0 b\u1ecf b\u00ea nghi\u00eam tr\u1ecdng, c\u00f3 t\u00ednh h\u1ec7 th\u1ed1ng. \u0110\u1ec3 bi\u1ebft th\u00eam th\u00f4ng tin v\u1ec1 IU, g\u1ecdi 800-776-5746<em>.<\/em><\/p>\n<div class=\"speaker-mute footnotes_reference_container\"> <div class=\"footnote_container_prepare\"><p><span role=\"button\" tabindex=\"0\" class=\"footnote_reference_container_label pointer\" onclick=\"footnote_expand_collapse_reference_container_1972_1();\">&#x202F;<\/span><span role=\"button\" tabindex=\"0\" class=\"footnote_reference_container_collapse_button\" style=\"display: none;\" onclick=\"footnote_expand_collapse_reference_container_1972_1();\">[<a id=\"footnote_reference_container_collapse_button_1972_1\">+<\/a>]<\/span><\/p><\/div> <div id=\"footnote_references_container_1972_1\" style=\"\"><table class=\"footnotes_table footnote-reference-container\"><caption class=\"accessibility\">References<\/caption> <tbody> \r\n\r\n<tr class=\"footnotes_plugin_reference_row\"> <th scope=\"row\" class=\"footnote_plugin_index_combi pointer\"  onclick=\"footnote_moveToAnchor_1972_1('footnote_plugin_tooltip_1972_1_1');\"><a id=\"footnote_plugin_reference_1972_1_1\" class=\"footnote_backlink\"><span class=\"footnote_index_arrow\">&#8593;<\/span>1<\/a><\/th> <td class=\"footnote_plugin_text\">M\u1ee5c 4902.<\/td><\/tr>\r\n\r\n <\/tbody> <\/table> <\/div><\/div><script type=\"text\/javascript\"> function footnote_expand_reference_container_1972_1() { jQuery('#footnote_references_container_1972_1').show(); jQuery('#footnote_reference_container_collapse_button_1972_1').text('\u2212'); } function footnote_collapse_reference_container_1972_1() { jQuery('#footnote_references_container_1972_1').hide(); jQuery('#footnote_reference_container_collapse_button_1972_1').text('+'); } function footnote_expand_collapse_reference_container_1972_1() { if (jQuery('#footnote_references_container_1972_1').is(':hidden')) { footnote_expand_reference_container_1972_1(); } else { footnote_collapse_reference_container_1972_1(); } } function footnote_moveToReference_1972_1(p_str_TargetID) { footnote_expand_reference_container_1972_1(); var l_obj_Target = jQuery('#' + p_str_TargetID); if (l_obj_Target.length) { jQuery( 'html, body' ).delay( 0 ); jQuery('html, body').animate({ scrollTop: l_obj_Target.offset().top - window.innerHeight * 0.2 }, 380); } } function footnote_moveToAnchor_1972_1(p_str_TargetID) { footnote_expand_reference_container_1972_1(); var l_obj_Target = jQuery('#' + p_str_TargetID); if (l_obj_Target.length) { jQuery( 'html, body' ).delay( 0 ); jQuery('html, body').animate({ scrollTop: l_obj_Target.offset().top - window.innerHeight * 0.2 }, 380); } }<\/script>","protected":false},"excerpt":{"rendered":"<p>C\u00f4ng vi\u1ec7c c\u1ee7a DRC l\u00e0 b\u1ea3o v\u1ec7 v\u00e0 b\u00eanh v\u1ef1c cho c\u00e1c quy\u1ec1n c\u1ee7a ng\u01b0\u1eddi khuy\u1ebft t\u1eadt.[1]M\u1ee5c 4902.DRC c\u0169ng c\u00f3 th\u1ec3 gi\u1edbi thi\u1ec7u v\u00e0 cung&hellip;<\/p>\n","protected":false},"author":1,"featured_media":0,"parent":1957,"menu_order":5,"comment_status":"closed","ping_status":"closed","template":"","meta":{"footnotes":""},"class_list":["post-1972","page","type-page","status-publish","hentry"],"_links":{"self":[{"href":"https:\/\/rula.disabilityrightsca.org\/vi\/wp-json\/wp\/v2\/pages\/1972","targetHints":{"allow":["GET"]}}],"collection":[{"href":"https:\/\/rula.disabilityrightsca.org\/vi\/wp-json\/wp\/v2\/pages"}],"about":[{"href":"https:\/\/rula.disabilityrightsca.org\/vi\/wp-json\/wp\/v2\/types\/page"}],"author":[{"embeddable":true,"href":"https:\/\/rula.disabilityrightsca.org\/vi\/wp-json\/wp\/v2\/users\/1"}],"replies":[{"embeddable":true,"href":"https:\/\/rula.disabilityrightsca.org\/vi\/wp-json\/wp\/v2\/comments?post=1972"}],"version-history":[{"count":3,"href":"https:\/\/rula.disabilityrightsca.org\/vi\/wp-json\/wp\/v2\/pages\/1972\/revisions"}],"predecessor-version":[{"id":3018,"href":"https:\/\/rula.disabilityrightsca.org\/vi\/wp-json\/wp\/v2\/pages\/1972\/revisions\/3018"}],"up":[{"embeddable":true,"href":"https:\/\/rula.disabilityrightsca.org\/vi\/wp-json\/wp\/v2\/pages\/1957"}],"wp:attachment":[{"href":"https:\/\/rula.disabilityrightsca.org\/vi\/wp-json\/wp\/v2\/media?parent=1972"}],"curies":[{"name":"wp","href":"https:\/\/api.w.org\/{rel}","templated":true}]}}