{"id":1965,"date":"2021-09-24T16:41:02","date_gmt":"2021-09-24T16:41:02","guid":{"rendered":"http:\/\/www.rula.disabilityrightsca.org\/vi\/?page_id=1965"},"modified":"2022-04-20T23:48:28","modified_gmt":"2022-04-20T23:48:28","slug":"5-3-do-i-need-a-lawyer","status":"publish","type":"page","link":"https:\/\/rula.disabilityrightsca.org\/vi\/rula-book\/chapter-5-advocating-for-yourself\/5-3-do-i-need-a-lawyer\/","title":{"rendered":"(5.3) T\u00f4i c\u00f3 c\u1ea7n lu\u1eadt s\u01b0 kh\u00f4ng?"},"content":{"rendered":"\n<p>Kh\u00f4ng ph\u1ea3i l\u00fac n\u00e0o qu\u00fd v\u1ecb c\u0169ng c\u1ea7n. \u0110\u00f4i khi, qu\u00fd v\u1ecb kh\u00f4ng c\u1ea7n c\u00f3 lu\u1eadt s\u01b0 m\u1edbi th\u1eafng \u0111\u01b0\u1ee3c. Tuy nhi\u00ean, n\u1ebfu tr\u01b0\u1eddng h\u1ee3p c\u1ee7a qu\u00fd v\u1ecb ph\u1ee9c t\u1ea1p, ng\u01b0\u1eddi b\u00eanh v\u1ef1c c\u00f3 th\u1ec3 gi\u00fap qu\u00fd v\u1ecb. Ng\u01b0\u1eddi b\u00eanh v\u1ef1c kh\u00f4ng c\u1ea7n ph\u1ea3i l\u00e0 lu\u1eadt s\u01b0, k\u1ec3 c\u1ea3 v\u1edbi phi\u00ean \u0111i\u1ec1u tr\u1ea7n c\u00f4ng b\u1eb1ng. \u0110\u1ec3 n\u1ed9p \u0111\u01a1n ki\u1ec7n ra t\u00f2a, qu\u00fd v\u1ecb c\u00f3 th\u1ec3 c\u1ea7n lu\u1eadt s\u01b0. \u0110\u00f4i khi qu\u00fd v\u1ecb c\u00f3 th\u1ec3 t\u1ef1 n\u1ed9p \u0111\u01a1n ki\u1ec7n. N\u1ebfu qu\u00fd v\u1ecb t\u1ef1 n\u1ed9p \u0111\u01a1n ki\u1ec7n, \u0111\u01b0\u1ee3c g\u1ecdi l\u00e0&nbsp;<em>\u0111\u00edch th\u00e2n<\/em>, qu\u00fd v\u1ecb s\u1ebd c\u00f3 th\u1ec3 nh\u1eadn \u0111\u01b0\u1ee3c s\u1ef1 tr\u1ee3 gi\u00fap t\u1eeb ch\u01b0\u01a1ng tr\u00ecnh h\u1ed7 tr\u1ee3 ph\u00e1p l\u00fd.<\/p>\n","protected":false},"excerpt":{"rendered":"<p>Kh\u00f4ng ph\u1ea3i l\u00fac n\u00e0o qu\u00fd v\u1ecb c\u0169ng c\u1ea7n. \u0110\u00f4i khi, qu\u00fd v\u1ecb kh\u00f4ng c\u1ea7n c\u00f3 lu\u1eadt s\u01b0 m\u1edbi th\u1eafng \u0111\u01b0\u1ee3c. Tuy nhi\u00ean, n\u1ebfu tr\u01b0\u1eddng h\u1ee3p&hellip;<\/p>\n","protected":false},"author":1,"featured_media":0,"parent":1957,"menu_order":3,"comment_status":"closed","ping_status":"closed","template":"","meta":{"footnotes":""},"class_list":["post-1965","page","type-page","status-publish","hentry"],"_links":{"self":[{"href":"https:\/\/rula.disabilityrightsca.org\/vi\/wp-json\/wp\/v2\/pages\/1965","targetHints":{"allow":["GET"]}}],"collection":[{"href":"https:\/\/rula.disabilityrightsca.org\/vi\/wp-json\/wp\/v2\/pages"}],"about":[{"href":"https:\/\/rula.disabilityrightsca.org\/vi\/wp-json\/wp\/v2\/types\/page"}],"author":[{"embeddable":true,"href":"https:\/\/rula.disabilityrightsca.org\/vi\/wp-json\/wp\/v2\/users\/1"}],"replies":[{"embeddable":true,"href":"https:\/\/rula.disabilityrightsca.org\/vi\/wp-json\/wp\/v2\/comments?post=1965"}],"version-history":[{"count":4,"href":"https:\/\/rula.disabilityrightsca.org\/vi\/wp-json\/wp\/v2\/pages\/1965\/revisions"}],"predecessor-version":[{"id":3017,"href":"https:\/\/rula.disabilityrightsca.org\/vi\/wp-json\/wp\/v2\/pages\/1965\/revisions\/3017"}],"up":[{"embeddable":true,"href":"https:\/\/rula.disabilityrightsca.org\/vi\/wp-json\/wp\/v2\/pages\/1957"}],"wp:attachment":[{"href":"https:\/\/rula.disabilityrightsca.org\/vi\/wp-json\/wp\/v2\/media?parent=1965"}],"curies":[{"name":"wp","href":"https:\/\/api.w.org\/{rel}","templated":true}]}}