{"id":1963,"date":"2021-09-24T16:39:56","date_gmt":"2021-09-24T16:39:56","guid":{"rendered":"http:\/\/www.rula.disabilityrightsca.org\/vi\/?page_id=1963"},"modified":"2022-04-20T23:48:16","modified_gmt":"2022-04-20T23:48:16","slug":"5-2-who-can-be-an-advocate","status":"publish","type":"page","link":"https:\/\/rula.disabilityrightsca.org\/vi\/rula-book\/chapter-5-advocating-for-yourself\/5-2-who-can-be-an-advocate\/","title":{"rendered":"(5.2) Ai c\u00f3 th\u1ec3 l\u00e0m ng\u01b0\u1eddi b\u00eanh v\u1ef1c?"},"content":{"rendered":"\n<p>B\u1ea5t k\u1ef3 ai c\u0169ng c\u00f3 th\u1ec3 l\u00e0m ng\u01b0\u1eddi b\u00eanh v\u1ef1c. Qu\u00fd v\u1ecb c\u00f3 th\u1ec3 l\u00e0 ng\u01b0\u1eddi b\u00eanh v\u1ef1c cho ch\u00ednh m\u00ecnh. Qu\u00fd v\u1ecb c\u00f3 th\u1ec3 l\u00e0 ng\u01b0\u1eddi b\u00eanh v\u1ef1c cho ng\u01b0\u1eddi kh\u00e1c. Ho\u1eb7c, qu\u00fd v\u1ecb c\u00f3 th\u1ec3 nh\u1edd ng\u01b0\u1eddi kh\u00e1c l\u00e0m ng\u01b0\u1eddi b\u00eanh v\u1ef1c cho qu\u00fd v\u1ecb.<\/p>\n\n\n\n<p>\u0110\u1ea3m b\u1ea3o r\u1eb1ng qu\u00fd v\u1ecb v\u00e0 ng\u01b0\u1eddi b\u00eanh v\u1ef1c cho qu\u00fd v\u1ecb nh\u1ea5t tr\u00ed v\u1ec1 \u0111i\u1ec1u qu\u00fd v\u1ecb mu\u1ed1n. Ghi \u0111i\u1ec1u \u0111\u00f3 th\u00e0nh v\u0103n b\u1ea3n. Cho bi\u1ebft qu\u00fd v\u1ecb mu\u1ed1n ng\u01b0\u1eddi \u0111\u00f3 l\u00e0m ng\u01b0\u1eddi b\u00eanh v\u1ef1c cho qu\u00fd v\u1ecb. Ngo\u00e0i ra, vi\u1ebft ra m\u1ee5c \u0111\u00edch c\u1ee7a qu\u00fd v\u1ecb, nh\u01b0 l\u00e0 nh\u1eadn m\u1ed9t d\u1ecbch v\u1ee5 m\u1edbi ho\u1eb7c duy tr\u00ec d\u1ecbch v\u1ee5 qu\u00fd v\u1ecb \u0111\u00e3 c\u00f3.<\/p>\n","protected":false},"excerpt":{"rendered":"<p>B\u1ea5t k\u1ef3 ai c\u0169ng c\u00f3 th\u1ec3 l\u00e0m ng\u01b0\u1eddi b\u00eanh v\u1ef1c. Qu\u00fd v\u1ecb c\u00f3 th\u1ec3 l\u00e0 ng\u01b0\u1eddi b\u00eanh v\u1ef1c cho ch\u00ednh m\u00ecnh. Qu\u00fd v\u1ecb c\u00f3 th\u1ec3&hellip;<\/p>\n","protected":false},"author":1,"featured_media":0,"parent":1957,"menu_order":2,"comment_status":"closed","ping_status":"closed","template":"","meta":{"footnotes":""},"class_list":["post-1963","page","type-page","status-publish","hentry"],"_links":{"self":[{"href":"https:\/\/rula.disabilityrightsca.org\/vi\/wp-json\/wp\/v2\/pages\/1963","targetHints":{"allow":["GET"]}}],"collection":[{"href":"https:\/\/rula.disabilityrightsca.org\/vi\/wp-json\/wp\/v2\/pages"}],"about":[{"href":"https:\/\/rula.disabilityrightsca.org\/vi\/wp-json\/wp\/v2\/types\/page"}],"author":[{"embeddable":true,"href":"https:\/\/rula.disabilityrightsca.org\/vi\/wp-json\/wp\/v2\/users\/1"}],"replies":[{"embeddable":true,"href":"https:\/\/rula.disabilityrightsca.org\/vi\/wp-json\/wp\/v2\/comments?post=1963"}],"version-history":[{"count":3,"href":"https:\/\/rula.disabilityrightsca.org\/vi\/wp-json\/wp\/v2\/pages\/1963\/revisions"}],"predecessor-version":[{"id":2979,"href":"https:\/\/rula.disabilityrightsca.org\/vi\/wp-json\/wp\/v2\/pages\/1963\/revisions\/2979"}],"up":[{"embeddable":true,"href":"https:\/\/rula.disabilityrightsca.org\/vi\/wp-json\/wp\/v2\/pages\/1957"}],"wp:attachment":[{"href":"https:\/\/rula.disabilityrightsca.org\/vi\/wp-json\/wp\/v2\/media?parent=1963"}],"curies":[{"name":"wp","href":"https:\/\/api.w.org\/{rel}","templated":true}]}}