{"id":1960,"date":"2021-09-24T16:32:32","date_gmt":"2021-09-24T16:32:32","guid":{"rendered":"http:\/\/www.rula.disabilityrightsca.org\/vi\/?page_id=1960"},"modified":"2022-04-20T23:47:55","modified_gmt":"2022-04-20T23:47:55","slug":"5-1-what-is-advocacy","status":"publish","type":"page","link":"https:\/\/rula.disabilityrightsca.org\/vi\/rula-book\/chapter-5-advocating-for-yourself\/5-1-what-is-advocacy\/","title":{"rendered":"(5.1) B\u00eanh v\u1ef1c l\u00e0 g\u00ec?"},"content":{"rendered":"\n<p>Ng\u01b0\u1eddi khuy\u1ebft t\u1eadt v\u1ec1 ph\u00e1t tri\u1ec3n c\u00f3 c\u00e1c quy\u1ec1n c\u00e1 nh\u00e2n v\u00e0 c\u00f4ng d\u00e2n. Nh\u1eefng quy\u1ec1n n\u00e0y bao g\u1ed3m quy\u1ec1n nh\u1eadn c\u00e1c d\u1ecbch v\u1ee5 qu\u00fd v\u1ecb h\u1ed9i \u0111\u1ee7 \u0111i\u1ec1u ki\u1ec7n h\u01b0\u1edfng v\u00e0 quy\u1ec1n nh\u1eadn c\u00e1c d\u1ecbch v\u1ee5 \u0111\u00f3 trong m\u00f4i tr\u01b0\u1eddng h\u00f2a nh\u1eadp nh\u1ea5t. B\u00eanh v\u1ef1c ngh\u0129a l\u00e0 l\u00ean ti\u1ebfng v\u00e0 \u0111\u1ea5u tranh \u0111\u1ec3 c\u00f3 \u0111\u01b0\u1ee3c nh\u1eefng quy\u1ec1n n\u00e0y.<\/p>\n\n\n\n<p>Trung t\u00e2m khu v\u1ef1c \u2013 v\u00e0 t\u1ea5t c\u1ea3 c\u00e1c c\u01a1 quan c\u00f4ng \u2013&nbsp;<strong>ph\u1ea3i<\/strong>&nbsp;t\u00f4n tr\u1ecdng quy\u1ec1n c\u1ee7a qu\u00fd v\u1ecb. H\u1ecd&nbsp;<strong>ph\u1ea3i<\/strong>&nbsp;tu\u00e2n theo lu\u1eadt ph\u00e1p v\u00e0 m\u1ed9t s\u1ed1 quy \u0111\u1ecbnh. Nhi\u1ec1u quy \u0111\u1ecbnh cho bi\u1ebft c\u00e1ch nh\u1eadn c\u00e1c d\u1ecbch v\u1ee5 m\u00e0 qu\u00fd v\u1ecb c\u1ea7n v\u00e0 ch\u1ecdn.<\/p>\n\n\n\n<p>N\u1ebfu trung t\u00e2m khu v\u1ef1c c\u1ee7a qu\u00fd v\u1ecb kh\u00f4ng cung c\u1ea5p cho qu\u00fd v\u1ecb c\u00e1c d\u1ecbch v\u1ee5 v\u00e0 s\u1ef1 h\u1ed7 tr\u1ee3 m\u00e0 qu\u00fd v\u1ecb c\u00f3 quy\u1ec1n nh\u1eadn, qu\u00fd v\u1ecb c\u00f3 th\u1ec3 ph\u1ea3n b\u00e1c (kh\u00e1ng c\u00e1o) quy\u1ebft \u0111\u1ecbnh c\u1ee7a h\u1ecd.<\/p>\n\n\n\n<p><strong><em>Quan tr\u1ecdng! <\/em><\/strong>C\u00f3 th\u1eddi h\u1ea1n cho vi\u1ec7c kh\u00e1ng c\u00e1o. N\u1ebfu qu\u00fd v\u1ecb b\u1ecf l\u1ee1 th\u1eddi h\u1ea1n, qu\u00fd v\u1ecb s\u1ebd kh\u00f4ng th\u1ec3 kh\u00e1ng c\u00e1o. Xem&nbsp;<a href=\"https:\/\/rula.disabilityrightsca.org\/vi\/rula-book\/chapter-10-appeals-and-complaints-disagreements-with-regional-centers-developmental-centers-or-service-providers\/\">Ch\u01b0\u01a1ng 10<\/a>&nbsp;\u0111\u1ec3 bi\u1ebft th\u00f4ng tin v\u1ec1 kh\u00e1ng c\u00e1o.<\/p>\n\n\n\n<p>N\u1ebfu qu\u00fd v\u1ecb kh\u00e1ng c\u00e1o quy\u1ebft \u0111\u1ecbnh c\u1ee7a m\u1ed9t c\u01a1 quan kh\u00e1c, h\u00e3y h\u1ecfi h\u1ecd th\u1eddi h\u1ea1n n\u1ed9p \u0111\u01a1n kh\u00e1ng c\u00e1o.<\/p>\n","protected":false},"excerpt":{"rendered":"<p>Ng\u01b0\u1eddi khuy\u1ebft t\u1eadt v\u1ec1 ph\u00e1t tri\u1ec3n c\u00f3 c\u00e1c quy\u1ec1n c\u00e1 nh\u00e2n v\u00e0 c\u00f4ng d\u00e2n. Nh\u1eefng quy\u1ec1n n\u00e0y bao g\u1ed3m quy\u1ec1n nh\u1eadn c\u00e1c d\u1ecbch v\u1ee5 qu\u00fd&hellip;<\/p>\n","protected":false},"author":1,"featured_media":0,"parent":1957,"menu_order":1,"comment_status":"closed","ping_status":"closed","template":"","meta":{"footnotes":""},"class_list":["post-1960","page","type-page","status-publish","hentry"],"_links":{"self":[{"href":"https:\/\/rula.disabilityrightsca.org\/vi\/wp-json\/wp\/v2\/pages\/1960","targetHints":{"allow":["GET"]}}],"collection":[{"href":"https:\/\/rula.disabilityrightsca.org\/vi\/wp-json\/wp\/v2\/pages"}],"about":[{"href":"https:\/\/rula.disabilityrightsca.org\/vi\/wp-json\/wp\/v2\/types\/page"}],"author":[{"embeddable":true,"href":"https:\/\/rula.disabilityrightsca.org\/vi\/wp-json\/wp\/v2\/users\/1"}],"replies":[{"embeddable":true,"href":"https:\/\/rula.disabilityrightsca.org\/vi\/wp-json\/wp\/v2\/comments?post=1960"}],"version-history":[{"count":4,"href":"https:\/\/rula.disabilityrightsca.org\/vi\/wp-json\/wp\/v2\/pages\/1960\/revisions"}],"predecessor-version":[{"id":3016,"href":"https:\/\/rula.disabilityrightsca.org\/vi\/wp-json\/wp\/v2\/pages\/1960\/revisions\/3016"}],"up":[{"embeddable":true,"href":"https:\/\/rula.disabilityrightsca.org\/vi\/wp-json\/wp\/v2\/pages\/1957"}],"wp:attachment":[{"href":"https:\/\/rula.disabilityrightsca.org\/vi\/wp-json\/wp\/v2\/media?parent=1960"}],"curies":[{"name":"wp","href":"https:\/\/api.w.org\/{rel}","templated":true}]}}