{"id":1954,"date":"2021-09-24T16:25:41","date_gmt":"2021-09-24T16:25:41","guid":{"rendered":"http:\/\/www.rula.disabilityrightsca.org\/vi\/?page_id=1954"},"modified":"2022-04-27T22:23:27","modified_gmt":"2022-04-27T22:23:27","slug":"supplement-m-prepare-to-negotiate-with-the-regional-center-or-other-agency","status":"publish","type":"page","link":"https:\/\/rula.disabilityrightsca.org\/vi\/supplements\/supplement-m-prepare-to-negotiate-with-the-regional-center-or-other-agency\/","title":{"rendered":"Ph\u1ee5 L\u1ee5c M: Chu\u1ea9n B\u1ecb Th\u01b0\u01a1ng L\u01b0\u1ee3ng v\u1edbi Trung T\u00e2m Khu V\u1ef1c ho\u1eb7c C\u01a1 Quan Kh\u00e1c"},"content":{"rendered":"\n<p>Chu\u1ea9n b\u1ecb cho bu\u1ed5i th\u01b0\u01a1ng l\u01b0\u1ee3ng ho\u1eb7c bu\u1ed5i h\u00f2a gi\u1ea3i b\u1eb1ng c\u00e1ch tr\u1ea3 l\u1eddi nh\u1eefng c\u00e2u h\u1ecfi sau.<\/p>\n\n\n\n<h3 class=\"wp-block-heading\"><strong><strong>L\u1eadp Tr\u01b0\u1eddng C\u1ee7a Qu\u00fd V\u1ecb<\/strong><\/strong><\/h3>\n\n\n\n<ol class=\"wp-block-list\" type=\"1\"><li>Qu\u00fd v\u1ecb kh\u00f4ng \u0111\u1ed3ng \u00fd v\u1ec1 \u0111i\u1ec1u g\u00ec?<\/li><li>T\u1ea1i sao \u0111i\u1ec1u n\u00e0y l\u1ea1i quan tr\u1ecdng v\u1edbi qu\u00fd v\u1ecb?<\/li><li>Gi\u1ea3i ph\u00e1p&nbsp;<em>t\u1ed1t nh\u1ea5t<\/em>&nbsp;l\u00e0 g\u00ec?<\/li><li>Gi\u1ea3i ph\u00e1p&nbsp;<em>t\u1ed1t nh\u1ea5t ti\u1ebfp theo<\/em>&nbsp;l\u00e0 g\u00ec?<\/li><li>Gi\u1ea3i ph\u00e1p n\u00e0o qu\u00fd v\u1ecb s\u1ebd ch\u1ea5p nh\u1eadn, ngay c\u1ea3 khi kh\u00f4ng ph\u1ea3i gi\u1ea3i ph\u00e1p l\u00fd t\u01b0\u1edfng?<\/li><li>Chuy\u1ec7n g\u00ec s\u1ebd x\u1ea3y ra&nbsp;<em>v\u1edbi qu\u00fd v\u1ecb<\/em>&nbsp;n\u1ebfu qu\u00fd v\u1ecb v\u00e0 h\u1ecd kh\u00f4ng \u0111\u1ea1t \u0111\u01b0\u1ee3c th\u1ecfa thu\u1eadn?<\/li><\/ol>\n\n\n\n<h3 class=\"wp-block-heading\"><strong><strong>L\u1eadp Tr\u01b0\u1eddng C\u1ee7a H\u1ecd<\/strong><\/strong><\/h3>\n\n\n\n<ol class=\"wp-block-list\" type=\"1\"><li>T\u1ea1i sao c\u01a1 quan \u0111\u00f3 kh\u00f4ng \u0111\u1ed3ng \u00fd?<\/li><li>T\u1ea1i sao \u0111i\u1ec1u n\u00e0y l\u1ea1i quan tr\u1ecdng v\u1edbi h\u1ecd?<\/li><li>H\u1ecd \u0111\u1ec1 xu\u1ea5t gi\u1ea3i ph\u00e1p g\u00ec?<\/li><li>Qu\u00fd v\u1ecb ngh\u0129 h\u1ecd c\u00f3 th\u1ec3 ch\u1ea5p nh\u1eadn gi\u1ea3i ph\u00e1p g\u00ec?<\/li><li>Chuy\u1ec7n g\u00ec s\u1ebd x\u1ea3y ra&nbsp;<em>v\u1edbi c\u01a1 quan<\/em>&nbsp;n\u1ebfu qu\u00fd v\u1ecb v\u00e0 h\u1ecd kh\u00f4ng \u0111\u1ea1t \u0111\u01b0\u1ee3c th\u1ecfa thu\u1eadn?<\/li><\/ol>\n\n\n\n<p>T\u1ea1i sao c\u01a1 quan \u0111\u00f3 kh\u00f4ng \u0111\u1ed3ng \u00fd?T\u1ea1i sao \u0111i\u1ec1u n\u00e0y l\u1ea1i quan tr\u1ecdng v\u1edbi h\u1ecd?H\u1ecd \u0111\u1ec1 xu\u1ea5t gi\u1ea3i ph\u00e1p g\u00ec?Qu\u00fd v\u1ecb ngh\u0129 h\u1ecd c\u00f3 th\u1ec3 ch\u1ea5p nh\u1eadn gi\u1ea3i ph\u00e1p g\u00ec?Chuy\u1ec7n g\u00ec s\u1ebd x\u1ea3y ra\u00a0<em>v\u1edbi c\u01a1 quan<\/em>\u00a0n\u1ebfu qu\u00fd v\u1ecb v\u00e0 h\u1ecd kh\u00f4ng \u0111\u1ea1t \u0111\u01b0\u1ee3c th\u1ecfa thu\u1eadn?<\/p>\n\n\n\n<ol class=\"wp-block-list\" type=\"1\"><li>Qu\u00fd v\u1ecb c\u00f3 \u0111\u1ed3ng \u00fd v\u1edbi gi\u1ea3i ph\u00e1p ho\u1eb7c m\u1ed9t ph\u1ea7n gi\u1ea3i ph\u00e1p c\u1ee7a h\u1ecd kh\u00f4ng?<\/li><li>Qu\u00fd v\u1ecb ngh\u0129 gi\u1ea3i ph\u00e1p t\u1ed1t nh\u1ea5t ti\u1ebfp theo c\u1ee7a h\u1ecd s\u1ebd l\u00e0 g\u00ec?<\/li><li>H\u1ecd \u0111\u1ec1 xu\u1ea5t gi\u1ea3i ph\u00e1p kh\u00e1c n\u00e0o?<\/li><li>Chuy\u1ec7n g\u00ec s\u1ebd x\u1ea3y ra ti\u1ebfp theo n\u1ebfu qu\u00fd v\u1ecb v\u00e0 h\u1ecd \u0111\u1ea1t \u0111\u01b0\u1ee3c th\u1ecfa thu\u1eadn?<\/li><li>Chuy\u1ec7n g\u00ec s\u1ebd x\u1ea3y ra ti\u1ebfp theo n\u1ebfu qu\u00fd v\u1ecb v\u00e0 h\u1ecd kh\u00f4ng \u0111\u1ea1t \u0111\u01b0\u1ee3c th\u1ecfa thu\u1eadn?<\/li><\/ol>\n\n\n\n<p>Th\u1ef1c hi\u1ec7n quy tr\u00ecnh n\u00e0y cho t\u1eebng v\u1ea5n \u0111\u1ec1 tranh ch\u1ea5p (t\u1eebng b\u1ea5t \u0111\u1ed3ng).<\/p>\n","protected":false},"excerpt":{"rendered":"<p>Chu\u1ea9n b\u1ecb cho bu\u1ed5i th\u01b0\u01a1ng l\u01b0\u1ee3ng ho\u1eb7c bu\u1ed5i h\u00f2a gi\u1ea3i b\u1eb1ng c\u00e1ch tr\u1ea3 l\u1eddi nh\u1eefng c\u00e2u h\u1ecfi sau. L\u1eadp Tr\u01b0\u1eddng C\u1ee7a Qu\u00fd V\u1ecb Qu\u00fd v\u1ecb&hellip;<\/p>\n","protected":false},"author":1,"featured_media":0,"parent":1638,"menu_order":12,"comment_status":"closed","ping_status":"closed","template":"","meta":{"footnotes":""},"class_list":["post-1954","page","type-page","status-publish","hentry"],"_links":{"self":[{"href":"https:\/\/rula.disabilityrightsca.org\/vi\/wp-json\/wp\/v2\/pages\/1954","targetHints":{"allow":["GET"]}}],"collection":[{"href":"https:\/\/rula.disabilityrightsca.org\/vi\/wp-json\/wp\/v2\/pages"}],"about":[{"href":"https:\/\/rula.disabilityrightsca.org\/vi\/wp-json\/wp\/v2\/types\/page"}],"author":[{"embeddable":true,"href":"https:\/\/rula.disabilityrightsca.org\/vi\/wp-json\/wp\/v2\/users\/1"}],"replies":[{"embeddable":true,"href":"https:\/\/rula.disabilityrightsca.org\/vi\/wp-json\/wp\/v2\/comments?post=1954"}],"version-history":[{"count":2,"href":"https:\/\/rula.disabilityrightsca.org\/vi\/wp-json\/wp\/v2\/pages\/1954\/revisions"}],"predecessor-version":[{"id":3403,"href":"https:\/\/rula.disabilityrightsca.org\/vi\/wp-json\/wp\/v2\/pages\/1954\/revisions\/3403"}],"up":[{"embeddable":true,"href":"https:\/\/rula.disabilityrightsca.org\/vi\/wp-json\/wp\/v2\/pages\/1638"}],"wp:attachment":[{"href":"https:\/\/rula.disabilityrightsca.org\/vi\/wp-json\/wp\/v2\/media?parent=1954"}],"curies":[{"name":"wp","href":"https:\/\/api.w.org\/{rel}","templated":true}]}}