{"id":1950,"date":"2021-09-23T23:06:47","date_gmt":"2021-09-23T23:06:47","guid":{"rendered":"http:\/\/www.rula.disabilityrightsca.org\/vi\/?page_id=1950"},"modified":"2022-04-27T22:20:14","modified_gmt":"2022-04-27T22:20:14","slug":"supplement-k-get-ready-for-your-childs-ipp-or-ifsp-meeting","status":"publish","type":"page","link":"https:\/\/rula.disabilityrightsca.org\/vi\/supplements\/supplement-k-get-ready-for-your-childs-ipp-or-ifsp-meeting\/","title":{"rendered":"Ph\u1ee5 L\u1ee5c K: Chu\u1ea9n B\u1ecb cho Cu\u1ed9c H\u1ecdp IPP ho\u1eb7c IFSP c\u1ee7a Con Qu\u00fd V\u1ecb"},"content":{"rendered":"\n<p>Qu\u00fd v\u1ecb c\u00f3 th\u1ec3 s\u1eed d\u1ee5ng b\u1ea3ng c\u00f4ng vi\u1ec7c n\u00e0y \u0111\u1ec3 chu\u1ea9n b\u1ecb cho cu\u1ed9c h\u1ecdp IPP ho\u1eb7c IFSP c\u1ee7a con qu\u00fd v\u1ecb. B\u1ea3ng c\u00f4ng vi\u1ec7c n\u00e0y s\u1ebd gi\u00fap qu\u00fd v\u1ecb c\u00e2n nh\u1eafc v\u1ec1 m\u1ee5c \u0111\u00edch cho con qu\u00fd v\u1ecb c\u0169ng nh\u01b0 nh\u1eefng d\u1ecbch v\u1ee5 v\u00e0 s\u1ef1 h\u1ed7 tr\u1ee3 m\u00e0 tr\u1ebb c\u1ea7n \u0111\u1ec3 \u0111\u1ea1t \u0111\u01b0\u1ee3c nh\u1eefng m\u1ee5c \u0111\u00edch \u0111\u00f3. \u0110i\u1ec1u n\u00e0y s\u1ebd gi\u00fap qu\u00fd v\u1ecb quy\u1ebft \u0111\u1ecbnh nh\u1eefng d\u1ecbch v\u1ee5 qu\u00fd v\u1ecb c\u00f3 th\u1ec3 c\u1ea7n t\u1eeb trung t\u00e2m khu v\u1ef1c \u0111\u1ec3 h\u1ed7 tr\u1ee3 con qu\u00fd v\u1ecb.<\/p>\n\n\n\n<h3 class=\"wp-block-heading\"><strong><strong>M\u1ee5c \u0110\u00edch<\/strong><\/strong><\/h3>\n\n\n\n<p>L\u1eadp m\u1ed9t danh s\u00e1ch c\u00e1c m\u1ee5c \u0111\u00edch qu\u00fd v\u1ecb c\u00f3 cho con v\u00e0 gia \u0111\u00ecnh c\u1ee7a qu\u00fd v\u1ecb. N\u1ebfu c\u00f3 th\u1ec3, qu\u00fd v\u1ecb h\u00e3y m\u00f4 t\u1ea3 nh\u1eefng b\u01b0\u1edbc c\u1ea7n thi\u1ebft \u0111\u1ec3 \u0111\u1ea1t \u0111\u01b0\u1ee3c t\u1eebng m\u1ee5c \u0111\u00edch.<\/p>\n\n\n\n<h3 class=\"wp-block-heading\"><strong><strong>C\u00e2u H\u1ecfi<\/strong><\/strong><\/h3>\n\n\n\n<p>T\u1ef1 h\u1ecfi b\u1ea3n th\u00e2n nh\u1eefng c\u00e2u h\u1ecfi sau. C\u00e2u tr\u1ea3 l\u1eddi s\u1ebd gi\u00fap qu\u00fd v\u1ecb \u0111\u1ecbnh h\u00ecnh ra c\u00e1c m\u1ee5c \u0111\u00edch.<\/p>\n\n\n\n<ol class=\"wp-block-list\" type=\"1\"><li>Qu\u00fd v\u1ecb mu\u1ed1n con c\u1ee7a qu\u00fd v\u1ecb s\u1ed1ng \u1edf \u0111\u00e2u?<\/li><li>Qu\u00fd v\u1ecb mu\u1ed1n con qu\u00fd v\u1ecb h\u1ed9i nh\u1eadp c\u1ed9ng \u0111\u1ed3ng theo nh\u1eefng c\u00e1ch n\u00e0o?<\/li><li>Qu\u00fd v\u1ecb mu\u1ed1n con qu\u00fd v\u1ecb h\u1ed9i nh\u1eadp tr\u01b0\u1eddng h\u1ecdc theo nh\u1eefng c\u00e1ch n\u00e0o?<\/li><li>Con qu\u00fd v\u1ecb c\u1ea7n nh\u1eefng g\u00ec \u0111\u1ec3 h\u00f2a nh\u1eadp h\u01a1n v\u00e0o c\u1ed9ng \u0111\u1ed3ng v\u00e0 t\u1ea1i tr\u01b0\u1eddng h\u1ecdc? V\u00ed d\u1ee5: con qu\u00fd v\u1ecb c\u00f3 th\u1ec3 c\u1ea7n h\u1ecdc m\u1ed9t s\u1ed1 chi\u1ebfn l\u01b0\u1ee3c t\u1ef1 l\u1eadp ho\u1eb7c nh\u1eadn tr\u1ee3 gi\u00fap v\u1ec1 v\u1ea5n \u0111\u1ec1 y t\u1ebf ho\u1eb7c h\u00e0nh vi.<\/li><li>Lo\u1ea1i d\u1ecbch v\u1ee5&nbsp;<strong><em>qu\u00fd v\u1ecb<\/em><\/strong>&nbsp;c\u1ea7n \u0111\u1ec3 c\u00f3 th\u1ec3:<ul><li>\u0110i h\u1ecdc ho\u1eb7c \u0111i l\u00e0m.<\/li><li>T\u1ea1m ngh\u1ec9 vi\u1ec7c ch\u0103m s\u00f3c con c\u00e1i \u0111\u1ec3 c\u00f3 th\u1ec3 th\u01b0 gi\u00e3n ho\u1eb7c gi\u1ea3i tr\u00ed.<\/li><li>L\u00e0m vi\u1ec7c nh\u00e0 nh\u01b0 n\u1ea5u \u0103n, mua s\u1eafm v\u00e0 d\u1ecdn d\u1eb9p.<\/li><li>Ch\u0103m s\u00f3c nh\u1eefng ng\u01b0\u1eddi con kh\u00e1c.<br>(Qu\u00fd v\u1ecb c\u00f3 th\u1ec3 c\u1ea7n c\u00e1c d\u1ecbch v\u1ee5 v\u00e0 s\u1ef1 h\u1ed7 tr\u1ee3 cho ng\u01b0\u1eddi con khuy\u1ebft t\u1eadt c\u1ee7a qu\u00fd v\u1ecb \u0111\u1ec3 qu\u00fd v\u1ecb c\u00f3 th\u1ec3 l\u00e0m \u0111\u01b0\u1ee3c nh\u1eefng vi\u1ec7c n\u00e0y)<\/li><\/ul><\/li><li>Gia \u0111\u00ecnh qu\u00fd v\u1ecb c\u00f3 nhu c\u1ea7u v\u0103n h\u00f3a, l\u1ed1i s\u1ed1ng v\u00e0 ng\u00f4n ng\u1eef m\u00e0 qu\u00fd v\u1ecb mu\u1ed1n c\u00f3 trong nh\u1eefng d\u1ecbch v\u1ee5 qu\u00fd v\u1ecb nh\u1eadn kh\u00f4ng?<\/li><\/ol>\n\n\n\n<h3 class=\"wp-block-heading\"><strong><strong>D\u1ecbch V\u1ee5<\/strong><\/strong><\/h3>\n\n\n\n<p>Sau khi x\u00e1c \u0111\u1ecbnh c\u00e1c m\u1ee5c \u0111\u00edch, qu\u00fd v\u1ecb c\u00f3 th\u1ec3 li\u1ec7t k\u00ea c\u00e1c d\u1ecbch v\u1ee5 v\u00e0 s\u1ef1 h\u1ed7 tr\u1ee3 qu\u00fd v\u1ecb c\u1ea7n \u0111\u1ec3 \u0111\u1ea1t \u0111\u01b0\u1ee3c c\u00e1c m\u1ee5c \u0111\u00edch. Li\u1ec7t k\u00ea t\u1ea5t c\u1ea3 d\u1ecbch v\u1ee5 qu\u00fd v\u1ecb c\u00f3 hi\u1ec7n gi\u1edd v\u00e0 c\u00e1c d\u1ecbch v\u1ee5 qu\u00fd v\u1ecb mu\u1ed1n c\u00f3.<\/p>\n\n\n\n<p>C\u00e2n nh\u1eafc v\u1ec1 c\u00e1c d\u1ecbch v\u1ee5 v\u00e0 s\u1ef1 h\u1ed7 tr\u1ee3 gia \u0111\u00ecnh qu\u00fd v\u1ecb c\u1ea7n \u0111\u1ec3 gi\u1eef con qu\u00fd v\u1ecb t\u1ea1i nh\u00e0. N\u1ebfu vi\u1ec7c \u1edf l\u1ea1i nh\u00e0 l\u00e0 t\u1ed1t nh\u1ea5t cho con qu\u00fd v\u1ecb, trung t\u00e2m khu v\u1ef1c ph\u1ea3i c\u00e2n nh\u1eafc m\u1ecdi c\u00e1ch c\u00f3 th\u1ec3 \u0111\u1ec3 gi\u00fap qu\u00fd v\u1ecb gi\u1eef tr\u1ebb s\u1ed1ng t\u1ea1i nh\u00e0 tr\u01b0\u1edbc khi xem x\u00e9t c\u00e1c l\u1ef1a ch\u1ecdn ngo\u00e0i nh\u00e0. \u0110\u00e2y l\u00e0 danh s\u00e1ch m\u1ed9t s\u1ed1 d\u1ecbch v\u1ee5 h\u1ed7 tr\u1ee3 gia \u0111\u00ecnh m\u00e0 lu\u1eadt nh\u1eafc \u0111\u1ebfn. Trung t\u00e2m khu v\u1ef1c c\u0169ng ph\u1ea3i cung c\u1ea5p c\u00e1c d\u1ecbch v\u1ee5 kh\u00e1c m\u00e0 con qu\u00fd v\u1ecb c\u1ea7n.<\/p>\n\n\n\n<div class=\"wp-block-columns is-layout-flex wp-container-core-columns-is-layout-9d6595d7 wp-block-columns-is-layout-flex\">\n<div class=\"wp-block-column is-layout-flow wp-block-column-is-layout-flow\">\n<ul class=\"wp-block-list\"><li>Ch\u0103m s\u00f3c t\u00e2m th\u1ea7n v\u00e0 nha khoa chuy\u00ean bi\u1ec7t<\/li><li>Ch\u01b0\u01a1ng tr\u00ecnh khuy\u1ebfn kh\u00edch tr\u1ebb s\u01a1 sinh<\/li><li>Ch\u0103m s\u00f3c t\u1ea1m th\u1eddi thay cho cha m\u1eb9<\/li><li>Ch\u0103m s\u00f3c ban ng\u00e0y ho\u1eb7c ch\u0103m s\u00f3c tr\u1ebb<\/li><li>D\u1ecbch v\u1ee5 s\u1ee9c kh\u1ecfe t\u00e2m th\u1ea7n<\/li><li>Thi\u1ebft b\u1ecb tr\u1ee3 n\u0103ng \u0111\u1eb7c bi\u1ec7t nh\u01b0 l\u00e0 xe l\u0103n, gi\u01b0\u1eddng b\u1ec7nh ho\u1eb7c thi\u1ebft b\u1ecb giao ti\u1ebfp<\/li><li>\u0110\u00e0o t\u1ea1o \u0111\u1eb7c bi\u1ec7t d\u00e0nh cho cha m\u1eb9<\/li><\/ul>\n<\/div>\n\n\n\n<div class=\"wp-block-column is-layout-flow wp-block-column-is-layout-flow\">\n<ul class=\"wp-block-list\"><li>D\u1ecbch v\u1ee5 gi\u00fap vi\u1ec7c gia \u0111\u00ecnh<\/li><li>D\u1ecbch v\u1ee5 c\u1eafm tr\u1ea1i<\/li><li>Ch\u0103m s\u00f3c b\u00ean ngo\u00e0i nh\u00e0 ng\u1eafn h\u1ea1n<\/li><li>T\u01b0 v\u1ea5n<\/li><li>Ch\u01b0\u01a1ng tr\u00ecnh \u0111i\u1ec1u ch\u1ec9nh h\u00e0nh vi<\/li><li>Tr\u1ee3 gi\u00fap b\u00eanh v\u1ef1c<\/li><li>C\u00e1c d\u1ecbch v\u1ee5 kh\u00e1c m\u00e0 qu\u00fd v\u1ecb c\u1ea7n<\/li><\/ul>\n<\/div>\n<\/div>\n\n\n\n<p>\u0110\u00f4i khi, th\u00e0nh vi\u00ean gia \u0111\u00ecnh, b\u1ea1n b\u00e8 ho\u1eb7c ng\u01b0\u1eddi quen kh\u00e1c c\u1ee7a qu\u00fd v\u1ecb s\u1eb5n l\u00f2ng v\u00e0 c\u00f3 kh\u1ea3 n\u0103ng cung c\u1ea5p d\u1ecbch v\u1ee5 ho\u1eb7c s\u1ef1 h\u1ed7 tr\u1ee3. \u0110\u00e2y \u0111\u01b0\u1ee3c g\u1ecdi l\u00e0 s\u1ef1 h\u1ed7 tr\u1ee3 \u201ct\u1ef1 nhi\u00ean\u201d. Tuy nhi\u00ean, n\u1ebfu qu\u00fd v\u1ecb kh\u00f4ng c\u00f3 s\u1ef1 h\u1ed7 tr\u1ee3 t\u1ef1 nhi\u00ean, trung t\u00e2m khu v\u1ef1c ph\u1ea3i cung c\u1ea5p s\u1ef1 h\u1ed7 tr\u1ee3 m\u00e0 con qu\u00fd v\u1ecb c\u1ea7n. Trung t\u00e2m khu v\u1ef1c kh\u00f4ng th\u1ec3 n\u00f3i r\u1eb1ng gia \u0111\u00ecnh ho\u1eb7c b\u1ea1n b\u00e8 c\u1ee7a qu\u00fd v\u1ecb ph\u1ea3i h\u1ed7 tr\u1ee3 qu\u00fd v\u1ecb thay v\u00ec cung c\u1ea5p d\u1ecbch v\u1ee5.<\/p>\n\n\n\n<p>M\u1ed9t s\u1ed1 d\u1ecbch v\u1ee5 \u0111\u01b0\u1ee3c cung c\u1ea5p cho qu\u00fd v\u1ecb th\u00f4ng qua tr\u01b0\u1eddng h\u1ecdc, c\u1ed9ng \u0111\u1ed3ng ho\u1eb7c c\u00e1c c\u01a1 quan c\u00f4ng, ch\u1eb3ng h\u1ea1n nh\u01b0 gi\u00e1o d\u1ee5c \u0111\u1eb7c bi\u1ec7t, Medi-Cal v\u00e0 IHSS. Qu\u00fd v\u1ecb c\u00f3 th\u1ec3 nh\u1eadn s\u1ef1 tr\u1ee3 gi\u00fap t\u1eeb ch\u01b0\u01a1ng tr\u00ecnh s\u1ee9c kh\u1ecfe t\u01b0 nh\u00e2n c\u1ee7a qu\u00fd v\u1ecb. Trung t\u00e2m khu v\u1ef1c c\u1ee7a qu\u00fd v\u1ecb mu\u1ed1n qu\u00fd v\u1ecb s\u1eed d\u1ee5ng nh\u1eefng \u201cngu\u1ed3n l\u1ef1c chung\u201d n\u00e0y n\u1ebfu qu\u00fd v\u1ecb c\u00f3. H\u1ecd s\u1ebd kh\u00f4ng cung c\u1ea5p c\u00f9ng c\u00e1c d\u1ecbch v\u1ee5 n\u00e0y. Tuy nhi\u00ean, h\u1ecd ph\u1ea3i gi\u00fap qu\u00fd v\u1ecb nh\u1eadn c\u00e1c d\u1ecbch v\u1ee5 \u0111\u00f3 v\u00e0 \u0111\u1ea3m b\u1ea3o c\u00e1c d\u1ecbch v\u1ee5 ph\u00f9 h\u1ee3p v\u1edbi con qu\u00fd v\u1ecb.<\/p>\n\n\n\n<p>Nh\u00f3m l\u1eadp k\u1ebf ho\u1ea1ch IPP s\u1ebd th\u1ea3o lu\u1eadn v\u1ec1 t\u1eebng d\u1ecbch v\u1ee5 v\u00e0 s\u1ef1 h\u1ed7 tr\u1ee3 con qu\u00fd v\u1ecb c\u1ea7n. IPP s\u1ebd bao g\u1ed3m t\u1ea5t c\u1ea3 d\u1ecbch v\u1ee5 con qu\u00fd v\u1ecb c\u1ea7n, k\u1ec3 c\u1ea3 khi h\u1ecd nh\u1eadn d\u1ecbch v\u1ee5 \u1edf n\u01a1i kh\u00e1c, nh\u01b0 c\u01a1 quan chung, v\u00e0 kh\u00f4ng ph\u1ea3i t\u1eeb trung t\u00e2m khu v\u1ef1c. V\u00e0o cu\u1ed1i cu\u1ed9c h\u1ecdp IPP, trung t\u00e2m khu v\u1ef1c ph\u1ea3i cung c\u1ea5p cho qu\u00fd v\u1ecb danh s\u00e1ch c\u00e1c d\u1ecbch v\u1ee5 \u0111\u00e3 th\u1ed1ng nh\u1ea5t m\u00e0 h\u1ecd s\u1ebd cung c\u1ea5p. \u0110i\u1ec1u n\u00e0y ngh\u0129a l\u00e0 qu\u00fd v\u1ecb s\u1ebd kh\u00f4ng ph\u1ea3i r\u1eddi cu\u1ed9c h\u1ecdp trong khi b\u0103n kho\u0103n h\u1ecd th\u1ef1c t\u1ebf s\u1ebd cung c\u1ea5p d\u1ecbch v\u1ee5 g\u00ec. Danh s\u00e1ch s\u1ebd c\u00f3 t\u1eebng d\u1ecbch v\u1ee5, th\u1eddi \u0111i\u1ec3m c\u00f3 th\u1ec3 b\u1eaft \u0111\u1ea7u d\u1ecbch v\u1ee5, t\u1ea7n su\u1ea5t qu\u00fd v\u1ecb nh\u1eadn d\u1ecbch v\u1ee5 v\u00e0 d\u1ecbch v\u1ee5 s\u1ebd k\u00e9o d\u00e0i bao l\u00e2u c\u00f9ng v\u1edbi nh\u00e0 cung c\u1ea5p (n\u1ebfu \u0111\u00e3 x\u00e1c \u0111\u1ecbnh).<\/p>\n","protected":false},"excerpt":{"rendered":"<p>Qu\u00fd v\u1ecb c\u00f3 th\u1ec3 s\u1eed d\u1ee5ng b\u1ea3ng c\u00f4ng vi\u1ec7c n\u00e0y \u0111\u1ec3 chu\u1ea9n b\u1ecb cho cu\u1ed9c h\u1ecdp IPP ho\u1eb7c IFSP c\u1ee7a con qu\u00fd v\u1ecb. B\u1ea3ng c\u00f4ng&hellip;<\/p>\n","protected":false},"author":1,"featured_media":0,"parent":1638,"menu_order":11,"comment_status":"closed","ping_status":"closed","template":"","meta":{"footnotes":""},"class_list":["post-1950","page","type-page","status-publish","hentry"],"_links":{"self":[{"href":"https:\/\/rula.disabilityrightsca.org\/vi\/wp-json\/wp\/v2\/pages\/1950","targetHints":{"allow":["GET"]}}],"collection":[{"href":"https:\/\/rula.disabilityrightsca.org\/vi\/wp-json\/wp\/v2\/pages"}],"about":[{"href":"https:\/\/rula.disabilityrightsca.org\/vi\/wp-json\/wp\/v2\/types\/page"}],"author":[{"embeddable":true,"href":"https:\/\/rula.disabilityrightsca.org\/vi\/wp-json\/wp\/v2\/users\/1"}],"replies":[{"embeddable":true,"href":"https:\/\/rula.disabilityrightsca.org\/vi\/wp-json\/wp\/v2\/comments?post=1950"}],"version-history":[{"count":3,"href":"https:\/\/rula.disabilityrightsca.org\/vi\/wp-json\/wp\/v2\/pages\/1950\/revisions"}],"predecessor-version":[{"id":3401,"href":"https:\/\/rula.disabilityrightsca.org\/vi\/wp-json\/wp\/v2\/pages\/1950\/revisions\/3401"}],"up":[{"embeddable":true,"href":"https:\/\/rula.disabilityrightsca.org\/vi\/wp-json\/wp\/v2\/pages\/1638"}],"wp:attachment":[{"href":"https:\/\/rula.disabilityrightsca.org\/vi\/wp-json\/wp\/v2\/media?parent=1950"}],"curies":[{"name":"wp","href":"https:\/\/api.w.org\/{rel}","templated":true}]}}