{"id":1944,"date":"2021-09-23T18:52:53","date_gmt":"2021-09-23T18:52:53","guid":{"rendered":"http:\/\/www.rula.disabilityrightsca.org\/vi\/?page_id=1944"},"modified":"2022-04-27T22:14:03","modified_gmt":"2022-04-27T22:14:03","slug":"supplement-i-ipp-meeting-planner","status":"publish","type":"page","link":"https:\/\/rula.disabilityrightsca.org\/vi\/supplements\/supplement-i-ipp-meeting-planner\/","title":{"rendered":"Ph\u1ee5 L\u1ee5c I: Th\u00f4ng Tin Tr\u1ee3 Gi\u00fap L\u1eadp K\u1ebf Ho\u1ea1ch Cu\u1ed9c H\u1ecdp IPP"},"content":{"rendered":"\n<p>T\u1edd th\u00f4ng tin n\u00e0y c\u00f3 th\u1ec3 gi\u00fap qu\u00fd v\u1ecb l\u1eadp k\u1ebf ho\u1ea1ch cho Cu\u1ed9c H\u1ecdp IPP c\u1ee7a m\u00ecnh. S\u1eed d\u1ee5ng t\u1edd th\u00f4ng tin n\u00e0y \u0111\u1ec3 gi\u00fap qu\u00fd v\u1ecb suy ngh\u0129 v\u1ec1 nh\u1eefng \u0111i\u1ec1u qu\u00fd v\u1ecb mu\u1ed1n c\u00f3. Qu\u00fd v\u1ecb n\u00ean tr\u00f2 chuy\u1ec7n v\u1ec1 t\u1ea5t c\u1ea3 nh\u1eefng \u0111i\u1ec1u qu\u00fd v\u1ecb mu\u1ed1n c\u00f3 trong cu\u1ed9c h\u1ecdp IPP.<\/p>\n\n\n\n<h3 class=\"wp-block-heading\"><strong><strong>N\u01a1i Sinh S\u1ed1ng<\/strong><\/strong><\/h3>\n\n\n\n<h4 class=\"wp-block-heading\"><strong><strong>Qu\u00fd v\u1ecb mu\u1ed1n s\u1ed1ng \u1edf \u0111\u00e2u?<\/strong><\/strong><\/h4>\n\n\n\n<ul class=\"wp-block-list\"><li>\u1ede n\u01a1i t\u00f4i \u0111ang s\u1ed1ng<\/li><li>N\u01a1i \u1edf c\u1ee7a b\u1ed1 m\u1eb9 t\u00f4i<\/li><li>N\u01a1i \u1edf c\u1ee7a ri\u00eang t\u00f4i<\/li><li>V\u1edbi gia \u0111\u00ecnh nh\u1eadn nu\u00f4i (C\u01a1 Quan Nh\u00e0 Gia \u0110\u00ecnh Ng\u01b0\u1eddi L\u1edbn)<\/li><li>Nh\u00e0 t\u1eadp th\u1ec3<\/li><li>N\u01a1i \u1edf \u0111\u01b0\u1ee3c h\u1ed7 tr\u1ee3<\/li><li>S\u1ed1ng \u0110\u1ed9c L\u1eadp<\/li><li>N\u01a1i \u1edf c\u1ee7a ri\u00eang t\u00f4i v\u1edbi ng\u01b0\u1eddi c\u00f9ng ph\u00f2ng<\/li><li>N\u01a1i \u1edf kh\u00e1c<\/li><\/ul>\n\n\n\n<h4 class=\"wp-block-heading\"><strong><strong>Qu\u00fd v\u1ecb c\u1ea7n nh\u1eefng d\u1ecbch v\u1ee5 n\u00e0o \u0111\u1ec3 gi\u00fap qu\u00fd v\u1ecb s\u1ed1ng \u1edf n\u01a1i m\u00ecnh mong mu\u1ed1n?<\/strong><\/strong><\/h4>\n\n\n\n<ul class=\"wp-block-list\"><li>\u0110\u00e0o t\u1ea1o th\u00eam<\/li><li>Tr\u1ee3 gi\u00fap qu\u1ea3n l\u00fd ti\u1ec1n b\u1ea1c c\u1ee7a t\u00f4i<\/li><li>Ng\u01b0\u1eddi tr\u1ee3 gi\u00fap ho\u1eb7c ng\u01b0\u1eddi c\u00f9ng ph\u00f2ng<\/li><li>Tr\u1ee3 gi\u00fap t\u00ecm n\u01a1i sinh s\u1ed1ng<\/li><li>M\u1ed9t ng\u01b0\u1eddi cung c\u1ea5p cho t\u00f4i h\u1ed7 tr\u1ee3 v\u00e0 tr\u1ee3 gi\u00fap th\u01b0\u1eddng xuy\u00ean<\/li><li>Tr\u1ee3 gi\u00fap mua s\u1eafm, n\u1ea5u \u0103n v\u00e0\/ho\u1eb7c d\u1ecdn d\u1eb9p<\/li><li>\u0110\u01b0\u1ee3c an to\u00e0n<\/li><li>D\u1ecbch v\u1ee5 kh\u00e1c<\/li><\/ul>\n\n\n\n<h3 class=\"wp-block-heading\"><strong><strong>C\u00f4ng Vi\u1ec7c v\u00e0 Tr\u01b0\u1eddng H\u1ecdc<\/strong><\/strong><\/h3>\n\n\n\n<h4 class=\"wp-block-heading\"><strong><strong>Qu\u00fd v\u1ecb mu\u1ed1n \u0111i l\u00e0m ho\u1eb7c \u0111i h\u1ecdc \u1edf \u0111\u00e2u?<\/strong><\/strong><\/h4>\n\n\n\n<ul class=\"wp-block-list\"><li>\u1ede n\u01a1i t\u00f4i \u0111ang l\u00e0m vi\u1ec7c<\/li><li>\u1ede n\u01a1i t\u00f4i \u0111ang \u0111i h\u1ecdc<\/li><li>Tr\u01b0\u1eddng h\u1ecdc ho\u1eb7c c\u00f4ng vi\u1ec7c kh\u00e1c<\/li><li>Nh\u1eadn m\u1ed9t c\u00f4ng vi\u1ec7c c\u1ea1nh tranh, h\u00f2a nh\u1eadp (\u00edt nh\u1ea5t \u1edf m\u1ee9c l\u01b0\u01a1ng t\u1ed1i thi\u1ec3u v\u00e0 v\u1edbi ng\u01b0\u1eddi kh\u00f4ng khuy\u1ebft t\u1eadt)<\/li><li>Qu\u00fd v\u1ecb c\u00f3 \u00fd ki\u1ebfn kh\u00e1c?<\/li><\/ul>\n\n\n\n<h4 class=\"wp-block-heading\"><strong><strong>Qu\u00fd v\u1ecb mu\u1ed1n tham gia v\u00e0o ki\u1ec3u c\u00f4ng vi\u1ec7c ho\u1eb7c ki\u1ec3u tr\u01b0\u1eddng h\u1ecdc n\u00e0o?<\/strong><\/strong><\/h4>\n\n\n\n<ul class=\"wp-block-list\"><li>Vi\u1ec7c l\u00e0m c\u00f3 tr\u1ea3 l\u01b0\u01a1ng<\/li><li>C\u00f4ng vi\u1ec7c t\u00ecnh nguy\u1ec7n &#8211; nh\u1eefng vi\u1ec7c l\u00e0m qu\u00fd v\u1ecb th\u1ea5y th\u00edch th\u00fa?<\/li><li>Ki\u1ec3u c\u00f4ng vi\u1ec7c kh\u00e1c<\/li><li>\u0110\u1ea1i h\u1ecdc<\/li><li>L\u1edbp h\u1ecdc gi\u00e1o d\u1ee5c ng\u01b0\u1eddi l\u1edbn<\/li><li>Ki\u1ec3u tr\u01b0\u1eddng h\u1ecdc kh\u00e1c<\/li><\/ul>\n\n\n\n<h4 class=\"wp-block-heading\"><strong><strong>Qu\u00fd v\u1ecb c\u1ea7n d\u1ecbch v\u1ee5 n\u00e0o \u0111\u1ec3 tr\u1ee3 gi\u00fap qu\u00fd v\u1ecb l\u00e0m vi\u1ec7c ho\u1eb7c \u0111i h\u1ecdc?<\/strong><\/strong><\/h4>\n\n\n\n<ul class=\"wp-block-list\"><li>Gi\u00fap c\u1eadp nh\u1eadt h\u1ed3 s\u01a1 xin vi\u1ec7c<\/li><li>Gi\u00fap n\u1ed9p \u0111\u01a1n xin vi\u1ec7c<\/li><li>Ng\u01b0\u1eddi \u0111\u00e0o t\u1ea1o vi\u1ec7c l\u00e0m ho\u1eb7c nh\u00e2n vi\u00ean tr\u1ee3 gi\u00fap trong c\u00f4ng vi\u1ec7c<\/li><li>Gia s\u01b0 ho\u1eb7c ng\u01b0\u1eddi ghi ch\u00e9p<\/li><li>\u0110\u00e0o t\u1ea1o t\u1ea1i ho\u1eb7c ngo\u00e0i ch\u1ed7 l\u00e0m<\/li><li>L\u1ed1i v\u00e0o n\u01a1i l\u00e0m vi\u1ec7c ho\u1eb7c l\u1edbp h\u1ecdc (ch\u1eb3ng h\u1ea1n nh\u01b0 \u0111o\u1ea1n \u0111\u01b0\u1eddng d\u1ed1c)<\/li><li>D\u1ecbch v\u1ee5 v\u1eadn chuy\u1ec3n<\/li><li>D\u1ecbch v\u1ee5 ho\u1eb7c s\u1ef1 h\u1ed7 tr\u1ee3 kh\u00e1c<\/li><\/ul>\n\n\n\n<h3 class=\"wp-block-heading\"><strong><strong>Gi\u1ea3i Tr\u00ed<\/strong><\/strong><\/h3>\n\n\n\n<h4 class=\"wp-block-heading\"><strong><strong>Qu\u00fd v\u1ecb mu\u1ed1n l\u00e0m g\u00ec v\u00e0o th\u1eddi gian r\u1ed7i?<\/strong><\/strong><\/h4>\n\n\n\n<ul class=\"wp-block-list\"><li>Th\u0103m b\u1ea1n b\u00e8<\/li><li>T\u1eadp th\u1ec3 d\u1ee5c<\/li><li>Mua s\u1eafm<\/li><li>\u0110i xem phim ho\u1eb7c k\u1ecbch<\/li><li>Ho\u1ea1t \u0111\u1ed9ng t\u00ecnh nguy\u1ec7n<\/li><li>Ch\u01a1i th\u1ec3 thao<\/li><li>Nghe nh\u1ea1c<\/li><li>Xem TV<\/li><li>\u0110\u1ecdc s\u00e1ch<\/li><li>S\u1edf th\u00edch ri\u00eang<\/li><li>H\u1eb9n h\u00f2<\/li><li>Tham gia nh\u00f3m t\u1ef1 b\u00eanh v\u1ef1c ho\u1eb7c People First<\/li><li>Tr\u1ee3 gi\u00fap b\u00eanh v\u1ef1c cho nh\u1eefng ng\u01b0\u1eddi kh\u00e1c<\/li><li>Ho\u1ea1t \u0111\u1ed9ng kh\u00e1c<\/li><\/ul>\n\n\n\n<h4 class=\"wp-block-heading\"><strong><strong>Qu\u00fd v\u1ecb c\u1ea7n nh\u1eefng d\u1ecbch v\u1ee5 n\u00e0o \u0111\u1ec3 gi\u00fap qu\u00fd v\u1ecb l\u00e0m nh\u1eefng vi\u1ec7c mu\u1ed1n l\u00e0m?<\/strong><\/strong><\/h4>\n\n\n\n<ul class=\"wp-block-list\"><li>\u0110\u00e0o t\u1ea1o<\/li><li>Ng\u01b0\u1eddi tr\u1ee3 gi\u00fap<\/li><li>Ng\u01b0\u1eddi h\u1ed7 tr\u1ee3<\/li><li>D\u1ecbch v\u1ee5 v\u1eadn chuy\u1ec3n<\/li><li>Nh\u00f3m b\u1ea1n<\/li><li>V\u1eadt t\u01b0 ho\u1eb7c thi\u1ebft b\u1ecb<\/li><li>D\u1ecbch v\u1ee5 ho\u1eb7c s\u1ef1 h\u1ed7 tr\u1ee3 kh\u00e1c<\/li><\/ul>\n\n\n\n<h3 class=\"wp-block-heading\"><strong><strong>Y T\u1ebf v\u00e0 S\u1ee9c Kh\u1ecfe<\/strong><\/strong><\/h3>\n\n\n\n<h4 class=\"wp-block-heading\"><strong><strong>Qu\u00fd v\u1ecb c\u1ea7n d\u1ecbch v\u1ee5 y t\u1ebf ho\u1eb7c d\u1ecbch v\u1ee5 s\u1ee9c kh\u1ecfe n\u00e0o?<\/strong><\/strong><\/h4>\n\n\n\n<ul class=\"wp-block-list\"><li>B\u00e1c s\u0129<\/li><li>T\u01b0 v\u1ea5n<\/li><li>Nha s\u0129<\/li><li>Thu\u1ed1c men<\/li><li>Gi\u00e1o d\u1ee5c gi\u1edbi t\u00ednh (t\u00ecnh d\u1ee5c an to\u00e0n, tr\u00e1nh thai)<\/li><li>Dinh d\u01b0\u1ee1ng v\u00e0 ch\u1ebf \u0111\u1ed9 \u0103n ki\u00eang<\/li><li>T\u1eadp th\u1ec3 d\u1ee5c<\/li><li>C\u00e1c d\u1ecbch v\u1ee5 s\u1ee9c kh\u1ecfe kh\u00e1c<\/li><\/ul>\n\n\n\n<h4 class=\"wp-block-heading\"><strong><strong>Qu\u00fd v\u1ecb c\u1ea7n h\u1ed7 tr\u1ee3 n\u00e0o kh\u00e1c \u0111\u1ec3 ti\u1ebfp c\u1eadn v\u1edbi d\u1ecbch v\u1ee5 y t\u1ebf ho\u1eb7c s\u1ee9c kh\u1ecfe?<\/strong><\/strong><\/h4>\n\n\n\n<ul class=\"wp-block-list\"><li>\u0110\u00e0o t\u1ea1o<\/li><li>Ng\u01b0\u1eddi tr\u1ee3 gi\u00fap<\/li><li>Ng\u01b0\u1eddi \u0111\u1ec3 \u0111\u1eb7t c\u00e2u h\u1ecfi<\/li><li>Ng\u01b0\u1eddi b\u00eanh v\u1ef1c ho\u1eb7c lu\u1eadt s\u01b0<\/li><li>Ng\u01b0\u1eddi h\u1ed7 tr\u1ee3<\/li><li>H\u1ed7 tr\u1ee3 kh\u00e1c<\/li><\/ul>\n\n\n\n<h3 class=\"wp-block-heading\"><strong><strong>Nh\u1eefng Vi\u1ec7c Kh\u00e1c<\/strong><\/strong><\/h3>\n\n\n\n<h4 class=\"wp-block-heading\"><strong><strong>Qu\u00fd v\u1ecb mu\u1ed1n \u0111\u01b0\u1ee3c tr\u1ee3 gi\u00fap cho nh\u1eefng vi\u1ec7c g\u00ec kh\u00e1c?<\/strong><\/strong><\/h4>\n\n\n\n<ul class=\"wp-block-list\"><li>N\u1ea5u \u0103n<\/li><li>D\u1ecbch v\u1ee5 v\u1eadn chuy\u1ec3n<\/li><li>Mua s\u1eafm<\/li><li>D\u1ecdn d\u1eb9p n\u01a1i \u1edf c\u1ee7a t\u00f4i<\/li><li>G\u1eb7p g\u1ee1 nhi\u1ec1u ng\u01b0\u1eddi h\u01a1n v\u00e0 k\u1ebft b\u1ea1n<\/li><li>H\u1eb9n h\u00f2<\/li><li>T\u00ecm hi\u1ec3u v\u1ec1 quan h\u1ec7 t\u00ecnh d\u1ee5c v\u00e0 t\u00ecnh d\u1ee5c an to\u00e0n<\/li><li>S\u1ed1ng h\u00f2a h\u1ee3p v\u1edbi m\u1ecdi ng\u01b0\u1eddi h\u01a1n<\/li><li>T\u1ef1 b\u00eanh v\u1ef1c v\u00e0 bi\u1ebft v\u1ec1 c\u00e1c quy\u1ec1n c\u1ee7a t\u00f4i<\/li><li>C\u00e1c v\u1ea5n \u0111\u1ec1 v\u1ec1 An Sinh X\u00e3 H\u1ed9i, SSI ho\u1eb7c nh\u1eefng ph\u00fac l\u1ee3i kh\u00e1c<\/li><li>T\u1ef1 b\u1ea3o v\u1ec7<\/li><li>Tham gia v\u00e0o \u1ee7y ban ho\u1eb7c Ban Gi\u00e1m \u0110\u1ed1c<\/li><li>T\u00ecm hi\u1ec3u v\u1ec1 t\u1ef1 x\u00e1c \u0111\u1ecbnh<\/li><li>Tr\u1ee3 gi\u00fap kh\u00e1c<\/li><\/ul>\n\n\n\n<h4 class=\"wp-block-heading\"><strong><strong>Qu\u00fd v\u1ecb c\u1ea7n nh\u1eefng d\u1ecbch v\u1ee5 n\u00e0o kh\u00e1c?<\/strong><\/strong><\/h4>\n\n\n\n<ul class=\"wp-block-list\"><li>\u0110\u00e0o t\u1ea1o<\/li><li>Ng\u01b0\u1eddi tr\u1ee3 gi\u00fap<\/li><li>Ng\u01b0\u1eddi \u0111\u1ec3 \u0111\u1eb7t c\u00e2u h\u1ecfi<\/li><li>Tr\u1ee3 gi\u00fap th\u00e0nh l\u1eadp m\u1ed9t nh\u00f3m b\u1ea1n<\/li><li>Ng\u01b0\u1eddi b\u00eanh v\u1ef1c ho\u1eb7c lu\u1eadt s\u01b0<\/li><li>C\u1ed1 v\u1ea5n<\/li><li>Ng\u01b0\u1eddi h\u1ed7 tr\u1ee3<\/li><li>D\u1ecbch v\u1ee5 kh\u00e1c<\/li><\/ul>\n","protected":false},"excerpt":{"rendered":"<p>T\u1edd th\u00f4ng tin n\u00e0y c\u00f3 th\u1ec3 gi\u00fap qu\u00fd v\u1ecb l\u1eadp k\u1ebf ho\u1ea1ch cho Cu\u1ed9c H\u1ecdp IPP c\u1ee7a m\u00ecnh. S\u1eed d\u1ee5ng t\u1edd th\u00f4ng tin n\u00e0y \u0111\u1ec3&hellip;<\/p>\n","protected":false},"author":1,"featured_media":0,"parent":1638,"menu_order":9,"comment_status":"closed","ping_status":"closed","template":"","meta":{"footnotes":""},"class_list":["post-1944","page","type-page","status-publish","hentry"],"_links":{"self":[{"href":"https:\/\/rula.disabilityrightsca.org\/vi\/wp-json\/wp\/v2\/pages\/1944","targetHints":{"allow":["GET"]}}],"collection":[{"href":"https:\/\/rula.disabilityrightsca.org\/vi\/wp-json\/wp\/v2\/pages"}],"about":[{"href":"https:\/\/rula.disabilityrightsca.org\/vi\/wp-json\/wp\/v2\/types\/page"}],"author":[{"embeddable":true,"href":"https:\/\/rula.disabilityrightsca.org\/vi\/wp-json\/wp\/v2\/users\/1"}],"replies":[{"embeddable":true,"href":"https:\/\/rula.disabilityrightsca.org\/vi\/wp-json\/wp\/v2\/comments?post=1944"}],"version-history":[{"count":2,"href":"https:\/\/rula.disabilityrightsca.org\/vi\/wp-json\/wp\/v2\/pages\/1944\/revisions"}],"predecessor-version":[{"id":3396,"href":"https:\/\/rula.disabilityrightsca.org\/vi\/wp-json\/wp\/v2\/pages\/1944\/revisions\/3396"}],"up":[{"embeddable":true,"href":"https:\/\/rula.disabilityrightsca.org\/vi\/wp-json\/wp\/v2\/pages\/1638"}],"wp:attachment":[{"href":"https:\/\/rula.disabilityrightsca.org\/vi\/wp-json\/wp\/v2\/media?parent=1944"}],"curies":[{"name":"wp","href":"https:\/\/api.w.org\/{rel}","templated":true}]}}