{"id":1940,"date":"2021-09-23T18:18:13","date_gmt":"2021-09-23T18:18:13","guid":{"rendered":"http:\/\/www.rula.disabilityrightsca.org\/vi\/?page_id=1940"},"modified":"2022-04-21T21:07:23","modified_gmt":"2022-04-21T21:07:23","slug":"7-21-what-are-my-rights","status":"publish","type":"page","link":"https:\/\/rula.disabilityrightsca.org\/vi\/rula-book\/chapter-7-community-living-arrangements-for-adults\/7-21-what-are-my-rights\/","title":{"rendered":"(7.21) T\u00f4i c\u00f3 nh\u1eefng quy\u1ec1n g\u00ec?"},"content":{"rendered":"\n<p>D\u00f9 qu\u00fd v\u1ecb s\u1ed1ng \u1edf \u0111\u00e2u, lu\u1eadt trao cho ng\u01b0\u1eddi khuy\u1ebft t\u1eadt v\u1ec1 ph\u00e1t tri\u1ec3n c\u00e1c quy\u1ec1n c\u00e1 nh\u00e2n. Qu\u00fd v\u1ecb c\u00f3 quy\u1ec1n:<\/p>\n\n\n\n<ul class=\"wp-block-list\"><li>nh\u1eadn d\u1ecbch v\u1ee5 trong m\u00f4i tr\u01b0\u1eddng \u00edt h\u1ea1n ch\u1ebf nh\u1ea5t v\u00e0 b\u1ea3o v\u1ec7 t\u1ef1 do c\u00e1 nh\u00e2n;<\/li><li>\u0111\u01b0\u1ee3c t\u00f4n tr\u1ecdng, \u0111\u1ea3m b\u1ea3o s\u1ef1 ri\u00eang t\u01b0 v\u00e0 ch\u0103m s\u00f3c nh\u00e2n \u0111\u1ea1o;<\/li><li>tham gia gi\u00e1o d\u1ee5c c\u00f4ng;<\/li><li>\u0111\u01b0\u1ee3c ch\u0103m s\u00f3c y t\u1ebf k\u1ecbp th\u1eddi;<\/li><li>t\u1ef1 do t\u00f4n gi\u00e1o;<\/li><li>t\u01b0\u01a1ng t\u00e1c x\u00e3 h\u1ed9i v\u00e0 tham gia c\u1ed9ng \u0111\u1ed3ng;<\/li><li>t\u1eadp th\u1ec3 d\u1ee5c v\u00e0 gi\u1ea3i tr\u00ed;<\/li><li>kh\u00f4ng b\u1ecb t\u1ed5n h\u1ea1i, ki\u1ec1m ch\u1ebf qu\u00e1 m\u1ee9c, c\u00f4 l\u1eadp, l\u1ea1m d\u1ee5ng, b\u1ecf b\u00ea, kh\u00f4ng ph\u1ea3i tr\u1ea3i qua quy tr\u00ecnh nguy hi\u1ec3m v\u00e0 s\u1eed d\u1ee5ng thu\u1ed1c qu\u00e1 m\u1ee9c;<\/li><li>\u0111\u01b0a ra l\u1ef1a ch\u1ecdn v\u1ec1 n\u01a1i v\u00e0 ng\u01b0\u1eddi s\u1ed1ng c\u00f9ng qu\u00fd v\u1ecb c\u0169ng nh\u01b0 nh\u1eefng m\u1ed1i quan h\u1ec7 v\u00e0 c\u00e1ch s\u1eed d\u1ee5ng th\u1eddi gian;<\/li><li>\u0111i\u1ec1u tra k\u1ecbp th\u1eddi b\u1ea5t c\u1ee9 s\u1ef1 l\u1ea1m d\u1ee5ng n\u00e0o;<\/li><li>m\u1eb7c qu\u1ea7n \u00e1o ri\u00eang v\u00e0 c\u00f3 t\u00e0i s\u1ea3n c\u00f9ng ti\u1ec1n b\u1ea1c ri\u00eang;<\/li><li>ti\u1ebfp c\u1eadn kh\u00f4ng gian l\u01b0u tr\u1eef ri\u00eang;<\/li><li>g\u1eb7p kh\u00e1ch th\u0103m h\u00e0ng ng\u00e0y;<\/li><li>ti\u1ebfp c\u1eadn \u0111i\u1ec7n tho\u1ea1i \u0111\u1ec3 th\u1ef1c hi\u1ec7n v\u00e0 nh\u1eadn cu\u1ed9c g\u1ecdi c\u0169ng nh\u01b0 g\u1eedi v\u00e0 nh\u1eadn th\u01b0 ch\u01b0a m\u1edf;<\/li><li>t\u1eeb ch\u1ed1i c\u00e1c k\u1ef9 thu\u1eadt \u0111i\u1ec1u ch\u1ec9nh h\u00e0nh vi g\u00e2y \u0111au \u0111\u1edbn ho\u1eb7c sang ch\u1ea5n;<\/li><li>nh\u1eadn d\u1ecbch v\u1ee5 b\u00eanh v\u1ef1c;<\/li><li>kh\u00f4ng b\u1ecb ph\u00e2n bi\u1ec7t \u0111\u1ed1i x\u1eed;<\/li><li>ch\u1ea5t v\u1ea5n quy\u1ebft \u0111\u1ecbnh \u0111i\u1ec1u tr\u1ecb; v\u00e0<\/li><li>n\u1ed9p \u0111\u01a1n khi\u1ebfu n\u1ea1i<span class=\"footnote_referrer\"><a role=\"button\" tabindex=\"0\" onclick=\"footnote_moveToReference_1940_1('footnote_plugin_reference_1940_1_1');\" onkeypress=\"footnote_moveToReference_1940_1('footnote_plugin_reference_1940_1_1');\" ><sup id=\"footnote_plugin_tooltip_1940_1_1\" class=\"footnote_plugin_tooltip_text\">[1]<\/sup><\/a><span id=\"footnote_plugin_tooltip_text_1940_1_1\" class=\"footnote_tooltip\">C\u00e1c M\u1ee5c 4502, 4502.1 v\u00e0 4503; Ti\u00eau \u0110\u1ec1 17 B\u1ed9 Lu\u1eadt C\u00e1c Quy \u0110\u1ecbnh California c\u00e1c m\u1ee5c 50510 v\u00e0 50540.<\/span><\/span><script type=\"text\/javascript\"> jQuery('#footnote_plugin_tooltip_1940_1_1').tooltip({ tip: '#footnote_plugin_tooltip_text_1940_1_1', tipClass: 'footnote_tooltip', effect: 'fade', predelay: 0, fadeInSpeed: 200, delay: 400, fadeOutSpeed: 200, position: 'top center', relative: true, offset: [-7, 0], });<\/script><\/li><\/ul>\n<div class=\"speaker-mute footnotes_reference_container\"> <div class=\"footnote_container_prepare\"><p><span role=\"button\" tabindex=\"0\" class=\"footnote_reference_container_label pointer\" onclick=\"footnote_expand_collapse_reference_container_1940_1();\">&#x202F;<\/span><span role=\"button\" tabindex=\"0\" class=\"footnote_reference_container_collapse_button\" style=\"display: none;\" onclick=\"footnote_expand_collapse_reference_container_1940_1();\">[<a id=\"footnote_reference_container_collapse_button_1940_1\">+<\/a>]<\/span><\/p><\/div> <div id=\"footnote_references_container_1940_1\" style=\"\"><table class=\"footnotes_table footnote-reference-container\"><caption class=\"accessibility\">References<\/caption> <tbody> \r\n\r\n<tr class=\"footnotes_plugin_reference_row\"> <th scope=\"row\" class=\"footnote_plugin_index_combi pointer\"  onclick=\"footnote_moveToAnchor_1940_1('footnote_plugin_tooltip_1940_1_1');\"><a id=\"footnote_plugin_reference_1940_1_1\" class=\"footnote_backlink\"><span class=\"footnote_index_arrow\">&#8593;<\/span>1<\/a><\/th> <td class=\"footnote_plugin_text\">C\u00e1c M\u1ee5c 4502, 4502.1 v\u00e0 4503; Ti\u00eau \u0110\u1ec1 17 B\u1ed9 Lu\u1eadt C\u00e1c Quy \u0110\u1ecbnh California c\u00e1c m\u1ee5c 50510 v\u00e0 50540.<\/td><\/tr>\r\n\r\n <\/tbody> <\/table> <\/div><\/div><script type=\"text\/javascript\"> function footnote_expand_reference_container_1940_1() { jQuery('#footnote_references_container_1940_1').show(); jQuery('#footnote_reference_container_collapse_button_1940_1').text('\u2212'); } function footnote_collapse_reference_container_1940_1() { jQuery('#footnote_references_container_1940_1').hide(); jQuery('#footnote_reference_container_collapse_button_1940_1').text('+'); } function footnote_expand_collapse_reference_container_1940_1() { if (jQuery('#footnote_references_container_1940_1').is(':hidden')) { footnote_expand_reference_container_1940_1(); } else { footnote_collapse_reference_container_1940_1(); } } function footnote_moveToReference_1940_1(p_str_TargetID) { footnote_expand_reference_container_1940_1(); var l_obj_Target = jQuery('#' + p_str_TargetID); if (l_obj_Target.length) { jQuery( 'html, body' ).delay( 0 ); jQuery('html, body').animate({ scrollTop: l_obj_Target.offset().top - window.innerHeight * 0.2 }, 380); } } function footnote_moveToAnchor_1940_1(p_str_TargetID) { footnote_expand_reference_container_1940_1(); var l_obj_Target = jQuery('#' + p_str_TargetID); if (l_obj_Target.length) { jQuery( 'html, body' ).delay( 0 ); jQuery('html, body').animate({ scrollTop: l_obj_Target.offset().top - window.innerHeight * 0.2 }, 380); } }<\/script>","protected":false},"excerpt":{"rendered":"<p>D\u00f9 qu\u00fd v\u1ecb s\u1ed1ng \u1edf \u0111\u00e2u, lu\u1eadt trao cho ng\u01b0\u1eddi khuy\u1ebft t\u1eadt v\u1ec1 ph\u00e1t tri\u1ec3n c\u00e1c quy\u1ec1n c\u00e1 nh\u00e2n. Qu\u00fd v\u1ecb c\u00f3 quy\u1ec1n: nh\u1eadn d\u1ecbch&hellip;<\/p>\n","protected":false},"author":1,"featured_media":0,"parent":1876,"menu_order":21,"comment_status":"closed","ping_status":"closed","template":"","meta":{"footnotes":""},"class_list":["post-1940","page","type-page","status-publish","hentry"],"_links":{"self":[{"href":"https:\/\/rula.disabilityrightsca.org\/vi\/wp-json\/wp\/v2\/pages\/1940","targetHints":{"allow":["GET"]}}],"collection":[{"href":"https:\/\/rula.disabilityrightsca.org\/vi\/wp-json\/wp\/v2\/pages"}],"about":[{"href":"https:\/\/rula.disabilityrightsca.org\/vi\/wp-json\/wp\/v2\/types\/page"}],"author":[{"embeddable":true,"href":"https:\/\/rula.disabilityrightsca.org\/vi\/wp-json\/wp\/v2\/users\/1"}],"replies":[{"embeddable":true,"href":"https:\/\/rula.disabilityrightsca.org\/vi\/wp-json\/wp\/v2\/comments?post=1940"}],"version-history":[{"count":2,"href":"https:\/\/rula.disabilityrightsca.org\/vi\/wp-json\/wp\/v2\/pages\/1940\/revisions"}],"predecessor-version":[{"id":3127,"href":"https:\/\/rula.disabilityrightsca.org\/vi\/wp-json\/wp\/v2\/pages\/1940\/revisions\/3127"}],"up":[{"embeddable":true,"href":"https:\/\/rula.disabilityrightsca.org\/vi\/wp-json\/wp\/v2\/pages\/1876"}],"wp:attachment":[{"href":"https:\/\/rula.disabilityrightsca.org\/vi\/wp-json\/wp\/v2\/media?parent=1940"}],"curies":[{"name":"wp","href":"https:\/\/api.w.org\/{rel}","templated":true}]}}