{"id":1937,"date":"2021-09-23T18:16:25","date_gmt":"2021-09-23T18:16:25","guid":{"rendered":"http:\/\/www.rula.disabilityrightsca.org\/vi\/?page_id=1937"},"modified":"2022-04-21T21:06:29","modified_gmt":"2022-04-21T21:06:29","slug":"7-20-are-there-rules-in-licensed-homes","status":"publish","type":"page","link":"https:\/\/rula.disabilityrightsca.org\/vi\/rula-book\/chapter-7-community-living-arrangements-for-adults\/7-20-are-there-rules-in-licensed-homes\/","title":{"rendered":"(7.20) C\u00f3 quy \u0111\u1ecbnh trong nh\u1eefng nh\u00e0 \u0111\u01b0\u1ee3c c\u1ea5p ph\u00e9p kh\u00f4ng?"},"content":{"rendered":"\n<p>T\u1ea5t c\u1ea3 c\u00e1c ph\u01b0\u01a1ng \u00e1n s\u1eafp x\u1ebfp \u0111\u1eddi s\u1ed1ng t\u1ea1i c\u1ed9ng \u0111\u1ed3ng c\u00f3 gi\u1ea5y ph\u00e9p, bao g\u1ed3m CCF v\u00e0 ICF, \u0111\u1ec1u c\u00f3 \u201cn\u1ed9i quy\u201d. N\u1ed9i quy gi\u1ea3i th\u00edch vi\u1ec7c qu\u00fd v\u1ecb c\u00f3 th\u1ec3 v\u00e0 kh\u00f4ng th\u1ec3 l\u00e0m. Nh\u00e0 ph\u1ea3i gi\u1ea3i th\u00edch n\u1ed9i quy v\u1edbi qu\u00fd v\u1ecb khi qu\u00fd v\u1ecb \u0111\u1ebfn ho\u1eb7c b\u1eaft \u0111\u1ea7u ch\u01b0\u01a1ng tr\u00ecnh. Qu\u00fd v\u1ecb c\u00f3 th\u1ec3 \u0111\u01b0a ra \u00fd ki\u1ebfn v\u1ec1 n\u1ed9i quy v\u00ec \u0111\u00f3 ch\u00ednh l\u00e0 ng\u00f4i nh\u00e0 qu\u00fd v\u1ecb s\u1ebd s\u1ed1ng. H\u1ecd ph\u1ea3i \u0111\u0103ng n\u1ed9i quy \u1edf n\u01a1i qu\u00fd v\u1ecb c\u00f3 th\u1ec3 th\u1ea5y v\u00e0 vi\u1ebft n\u1ed9i quy b\u1eb1ng ng\u00f4n ng\u1eef qu\u00fd v\u1ecb hi\u1ec3u \u0111\u01b0\u1ee3c.<\/p>\n\n\n\n<p>Qu\u00fd v\u1ecb c\u00f3 quy\u1ec1n \u0111\u01b0a ra l\u1ef1a ch\u1ecdn v\u1ec1 c\u00e1c ho\u1ea1t \u0111\u1ed9ng h\u00e0ng ng\u00e0y. \u0110i\u1ec1u n\u00e0y bao g\u1ed3m th\u1eddi \u0111i\u1ec3m qu\u00fd v\u1ecb \u0111i ng\u1ee7, th\u1eddi \u0111i\u1ec3m qu\u00fd v\u1ecb \u0103n, qu\u00fd v\u1ecb c\u00f3 b\u1ea1n \u0111\u1ebfn th\u0103m kh\u00f4ng v\u00e0 vi\u1ec7c qu\u00fd v\u1ecb l\u00e0m trong th\u1eddi gian r\u1ea3nh. N\u1ed9i quy ph\u1ea3i gi\u00fap m\u1ecdi ng\u01b0\u1eddi trong nh\u00e0 s\u1ed1ng h\u00f2a thu\u1eadn v\u1edbi nhau, nh\u01b0ng n\u1ed9i quy kh\u00f4ng th\u1ec3 qu\u00e1 c\u1ee9ng nh\u1eafc. N\u1ed9i quy kh\u00f4ng \u0111\u01b0\u1ee3c vi ph\u1ea1m b\u1ea5t c\u1ee9 quy\u1ec1n n\u00e0o c\u1ee7a qu\u00fd v\u1ecb. N\u1ebfu qu\u00fd v\u1ecb tin r\u1eb1ng c\u01a1 s\u1edf sinh s\u1ed1ng c\u1ee7a qu\u00fd v\u1ecb c\u00f3 quy \u0111\u1ecbnh b\u1ea5t h\u1ee3p ph\u00e1p, h\u00e3y g\u1ecdi cho Disability Rights California.<\/p>\n","protected":false},"excerpt":{"rendered":"<p>T\u1ea5t c\u1ea3 c\u00e1c ph\u01b0\u01a1ng \u00e1n s\u1eafp x\u1ebfp \u0111\u1eddi s\u1ed1ng t\u1ea1i c\u1ed9ng \u0111\u1ed3ng c\u00f3 gi\u1ea5y ph\u00e9p, bao g\u1ed3m CCF v\u00e0 ICF, \u0111\u1ec1u c\u00f3 \u201cn\u1ed9i quy\u201d. N\u1ed9i&hellip;<\/p>\n","protected":false},"author":1,"featured_media":0,"parent":1876,"menu_order":20,"comment_status":"closed","ping_status":"closed","template":"","meta":{"footnotes":""},"class_list":["post-1937","page","type-page","status-publish","hentry"],"_links":{"self":[{"href":"https:\/\/rula.disabilityrightsca.org\/vi\/wp-json\/wp\/v2\/pages\/1937","targetHints":{"allow":["GET"]}}],"collection":[{"href":"https:\/\/rula.disabilityrightsca.org\/vi\/wp-json\/wp\/v2\/pages"}],"about":[{"href":"https:\/\/rula.disabilityrightsca.org\/vi\/wp-json\/wp\/v2\/types\/page"}],"author":[{"embeddable":true,"href":"https:\/\/rula.disabilityrightsca.org\/vi\/wp-json\/wp\/v2\/users\/1"}],"replies":[{"embeddable":true,"href":"https:\/\/rula.disabilityrightsca.org\/vi\/wp-json\/wp\/v2\/comments?post=1937"}],"version-history":[{"count":2,"href":"https:\/\/rula.disabilityrightsca.org\/vi\/wp-json\/wp\/v2\/pages\/1937\/revisions"}],"predecessor-version":[{"id":3126,"href":"https:\/\/rula.disabilityrightsca.org\/vi\/wp-json\/wp\/v2\/pages\/1937\/revisions\/3126"}],"up":[{"embeddable":true,"href":"https:\/\/rula.disabilityrightsca.org\/vi\/wp-json\/wp\/v2\/pages\/1876"}],"wp:attachment":[{"href":"https:\/\/rula.disabilityrightsca.org\/vi\/wp-json\/wp\/v2\/media?parent=1937"}],"curies":[{"name":"wp","href":"https:\/\/api.w.org\/{rel}","templated":true}]}}