{"id":1934,"date":"2021-09-23T18:14:28","date_gmt":"2021-09-23T18:14:28","guid":{"rendered":"http:\/\/www.rula.disabilityrightsca.org\/vi\/?page_id=1934"},"modified":"2022-06-24T16:58:58","modified_gmt":"2022-06-24T16:58:58","slug":"7-19-what-if-the-living-arrangement-i-want-is-not-available","status":"publish","type":"page","link":"https:\/\/rula.disabilityrightsca.org\/vi\/rula-book\/chapter-7-community-living-arrangements-for-adults\/7-19-what-if-the-living-arrangement-i-want-is-not-available\/","title":{"rendered":"(7.19) N\u1ebfu ph\u01b0\u01a1ng \u00e1n s\u1eafp x\u1ebfp \u0111\u1eddi s\u1ed1ng t\u00f4i mu\u1ed1n kh\u00f4ng c\u00f3 s\u1eb5n th\u00ec sao?"},"content":{"rendered":"\n<p>\u0110\u00f4i khi ph\u01b0\u01a1ng \u00e1n s\u1eafp x\u1ebfp \u0111\u1eddi s\u1ed1ng m\u00e0 qu\u00fd v\u1ecb c\u00f9ng nh\u00f3m l\u1eadp k\u1ebf ho\u1ea1ch c\u1ee7a qu\u00fd v\u1ecb \u0111\u00e3 nh\u1ea5t tr\u00ed l\u1ea1i kh\u00f4ng c\u00f3 s\u1eb5n. Nguy\u00ean nh\u00e2n c\u00f3 th\u1ec3 l\u00e0 v\u00ec (1) nh\u00e0 ho\u1eb7c c\u01a1 s\u1edf kh\u00f4ng c\u00f2n ch\u1ed7 tr\u1ed1ng, (2) kh\u00f4ng c\u00f3 ng\u01b0\u1eddi cung c\u1ea5p c\u00e1c d\u1ecbch v\u1ee5 h\u1ed7\u0303 tr\u1ee3 sinh ho\u1ea1t m\u00e0 qu\u00fd v\u1ecb c\u1ea7n, ho\u1eb7c (3) kh\u00f4ng c\u00f3 nh\u00e0 c\u1ee7a gia \u0111\u00ecnh cho ng\u01b0\u1eddi l\u1edbn t\u1ea1i n\u01a1i qu\u00fd v\u1ecb s\u1ed1ng.<\/p>\n\n\n\n<p>N\u1ebfu ph\u01b0\u01a1ng \u00e1n s\u1eafp x\u1ebfp \u0111\u1eddi s\u1ed1ng trong IPP c\u1ee7a qu\u00fd v\u1ecb kh\u00f4ng c\u00f3 s\u1eb5n, nh\u00e2n vi\u00ean trung t\u00e2m khu v\u1ef1c ph\u1ea3i ph\u00e1t tri\u1ec3n ph\u01b0\u01a1ng \u00e1n s\u1eafp x\u1ebfp \u0111\u1eddi s\u1ed1ng m\u00e0 qu\u00fd v\u1ecb mu\u1ed1n. Tuy nhi\u00ean, qu\u00e1 tr\u00ecnh n\u00e0y c\u00f3 th\u1ec3 t\u1ed1n th\u1eddi gian. Qu\u00fd v\u1ecb c\u00f3 th\u1ec3 c\u1ea7n ph\u1ea3i chuy\u1ec3n \u0111\u1ebfn m\u1ed9t l\u1ef1a ch\u1ecdn n\u01a1i s\u1ed1ng kh\u00e1c ho\u1eb7c \u0111\u1ebfn nh\u00e0 hay c\u01a1 s\u1edf c\u00e1ch xa c\u1ed9ng \u0111\u1ed3ng nh\u00e0 m\u00ecnh trong m\u1ed9t kho\u1ea3ng th\u1eddi gian. N\u1ebfu qu\u00fd v\u1ecb g\u1eb7p t\u00ecnh hu\u1ed1ng n\u00e0y, lu\u1eadt quy \u0111\u1ecbnh qu\u00fd v\u1ecb c\u00f3 th\u1ec3 y\u00eau c\u1ea7u trung t\u00e2m khu v\u1ef1c:<\/p>\n\n\n\n<ul class=\"wp-block-list\"><li>T\u00ecm nh\u1eefng ng\u01b0\u1eddi ho\u1eb7c c\u01a1 quan cung c\u1ea5p c\u00e1c d\u1ecbch v\u1ee5 qu\u00fd v\u1ecb c\u1ea7n. Quy tr\u00ecnh n\u00e0y \u0111\u01b0\u1ee3c g\u1ecdi l\u00e0 \u201cy\u00eau c\u1ea7u \u0111\u1ec1 xu\u1ea5t\u201d (request for proposal, RFP). <span class=\"footnote_referrer\"><a role=\"button\" tabindex=\"0\" onclick=\"footnote_moveToReference_1934_1('footnote_plugin_reference_1934_1_1');\" onkeypress=\"footnote_moveToReference_1934_1('footnote_plugin_reference_1934_1_1');\" ><sup id=\"footnote_plugin_tooltip_1934_1_1\" class=\"footnote_plugin_tooltip_text\">[1]<\/sup><\/a><span id=\"footnote_plugin_tooltip_text_1934_1_1\" class=\"footnote_tooltip\">M\u1ee5c 4648(e)(1).<\/span><\/span><script type=\"text\/javascript\"> jQuery('#footnote_plugin_tooltip_1934_1_1').tooltip({ tip: '#footnote_plugin_tooltip_text_1934_1_1', tipClass: 'footnote_tooltip', effect: 'fade', predelay: 0, fadeInSpeed: 200, delay: 400, fadeOutSpeed: 200, position: 'top center', relative: true, offset: [-7, 0], });<\/script> N\u1ebfu s\u1ef1 h\u1ed7 tr\u1ee3 v\u00e0 d\u1ecbch v\u1ee5 qu\u00fd v\u1ecb c\u1ea7n l\u00e0 \u0111\u1eb7c bi\u1ec7t, RFP c\u00f3 th\u1ec3 y\u00eau c\u1ea7u trung t\u00e2m khu v\u1ef1c c\u00f3 th\u1ec3 \u0111\u01b0a ra th\u1ecfa thu\u1eadn t\u00e0i tr\u1ee3 \u0111\u1eb7c bi\u1ec7t.<\/li><li>Thu\u00ea m\u1ed9t b\u00ean cung c\u1ea5p \u0111\u1ec3 cung c\u1ea5p d\u1ecbch v\u1ee5 qu\u00fd v\u1ecb c\u1ea7n. N\u1ebfu m\u1ee9c thanh to\u00e1n kh\u00f4ng \u0111\u01b0\u1ee3c DDS \u0111\u1eb7t ra cho d\u1ecbch v\u1ee5, trung t\u00e2m khu v\u1ef1c c\u00f3 th\u1ec3 th\u01b0\u01a1ng l\u01b0\u1ee3ng m\u1ed9t h\u1ee3p \u0111\u1ed3ng cho d\u1ecbch v\u1ee5 qu\u00fd v\u1ecb c\u1ea7n trong m\u1ed9t kho\u1ea3ng th\u1eddi gian. <span class=\"footnote_referrer\"><a role=\"button\" tabindex=\"0\" onclick=\"footnote_moveToReference_1934_1('footnote_plugin_reference_1934_1_2');\" onkeypress=\"footnote_moveToReference_1934_1('footnote_plugin_reference_1934_1_2');\" ><sup id=\"footnote_plugin_tooltip_1934_1_2\" class=\"footnote_plugin_tooltip_text\">[2]<\/sup><\/a><span id=\"footnote_plugin_tooltip_text_1934_1_2\" class=\"footnote_tooltip\">M\u1ee5c 4648(a)(3).<\/span><\/span><script type=\"text\/javascript\"> jQuery('#footnote_plugin_tooltip_1934_1_2').tooltip({ tip: '#footnote_plugin_tooltip_text_1934_1_2', tipClass: 'footnote_tooltip', effect: 'fade', predelay: 0, fadeInSpeed: 200, delay: 400, fadeOutSpeed: 200, position: 'top center', relative: true, offset: [-7, 0], });<\/script><\/li><li>Cung c\u1ea5p d\u1ecbch v\u1ee5 b\u1ed5 sung, bao g\u1ed3m th\u00eam nh\u00e2n vi\u00ean ngo\u00e0i h\u1ee3p \u0111\u1ed3ng hi\u1ec7n t\u1ea1i c\u1ee7a nh\u00e0 cung c\u1ea5p d\u1ecbch v\u1ee5, n\u1ebfu nh\u00f3m IPP c\u1ee7a qu\u00fd v\u1ecb quy\u1ebft \u0111\u1ecbnh c\u00e1c d\u1ecbch v\u1ee5 b\u1ed5 sung ph\u00f9 h\u1ee3p v\u1edbi IPP c\u1ee7a qu\u00fd v\u1ecb. Nhi\u1ec1u nh\u00e2n vi\u00ean h\u01a1n c\u00f3 th\u1ec3 gi\u00fap qu\u00fd v\u1ecb s\u1ed1ng th\u00e0nh c\u00f4ng trong nh\u00e0 c\u00f3 s\u1eb5n, k\u1ec3 c\u1ea3 khi \u0111\u00f3 kh\u00f4ng ph\u1ea3i nh\u00e0 qu\u00fd v\u1ecb b\u00ecnh th\u01b0\u1eddng s\u1ebd c\u01b0 tr\u00fa. <span class=\"footnote_referrer\"><a role=\"button\" tabindex=\"0\" onclick=\"footnote_moveToReference_1934_1('footnote_plugin_reference_1934_1_3');\" onkeypress=\"footnote_moveToReference_1934_1('footnote_plugin_reference_1934_1_3');\" ><sup id=\"footnote_plugin_tooltip_1934_1_3\" class=\"footnote_plugin_tooltip_text\">[3]<\/sup><\/a><span id=\"footnote_plugin_tooltip_text_1934_1_3\" class=\"footnote_tooltip\">M\u1ee5c 4648(a)(9)(g).<\/span><\/span><script type=\"text\/javascript\"> jQuery('#footnote_plugin_tooltip_1934_1_3').tooltip({ tip: '#footnote_plugin_tooltip_text_1934_1_3', tipClass: 'footnote_tooltip', effect: 'fade', predelay: 0, fadeInSpeed: 200, delay: 400, fadeOutSpeed: 200, position: 'top center', relative: true, offset: [-7, 0], });<\/script><\/li><\/ul>\n\n\n\n<p>Qu\u00fd v\u1ecb s\u1ebd kh\u00f4ng ph\u1ea3i v\u00e0o c\u01a1 s\u1edf ch\u1ec9 v\u00ec kh\u00f4ng c\u00f3 s\u1eb5n ph\u01b0\u01a1ng \u00e1n s\u1eafp x\u1ebfp \u0111\u1eddi s\u1ed1ng t\u1ea1i c\u1ed9ng \u0111\u1ed3ng.<\/p>\n<div class=\"speaker-mute footnotes_reference_container\"> <div class=\"footnote_container_prepare\"><p><span role=\"button\" tabindex=\"0\" class=\"footnote_reference_container_label pointer\" onclick=\"footnote_expand_collapse_reference_container_1934_1();\">&#x202F;<\/span><span role=\"button\" tabindex=\"0\" class=\"footnote_reference_container_collapse_button\" style=\"display: none;\" onclick=\"footnote_expand_collapse_reference_container_1934_1();\">[<a id=\"footnote_reference_container_collapse_button_1934_1\">+<\/a>]<\/span><\/p><\/div> <div id=\"footnote_references_container_1934_1\" style=\"\"><table class=\"footnotes_table footnote-reference-container\"><caption class=\"accessibility\">References<\/caption> <tbody> \r\n\r\n<tr class=\"footnotes_plugin_reference_row\"> <th scope=\"row\" class=\"footnote_plugin_index_combi pointer\"  onclick=\"footnote_moveToAnchor_1934_1('footnote_plugin_tooltip_1934_1_1');\"><a id=\"footnote_plugin_reference_1934_1_1\" class=\"footnote_backlink\"><span class=\"footnote_index_arrow\">&#8593;<\/span>1<\/a><\/th> <td class=\"footnote_plugin_text\">M\u1ee5c 4648(e)(1).<\/td><\/tr>\r\n\r\n<tr class=\"footnotes_plugin_reference_row\"> <th scope=\"row\" class=\"footnote_plugin_index_combi pointer\"  onclick=\"footnote_moveToAnchor_1934_1('footnote_plugin_tooltip_1934_1_2');\"><a id=\"footnote_plugin_reference_1934_1_2\" class=\"footnote_backlink\"><span class=\"footnote_index_arrow\">&#8593;<\/span>2<\/a><\/th> <td class=\"footnote_plugin_text\">M\u1ee5c 4648(a)(3).<\/td><\/tr>\r\n\r\n<tr class=\"footnotes_plugin_reference_row\"> <th scope=\"row\" class=\"footnote_plugin_index_combi pointer\"  onclick=\"footnote_moveToAnchor_1934_1('footnote_plugin_tooltip_1934_1_3');\"><a id=\"footnote_plugin_reference_1934_1_3\" class=\"footnote_backlink\"><span class=\"footnote_index_arrow\">&#8593;<\/span>3<\/a><\/th> <td class=\"footnote_plugin_text\">M\u1ee5c 4648(a)(9)(g).<\/td><\/tr>\r\n\r\n <\/tbody> <\/table> <\/div><\/div><script type=\"text\/javascript\"> function footnote_expand_reference_container_1934_1() { jQuery('#footnote_references_container_1934_1').show(); jQuery('#footnote_reference_container_collapse_button_1934_1').text('\u2212'); } function footnote_collapse_reference_container_1934_1() { jQuery('#footnote_references_container_1934_1').hide(); jQuery('#footnote_reference_container_collapse_button_1934_1').text('+'); } function footnote_expand_collapse_reference_container_1934_1() { if (jQuery('#footnote_references_container_1934_1').is(':hidden')) { footnote_expand_reference_container_1934_1(); } else { footnote_collapse_reference_container_1934_1(); } } function footnote_moveToReference_1934_1(p_str_TargetID) { footnote_expand_reference_container_1934_1(); var l_obj_Target = jQuery('#' + p_str_TargetID); if (l_obj_Target.length) { jQuery( 'html, body' ).delay( 0 ); jQuery('html, body').animate({ scrollTop: l_obj_Target.offset().top - window.innerHeight * 0.2 }, 380); } } function footnote_moveToAnchor_1934_1(p_str_TargetID) { footnote_expand_reference_container_1934_1(); var l_obj_Target = jQuery('#' + p_str_TargetID); if (l_obj_Target.length) { jQuery( 'html, body' ).delay( 0 ); jQuery('html, body').animate({ scrollTop: l_obj_Target.offset().top - window.innerHeight * 0.2 }, 380); } }<\/script>","protected":false},"excerpt":{"rendered":"<p>\u0110\u00f4i khi ph\u01b0\u01a1ng \u00e1n s\u1eafp x\u1ebfp \u0111\u1eddi s\u1ed1ng m\u00e0 qu\u00fd v\u1ecb c\u00f9ng nh\u00f3m l\u1eadp k\u1ebf ho\u1ea1ch c\u1ee7a qu\u00fd v\u1ecb \u0111\u00e3 nh\u1ea5t tr\u00ed l\u1ea1i kh\u00f4ng c\u00f3&hellip;<\/p>\n","protected":false},"author":1,"featured_media":0,"parent":1876,"menu_order":19,"comment_status":"closed","ping_status":"closed","template":"","meta":{"footnotes":""},"class_list":["post-1934","page","type-page","status-publish","hentry"],"_links":{"self":[{"href":"https:\/\/rula.disabilityrightsca.org\/vi\/wp-json\/wp\/v2\/pages\/1934","targetHints":{"allow":["GET"]}}],"collection":[{"href":"https:\/\/rula.disabilityrightsca.org\/vi\/wp-json\/wp\/v2\/pages"}],"about":[{"href":"https:\/\/rula.disabilityrightsca.org\/vi\/wp-json\/wp\/v2\/types\/page"}],"author":[{"embeddable":true,"href":"https:\/\/rula.disabilityrightsca.org\/vi\/wp-json\/wp\/v2\/users\/1"}],"replies":[{"embeddable":true,"href":"https:\/\/rula.disabilityrightsca.org\/vi\/wp-json\/wp\/v2\/comments?post=1934"}],"version-history":[{"count":4,"href":"https:\/\/rula.disabilityrightsca.org\/vi\/wp-json\/wp\/v2\/pages\/1934\/revisions"}],"predecessor-version":[{"id":3485,"href":"https:\/\/rula.disabilityrightsca.org\/vi\/wp-json\/wp\/v2\/pages\/1934\/revisions\/3485"}],"up":[{"embeddable":true,"href":"https:\/\/rula.disabilityrightsca.org\/vi\/wp-json\/wp\/v2\/pages\/1876"}],"wp:attachment":[{"href":"https:\/\/rula.disabilityrightsca.org\/vi\/wp-json\/wp\/v2\/media?parent=1934"}],"curies":[{"name":"wp","href":"https:\/\/api.w.org\/{rel}","templated":true}]}}