{"id":1931,"date":"2021-09-23T18:10:33","date_gmt":"2021-09-23T18:10:33","guid":{"rendered":"http:\/\/www.rula.disabilityrightsca.org\/vi\/?page_id=1931"},"modified":"2022-06-23T23:37:36","modified_gmt":"2022-06-23T23:37:36","slug":"7-18-if-i-have-complex-health-care-needs-are-there-places-in-the-community-i-could-live-other-than-a-skilled-nursing-home","status":"publish","type":"page","link":"https:\/\/rula.disabilityrightsca.org\/vi\/rula-book\/chapter-7-community-living-arrangements-for-adults\/7-18-if-i-have-complex-health-care-needs-are-there-places-in-the-community-i-could-live-other-than-a-skilled-nursing-home\/","title":{"rendered":"(7.18) N\u1ebfu t\u00f4i c\u00f3 nhu c\u1ea7u ch\u0103m s\u00f3c s\u1ee9c kh\u1ecfe ph\u1ee9c t\u1ea1p, c\u00f3 n\u01a1i n\u00e0o cho t\u00f4i s\u1ed1ng trong c\u1ed9ng \u0111\u1ed3ng ngo\u00e0i nh\u00e0 \u0111i\u1ec1u d\u01b0\u1ee1ng chuy\u00ean m\u00f4n kh\u00f4ng?"},"content":{"rendered":"\n<p><strong>&nbsp;<\/strong>M\u1ed9t \u201cC\u01a1 S\u1edf C\u01b0 Tr\u00fa Ng\u01b0\u1eddi L\u1edbn d\u00e0nh cho Ng\u01b0\u1eddi C\u00f3 Nhu C\u1ea7u Ch\u0103m S\u00f3c S\u1ee9c Kh\u1ecfe \u0110\u1eb7c Bi\u1ec7t\u201d, ho\u1eb7c \u201cNh\u00e0 SB 962\u201d, <span class=\"footnote_referrer\"><a role=\"button\" tabindex=\"0\" onclick=\"footnote_moveToReference_1931_1('footnote_plugin_reference_1931_1_1');\" onkeypress=\"footnote_moveToReference_1931_1('footnote_plugin_reference_1931_1_1');\" ><sup id=\"footnote_plugin_tooltip_1931_1_1\" class=\"footnote_plugin_tooltip_text\">[1]<\/sup><\/a><span id=\"footnote_plugin_tooltip_text_1931_1_1\" class=\"footnote_tooltip\">M\u1ee5c 4684.50 v\u00e0 B\u1ed9 Lu\u1eadt S\u1ee9c Kh\u1ecfe &amp; An To\u00e0n c\u00e1c m\u1ee5c 1538.55 v\u00e0 1567.50. \u201cSB\u201d c\u00f3 ngh\u0129a l\u00e0 D\u1ef1 Lu\u1eadt Th\u01b0\u1ee3ng Vi\u1ec7n (Senate Bil).<\/span><\/span><script type=\"text\/javascript\"> jQuery('#footnote_plugin_tooltip_1931_1_1').tooltip({ tip: '#footnote_plugin_tooltip_text_1931_1_1', tipClass: 'footnote_tooltip', effect: 'fade', predelay: 0, fadeInSpeed: 200, delay: 400, fadeOutSpeed: 200, position: 'top center', relative: true, offset: [-7, 0], });<\/script> l\u00e0 nh\u00e0 \u0111\u01b0\u1ee3c thi\u1ebft k\u1ebf \u0111\u1ec3 \u0111\u00e1p \u1ee9ng nhu c\u1ea7u ri\u00eang c\u1ee7a nh\u1eefng ng\u01b0\u1eddi khuy\u1ebft t\u1eadt v\u1ec1 ph\u00e1t tri\u1ec3n c\u00f3 c\u1ea3 nhu c\u1ea7u ch\u0103m s\u00f3c s\u1ee9c kh\u1ecfe chuy\u00ean bi\u1ec7t v\u00e0 h\u1ed7 tr\u1ee3 chuy\u00ean s\u00e2u.<\/p>\n\n\n\n<p>M\u1ed7i nh\u00e0 SB 962 ph\u1ee5c v\u1ee5 t\u1ed1i \u0111a n\u0103m ng\u01b0\u1eddi. Ng\u01b0\u1eddi c\u01b0 tr\u00fa trong nh\u00e0 SB 962 c\u00f3 th\u1ec3 nh\u1eadn d\u1ecbch v\u1ee5 ch\u0103m s\u00f3c s\u1ee9c kh\u1ecfe chuy\u00ean bi\u1ec7t, bao g\u1ed3m:<\/p>\n\n\n\n<ul class=\"wp-block-list\"><li>h\u1ed7 tr\u1ee3 dinh d\u01b0\u1ee1ng (dinh d\u01b0\u1ee1ng ho\u00e0n to\u00e0n ngo\u00e0i \u0111\u01b0\u1eddng ti\u00eau h\u00f3a, nu\u00f4i \u0103n b\u1eb1ng ph\u01b0\u01a1ng ph\u00e1p m\u1edf th\u00f4ng d\u1ea1 d\u00e0y v\u00e0 c\u1ea5p n\u01b0\u1edbc),<\/li><li>l\u1ecdc th\u1eadn, v\u00e0<\/li><li>ch\u1ebf \u0111\u1ed9 thu\u1ed1c men \u0111\u1eb7c bi\u1ec7t, ch\u1eb3ng h\u1ea1n nh\u01b0 ch\u00edch thu\u1ed1c, thu\u1ed1c ti\u00eam truy\u1ec1n t\u0129nh m\u1ea1ch, ki\u1ec3m so\u00e1t ti\u1ec3u \u0111\u01b0\u1eddng ph\u1ee5 thu\u1ed9c insulin, \u0111\u1eb7t \u1ed1ng th\u00f4ng, ki\u1ec3m so\u00e1t \u1ed1ng th\u00f4ng n\u01b0\u1edbc ti\u1ec3u \u0111\u01b0\u1ee3c \u0111\u1eb7t \u1edf b\u00ean trong, ki\u1ec3m so\u00e1t c\u01a1n \u0111au v\u00e0 ch\u0103m s\u00f3c gi\u1ea3m nh\u1eb9. <span class=\"footnote_referrer\"><a role=\"button\" tabindex=\"0\" onclick=\"footnote_moveToReference_1931_1('footnote_plugin_reference_1931_1_2');\" onkeypress=\"footnote_moveToReference_1931_1('footnote_plugin_reference_1931_1_2');\" ><sup id=\"footnote_plugin_tooltip_1931_1_2\" class=\"footnote_plugin_tooltip_text\">[2]<\/sup><\/a><span id=\"footnote_plugin_tooltip_text_1931_1_2\" class=\"footnote_tooltip\">M\u1ee5c 4684.50(h)(1)-(14).<\/span><\/span><script type=\"text\/javascript\"> jQuery('#footnote_plugin_tooltip_1931_1_2').tooltip({ tip: '#footnote_plugin_tooltip_text_1931_1_2', tipClass: 'footnote_tooltip', effect: 'fade', predelay: 0, fadeInSpeed: 200, delay: 400, fadeOutSpeed: 200, position: 'top center', relative: true, offset: [-7, 0], });<\/script><\/li><\/ul>\n\n\n\n<p>T\u1ea5t c\u1ea3 nh\u00e0 SB 962 ph\u1ea3i c\u00f3:<\/p>\n\n\n\n<ul class=\"wp-block-list\"><li>Y t\u00e1 c\u00f3 gi\u1ea5y ph\u00e9p trong \u0111\u1ed9i ng\u0169 nh\u00e2n vi\u00ean l\u00e0m vi\u1ec7c 24 gi\u1edd\/ng\u00e0y, 7 ng\u00e0y\/tu\u1ea7n. <span class=\"footnote_referrer\"><a role=\"button\" tabindex=\"0\" onclick=\"footnote_moveToReference_1931_1('footnote_plugin_reference_1931_1_3');\" onkeypress=\"footnote_moveToReference_1931_1('footnote_plugin_reference_1931_1_3');\" ><sup id=\"footnote_plugin_tooltip_1931_1_3\" class=\"footnote_plugin_tooltip_text\">[3]<\/sup><\/a><span id=\"footnote_plugin_tooltip_text_1931_1_3\" class=\"footnote_tooltip\">M\u1ee5c 4684.63(a)(1)(A).<\/span><\/span><script type=\"text\/javascript\"> jQuery('#footnote_plugin_tooltip_1931_1_3').tooltip({ tip: '#footnote_plugin_tooltip_text_1931_1_3', tipClass: 'footnote_tooltip', effect: 'fade', predelay: 0, fadeInSpeed: 200, delay: 400, fadeOutSpeed: 200, position: 'top center', relative: true, offset: [-7, 0], });<\/script><\/li><li>K\u1ebf Ho\u1ea1ch Ch\u0103m S\u00f3c S\u1ee9c Kh\u1ecfe C\u00e1 Nh\u00e2n \u0111\u01b0\u1ee3c ph\u00e1t tri\u1ec3n cho m\u1ed7i ng\u01b0\u1eddi c\u01b0 tr\u00fa. <span class=\"footnote_referrer\"><a role=\"button\" tabindex=\"0\" onclick=\"footnote_moveToReference_1931_1('footnote_plugin_reference_1931_1_4');\" onkeypress=\"footnote_moveToReference_1931_1('footnote_plugin_reference_1931_1_4');\" ><sup id=\"footnote_plugin_tooltip_1931_1_4\" class=\"footnote_plugin_tooltip_text\">[4]<\/sup><\/a><span id=\"footnote_plugin_tooltip_text_1931_1_4\" class=\"footnote_tooltip\">M\u1ee5c 4684.68.<\/span><\/span><script type=\"text\/javascript\"> jQuery('#footnote_plugin_tooltip_1931_1_4').tooltip({ tip: '#footnote_plugin_tooltip_text_1931_1_4', tipClass: 'footnote_tooltip', effect: 'fade', predelay: 0, fadeInSpeed: 200, delay: 400, fadeOutSpeed: 200, position: 'top center', relative: true, offset: [-7, 0], });<\/script> K\u1ebf ho\u1ea1ch n\u00e0y ph\u1ea3i \u0111\u01b0\u1ee3c c\u1eadp nh\u1ea5t \u00edt nh\u1ea5t m\u1ed9t l\u1ea7n m\u1ed7i s\u00e1u th\u00e1ng. <span class=\"footnote_referrer\"><a role=\"button\" tabindex=\"0\" onclick=\"footnote_moveToReference_1931_1('footnote_plugin_reference_1931_1_5');\" onkeypress=\"footnote_moveToReference_1931_1('footnote_plugin_reference_1931_1_5');\" ><sup id=\"footnote_plugin_tooltip_1931_1_5\" class=\"footnote_plugin_tooltip_text\">[5]<\/sup><\/a><span id=\"footnote_plugin_tooltip_text_1931_1_5\" class=\"footnote_tooltip\">M\u1ee5c 4684.68(a)(12).<\/span><\/span><script type=\"text\/javascript\"> jQuery('#footnote_plugin_tooltip_1931_1_5').tooltip({ tip: '#footnote_plugin_tooltip_text_1931_1_5', tipClass: 'footnote_tooltip', effect: 'fade', predelay: 0, fadeInSpeed: 200, delay: 400, fadeOutSpeed: 200, position: 'top center', relative: true, offset: [-7, 0], });<\/script><\/li><li>Y t\u00e1 thu\u1ed9c trung t\u00e2m khu v\u1ef1c \u0111\u1ebfn th\u0103m tr\u1ef1c ti\u1ebfp ng\u01b0\u1eddi c\u01b0 tr\u00fa \u00edt nh\u1ea5t m\u1ed9t l\u1ea7n m\u1ed7i th\u00e1ng. <span class=\"footnote_referrer\"><a role=\"button\" tabindex=\"0\" onclick=\"footnote_moveToReference_1931_1('footnote_plugin_reference_1931_1_6');\" onkeypress=\"footnote_moveToReference_1931_1('footnote_plugin_reference_1931_1_6');\" ><sup id=\"footnote_plugin_tooltip_1931_1_6\" class=\"footnote_plugin_tooltip_text\">[6]<\/sup><\/a><span id=\"footnote_plugin_tooltip_text_1931_1_6\" class=\"footnote_tooltip\">M\u1ee5c 4684.70(d).<\/span><\/span><script type=\"text\/javascript\"> jQuery('#footnote_plugin_tooltip_1931_1_6').tooltip({ tip: '#footnote_plugin_tooltip_text_1931_1_6', tipClass: 'footnote_tooltip', effect: 'fade', predelay: 0, fadeInSpeed: 200, delay: 400, fadeOutSpeed: 200, position: 'top center', relative: true, offset: [-7, 0], });<\/script><\/li><li>B\u00e1c s\u0129 ch\u0103m s\u00f3c ch\u00ednh c\u1ee7a ng\u01b0\u1eddi c\u01b0 tr\u00fa th\u0103m kh\u00e1m m\u1ed9t l\u1ea7n m\u1ed7i 60 ng\u00e0y, ho\u1eb7c th\u01b0\u1eddng xuy\u00ean h\u01a1n n\u1ebfu c\u1ea7n. <span class=\"footnote_referrer\"><a role=\"button\" tabindex=\"0\" onclick=\"footnote_moveToReference_1931_1('footnote_plugin_reference_1931_1_7');\" onkeypress=\"footnote_moveToReference_1931_1('footnote_plugin_reference_1931_1_7');\" ><sup id=\"footnote_plugin_tooltip_1931_1_7\" class=\"footnote_plugin_tooltip_text\">[7]<\/sup><\/a><span id=\"footnote_plugin_tooltip_text_1931_1_7\" class=\"footnote_tooltip\">M\u1ee5c 4684.63(a)(2).<\/span><\/span><script type=\"text\/javascript\"> jQuery('#footnote_plugin_tooltip_1931_1_7').tooltip({ tip: '#footnote_plugin_tooltip_text_1931_1_7', tipClass: 'footnote_tooltip', effect: 'fade', predelay: 0, fadeInSpeed: 200, delay: 400, fadeOutSpeed: 200, position: 'top center', relative: true, offset: [-7, 0], });<\/script><\/li><\/ul>\n\n\n\n<p>Nh\u1eefng ng\u01b0\u1eddi s\u1ed1ng \u1edf trung t\u00e2m ph\u00e1t tri\u1ec3n ti\u1ec3u bang s\u1ebd \u0111\u01b0\u1ee3c \u01b0u ti\u00ean s\u1eafp x\u1ebfp v\u00e0o nh\u00e0 SB 962. Tuy nhi\u00ean, lu\u1eadt cho ph\u00e9p m\u1ed9t ng\u01b0\u1eddi kh\u00f4ng s\u1ed1ng trong trung t\u00e2m ph\u00e1t tri\u1ec3n chuy\u1ec3n \u0111\u1ebfn nh\u00e0 SB 962 n\u1ebfu:<\/p>\n\n\n\n<p>(1) c\u00f3 ch\u1ed7 tr\u1ed1ng,<\/p>\n\n\n\n<p>(2) kh\u00f4ng c\u00f3 ng\u01b0\u1eddi c\u01b0 tr\u00fa \u1edf trung t\u00e2m ph\u00e1t tri\u1ec3n \u0111\u00e1p \u1ee9ng y\u00eau c\u1ea7u \u0111\u1ec3 \u0111\u01b0\u1ee3c nh\u1eadn v\u00e0o, v\u00e0<\/p>\n\n\n\n<p>(3) ph\u01b0\u01a1ng \u00e1n s\u1eafp x\u1ebfp n\u00e0y l\u00e0 c\u1ea7n thi\u1ebft \u0111\u1ec3 b\u1ea3o v\u1ec7 s\u1ee9c kh\u1ecfe ho\u1eb7c s\u1ef1 an to\u00e0n c\u1ee7a ng\u01b0\u1eddi \u0111\u00f3. <span class=\"footnote_referrer\"><a role=\"button\" tabindex=\"0\" onclick=\"footnote_moveToReference_1931_1('footnote_plugin_reference_1931_1_8');\" onkeypress=\"footnote_moveToReference_1931_1('footnote_plugin_reference_1931_1_8');\" ><sup id=\"footnote_plugin_tooltip_1931_1_8\" class=\"footnote_plugin_tooltip_text\">[8]<\/sup><\/a><span id=\"footnote_plugin_tooltip_text_1931_1_8\" class=\"footnote_tooltip\">M\u1ee5c 4684.65(b)(3)<\/span><\/span><script type=\"text\/javascript\"> jQuery('#footnote_plugin_tooltip_1931_1_8').tooltip({ tip: '#footnote_plugin_tooltip_text_1931_1_8', tipClass: 'footnote_tooltip', effect: 'fade', predelay: 0, fadeInSpeed: 200, delay: 400, fadeOutSpeed: 200, position: 'top center', relative: true, offset: [-7, 0], });<\/script><\/p>\n<div class=\"speaker-mute footnotes_reference_container\"> <div class=\"footnote_container_prepare\"><p><span role=\"button\" tabindex=\"0\" class=\"footnote_reference_container_label pointer\" onclick=\"footnote_expand_collapse_reference_container_1931_1();\">&#x202F;<\/span><span role=\"button\" tabindex=\"0\" class=\"footnote_reference_container_collapse_button\" style=\"display: none;\" onclick=\"footnote_expand_collapse_reference_container_1931_1();\">[<a id=\"footnote_reference_container_collapse_button_1931_1\">+<\/a>]<\/span><\/p><\/div> <div id=\"footnote_references_container_1931_1\" style=\"\"><table class=\"footnotes_table footnote-reference-container\"><caption class=\"accessibility\">References<\/caption> <tbody> \r\n\r\n<tr class=\"footnotes_plugin_reference_row\"> <th scope=\"row\" class=\"footnote_plugin_index_combi pointer\"  onclick=\"footnote_moveToAnchor_1931_1('footnote_plugin_tooltip_1931_1_1');\"><a id=\"footnote_plugin_reference_1931_1_1\" class=\"footnote_backlink\"><span class=\"footnote_index_arrow\">&#8593;<\/span>1<\/a><\/th> <td class=\"footnote_plugin_text\">M\u1ee5c 4684.50 v\u00e0 B\u1ed9 Lu\u1eadt S\u1ee9c Kh\u1ecfe &amp; An To\u00e0n c\u00e1c m\u1ee5c 1538.55 v\u00e0 1567.50. \u201cSB\u201d c\u00f3 ngh\u0129a l\u00e0 D\u1ef1 Lu\u1eadt Th\u01b0\u1ee3ng Vi\u1ec7n (Senate Bil).<\/td><\/tr>\r\n\r\n<tr class=\"footnotes_plugin_reference_row\"> <th scope=\"row\" class=\"footnote_plugin_index_combi pointer\"  onclick=\"footnote_moveToAnchor_1931_1('footnote_plugin_tooltip_1931_1_2');\"><a id=\"footnote_plugin_reference_1931_1_2\" class=\"footnote_backlink\"><span class=\"footnote_index_arrow\">&#8593;<\/span>2<\/a><\/th> <td class=\"footnote_plugin_text\">M\u1ee5c 4684.50(h)(1)-(14).<\/td><\/tr>\r\n\r\n<tr class=\"footnotes_plugin_reference_row\"> <th scope=\"row\" class=\"footnote_plugin_index_combi pointer\"  onclick=\"footnote_moveToAnchor_1931_1('footnote_plugin_tooltip_1931_1_3');\"><a id=\"footnote_plugin_reference_1931_1_3\" class=\"footnote_backlink\"><span class=\"footnote_index_arrow\">&#8593;<\/span>3<\/a><\/th> <td class=\"footnote_plugin_text\">M\u1ee5c 4684.63(a)(1)(A).<\/td><\/tr>\r\n\r\n<tr class=\"footnotes_plugin_reference_row\"> <th scope=\"row\" class=\"footnote_plugin_index_combi pointer\"  onclick=\"footnote_moveToAnchor_1931_1('footnote_plugin_tooltip_1931_1_4');\"><a id=\"footnote_plugin_reference_1931_1_4\" class=\"footnote_backlink\"><span class=\"footnote_index_arrow\">&#8593;<\/span>4<\/a><\/th> <td class=\"footnote_plugin_text\">M\u1ee5c 4684.68.<\/td><\/tr>\r\n\r\n<tr class=\"footnotes_plugin_reference_row\"> <th scope=\"row\" class=\"footnote_plugin_index_combi pointer\"  onclick=\"footnote_moveToAnchor_1931_1('footnote_plugin_tooltip_1931_1_5');\"><a id=\"footnote_plugin_reference_1931_1_5\" class=\"footnote_backlink\"><span class=\"footnote_index_arrow\">&#8593;<\/span>5<\/a><\/th> <td class=\"footnote_plugin_text\">M\u1ee5c 4684.68(a)(12).<\/td><\/tr>\r\n\r\n<tr class=\"footnotes_plugin_reference_row\"> <th scope=\"row\" class=\"footnote_plugin_index_combi pointer\"  onclick=\"footnote_moveToAnchor_1931_1('footnote_plugin_tooltip_1931_1_6');\"><a id=\"footnote_plugin_reference_1931_1_6\" class=\"footnote_backlink\"><span class=\"footnote_index_arrow\">&#8593;<\/span>6<\/a><\/th> <td class=\"footnote_plugin_text\">M\u1ee5c 4684.70(d).<\/td><\/tr>\r\n\r\n<tr class=\"footnotes_plugin_reference_row\"> <th scope=\"row\" class=\"footnote_plugin_index_combi pointer\"  onclick=\"footnote_moveToAnchor_1931_1('footnote_plugin_tooltip_1931_1_7');\"><a id=\"footnote_plugin_reference_1931_1_7\" class=\"footnote_backlink\"><span class=\"footnote_index_arrow\">&#8593;<\/span>7<\/a><\/th> <td class=\"footnote_plugin_text\">M\u1ee5c 4684.63(a)(2).<\/td><\/tr>\r\n\r\n<tr class=\"footnotes_plugin_reference_row\"> <th scope=\"row\" class=\"footnote_plugin_index_combi pointer\"  onclick=\"footnote_moveToAnchor_1931_1('footnote_plugin_tooltip_1931_1_8');\"><a id=\"footnote_plugin_reference_1931_1_8\" class=\"footnote_backlink\"><span class=\"footnote_index_arrow\">&#8593;<\/span>8<\/a><\/th> <td class=\"footnote_plugin_text\">M\u1ee5c 4684.65(b)(3)<\/td><\/tr>\r\n\r\n <\/tbody> <\/table> <\/div><\/div><script type=\"text\/javascript\"> function footnote_expand_reference_container_1931_1() { jQuery('#footnote_references_container_1931_1').show(); jQuery('#footnote_reference_container_collapse_button_1931_1').text('\u2212'); } function footnote_collapse_reference_container_1931_1() { jQuery('#footnote_references_container_1931_1').hide(); jQuery('#footnote_reference_container_collapse_button_1931_1').text('+'); } function footnote_expand_collapse_reference_container_1931_1() { if (jQuery('#footnote_references_container_1931_1').is(':hidden')) { footnote_expand_reference_container_1931_1(); } else { footnote_collapse_reference_container_1931_1(); } } function footnote_moveToReference_1931_1(p_str_TargetID) { footnote_expand_reference_container_1931_1(); var l_obj_Target = jQuery('#' + p_str_TargetID); if (l_obj_Target.length) { jQuery( 'html, body' ).delay( 0 ); jQuery('html, body').animate({ scrollTop: l_obj_Target.offset().top - window.innerHeight * 0.2 }, 380); } } function footnote_moveToAnchor_1931_1(p_str_TargetID) { footnote_expand_reference_container_1931_1(); var l_obj_Target = jQuery('#' + p_str_TargetID); if (l_obj_Target.length) { jQuery( 'html, body' ).delay( 0 ); jQuery('html, body').animate({ scrollTop: l_obj_Target.offset().top - window.innerHeight * 0.2 }, 380); } }<\/script>","protected":false},"excerpt":{"rendered":"<p>&nbsp;M\u1ed9t \u201cC\u01a1 S\u1edf C\u01b0 Tr\u00fa Ng\u01b0\u1eddi L\u1edbn d\u00e0nh cho Ng\u01b0\u1eddi C\u00f3 Nhu C\u1ea7u Ch\u0103m S\u00f3c S\u1ee9c Kh\u1ecfe \u0110\u1eb7c Bi\u1ec7t\u201d, ho\u1eb7c \u201cNh\u00e0 SB 962\u201d, [1]M\u1ee5c 4684.50&hellip;<\/p>\n","protected":false},"author":1,"featured_media":0,"parent":1876,"menu_order":18,"comment_status":"closed","ping_status":"closed","template":"","meta":{"footnotes":""},"class_list":["post-1931","page","type-page","status-publish","hentry"],"_links":{"self":[{"href":"https:\/\/rula.disabilityrightsca.org\/vi\/wp-json\/wp\/v2\/pages\/1931","targetHints":{"allow":["GET"]}}],"collection":[{"href":"https:\/\/rula.disabilityrightsca.org\/vi\/wp-json\/wp\/v2\/pages"}],"about":[{"href":"https:\/\/rula.disabilityrightsca.org\/vi\/wp-json\/wp\/v2\/types\/page"}],"author":[{"embeddable":true,"href":"https:\/\/rula.disabilityrightsca.org\/vi\/wp-json\/wp\/v2\/users\/1"}],"replies":[{"embeddable":true,"href":"https:\/\/rula.disabilityrightsca.org\/vi\/wp-json\/wp\/v2\/comments?post=1931"}],"version-history":[{"count":3,"href":"https:\/\/rula.disabilityrightsca.org\/vi\/wp-json\/wp\/v2\/pages\/1931\/revisions"}],"predecessor-version":[{"id":3458,"href":"https:\/\/rula.disabilityrightsca.org\/vi\/wp-json\/wp\/v2\/pages\/1931\/revisions\/3458"}],"up":[{"embeddable":true,"href":"https:\/\/rula.disabilityrightsca.org\/vi\/wp-json\/wp\/v2\/pages\/1876"}],"wp:attachment":[{"href":"https:\/\/rula.disabilityrightsca.org\/vi\/wp-json\/wp\/v2\/media?parent=1931"}],"curies":[{"name":"wp","href":"https:\/\/api.w.org\/{rel}","templated":true}]}}