{"id":1928,"date":"2021-09-23T18:06:45","date_gmt":"2021-09-23T18:06:45","guid":{"rendered":"http:\/\/www.rula.disabilityrightsca.org\/vi\/?page_id=1928"},"modified":"2022-04-21T21:03:29","modified_gmt":"2022-04-21T21:03:29","slug":"7-17-can-people-living-in-community-care-facilities-receive-any-health-care-services","status":"publish","type":"page","link":"https:\/\/rula.disabilityrightsca.org\/vi\/rula-book\/chapter-7-community-living-arrangements-for-adults\/7-17-can-people-living-in-community-care-facilities-receive-any-health-care-services\/","title":{"rendered":"(7.17) Ng\u01b0\u1eddi s\u1ed1ng trong C\u01a1 S\u1edf Ch\u0103m S\u00f3c C\u1ed9ng \u0110\u1ed3ng c\u00f3 th\u1ec3 nh\u1eadn d\u1ecbch v\u1ee5 ch\u0103m s\u00f3c s\u1ee9c kh\u1ecfe kh\u00f4ng?"},"content":{"rendered":"\n<p>Ng\u01b0\u1eddi s\u1ed1ng trong CCF ch\u1ec9 c\u00f3 th\u1ec3 nh\u1eadn d\u1ecbch v\u1ee5 y t\u1ebf c\u00f3 h\u1ea1n t\u1eeb nh\u00e2n vi\u00ean, bao g\u1ed3m:<\/p>\n\n\n\n<ul class=\"wp-block-list\"><li>Ch\u0103m s\u00f3c ph\u1eabu thu\u1eadt l\u00e0m h\u1eadu m\u00f4n gi\u1ea3 v\u00e0 m\u1edf th\u00f4ng ru\u1ed9t h\u1ed3i,<\/li><li>Ch\u0103m s\u00f3c \u1ed1ng th\u00f4ng n\u01b0\u1edbc ti\u1ec3u, v\u00e0<\/li><li>Nu\u00f4i \u0103n b\u1eb1ng ph\u01b0\u01a1ng ph\u00e1p m\u1edf th\u00f4ng d\u1ea1 d\u00e0y v\u00e0 ch\u0103m s\u00f3c. <span class=\"footnote_referrer\"><a role=\"button\" tabindex=\"0\" onclick=\"footnote_moveToReference_1928_1('footnote_plugin_reference_1928_1_1');\" onkeypress=\"footnote_moveToReference_1928_1('footnote_plugin_reference_1928_1_1');\" ><sup id=\"footnote_plugin_tooltip_1928_1_1\" class=\"footnote_plugin_tooltip_text\">[1]<\/sup><\/a><span id=\"footnote_plugin_tooltip_text_1928_1_1\" class=\"footnote_tooltip\">B\u1ed9 Lu\u1eadt S\u1ee9c Kh\u1ecfe &amp; An To\u00e0n M\u1ee5c 1507(b).<\/span><\/span><script type=\"text\/javascript\"> jQuery('#footnote_plugin_tooltip_1928_1_1').tooltip({ tip: '#footnote_plugin_tooltip_text_1928_1_1', tipClass: 'footnote_tooltip', effect: 'fade', predelay: 0, fadeInSpeed: 200, delay: 400, fadeOutSpeed: 200, position: 'top center', relative: true, offset: [-7, 0], });<\/script><\/li><\/ul>\n\n\n\n<p>\u0110\u1ec3 nh\u1eadn d\u1ecbch v\u1ee5 y t\u1ebf c\u00f3 h\u1ea1n t\u1eeb nh\u00e2n vi\u00ean c\u1ee7a CFF, qu\u00fd v\u1ecb ph\u1ea3i c\u00f3 k\u1ebf ho\u1ea1ch ch\u0103m s\u00f3c s\u1ee9c kh\u1ecfe c\u00e1 nh\u00e2n bao g\u1ed3m b\u00e1c s\u0129 ch\u0103m s\u00f3c ch\u00ednh, chuy\u00ean vi\u00ean y t\u00e1 ho\u1eb7c chuy\u00ean gia ch\u0103m s\u00f3c s\u1ee9c kh\u1ecfe kh\u00e1c. <span class=\"footnote_referrer\"><a role=\"button\" tabindex=\"0\" onclick=\"footnote_moveToReference_1928_1('footnote_plugin_reference_1928_1_2');\" onkeypress=\"footnote_moveToReference_1928_1('footnote_plugin_reference_1928_1_2');\" ><sup id=\"footnote_plugin_tooltip_1928_1_2\" class=\"footnote_plugin_tooltip_text\">[2]<\/sup><\/a><span id=\"footnote_plugin_tooltip_text_1928_1_2\" class=\"footnote_tooltip\">B\u1ed9 Lu\u1eadt S\u1ee9c Kh\u1ecfe &amp; An To\u00e0n M\u1ee5c 1507(c)(1)(A).<\/span><\/span><script type=\"text\/javascript\"> jQuery('#footnote_plugin_tooltip_1928_1_2').tooltip({ tip: '#footnote_plugin_tooltip_text_1928_1_2', tipClass: 'footnote_tooltip', effect: 'fade', predelay: 0, fadeInSpeed: 200, delay: 400, fadeOutSpeed: 200, position: 'top center', relative: true, offset: [-7, 0], });<\/script> K\u1ebf ho\u1ea1ch ch\u0103m s\u00f3c s\u1ee9c kh\u1ecfe ph\u1ea3i \u0111\u01b0\u1ee3c xem x\u00e9t \u00edt nh\u1ea5t m\u1ed9t l\u1ea7n m\u1ed7i 12 th\u00e1ng. <span class=\"footnote_referrer\"><a role=\"button\" tabindex=\"0\" onclick=\"footnote_moveToReference_1928_1('footnote_plugin_reference_1928_1_3');\" onkeypress=\"footnote_moveToReference_1928_1('footnote_plugin_reference_1928_1_3');\" ><sup id=\"footnote_plugin_tooltip_1928_1_3\" class=\"footnote_plugin_tooltip_text\">[3]<\/sup><\/a><span id=\"footnote_plugin_tooltip_text_1928_1_3\" class=\"footnote_tooltip\">B\u1ed9 Lu\u1eadt S\u1ee9c Kh\u1ecfe &amp; An To\u00e0n M\u1ee5c 1507(c)(1)(B).<\/span><\/span><script type=\"text\/javascript\"> jQuery('#footnote_plugin_tooltip_1928_1_3').tooltip({ tip: '#footnote_plugin_tooltip_text_1928_1_3', tipClass: 'footnote_tooltip', effect: 'fade', predelay: 0, fadeInSpeed: 200, delay: 400, fadeOutSpeed: 200, position: 'top center', relative: true, offset: [-7, 0], });<\/script> K\u1ebf ho\u1ea1ch n\u00e0y ph\u1ea3i x\u00e1c \u0111\u1ecbnh chuy\u00ean gia ch\u0103m s\u00f3c s\u1ee9c kh\u1ecfe s\u1ebd \u0111\u00e0o t\u1ea1o nh\u00e2n vi\u00ean c\u01a1 s\u1edf \u0111\u1ec3 cung c\u1ea5p c\u00e1c d\u1ecbch v\u1ee5 y t\u1ebf c\u00f3 h\u1ea1n. <span class=\"footnote_referrer\"><a role=\"button\" tabindex=\"0\" onclick=\"footnote_moveToReference_1928_1('footnote_plugin_reference_1928_1_4');\" onkeypress=\"footnote_moveToReference_1928_1('footnote_plugin_reference_1928_1_4');\" ><sup id=\"footnote_plugin_tooltip_1928_1_4\" class=\"footnote_plugin_tooltip_text\">[4]<\/sup><\/a><span id=\"footnote_plugin_tooltip_text_1928_1_4\" class=\"footnote_tooltip\">B\u1ed9 Lu\u1eadt S\u1ee9c Kh\u1ecfe &amp; An To\u00e0n M\u1ee5c 1507(c)(1)(C).<\/span><\/span><script type=\"text\/javascript\"> jQuery('#footnote_plugin_tooltip_1928_1_4').tooltip({ tip: '#footnote_plugin_tooltip_text_1928_1_4', tipClass: 'footnote_tooltip', effect: 'fade', predelay: 0, fadeInSpeed: 200, delay: 400, fadeOutSpeed: 200, position: 'top center', relative: true, offset: [-7, 0], });<\/script> Trung t\u00e2m khu v\u1ef1c, ho\u1eb7c c\u01a1 quan s\u1eafp x\u1ebfp kh\u00e1c, s\u1ebd \u0111\u00e1nh gi\u00e1, theo d\u00f5i v\u00e0 gi\u00e1m s\u00e1t c\u00e1c d\u1ecbch v\u1ee5 y t\u1ebf \u0111\u01b0\u1ee3c nh\u00e2n vi\u00ean c\u01a1 s\u1edf cung c\u1ea5p trong c\u01a1 s\u1edf. <span class=\"footnote_referrer\"><a role=\"button\" tabindex=\"0\" onclick=\"footnote_moveToReference_1928_1('footnote_plugin_reference_1928_1_5');\" onkeypress=\"footnote_moveToReference_1928_1('footnote_plugin_reference_1928_1_5');\" ><sup id=\"footnote_plugin_tooltip_1928_1_5\" class=\"footnote_plugin_tooltip_text\">[5]<\/sup><\/a><span id=\"footnote_plugin_tooltip_text_1928_1_5\" class=\"footnote_tooltip\">B\u1ed9 Lu\u1eadt S\u1ee9c Kh\u1ecfe &amp; An To\u00e0n M\u1ee5c 1507(c)(1)(E).<\/span><\/span><script type=\"text\/javascript\"> jQuery('#footnote_plugin_tooltip_1928_1_5').tooltip({ tip: '#footnote_plugin_tooltip_text_1928_1_5', tipClass: 'footnote_tooltip', effect: 'fade', predelay: 0, fadeInSpeed: 200, delay: 400, fadeOutSpeed: 200, position: 'top center', relative: true, offset: [-7, 0], });<\/script><\/p>\n<div class=\"speaker-mute footnotes_reference_container\"> <div class=\"footnote_container_prepare\"><p><span role=\"button\" tabindex=\"0\" class=\"footnote_reference_container_label pointer\" onclick=\"footnote_expand_collapse_reference_container_1928_1();\">&#x202F;<\/span><span role=\"button\" tabindex=\"0\" class=\"footnote_reference_container_collapse_button\" style=\"display: none;\" onclick=\"footnote_expand_collapse_reference_container_1928_1();\">[<a id=\"footnote_reference_container_collapse_button_1928_1\">+<\/a>]<\/span><\/p><\/div> <div id=\"footnote_references_container_1928_1\" style=\"\"><table class=\"footnotes_table footnote-reference-container\"><caption class=\"accessibility\">References<\/caption> <tbody> \r\n\r\n<tr class=\"footnotes_plugin_reference_row\"> <th scope=\"row\" class=\"footnote_plugin_index_combi pointer\"  onclick=\"footnote_moveToAnchor_1928_1('footnote_plugin_tooltip_1928_1_1');\"><a id=\"footnote_plugin_reference_1928_1_1\" class=\"footnote_backlink\"><span class=\"footnote_index_arrow\">&#8593;<\/span>1<\/a><\/th> <td class=\"footnote_plugin_text\">B\u1ed9 Lu\u1eadt S\u1ee9c Kh\u1ecfe &amp; An To\u00e0n M\u1ee5c 1507(b).<\/td><\/tr>\r\n\r\n<tr class=\"footnotes_plugin_reference_row\"> <th scope=\"row\" class=\"footnote_plugin_index_combi pointer\"  onclick=\"footnote_moveToAnchor_1928_1('footnote_plugin_tooltip_1928_1_2');\"><a id=\"footnote_plugin_reference_1928_1_2\" class=\"footnote_backlink\"><span class=\"footnote_index_arrow\">&#8593;<\/span>2<\/a><\/th> <td class=\"footnote_plugin_text\">B\u1ed9 Lu\u1eadt S\u1ee9c Kh\u1ecfe &amp; An To\u00e0n M\u1ee5c 1507(c)(1)(A).<\/td><\/tr>\r\n\r\n<tr class=\"footnotes_plugin_reference_row\"> <th scope=\"row\" class=\"footnote_plugin_index_combi pointer\"  onclick=\"footnote_moveToAnchor_1928_1('footnote_plugin_tooltip_1928_1_3');\"><a id=\"footnote_plugin_reference_1928_1_3\" class=\"footnote_backlink\"><span class=\"footnote_index_arrow\">&#8593;<\/span>3<\/a><\/th> <td class=\"footnote_plugin_text\">B\u1ed9 Lu\u1eadt S\u1ee9c Kh\u1ecfe &amp; An To\u00e0n M\u1ee5c 1507(c)(1)(B).<\/td><\/tr>\r\n\r\n<tr class=\"footnotes_plugin_reference_row\"> <th scope=\"row\" class=\"footnote_plugin_index_combi pointer\"  onclick=\"footnote_moveToAnchor_1928_1('footnote_plugin_tooltip_1928_1_4');\"><a id=\"footnote_plugin_reference_1928_1_4\" class=\"footnote_backlink\"><span class=\"footnote_index_arrow\">&#8593;<\/span>4<\/a><\/th> <td class=\"footnote_plugin_text\">B\u1ed9 Lu\u1eadt S\u1ee9c Kh\u1ecfe &amp; An To\u00e0n M\u1ee5c 1507(c)(1)(C).<\/td><\/tr>\r\n\r\n<tr class=\"footnotes_plugin_reference_row\"> <th scope=\"row\" class=\"footnote_plugin_index_combi pointer\"  onclick=\"footnote_moveToAnchor_1928_1('footnote_plugin_tooltip_1928_1_5');\"><a id=\"footnote_plugin_reference_1928_1_5\" class=\"footnote_backlink\"><span class=\"footnote_index_arrow\">&#8593;<\/span>5<\/a><\/th> <td class=\"footnote_plugin_text\">B\u1ed9 Lu\u1eadt S\u1ee9c Kh\u1ecfe &amp; An To\u00e0n M\u1ee5c 1507(c)(1)(E).<\/td><\/tr>\r\n\r\n <\/tbody> <\/table> <\/div><\/div><script type=\"text\/javascript\"> function footnote_expand_reference_container_1928_1() { jQuery('#footnote_references_container_1928_1').show(); jQuery('#footnote_reference_container_collapse_button_1928_1').text('\u2212'); } function footnote_collapse_reference_container_1928_1() { jQuery('#footnote_references_container_1928_1').hide(); jQuery('#footnote_reference_container_collapse_button_1928_1').text('+'); } function footnote_expand_collapse_reference_container_1928_1() { if (jQuery('#footnote_references_container_1928_1').is(':hidden')) { footnote_expand_reference_container_1928_1(); } else { footnote_collapse_reference_container_1928_1(); } } function footnote_moveToReference_1928_1(p_str_TargetID) { footnote_expand_reference_container_1928_1(); var l_obj_Target = jQuery('#' + p_str_TargetID); if (l_obj_Target.length) { jQuery( 'html, body' ).delay( 0 ); jQuery('html, body').animate({ scrollTop: l_obj_Target.offset().top - window.innerHeight * 0.2 }, 380); } } function footnote_moveToAnchor_1928_1(p_str_TargetID) { footnote_expand_reference_container_1928_1(); var l_obj_Target = jQuery('#' + p_str_TargetID); if (l_obj_Target.length) { jQuery( 'html, body' ).delay( 0 ); jQuery('html, body').animate({ scrollTop: l_obj_Target.offset().top - window.innerHeight * 0.2 }, 380); } }<\/script>","protected":false},"excerpt":{"rendered":"<p>Ng\u01b0\u1eddi s\u1ed1ng trong CCF ch\u1ec9 c\u00f3 th\u1ec3 nh\u1eadn d\u1ecbch v\u1ee5 y t\u1ebf c\u00f3 h\u1ea1n t\u1eeb nh\u00e2n vi\u00ean, bao g\u1ed3m: Ch\u0103m s\u00f3c ph\u1eabu thu\u1eadt l\u00e0m h\u1eadu&hellip;<\/p>\n","protected":false},"author":1,"featured_media":0,"parent":1876,"menu_order":17,"comment_status":"closed","ping_status":"closed","template":"","meta":{"footnotes":""},"class_list":["post-1928","page","type-page","status-publish","hentry"],"_links":{"self":[{"href":"https:\/\/rula.disabilityrightsca.org\/vi\/wp-json\/wp\/v2\/pages\/1928","targetHints":{"allow":["GET"]}}],"collection":[{"href":"https:\/\/rula.disabilityrightsca.org\/vi\/wp-json\/wp\/v2\/pages"}],"about":[{"href":"https:\/\/rula.disabilityrightsca.org\/vi\/wp-json\/wp\/v2\/types\/page"}],"author":[{"embeddable":true,"href":"https:\/\/rula.disabilityrightsca.org\/vi\/wp-json\/wp\/v2\/users\/1"}],"replies":[{"embeddable":true,"href":"https:\/\/rula.disabilityrightsca.org\/vi\/wp-json\/wp\/v2\/comments?post=1928"}],"version-history":[{"count":2,"href":"https:\/\/rula.disabilityrightsca.org\/vi\/wp-json\/wp\/v2\/pages\/1928\/revisions"}],"predecessor-version":[{"id":3122,"href":"https:\/\/rula.disabilityrightsca.org\/vi\/wp-json\/wp\/v2\/pages\/1928\/revisions\/3122"}],"up":[{"embeddable":true,"href":"https:\/\/rula.disabilityrightsca.org\/vi\/wp-json\/wp\/v2\/pages\/1876"}],"wp:attachment":[{"href":"https:\/\/rula.disabilityrightsca.org\/vi\/wp-json\/wp\/v2\/media?parent=1928"}],"curies":[{"name":"wp","href":"https:\/\/api.w.org\/{rel}","templated":true}]}}