{"id":1925,"date":"2021-09-23T18:03:21","date_gmt":"2021-09-23T18:03:21","guid":{"rendered":"http:\/\/www.rula.disabilityrightsca.org\/vi\/?page_id=1925"},"modified":"2022-04-21T21:02:46","modified_gmt":"2022-04-21T21:02:46","slug":"7-16-are-there-other-homes-for-people-with-behavioral-needs-or-who-are-in-crisis","status":"publish","type":"page","link":"https:\/\/rula.disabilityrightsca.org\/vi\/rula-book\/chapter-7-community-living-arrangements-for-adults\/7-16-are-there-other-homes-for-people-with-behavioral-needs-or-who-are-in-crisis\/","title":{"rendered":"(7.16) C\u00f3 nh\u00e0 n\u00e0o kh\u00e1c d\u00e0nh cho ng\u01b0\u1eddi c\u00f3 nhu c\u1ea7u h\u00e0nh vi ho\u1eb7c ng\u01b0\u1eddi \u0111ang g\u1eb7p kh\u1ee7ng ho\u1ea3ng kh\u00f4ng?"},"content":{"rendered":"\n<p>C\u00f3, hai lo\u1ea1i nh\u00e0 t\u1eadp th\u1ec3 \u0111\u01b0\u1ee3c t\u1ea1o tr\u00ean ti\u1ec3u bang khi m\u1ecdi ng\u01b0\u1eddi b\u1eaft \u0111\u1ea7u chuy\u1ec3n ra ngo\u00e0i trung t\u00e2m ph\u00e1t tri\u1ec3n: Nh\u00e0 H\u1ed7 Tr\u1ee3 H\u00e0nh Vi T\u0103ng C\u01b0\u1eddng (Enhanced Behavioral Supports Home, EBSH) v\u00e0 Nh\u00e0 Cho Tr\u01b0\u1eddng H\u1ee3p Kh\u1ee7ng Ho\u1ea3ng Trong C\u1ed9ng \u0110\u1ed3ng (Community Crisis Home, CCH). C\u1ea3 hai nh\u00e0 n\u00e0y \u0111\u01b0\u1ee3c S\u1edf D\u1ecbch V\u1ee5 Ph\u00e1t Tri\u1ec3n ch\u1ee9ng nh\u1eadn v\u00e0 \u0111\u01b0\u1ee3c S\u1edf D\u1ecbch V\u1ee5 X\u00e3 H\u1ed9i Ti\u1ec3u Bang c\u1ea5p ph\u00e9p. Trung t\u00e2m khu v\u1ef1c gi\u00e1m s\u00e1t EBSH v\u00e0 CCH trong khu v\u1ef1c d\u1ecbch v\u1ee5 c\u1ee7a ri\u00eang h\u1ecd.<\/p>\n\n\n\n<p>Nh\u00e0 H\u1ed7 Tr\u1ee3 H\u00e0nh Vi T\u0103ng C\u01b0\u1eddng (Enhanced Behavioral Supports Home, EBSH) l\u00e0 c\u00e1c c\u01a1 s\u1edf n\u1ed9i tr\u00fa cho ng\u01b0\u1eddi l\u1edbn ho\u1eb7c nh\u00e0 t\u1eadp th\u1ec3 cho tr\u1ebb em. H\u1ecd cung c\u1ea5p d\u1ecbch v\u1ee5 ch\u0103m s\u00f3c phi y t\u1ebf 24 gi\u1edd cho ng\u01b0\u1eddi c\u00f3 h\u00e0nh vi mang t\u00ednh th\u00e1ch th\u1ee9c, c\u1ea7n th\u00eam s\u1ef1 h\u1ed7 tr\u1ee3, nh\u00e2n vi\u00ean v\u00e0 s\u1ef1 gi\u00e1m s\u00e1t trong m\u00f4i tr\u01b0\u1eddng nh\u01b0 \u1edf nh\u00e0. M\u1ed7i nh\u00e0 l\u1ea1i kh\u00e1c nhau v\u00e0 cung c\u1ea5p nhi\u1ec1u d\u1ecbch v\u1ee5 v\u00e0 s\u1ef1 h\u1ed7 tr\u1ee3 h\u00e0nh vi h\u01a1n c\u00e1c nh\u00e0 t\u1ea1i c\u1ed9ng \u0111\u1ed3ng kh\u00e1c. M\u1ed7i kh\u00e1ch h\u00e0ng ph\u1ea3i c\u00f3 ph\u00f2ng ng\u1ee7 ri\u00eang. <span class=\"footnote_referrer\"><a role=\"button\" tabindex=\"0\" onclick=\"footnote_moveToReference_1925_1('footnote_plugin_reference_1925_1_1');\" onkeypress=\"footnote_moveToReference_1925_1('footnote_plugin_reference_1925_1_1');\" ><sup id=\"footnote_plugin_tooltip_1925_1_1\" class=\"footnote_plugin_tooltip_text\">[1]<\/sup><\/a><span id=\"footnote_plugin_tooltip_text_1925_1_1\" class=\"footnote_tooltip\">M\u1ee5c 4684.80 v\u00e0 17 CCR 59050-59072<\/span><\/span><script type=\"text\/javascript\"> jQuery('#footnote_plugin_tooltip_1925_1_1').tooltip({ tip: '#footnote_plugin_tooltip_text_1925_1_1', tipClass: 'footnote_tooltip', effect: 'fade', predelay: 0, fadeInSpeed: 200, delay: 400, fadeOutSpeed: 200, position: 'top center', relative: true, offset: [-7, 0], });<\/script>&nbsp;<a href=\"https:\/\/www.dds.ca.gov\/general\/eligibility\/enhanced-behavioral-supports-homes\/\">Nh\u1ea5p v\u00e0o \u0111\u00e2y<\/a>&nbsp;\u0111\u1ec3 bi\u1ebft th\u00f4ng tin tr\u00ean trang web c\u1ee7a DDS.<\/p>\n\n\n\n<p>Nh\u00e0 Cho Tr\u01b0\u1eddng H\u1ee3p Kh\u1ee7ng Ho\u1ea3ng Trong C\u1ed9ng \u0110\u1ed3ng (Community Crisis Home, CCH) l\u00e0 nh\u1eefng c\u01a1 s\u1edf n\u1ed9i tr\u00fa cung c\u1ea5p d\u1ecbch v\u1ee5 ch\u0103m s\u00f3c phi y t\u1ebf 24 gi\u1edd cho ng\u01b0\u1eddi c\u1ea7n d\u1ecbch v\u1ee5 can thi\u1ec7p kh\u1ee7ng ho\u1ea3ng. CCH ph\u1ee5c v\u1ee5 nh\u1eefng ng\u01b0\u1eddi c\u00f3 nguy c\u01a1 b\u1ecb s\u1eafp x\u1ebfp v\u00e0o m\u00f4i tr\u01b0\u1eddng c\u01a1 s\u1edf (trung t\u00e2m can thi\u1ec7p kh\u1ee7ng ho\u1ea3ng c\u1ea5p t\u00ednh, c\u01a1 s\u1edf n\u1ed9i tr\u00fa do ti\u1ec3u bang \u0111i\u1ec1u h\u00e0nh, \u0111\u1ecba \u0111i\u1ec3m b\u00ean ngo\u00e0i ti\u1ec3u bang, b\u1ec7nh vi\u1ec7n \u0111a khoa c\u1ea5p t\u00ednh ho\u1eb7c c\u01a1 s\u1edf cho b\u1ec7nh t\u00e2m th\u1ea7n). CCH cung c\u1ea5p d\u1ecbch v\u1ee5 v\u00e0 s\u1ef1 h\u1ed7 tr\u1ee3 chuy\u00ean s\u00e2u \u0111\u1ec3 gi\u1ea3i quy\u1ebft ngay nhu c\u1ea7u c\u1ea5p b\u00e1ch c\u1ee7a m\u1ed9t ng\u01b0\u1eddi. Nh\u1eefng nh\u00e0 n\u00e0y c\u1ed1 g\u1eafng \u1ed5n \u0111\u1ecbnh v\u00e0 gi\u00fap th\u1ef1c hi\u1ec7n c\u00e1c m\u1ee5c \u0111\u00edch c\u00e1 nh\u00e2n \u0111\u1ec3 m\u1ecdi ng\u01b0\u1eddi c\u00f3 th\u1ec3 chuy\u1ec3n \u0111\u1ebfn n\u01a1i \u1edf d\u00e0i h\u1ea1n nhanh ch\u00f3ng v\u00e0 an to\u00e0n. <span class=\"footnote_referrer\"><a role=\"button\" tabindex=\"0\" onclick=\"footnote_moveToReference_1925_1('footnote_plugin_reference_1925_1_2');\" onkeypress=\"footnote_moveToReference_1925_1('footnote_plugin_reference_1925_1_2');\" ><sup id=\"footnote_plugin_tooltip_1925_1_2\" class=\"footnote_plugin_tooltip_text\">[2]<\/sup><\/a><span id=\"footnote_plugin_tooltip_text_1925_1_2\" class=\"footnote_tooltip\">M\u1ee5c 4698 v\u00e0 17 CCR 59000-59022<\/span><\/span><script type=\"text\/javascript\"> jQuery('#footnote_plugin_tooltip_1925_1_2').tooltip({ tip: '#footnote_plugin_tooltip_text_1925_1_2', tipClass: 'footnote_tooltip', effect: 'fade', predelay: 0, fadeInSpeed: 200, delay: 400, fadeOutSpeed: 200, position: 'top center', relative: true, offset: [-7, 0], });<\/script> CCH c\u00f3 th\u1ec3 nh\u1eadn t\u1ed1i \u0111a 8 kh\u00e1ch h\u00e0ng, nh\u01b0ng h\u1ea7u h\u1ebft nh\u1eadn d\u01b0\u1edbi 6 kh\u00e1ch. <a href=\"https:\/\/www.dds.ca.gov\/general\/eligibility\/community-crisis-homes\/\">Nh\u1ea5p v\u00e0o \u0111\u00e2y<\/a>&nbsp;\u0111\u1ec3 bi\u1ebft th\u00f4ng tin t\u1eeb trang web c\u1ee7a DDS.<\/p>\n<div class=\"speaker-mute footnotes_reference_container\"> <div class=\"footnote_container_prepare\"><p><span role=\"button\" tabindex=\"0\" class=\"footnote_reference_container_label pointer\" onclick=\"footnote_expand_collapse_reference_container_1925_1();\">&#x202F;<\/span><span role=\"button\" tabindex=\"0\" class=\"footnote_reference_container_collapse_button\" style=\"display: none;\" onclick=\"footnote_expand_collapse_reference_container_1925_1();\">[<a id=\"footnote_reference_container_collapse_button_1925_1\">+<\/a>]<\/span><\/p><\/div> <div id=\"footnote_references_container_1925_1\" style=\"\"><table class=\"footnotes_table footnote-reference-container\"><caption class=\"accessibility\">References<\/caption> <tbody> \r\n\r\n<tr class=\"footnotes_plugin_reference_row\"> <th scope=\"row\" class=\"footnote_plugin_index_combi pointer\"  onclick=\"footnote_moveToAnchor_1925_1('footnote_plugin_tooltip_1925_1_1');\"><a id=\"footnote_plugin_reference_1925_1_1\" class=\"footnote_backlink\"><span class=\"footnote_index_arrow\">&#8593;<\/span>1<\/a><\/th> <td class=\"footnote_plugin_text\">M\u1ee5c 4684.80 v\u00e0 17 CCR 59050-59072<\/td><\/tr>\r\n\r\n<tr class=\"footnotes_plugin_reference_row\"> <th scope=\"row\" class=\"footnote_plugin_index_combi pointer\"  onclick=\"footnote_moveToAnchor_1925_1('footnote_plugin_tooltip_1925_1_2');\"><a id=\"footnote_plugin_reference_1925_1_2\" class=\"footnote_backlink\"><span class=\"footnote_index_arrow\">&#8593;<\/span>2<\/a><\/th> <td class=\"footnote_plugin_text\">M\u1ee5c 4698 v\u00e0 17 CCR 59000-59022<\/td><\/tr>\r\n\r\n <\/tbody> <\/table> <\/div><\/div><script type=\"text\/javascript\"> function footnote_expand_reference_container_1925_1() { jQuery('#footnote_references_container_1925_1').show(); jQuery('#footnote_reference_container_collapse_button_1925_1').text('\u2212'); } function footnote_collapse_reference_container_1925_1() { jQuery('#footnote_references_container_1925_1').hide(); jQuery('#footnote_reference_container_collapse_button_1925_1').text('+'); } function footnote_expand_collapse_reference_container_1925_1() { if (jQuery('#footnote_references_container_1925_1').is(':hidden')) { footnote_expand_reference_container_1925_1(); } else { footnote_collapse_reference_container_1925_1(); } } function footnote_moveToReference_1925_1(p_str_TargetID) { footnote_expand_reference_container_1925_1(); var l_obj_Target = jQuery('#' + p_str_TargetID); if (l_obj_Target.length) { jQuery( 'html, body' ).delay( 0 ); jQuery('html, body').animate({ scrollTop: l_obj_Target.offset().top - window.innerHeight * 0.2 }, 380); } } function footnote_moveToAnchor_1925_1(p_str_TargetID) { footnote_expand_reference_container_1925_1(); var l_obj_Target = jQuery('#' + p_str_TargetID); if (l_obj_Target.length) { jQuery( 'html, body' ).delay( 0 ); jQuery('html, body').animate({ scrollTop: l_obj_Target.offset().top - window.innerHeight * 0.2 }, 380); } }<\/script>","protected":false},"excerpt":{"rendered":"<p>C\u00f3, hai lo\u1ea1i nh\u00e0 t\u1eadp th\u1ec3 \u0111\u01b0\u1ee3c t\u1ea1o tr\u00ean ti\u1ec3u bang khi m\u1ecdi ng\u01b0\u1eddi b\u1eaft \u0111\u1ea7u chuy\u1ec3n ra ngo\u00e0i trung t\u00e2m ph\u00e1t tri\u1ec3n: Nh\u00e0 H\u1ed7&hellip;<\/p>\n","protected":false},"author":1,"featured_media":0,"parent":1876,"menu_order":16,"comment_status":"closed","ping_status":"closed","template":"","meta":{"footnotes":""},"class_list":["post-1925","page","type-page","status-publish","hentry"],"_links":{"self":[{"href":"https:\/\/rula.disabilityrightsca.org\/vi\/wp-json\/wp\/v2\/pages\/1925","targetHints":{"allow":["GET"]}}],"collection":[{"href":"https:\/\/rula.disabilityrightsca.org\/vi\/wp-json\/wp\/v2\/pages"}],"about":[{"href":"https:\/\/rula.disabilityrightsca.org\/vi\/wp-json\/wp\/v2\/types\/page"}],"author":[{"embeddable":true,"href":"https:\/\/rula.disabilityrightsca.org\/vi\/wp-json\/wp\/v2\/users\/1"}],"replies":[{"embeddable":true,"href":"https:\/\/rula.disabilityrightsca.org\/vi\/wp-json\/wp\/v2\/comments?post=1925"}],"version-history":[{"count":3,"href":"https:\/\/rula.disabilityrightsca.org\/vi\/wp-json\/wp\/v2\/pages\/1925\/revisions"}],"predecessor-version":[{"id":3121,"href":"https:\/\/rula.disabilityrightsca.org\/vi\/wp-json\/wp\/v2\/pages\/1925\/revisions\/3121"}],"up":[{"embeddable":true,"href":"https:\/\/rula.disabilityrightsca.org\/vi\/wp-json\/wp\/v2\/pages\/1876"}],"wp:attachment":[{"href":"https:\/\/rula.disabilityrightsca.org\/vi\/wp-json\/wp\/v2\/media?parent=1925"}],"curies":[{"name":"wp","href":"https:\/\/api.w.org\/{rel}","templated":true}]}}