{"id":1922,"date":"2021-09-23T18:00:28","date_gmt":"2021-09-23T18:00:28","guid":{"rendered":"http:\/\/www.rula.disabilityrightsca.org\/vi\/?page_id=1922"},"modified":"2022-04-21T21:01:11","modified_gmt":"2022-04-21T21:01:11","slug":"7-15-are-there-group-homes-besides-homes-in-the-arm-system","status":"publish","type":"page","link":"https:\/\/rula.disabilityrightsca.org\/vi\/rula-book\/chapter-7-community-living-arrangements-for-adults\/7-15-are-there-group-homes-besides-homes-in-the-arm-system\/","title":{"rendered":"(7.15) C\u00f3 nh\u00e0 t\u1eadp th\u1ec3 b\u00ean c\u1ea1nh nh\u00e0 trong h\u1ec7 th\u1ed1ng ARM kh\u00f4ng?"},"content":{"rendered":"\n<p>M\u1ed9t s\u1ed1 trung t\u00e2m khu v\u1ef1c c\u00f3 c\u00e1c CCF quy m\u00f4 nh\u1ecf, chuy\u00ean bi\u1ec7t. Trung t\u00e2m khu v\u1ef1c \u0111i\u1ec1u h\u00e0nh c\u00e1c c\u01a1 s\u1edf n\u00e0y \u1edf m\u1ee9c gi\u00e1 \u201cth\u01b0\u01a1ng l\u01b0\u1ee3ng\u201d. \u0110i\u1ec1u n\u00e0y c\u00f3 ngh\u0129a l\u00e0 trung t\u00e2m khu v\u1ef1c v\u00e0 b\u00ean cung c\u1ea5p nh\u1ea5t tr\u00ed v\u1ec1 m\u1ee9c gi\u00e1, d\u1ef1a tr\u00ean d\u1ecbch v\u1ee5 h\u1ecd cung c\u1ea5p. Nh\u1eefng CCF n\u00e0y th\u01b0\u1eddng nh\u1eadn 1 &#8211; 4 ng\u01b0\u1eddi c\u00f3 nhu c\u1ea7u ph\u1ee9c t\u1ea1p. C\u00e1c c\u01a1 s\u1edf n\u00e0y kh\u00f4ng thu\u1ed9c h\u1ec7 th\u1ed1ng ARM C\u1ea5p.<\/p>\n\n\n\n<p>Nh\u1eefng nh\u00e0 chuy\u00ean bi\u1ec7t n\u00e0y ph\u1ee5c v\u1ee5 ng\u01b0\u1eddi c\u00f3 nhu c\u1ea7u s\u1ee9c kh\u1ecfe t\u00e2m th\u1ea7n v\u00e0 h\u00e0nh vi \u0111\u1eb7c bi\u1ec7t m\u00e0 c\u00e1c l\u1ef1a ch\u1ecdn s\u1ed1ng trong c\u1ed9ng \u0111\u1ed3ng kh\u00e1c kh\u00f4ng th\u1ec3 \u0111\u00e1p \u1ee9ng. C\u00e1c nh\u00e0 n\u00e0y th\u01b0\u1eddng cung c\u1ea5p nh\u00e2n vi\u00ean chuy\u00ean m\u00f4n t\u1ea1i ch\u1ed7 24 gi\u1edd v\u00e0 d\u1ecbch v\u1ee5 chuy\u00ean nghi\u1ec7p \u0111\u1ec3 \u0111\u00e1p \u1ee9ng nhu c\u1ea7u c\u1ee5 th\u1ec3 c\u1ee7a ng\u01b0\u1eddi c\u01b0 tr\u00fa. Th\u00f4ng th\u01b0\u1eddng, nh\u1eefng nh\u00e0 n\u00e0y c\u00f3 th\u1ec3 \u1ee9ng ph\u00f3 v\u1edbi kh\u1ee7ng ho\u1ea3ng t\u1ea1i ch\u1ed7 \u0111\u1ec3 \u0111\u00e1p \u1ee9ng nhu c\u1ea7u v\u00e0 th\u00fac \u0111\u1ea9y l\u00f2ng t\u1ef1 tr\u1ecdng v\u00e0 t\u00ednh \u0111\u1ed9c l\u1eadp t\u1ed1i \u0111a.<\/p>\n","protected":false},"excerpt":{"rendered":"<p>M\u1ed9t s\u1ed1 trung t\u00e2m khu v\u1ef1c c\u00f3 c\u00e1c CCF quy m\u00f4 nh\u1ecf, chuy\u00ean bi\u1ec7t. Trung t\u00e2m khu v\u1ef1c \u0111i\u1ec1u h\u00e0nh c\u00e1c c\u01a1 s\u1edf n\u00e0y \u1edf&hellip;<\/p>\n","protected":false},"author":1,"featured_media":0,"parent":1876,"menu_order":15,"comment_status":"closed","ping_status":"closed","template":"","meta":{"footnotes":""},"class_list":["post-1922","page","type-page","status-publish","hentry"],"_links":{"self":[{"href":"https:\/\/rula.disabilityrightsca.org\/vi\/wp-json\/wp\/v2\/pages\/1922","targetHints":{"allow":["GET"]}}],"collection":[{"href":"https:\/\/rula.disabilityrightsca.org\/vi\/wp-json\/wp\/v2\/pages"}],"about":[{"href":"https:\/\/rula.disabilityrightsca.org\/vi\/wp-json\/wp\/v2\/types\/page"}],"author":[{"embeddable":true,"href":"https:\/\/rula.disabilityrightsca.org\/vi\/wp-json\/wp\/v2\/users\/1"}],"replies":[{"embeddable":true,"href":"https:\/\/rula.disabilityrightsca.org\/vi\/wp-json\/wp\/v2\/comments?post=1922"}],"version-history":[{"count":2,"href":"https:\/\/rula.disabilityrightsca.org\/vi\/wp-json\/wp\/v2\/pages\/1922\/revisions"}],"predecessor-version":[{"id":3119,"href":"https:\/\/rula.disabilityrightsca.org\/vi\/wp-json\/wp\/v2\/pages\/1922\/revisions\/3119"}],"up":[{"embeddable":true,"href":"https:\/\/rula.disabilityrightsca.org\/vi\/wp-json\/wp\/v2\/pages\/1876"}],"wp:attachment":[{"href":"https:\/\/rula.disabilityrightsca.org\/vi\/wp-json\/wp\/v2\/media?parent=1922"}],"curies":[{"name":"wp","href":"https:\/\/api.w.org\/{rel}","templated":true}]}}