{"id":1919,"date":"2021-09-23T17:59:12","date_gmt":"2021-09-23T17:59:12","guid":{"rendered":"http:\/\/www.rula.disabilityrightsca.org\/vi\/?page_id=1919"},"modified":"2022-06-24T16:59:24","modified_gmt":"2022-06-24T16:59:24","slug":"7-14-what-is-the-alternative-residential-model-arm","status":"publish","type":"page","link":"https:\/\/rula.disabilityrightsca.org\/vi\/rula-book\/chapter-7-community-living-arrangements-for-adults\/7-14-what-is-the-alternative-residential-model-arm\/","title":{"rendered":"(7.14) M\u00f4 H\u00ecnh C\u01b0 Tr\u00fa Thay Th\u1ebf (Alternative Residential Model, ARM) l\u00e0 g\u00ec?"},"content":{"rendered":"\n<p>M\u1ed9t h\u1ec7 th\u1ed1ng g\u1ecdi l\u00e0 M\u00f4 H\u00ecnh C\u01b0 Tr\u00fa Thay Th\u1ebf (Alternative Residential Model, ARM) \u0111\u00e1nh s\u1ed1 c\u00e1c CCF theo m\u1ee9c \u0111\u1ed9 ch\u0103m s\u00f3c h\u1ecd cung c\u1ea5p. H\u1ec7 th\u1ed1ng n\u00e0y xem x\u00e9t t\u1ef7 l\u1ec7 nh\u00e2n vi\u00ean, l\u01b0\u1ee3ng d\u1ecbch v\u1ee5 t\u01b0 v\u1ea5n v\u00e0 nhu c\u1ea7u c\u1ee7a ng\u01b0\u1eddi c\u01b0 tr\u00fa. H\u1ec7 th\u1ed1ng n\u00e0y x\u1ebfp h\u1ea1ng m\u1ed7i CCF l\u00e0 ARM C\u1ea5p 2, 3, ho\u1eb7c 4. ARM C\u1ea5p 2 c\u00f3 t\u1ef7 l\u1ec7 nh\u00e2n vi\u00ean th\u1ea5p nh\u1ea5t, ngh\u0129a l\u00e0 ng\u01b0\u1eddi s\u1ed1ng \u1edf \u0111\u00f3 c\u1ea7n \u00edt s\u1ef1 h\u1ed7 tr\u1ee3 v\u00e0 d\u1ecbch v\u1ee5 h\u01a1n. Ng\u01b0\u1eddi s\u1ed1ng t\u1ea1i c\u00e1c CCF ARM C\u1ea5p 4 c\u1ea7n nhi\u1ec1u s\u1ef1 h\u1ed7 tr\u1ee3 v\u00e0 d\u1ecbch v\u1ee5 h\u01a1n. Th\u00f4ng th\u01b0\u1eddng, c\u00e1c CCF ARM C\u1ea5p 4 ph\u1ee5c v\u1ee5 nh\u1eefng ng\u01b0\u1eddi c\u00f3 h\u00e0nh vi mang t\u00ednh th\u00e1ch th\u1ee9c. C\u1ea5p 4 c\u0169ng \u0111\u01b0\u1ee3c chia th\u00e0nh ch\u00edn c\u1ea5p ph\u1ee5, t\u1eeb A \u0111\u1ebfn I. C\u00e1c nh\u00e0 C\u1ea5p 4I cung c\u1ea5p m\u1ee9c d\u1ecbch v\u1ee5 v\u00e0 s\u1ef1 h\u1ed7 tr\u1ee3 cao nh\u1ea5t trong h\u1ec7 th\u1ed1ng ARM.<\/p>\n\n\n\n<p>Qu\u00fd v\u1ecb c\u00f3 quy\u1ec1n \u0111\u01b0a ra l\u1ef1a ch\u1ecdn v\u1ec1 n\u01a1i qu\u00fd v\u1ecb s\u1ed1ng v\u00e0 ng\u01b0\u1eddi s\u1ed1ng c\u00f9ng qu\u00fd v\u1ecb. Qu\u00fd v\u1ecb c\u00f3 th\u1ec3 \u1edf t\u1ea1i c\u01a1 s\u1edf ARM C\u1ea5p, k\u1ec3 c\u1ea3 khi nhu c\u1ea7u c\u1ee7a qu\u00fd v\u1ecb thay \u0111\u1ed5i. Tuy nhi\u00ean, n\u1ebfu nh\u00f3m IPP quy\u1ebft \u0111\u1ecbnh qu\u00fd v\u1ecb c\u1ea7n \u00edt s\u1ef1 h\u1ed7 tr\u1ee3 v\u00e0 d\u1ecbch v\u1ee5 h\u01a1n m\u1ee9c ARM C\u1ea5p c\u1ee7a c\u01a1 s\u1edf chi tr\u1ea3 cho m\u1ed7i ng\u01b0\u1eddi c\u01b0 tr\u00fa, trung t\u00e2m khu v\u1ef1c c\u00f3 th\u1ec3 thanh to\u00e1n cho c\u01a1 s\u1edf \u00edt ti\u1ec1n h\u01a1n \u0111\u1ec3 qu\u00fd v\u1ecb s\u1ed1ng \u1edf \u0111\u00f3. <span class=\"footnote_referrer\"><a role=\"button\" tabindex=\"0\" onclick=\"footnote_moveToReference_1919_1('footnote_plugin_reference_1919_1_1');\" onkeypress=\"footnote_moveToReference_1919_1('footnote_plugin_reference_1919_1_1');\" ><sup id=\"footnote_plugin_tooltip_1919_1_1\" class=\"footnote_plugin_tooltip_text\">[1]<\/sup><\/a><span id=\"footnote_plugin_tooltip_text_1919_1_1\" class=\"footnote_tooltip\">M\u1ee5c 4681.7(a).<\/span><\/span><script type=\"text\/javascript\"> jQuery('#footnote_plugin_tooltip_1919_1_1').tooltip({ tip: '#footnote_plugin_tooltip_text_1919_1_1', tipClass: 'footnote_tooltip', effect: 'fade', predelay: 0, fadeInSpeed: 200, delay: 400, fadeOutSpeed: 200, position: 'top center', relative: true, offset: [-7, 0], });<\/script>&nbsp;Lu\u1eadt ch\u1ec9 cho ph\u00e9p s\u1ed1 ti\u1ec1n th\u1ea5p h\u01a1n khi nh\u00f3m IPP c\u1ee7a qu\u00fd v\u1ecb \u0111\u1ed3ng \u00fd r\u1eb1ng c\u01a1 s\u1edf ARM c\u00f3 th\u1ec3 cung c\u1ea5p an to\u00e0n nh\u1eefng g\u00ec qu\u00fd v\u1ecb v\u00e0 nh\u1eefng ng\u01b0\u1eddi s\u1ed1ng c\u00f9ng qu\u00fd v\u1ecb c\u1ea7n. V\u1ec1 sau, n\u1ebfu qu\u00fd v\u1ecb c\u1ea7n th\u00eam s\u1ef1 h\u1ed7 tr\u1ee3 v\u00e0 d\u1ecbch v\u1ee5, trung t\u00e2m khu v\u1ef1c ph\u1ea3i thay \u0111\u1ed5i d\u1ecbch v\u1ee5 \u0111\u1ec3 \u0111\u00e1p \u1ee9ng nhu c\u1ea7u c\u1ee7a qu\u00fd v\u1ecb. <span class=\"footnote_referrer\"><a role=\"button\" tabindex=\"0\" onclick=\"footnote_moveToReference_1919_1('footnote_plugin_reference_1919_1_2');\" onkeypress=\"footnote_moveToReference_1919_1('footnote_plugin_reference_1919_1_2');\" ><sup id=\"footnote_plugin_tooltip_1919_1_2\" class=\"footnote_plugin_tooltip_text\">[2]<\/sup><\/a><span id=\"footnote_plugin_tooltip_text_1919_1_2\" class=\"footnote_tooltip\">M\u1ee5c 4681.7(b).<\/span><\/span><script type=\"text\/javascript\"> jQuery('#footnote_plugin_tooltip_1919_1_2').tooltip({ tip: '#footnote_plugin_tooltip_text_1919_1_2', tipClass: 'footnote_tooltip', effect: 'fade', predelay: 0, fadeInSpeed: 200, delay: 400, fadeOutSpeed: 200, position: 'top center', relative: true, offset: [-7, 0], });<\/script><\/p>\n\n\n\n<p>Trung t\u00e2m khu v\u1ef1c c\u0169ng ph\u1ea3i cung c\u1ea5p d\u1ecbch v\u1ee5 kh\u1ea9n c\u1ea5p v\u00e0 can thi\u1ec7p kh\u1ee7ng ho\u1ea3ng m\u00e0 qu\u00fd v\u1ecb c\u1ea7n \u0111\u1ec3 \u1edf t\u1ea1i nh\u00e0 theo l\u1ef1a ch\u1ecdn c\u1ee7a qu\u00fd v\u1ecb. <span class=\"footnote_referrer\"><a role=\"button\" tabindex=\"0\" onclick=\"footnote_moveToReference_1919_1('footnote_plugin_reference_1919_1_3');\" onkeypress=\"footnote_moveToReference_1919_1('footnote_plugin_reference_1919_1_3');\" ><sup id=\"footnote_plugin_tooltip_1919_1_3\" class=\"footnote_plugin_tooltip_text\">[3]<\/sup><\/a><span id=\"footnote_plugin_tooltip_text_1919_1_3\" class=\"footnote_tooltip\">M\u1ee5c 4648(a)(10).<\/span><\/span><script type=\"text\/javascript\"> jQuery('#footnote_plugin_tooltip_1919_1_3').tooltip({ tip: '#footnote_plugin_tooltip_text_1919_1_3', tipClass: 'footnote_tooltip', effect: 'fade', predelay: 0, fadeInSpeed: 200, delay: 400, fadeOutSpeed: 200, position: 'top center', relative: true, offset: [-7, 0], });<\/script> Lu\u1eadt c\u0169ng cho ph\u00e9p trung t\u00e2m khu v\u1ef1c mua th\u00eam nh\u00e2n vi\u00ean cho c\u01a1 s\u1edf ARM c\u1ee7a qu\u00fd v\u1ecb. <span class=\"footnote_referrer\"><a role=\"button\" tabindex=\"0\" onclick=\"footnote_moveToReference_1919_1('footnote_plugin_reference_1919_1_4');\" onkeypress=\"footnote_moveToReference_1919_1('footnote_plugin_reference_1919_1_4');\" ><sup id=\"footnote_plugin_tooltip_1919_1_4\" class=\"footnote_plugin_tooltip_text\">[4]<\/sup><\/a><span id=\"footnote_plugin_tooltip_text_1919_1_4\" class=\"footnote_tooltip\">M\u1ee5c 4648(a)(9)(g).<\/span><\/span><script type=\"text\/javascript\"> jQuery('#footnote_plugin_tooltip_1919_1_4').tooltip({ tip: '#footnote_plugin_tooltip_text_1919_1_4', tipClass: 'footnote_tooltip', effect: 'fade', predelay: 0, fadeInSpeed: 200, delay: 400, fadeOutSpeed: 200, position: 'top center', relative: true, offset: [-7, 0], });<\/script><\/p>\n<div class=\"speaker-mute footnotes_reference_container\"> <div class=\"footnote_container_prepare\"><p><span role=\"button\" tabindex=\"0\" class=\"footnote_reference_container_label pointer\" onclick=\"footnote_expand_collapse_reference_container_1919_1();\">&#x202F;<\/span><span role=\"button\" tabindex=\"0\" class=\"footnote_reference_container_collapse_button\" style=\"display: none;\" onclick=\"footnote_expand_collapse_reference_container_1919_1();\">[<a id=\"footnote_reference_container_collapse_button_1919_1\">+<\/a>]<\/span><\/p><\/div> <div id=\"footnote_references_container_1919_1\" style=\"\"><table class=\"footnotes_table footnote-reference-container\"><caption class=\"accessibility\">References<\/caption> <tbody> \r\n\r\n<tr class=\"footnotes_plugin_reference_row\"> <th scope=\"row\" class=\"footnote_plugin_index_combi pointer\"  onclick=\"footnote_moveToAnchor_1919_1('footnote_plugin_tooltip_1919_1_1');\"><a id=\"footnote_plugin_reference_1919_1_1\" class=\"footnote_backlink\"><span class=\"footnote_index_arrow\">&#8593;<\/span>1<\/a><\/th> <td class=\"footnote_plugin_text\">M\u1ee5c 4681.7(a).<\/td><\/tr>\r\n\r\n<tr class=\"footnotes_plugin_reference_row\"> <th scope=\"row\" class=\"footnote_plugin_index_combi pointer\"  onclick=\"footnote_moveToAnchor_1919_1('footnote_plugin_tooltip_1919_1_2');\"><a id=\"footnote_plugin_reference_1919_1_2\" class=\"footnote_backlink\"><span class=\"footnote_index_arrow\">&#8593;<\/span>2<\/a><\/th> <td class=\"footnote_plugin_text\">M\u1ee5c 4681.7(b).<\/td><\/tr>\r\n\r\n<tr class=\"footnotes_plugin_reference_row\"> <th scope=\"row\" class=\"footnote_plugin_index_combi pointer\"  onclick=\"footnote_moveToAnchor_1919_1('footnote_plugin_tooltip_1919_1_3');\"><a id=\"footnote_plugin_reference_1919_1_3\" class=\"footnote_backlink\"><span class=\"footnote_index_arrow\">&#8593;<\/span>3<\/a><\/th> <td class=\"footnote_plugin_text\">M\u1ee5c 4648(a)(10).<\/td><\/tr>\r\n\r\n<tr class=\"footnotes_plugin_reference_row\"> <th scope=\"row\" class=\"footnote_plugin_index_combi pointer\"  onclick=\"footnote_moveToAnchor_1919_1('footnote_plugin_tooltip_1919_1_4');\"><a id=\"footnote_plugin_reference_1919_1_4\" class=\"footnote_backlink\"><span class=\"footnote_index_arrow\">&#8593;<\/span>4<\/a><\/th> <td class=\"footnote_plugin_text\">M\u1ee5c 4648(a)(9)(g).<\/td><\/tr>\r\n\r\n <\/tbody> <\/table> <\/div><\/div><script type=\"text\/javascript\"> function footnote_expand_reference_container_1919_1() { jQuery('#footnote_references_container_1919_1').show(); jQuery('#footnote_reference_container_collapse_button_1919_1').text('\u2212'); } function footnote_collapse_reference_container_1919_1() { jQuery('#footnote_references_container_1919_1').hide(); jQuery('#footnote_reference_container_collapse_button_1919_1').text('+'); } function footnote_expand_collapse_reference_container_1919_1() { if (jQuery('#footnote_references_container_1919_1').is(':hidden')) { footnote_expand_reference_container_1919_1(); } else { footnote_collapse_reference_container_1919_1(); } } function footnote_moveToReference_1919_1(p_str_TargetID) { footnote_expand_reference_container_1919_1(); var l_obj_Target = jQuery('#' + p_str_TargetID); if (l_obj_Target.length) { jQuery( 'html, body' ).delay( 0 ); jQuery('html, body').animate({ scrollTop: l_obj_Target.offset().top - window.innerHeight * 0.2 }, 380); } } function footnote_moveToAnchor_1919_1(p_str_TargetID) { footnote_expand_reference_container_1919_1(); var l_obj_Target = jQuery('#' + p_str_TargetID); if (l_obj_Target.length) { jQuery( 'html, body' ).delay( 0 ); jQuery('html, body').animate({ scrollTop: l_obj_Target.offset().top - window.innerHeight * 0.2 }, 380); } }<\/script>","protected":false},"excerpt":{"rendered":"<p>M\u1ed9t h\u1ec7 th\u1ed1ng g\u1ecdi l\u00e0 M\u00f4 H\u00ecnh C\u01b0 Tr\u00fa Thay Th\u1ebf (Alternative Residential Model, ARM) \u0111\u00e1nh s\u1ed1 c\u00e1c CCF theo m\u1ee9c \u0111\u1ed9 ch\u0103m s\u00f3c h\u1ecd&hellip;<\/p>\n","protected":false},"author":1,"featured_media":0,"parent":1876,"menu_order":14,"comment_status":"closed","ping_status":"closed","template":"","meta":{"footnotes":""},"class_list":["post-1919","page","type-page","status-publish","hentry"],"_links":{"self":[{"href":"https:\/\/rula.disabilityrightsca.org\/vi\/wp-json\/wp\/v2\/pages\/1919","targetHints":{"allow":["GET"]}}],"collection":[{"href":"https:\/\/rula.disabilityrightsca.org\/vi\/wp-json\/wp\/v2\/pages"}],"about":[{"href":"https:\/\/rula.disabilityrightsca.org\/vi\/wp-json\/wp\/v2\/types\/page"}],"author":[{"embeddable":true,"href":"https:\/\/rula.disabilityrightsca.org\/vi\/wp-json\/wp\/v2\/users\/1"}],"replies":[{"embeddable":true,"href":"https:\/\/rula.disabilityrightsca.org\/vi\/wp-json\/wp\/v2\/comments?post=1919"}],"version-history":[{"count":3,"href":"https:\/\/rula.disabilityrightsca.org\/vi\/wp-json\/wp\/v2\/pages\/1919\/revisions"}],"predecessor-version":[{"id":3486,"href":"https:\/\/rula.disabilityrightsca.org\/vi\/wp-json\/wp\/v2\/pages\/1919\/revisions\/3486"}],"up":[{"embeddable":true,"href":"https:\/\/rula.disabilityrightsca.org\/vi\/wp-json\/wp\/v2\/pages\/1876"}],"wp:attachment":[{"href":"https:\/\/rula.disabilityrightsca.org\/vi\/wp-json\/wp\/v2\/media?parent=1919"}],"curies":[{"name":"wp","href":"https:\/\/api.w.org\/{rel}","templated":true}]}}