{"id":1916,"date":"2021-09-23T17:56:55","date_gmt":"2021-09-23T17:56:55","guid":{"rendered":"http:\/\/www.rula.disabilityrightsca.org\/vi\/?page_id=1916"},"modified":"2022-06-23T23:39:33","modified_gmt":"2022-06-23T23:39:33","slug":"7-13-what-are-intermediate-care-facilities-icfs","status":"publish","type":"page","link":"https:\/\/rula.disabilityrightsca.org\/vi\/rula-book\/chapter-7-community-living-arrangements-for-adults\/7-13-what-are-intermediate-care-facilities-icfs\/","title":{"rendered":"(7.13) C\u01a1 S\u1edf Ch\u0103m S\u00f3c Trung Gian (Intermediate Care Facility, ICF) l\u00e0 g\u00ec?"},"content":{"rendered":"\n<p>ICF l\u00e0 c\u00e1c c\u01a1 s\u1edf \u1edf \u0111\u00f3 ng\u01b0\u1eddi khuy\u1ebft t\u1eadt v\u1ec1 ph\u00e1t tri\u1ec3n s\u1ed1ng v\u00e0 nh\u1eadn d\u1ecbch v\u1ee5 ch\u0103m s\u00f3c s\u1ee9c kh\u1ecfe, \u0111\u00e0o t\u1ea1o k\u1ef9 n\u0103ng s\u1ed1ng v\u00e0 \u0111\u00e0o t\u1ea1o ngh\u1ec1 m\u00e0 h\u1ecd c\u1ea7n. <span class=\"footnote_referrer\"><a role=\"button\" tabindex=\"0\" onclick=\"footnote_moveToReference_1916_1('footnote_plugin_reference_1916_1_1');\" onkeypress=\"footnote_moveToReference_1916_1('footnote_plugin_reference_1916_1_1');\" ><sup id=\"footnote_plugin_tooltip_1916_1_1\" class=\"footnote_plugin_tooltip_text\">[1]<\/sup><\/a><span id=\"footnote_plugin_tooltip_text_1916_1_1\" class=\"footnote_tooltip\">\u0110\u1ec3 bi\u1ebft \u0111\u1ecbnh ngh\u0129a c\u1ee7a c\u00e1c lo\u1ea1i ICF kh\u00e1c nhau,\u00a0<em>xem<\/em>\u00a0B\u1ed9 Lu\u1eadt S\u1ee9c Kh\u1ecfe &amp; An To\u00e0n m\u1ee5c 1250(e)(h)&amp;(i).<\/span><\/span><script type=\"text\/javascript\"> jQuery('#footnote_plugin_tooltip_1916_1_1').tooltip({ tip: '#footnote_plugin_tooltip_text_1916_1_1', tipClass: 'footnote_tooltip', effect: 'fade', predelay: 0, fadeInSpeed: 200, delay: 400, fadeOutSpeed: 200, position: 'top center', relative: true, offset: [-7, 0], });<\/script> B\u1edfi v\u00ec h\u1ecd cung c\u1ea5p m\u1ed9t s\u1ed1 d\u1ecbch v\u1ee5 ch\u0103m s\u00f3c \u0111i\u1ec1u d\u01b0\u1ee1ng v\u00e0 y t\u1ebf t\u1ea1i ch\u1ed7, ICF \u0111\u01b0\u1ee3c S\u1edf D\u1ecbch V\u1ee5 Ch\u0103m S\u00f3c S\u1ee9c Kh\u1ecfe c\u1ea5p ph\u00e9p.<\/p>\n\n\n\n<p>C\u00f3 b\u1ed1n ICF kh\u00e1c nhau d\u00e0nh cho ng\u01b0\u1eddi Khuy\u1ebft T\u1eadt V\u1ec1 Ph\u00e1t Tri\u1ec3n:<\/p>\n\n\n\n<ol class=\"wp-block-list\" type=\"1\"><li>ICF\/DD<span class=\"footnote_referrer\"><a role=\"button\" tabindex=\"0\" onclick=\"footnote_moveToReference_1916_1('footnote_plugin_reference_1916_1_2');\" onkeypress=\"footnote_moveToReference_1916_1('footnote_plugin_reference_1916_1_2');\" ><sup id=\"footnote_plugin_tooltip_1916_1_2\" class=\"footnote_plugin_tooltip_text\">[2]<\/sup><\/a><span id=\"footnote_plugin_tooltip_text_1916_1_2\" class=\"footnote_tooltip\">B\u1ed9 Lu\u1eadt S\u1ee9c Kh\u1ecfe &amp; An To\u00e0n M\u1ee5c 1250(h); Ti\u00eau \u0110\u1ec1 22 B\u1ed9 Lu\u1eadt C\u00e1c Quy \u0110\u1ecbnh California m\u1ee5c 51343.<\/span><\/span><script type=\"text\/javascript\"> jQuery('#footnote_plugin_tooltip_1916_1_2').tooltip({ tip: '#footnote_plugin_tooltip_text_1916_1_2', tipClass: 'footnote_tooltip', effect: 'fade', predelay: 0, fadeInSpeed: 200, delay: 400, fadeOutSpeed: 200, position: 'top center', relative: true, offset: [-7, 0], });<\/script><\/li><li>ICF\/DD-H\u1ed7 Tr\u1ee3 Ph\u00e1t Tri\u1ec3n<span class=\"footnote_referrer\"><a role=\"button\" tabindex=\"0\" onclick=\"footnote_moveToReference_1916_1('footnote_plugin_reference_1916_1_3');\" onkeypress=\"footnote_moveToReference_1916_1('footnote_plugin_reference_1916_1_3');\" ><sup id=\"footnote_plugin_tooltip_1916_1_3\" class=\"footnote_plugin_tooltip_text\">[3]<\/sup><\/a><span id=\"footnote_plugin_tooltip_text_1916_1_3\" class=\"footnote_tooltip\">B\u1ed9 Lu\u1eadt S\u1ee9c Kh\u1ecfe &amp; An To\u00e0n M\u1ee5c 1250(e); Ti\u00eau \u0110\u1ec1 22 B\u1ed9 Lu\u1eadt C\u00e1c Quy \u0110\u1ecbnh California m\u1ee5c 51343.1.<\/span><\/span><script type=\"text\/javascript\"> jQuery('#footnote_plugin_tooltip_1916_1_3').tooltip({ tip: '#footnote_plugin_tooltip_text_1916_1_3', tipClass: 'footnote_tooltip', effect: 'fade', predelay: 0, fadeInSpeed: 200, delay: 400, fadeOutSpeed: 200, position: 'top center', relative: true, offset: [-7, 0], });<\/script><\/li><li>ICF\/DD-\u0110i\u1ec1u D\u01b0\u1ee1ng<span class=\"footnote_referrer\"><a role=\"button\" tabindex=\"0\" onclick=\"footnote_moveToReference_1916_1('footnote_plugin_reference_1916_1_4');\" onkeypress=\"footnote_moveToReference_1916_1('footnote_plugin_reference_1916_1_4');\" ><sup id=\"footnote_plugin_tooltip_1916_1_4\" class=\"footnote_plugin_tooltip_text\">[4]<\/sup><\/a><span id=\"footnote_plugin_tooltip_text_1916_1_4\" class=\"footnote_tooltip\">B\u1ed9 Lu\u1eadt S\u1ee9c Kh\u1ecfe &amp; An To\u00e0n M\u1ee5c 1250(i); Ti\u00eau \u0110\u1ec1 22 B\u1ed9 Lu\u1eadt C\u00e1c Quy \u0110\u1ecbnh California m\u1ee5c 51343.2.<\/span><\/span><script type=\"text\/javascript\"> jQuery('#footnote_plugin_tooltip_1916_1_4').tooltip({ tip: '#footnote_plugin_tooltip_text_1916_1_4', tipClass: 'footnote_tooltip', effect: 'fade', predelay: 0, fadeInSpeed: 200, delay: 400, fadeOutSpeed: 200, position: 'top center', relative: true, offset: [-7, 0], });<\/script><\/li><li>ICF\/DD-Ch\u0103m S\u00f3c \u0110i\u1ec1u D\u01b0\u1ee1ng Li\u00ean T\u1ee5c<span class=\"footnote_referrer\"><a role=\"button\" tabindex=\"0\" onclick=\"footnote_moveToReference_1916_1('footnote_plugin_reference_1916_1_5');\" onkeypress=\"footnote_moveToReference_1916_1('footnote_plugin_reference_1916_1_5');\" ><sup id=\"footnote_plugin_tooltip_1916_1_5\" class=\"footnote_plugin_tooltip_text\">[5]<\/sup><\/a><span id=\"footnote_plugin_tooltip_text_1916_1_5\" class=\"footnote_tooltip\">B\u1ed9 Lu\u1eadt Ph\u00fac L\u1ee3i &amp; \u0110\u1ecbnh Ch\u1ebf m\u1ee5c 14495.10.<\/span><\/span><script type=\"text\/javascript\"> jQuery('#footnote_plugin_tooltip_1916_1_5').tooltip({ tip: '#footnote_plugin_tooltip_text_1916_1_5', tipClass: 'footnote_tooltip', effect: 'fade', predelay: 0, fadeInSpeed: 200, delay: 400, fadeOutSpeed: 200, position: 'top center', relative: true, offset: [-7, 0], });<\/script><\/li><\/ol>\n\n\n\n<p>H\u1ea7u h\u1ebft c\u00e1c ICF c\u00f3 quy m\u00f4 nh\u1ecf, cho ph\u00e9p t\u1ed1i \u0111a s\u00e1u ng\u01b0\u1eddi c\u01b0 tr\u00fa. Tuy nhi\u00ean, c\u00e1c ICF c\u00f3 th\u1ec3 c\u00f3 quy m\u00f4 l\u1edbn, \u0111\u00f4i khi cho ph\u00e9p h\u00e0ng tr\u0103m ng\u01b0\u1eddi c\u01b0 tr\u00fa.<\/p>\n\n\n\n<p>Ch\u00fang ta ch\u1ec9 th\u1ea3o lu\u1eadn v\u1ec1 c\u00e1c nh\u00e0 ICF\/DD-H\u1ed7 Tr\u1ee3 Ph\u00e1t Tri\u1ec3n, ICF\/DD-\u0110i\u1ec1u D\u01b0\u1ee1ng, v\u00e0 ICF\/DD-Ch\u0103m S\u00f3c \u0110i\u1ec1u D\u01b0\u1ee1ng Li\u00ean T\u1ee5c. Nh\u1eefng nh\u00e0 ICF\/DD l\u1edbn h\u01a1n kh\u00f4ng \u0111\u01b0\u1ee3c coi l\u00e0 l\u1ef1a ch\u1ecdn \u0111\u1eddi s\u1ed1ng t\u1ea1i c\u1ed9ng \u0111\u1ed3ng v\u00ec c\u00e1c c\u01a1 s\u1edf n\u00e0y th\u01b0\u1eddng l\u00e0 m\u00f4i tr\u01b0\u1eddng t\u1eadp trung quy m\u00f4 l\u1edbn.<\/p>\n\n\n\n<p>Nh\u1eefng nh\u00e0 ICF\/DD-H\u1ed7 Tr\u1ee3 Ph\u1ee5c H\u1ed3i ch\u1ee7 y\u1ebfu l\u00e0 nh\u00e0 nh\u1ecf cho s\u00e1u ng\u01b0\u1eddi, tuy nhi\u00ean c\u00e1c nh\u00e0 n\u00e0y c\u00f3 th\u1ec3 nh\u1eadn t\u1ed1i \u0111a 15 ng\u01b0\u1eddi. Nh\u1eefng nh\u00e0 n\u00e0y cung c\u1ea5p ch\u0103m s\u00f3c c\u00e1 nh\u00e2n 24 gi\u1edd, h\u1ed7 tr\u1ee3 ph\u00e1t tri\u1ec3n, d\u1ecbch v\u1ee5 s\u1ee9c kh\u1ecfe ph\u00e1t tri\u1ec3n v\u00e0 h\u1ed7 tr\u1ee3. Nh\u1eefng nh\u00e0 n\u00e0y d\u00e0nh cho ng\u01b0\u1eddi c\u1ea7n m\u1ed9t s\u1ed1 d\u1ecbch v\u1ee5 \u0111i\u1ec1u d\u01b0\u1ee1ng nh\u01b0ng kh\u00f4ng c\u1ea7n ch\u0103m s\u00f3c \u0111i\u1ec1u d\u01b0\u1ee1ng li\u00ean t\u1ee5c. Ng\u01b0\u1eddi c\u01b0 tr\u00fa c\u0169ng \u0111\u00e3 \u0111\u01b0\u1ee3c b\u00e1c s\u0129 v\u00e0 b\u00e1c s\u0129 ph\u1eabu thu\u1eadt ch\u1ee9ng nh\u1eadn l\u00e0 kh\u00f4ng c\u1ea7n ch\u0103m s\u00f3c \u0111i\u1ec1u d\u01b0\u1ee1ng chuy\u00ean m\u00f4n li\u00ean t\u1ee5c. <span class=\"footnote_referrer\"><a role=\"button\" tabindex=\"0\" onclick=\"footnote_moveToReference_1916_1('footnote_plugin_reference_1916_1_6');\" onkeypress=\"footnote_moveToReference_1916_1('footnote_plugin_reference_1916_1_6');\" ><sup id=\"footnote_plugin_tooltip_1916_1_6\" class=\"footnote_plugin_tooltip_text\">[6]<\/sup><\/a><span id=\"footnote_plugin_tooltip_text_1916_1_6\" class=\"footnote_tooltip\">B\u1ed9 Lu\u1eadt S\u1ee9c Kh\u1ecfe &amp; An To\u00e0n, M\u1ee5c 1250(e); Ti\u00eau \u0110\u1ec1 17, B\u1ed9 Lu\u1eadt C\u00e1c Quy \u0110\u1ecbnh California, m\u1ee5c 54302(a)(42); Ti\u00eau \u0110\u1ec1 22 B\u1ed9 Lu\u1eadt C\u00e1c Quy \u0110\u1ecbnh California m\u1ee5c&nbsp;&#x2026; <span class=\"footnote_tooltip_continue\"  onclick=\"footnote_moveToReference_1916_1('footnote_plugin_reference_1916_1_6');\">Continue reading<\/span><\/span><\/span><script type=\"text\/javascript\"> jQuery('#footnote_plugin_tooltip_1916_1_6').tooltip({ tip: '#footnote_plugin_tooltip_text_1916_1_6', tipClass: 'footnote_tooltip', effect: 'fade', predelay: 0, fadeInSpeed: 200, delay: 400, fadeOutSpeed: 200, position: 'top center', relative: true, offset: [-7, 0], });<\/script><\/p>\n\n\n\n<p>Nh\u00e0 ICF\/DD-\u0110i\u1ec1u D\u01b0\u1ee1ng ch\u1ee7 y\u1ebfu l\u00e0 nh\u00e0 nh\u1ecf cho s\u00e1u ng\u01b0\u1eddi, tuy nhi\u00ean c\u00e1c nh\u00e0 n\u00e0y c\u00f3 th\u1ec3 nh\u1eadn t\u1ed1i \u0111a 15 ng\u01b0\u1eddi. Nh\u1eefng nh\u00e0 n\u00e0y cung c\u1ea5p ch\u0103m s\u00f3c c\u00e1 nh\u00e2n 24 gi\u1edd, h\u1ed7 tr\u1ee3 ph\u00e1t tri\u1ec3n, d\u1ecbch v\u1ee5 s\u1ee9c kh\u1ecfe ph\u00e1t tri\u1ec3n v\u00e0 h\u1ed7 tr\u1ee3. Nh\u1eefng nh\u00e0 n\u00e0y d\u00e0nh cho ng\u01b0\u1eddi c\u1ea7n nhi\u1ec1u d\u1ecbch v\u1ee5 \u0111i\u1ec1u d\u01b0\u1ee1ng h\u01a1n ng\u01b0\u1eddi \u1edf ICF\/DD-H\u1ed7 Tr\u1ee3 Ph\u00e1t Tri\u1ec3n. Ng\u01b0\u1eddi c\u01b0 tr\u00fa trong nh\u1eefng nh\u00e0 n\u00e0y c\u1ea7n gi\u00e1m s\u00e1t \u0111i\u1ec1u d\u01b0\u1ee1ng 24 gi\u1edd nh\u01b0ng t\u00ecnh tr\u1ea1ng c\u1ee7a h\u1ecd \u1ed5n \u0111\u1ecbnh v\u00e0 h\u1ecd kh\u00f4ng y\u00eau c\u1ea7u ch\u0103m s\u00f3c \u0111i\u1ec1u d\u01b0\u1ee1ng 24 gi\u1edd. Nh\u1eefng nh\u00e0 n\u00e0y ph\u1ee5c v\u1ee5 ng\u01b0\u1eddi y\u00eau c\u1ea7u ch\u0103m s\u00f3c y t\u1ebf ho\u1eb7c b\u1ecb ch\u1eadm ph\u00e1t tri\u1ec3n nghi\u00eam tr\u1ecdng c\u00f3 th\u1ec3 d\u1eabn \u0111\u1ebfn khuy\u1ebft t\u1eadt v\u1ec1 ph\u00e1t tri\u1ec3n n\u1ebfu kh\u00f4ng \u0111\u01b0\u1ee3c \u0111i\u1ec1u tr\u1ecb. <span class=\"footnote_referrer\"><a role=\"button\" tabindex=\"0\" onclick=\"footnote_moveToReference_1916_1('footnote_plugin_reference_1916_1_7');\" onkeypress=\"footnote_moveToReference_1916_1('footnote_plugin_reference_1916_1_7');\" ><sup id=\"footnote_plugin_tooltip_1916_1_7\" class=\"footnote_plugin_tooltip_text\">[7]<\/sup><\/a><span id=\"footnote_plugin_tooltip_text_1916_1_7\" class=\"footnote_tooltip\">B\u1ed9 Lu\u1eadt S\u1ee9c Kh\u1ecfe &amp; An To\u00e0n M\u1ee5c 1250(i); Ti\u00eau \u0110\u1ec1 17, B\u1ed9 Lu\u1eadt C\u00e1c Quy \u0110\u1ecbnh California m\u1ee5c 54302(a)(43); Ti\u00eau \u0110\u1ec1 22 B\u1ed9 Lu\u1eadt C\u00e1c Quy \u0110\u1ecbnh California m\u1ee5c 51343.2.<\/span><\/span><script type=\"text\/javascript\"> jQuery('#footnote_plugin_tooltip_1916_1_7').tooltip({ tip: '#footnote_plugin_tooltip_text_1916_1_7', tipClass: 'footnote_tooltip', effect: 'fade', predelay: 0, fadeInSpeed: 200, delay: 400, fadeOutSpeed: 200, position: 'top center', relative: true, offset: [-7, 0], });<\/script><\/p>\n\n\n\n<p>Hi\u1ebfm c\u00f3 nh\u00e0 ICF\/DD-Ch\u0103m S\u00f3c \u0110i\u1ec1u D\u01b0\u1ee1ng Li\u00ean T\u1ee5c. Lu\u1eadt ch\u1ec9 cho ph\u00e9p c\u00f3 10 nh\u00e0 n\u00e0y \u1edf California. Nh\u1eefng nh\u00e0 n\u00e0y ph\u1ee5c v\u1ee5 t\u1ed1i \u0111a s\u00e1u ng\u01b0\u1eddi c\u01b0 tr\u00fa. Nh\u1eefng nh\u00e0 n\u00e0y cung c\u1ea5p d\u1ecbch v\u1ee5 ch\u0103m s\u00f3c \u0111i\u1ec1u d\u01b0\u1ee1ng chuy\u00ean m\u00f4n 24 gi\u1edd\/ng\u00e0y, 7 ng\u00e0y\/tu\u1ea7n t\u1eeb (ho\u1eb7c \u0111\u01b0\u1ee3c gi\u00e1m s\u00e1t b\u1edfi) m\u1ed9t y t\u00e1 c\u00f3 \u0111\u0103ng k\u00fd. Nh\u1eefng nh\u00e0 n\u00e0y \u0111\u01b0\u1ee3c t\u00e0i tr\u1ee3 100% b\u1eb1ng qu\u1ef9 Medicaid li\u00ean bang. <span class=\"footnote_referrer\"><a role=\"button\" tabindex=\"0\" onclick=\"footnote_moveToReference_1916_1('footnote_plugin_reference_1916_1_8');\" onkeypress=\"footnote_moveToReference_1916_1('footnote_plugin_reference_1916_1_8');\" ><sup id=\"footnote_plugin_tooltip_1916_1_8\" class=\"footnote_plugin_tooltip_text\">[8]<\/sup><\/a><span id=\"footnote_plugin_tooltip_text_1916_1_8\" class=\"footnote_tooltip\">B\u1ed9 Lu\u1eadt Ph\u00fac L\u1ee3i &amp; \u0110\u1ecbnh Ch\u1ebf \u00a7 14495.10. \u0110\u1ec3 bi\u1ebft th\u00eam th\u00f4ng tin v\u1ec1 DD-CNC, xem trang web c\u1ee7a S\u1edf D\u1ecbch V\u1ee5 Ch\u0103m S\u00f3c S\u1ee9c Kh\u1ecfe&nbsp;&#x2026; <span class=\"footnote_tooltip_continue\"  onclick=\"footnote_moveToReference_1916_1('footnote_plugin_reference_1916_1_8');\">Continue reading<\/span><\/span><\/span><script type=\"text\/javascript\"> jQuery('#footnote_plugin_tooltip_1916_1_8').tooltip({ tip: '#footnote_plugin_tooltip_text_1916_1_8', tipClass: 'footnote_tooltip', effect: 'fade', predelay: 0, fadeInSpeed: 200, delay: 400, fadeOutSpeed: 200, position: 'top center', relative: true, offset: [-7, 0], });<\/script><\/p>\n<div class=\"speaker-mute footnotes_reference_container\"> <div class=\"footnote_container_prepare\"><p><span role=\"button\" tabindex=\"0\" class=\"footnote_reference_container_label pointer\" onclick=\"footnote_expand_collapse_reference_container_1916_1();\">&#x202F;<\/span><span role=\"button\" tabindex=\"0\" class=\"footnote_reference_container_collapse_button\" style=\"display: none;\" onclick=\"footnote_expand_collapse_reference_container_1916_1();\">[<a id=\"footnote_reference_container_collapse_button_1916_1\">+<\/a>]<\/span><\/p><\/div> <div id=\"footnote_references_container_1916_1\" style=\"\"><table class=\"footnotes_table footnote-reference-container\"><caption class=\"accessibility\">References<\/caption> <tbody> \r\n\r\n<tr class=\"footnotes_plugin_reference_row\"> <th scope=\"row\" class=\"footnote_plugin_index_combi pointer\"  onclick=\"footnote_moveToAnchor_1916_1('footnote_plugin_tooltip_1916_1_1');\"><a id=\"footnote_plugin_reference_1916_1_1\" class=\"footnote_backlink\"><span class=\"footnote_index_arrow\">&#8593;<\/span>1<\/a><\/th> <td class=\"footnote_plugin_text\">\u0110\u1ec3 bi\u1ebft \u0111\u1ecbnh ngh\u0129a c\u1ee7a c\u00e1c lo\u1ea1i ICF kh\u00e1c nhau,\u00a0<em>xem<\/em>\u00a0B\u1ed9 Lu\u1eadt S\u1ee9c Kh\u1ecfe &amp; An To\u00e0n m\u1ee5c 1250(e)(h)&amp;(i).<\/td><\/tr>\r\n\r\n<tr class=\"footnotes_plugin_reference_row\"> <th scope=\"row\" class=\"footnote_plugin_index_combi pointer\"  onclick=\"footnote_moveToAnchor_1916_1('footnote_plugin_tooltip_1916_1_2');\"><a id=\"footnote_plugin_reference_1916_1_2\" class=\"footnote_backlink\"><span class=\"footnote_index_arrow\">&#8593;<\/span>2<\/a><\/th> <td class=\"footnote_plugin_text\">B\u1ed9 Lu\u1eadt S\u1ee9c Kh\u1ecfe &amp; An To\u00e0n M\u1ee5c 1250(h); Ti\u00eau \u0110\u1ec1 22 B\u1ed9 Lu\u1eadt C\u00e1c Quy \u0110\u1ecbnh California m\u1ee5c 51343.<\/td><\/tr>\r\n\r\n<tr class=\"footnotes_plugin_reference_row\"> <th scope=\"row\" class=\"footnote_plugin_index_combi pointer\"  onclick=\"footnote_moveToAnchor_1916_1('footnote_plugin_tooltip_1916_1_3');\"><a id=\"footnote_plugin_reference_1916_1_3\" class=\"footnote_backlink\"><span class=\"footnote_index_arrow\">&#8593;<\/span>3<\/a><\/th> <td class=\"footnote_plugin_text\">B\u1ed9 Lu\u1eadt S\u1ee9c Kh\u1ecfe &amp; An To\u00e0n M\u1ee5c 1250(e); Ti\u00eau \u0110\u1ec1 22 B\u1ed9 Lu\u1eadt C\u00e1c Quy \u0110\u1ecbnh California m\u1ee5c 51343.1.<\/td><\/tr>\r\n\r\n<tr class=\"footnotes_plugin_reference_row\"> <th scope=\"row\" class=\"footnote_plugin_index_combi pointer\"  onclick=\"footnote_moveToAnchor_1916_1('footnote_plugin_tooltip_1916_1_4');\"><a id=\"footnote_plugin_reference_1916_1_4\" class=\"footnote_backlink\"><span class=\"footnote_index_arrow\">&#8593;<\/span>4<\/a><\/th> <td class=\"footnote_plugin_text\">B\u1ed9 Lu\u1eadt S\u1ee9c Kh\u1ecfe &amp; An To\u00e0n M\u1ee5c 1250(i); Ti\u00eau \u0110\u1ec1 22 B\u1ed9 Lu\u1eadt C\u00e1c Quy \u0110\u1ecbnh California m\u1ee5c 51343.2.<\/td><\/tr>\r\n\r\n<tr class=\"footnotes_plugin_reference_row\"> <th scope=\"row\" class=\"footnote_plugin_index_combi pointer\"  onclick=\"footnote_moveToAnchor_1916_1('footnote_plugin_tooltip_1916_1_5');\"><a id=\"footnote_plugin_reference_1916_1_5\" class=\"footnote_backlink\"><span class=\"footnote_index_arrow\">&#8593;<\/span>5<\/a><\/th> <td class=\"footnote_plugin_text\">B\u1ed9 Lu\u1eadt Ph\u00fac L\u1ee3i &amp; \u0110\u1ecbnh Ch\u1ebf m\u1ee5c 14495.10.<\/td><\/tr>\r\n\r\n<tr class=\"footnotes_plugin_reference_row\"> <th scope=\"row\" class=\"footnote_plugin_index_combi pointer\"  onclick=\"footnote_moveToAnchor_1916_1('footnote_plugin_tooltip_1916_1_6');\"><a id=\"footnote_plugin_reference_1916_1_6\" class=\"footnote_backlink\"><span class=\"footnote_index_arrow\">&#8593;<\/span>6<\/a><\/th> <td class=\"footnote_plugin_text\">B\u1ed9 Lu\u1eadt S\u1ee9c Kh\u1ecfe &amp; An To\u00e0n, M\u1ee5c 1250(e); Ti\u00eau \u0110\u1ec1 17, B\u1ed9 Lu\u1eadt C\u00e1c Quy \u0110\u1ecbnh California, m\u1ee5c 54302(a)(42); Ti\u00eau \u0110\u1ec1 22 B\u1ed9 Lu\u1eadt C\u00e1c Quy \u0110\u1ecbnh California m\u1ee5c 51343.1.<\/td><\/tr>\r\n\r\n<tr class=\"footnotes_plugin_reference_row\"> <th scope=\"row\" class=\"footnote_plugin_index_combi pointer\"  onclick=\"footnote_moveToAnchor_1916_1('footnote_plugin_tooltip_1916_1_7');\"><a id=\"footnote_plugin_reference_1916_1_7\" class=\"footnote_backlink\"><span class=\"footnote_index_arrow\">&#8593;<\/span>7<\/a><\/th> <td class=\"footnote_plugin_text\">B\u1ed9 Lu\u1eadt S\u1ee9c Kh\u1ecfe &amp; An To\u00e0n M\u1ee5c 1250(i); Ti\u00eau \u0110\u1ec1 17, B\u1ed9 Lu\u1eadt C\u00e1c Quy \u0110\u1ecbnh California m\u1ee5c 54302(a)(43); Ti\u00eau \u0110\u1ec1 22 B\u1ed9 Lu\u1eadt C\u00e1c Quy \u0110\u1ecbnh California m\u1ee5c 51343.2.<\/td><\/tr>\r\n\r\n<tr class=\"footnotes_plugin_reference_row\"> <th scope=\"row\" class=\"footnote_plugin_index_combi pointer\"  onclick=\"footnote_moveToAnchor_1916_1('footnote_plugin_tooltip_1916_1_8');\"><a id=\"footnote_plugin_reference_1916_1_8\" class=\"footnote_backlink\"><span class=\"footnote_index_arrow\">&#8593;<\/span>8<\/a><\/th> <td class=\"footnote_plugin_text\">B\u1ed9 Lu\u1eadt Ph\u00fac L\u1ee3i &amp; \u0110\u1ecbnh Ch\u1ebf \u00a7 14495.10. \u0110\u1ec3 bi\u1ebft th\u00eam th\u00f4ng tin v\u1ec1 DD-CNC, xem trang web c\u1ee7a S\u1edf D\u1ecbch V\u1ee5 Ch\u0103m S\u00f3c S\u1ee9c Kh\u1ecfe California,&nbsp;<a href=\"http:\/\/www.dhcs.ca.gov\/services\/medi-cal\/Pages\/ICFDDCN_MC_Waiver.aspx\"><span class=\"footnote_url_wrap\">http:\/\/www.dhcs.ca.gov\/services\/medi-cal\/Pages\/ICFDDCN_MC_Waiver.aspx<\/span><\/a>.<\/td><\/tr>\r\n\r\n <\/tbody> <\/table> <\/div><\/div><script type=\"text\/javascript\"> function footnote_expand_reference_container_1916_1() { jQuery('#footnote_references_container_1916_1').show(); jQuery('#footnote_reference_container_collapse_button_1916_1').text('\u2212'); } function footnote_collapse_reference_container_1916_1() { jQuery('#footnote_references_container_1916_1').hide(); jQuery('#footnote_reference_container_collapse_button_1916_1').text('+'); } function footnote_expand_collapse_reference_container_1916_1() { if (jQuery('#footnote_references_container_1916_1').is(':hidden')) { footnote_expand_reference_container_1916_1(); } else { footnote_collapse_reference_container_1916_1(); } } function footnote_moveToReference_1916_1(p_str_TargetID) { footnote_expand_reference_container_1916_1(); var l_obj_Target = jQuery('#' + p_str_TargetID); if (l_obj_Target.length) { jQuery( 'html, body' ).delay( 0 ); jQuery('html, body').animate({ scrollTop: l_obj_Target.offset().top - window.innerHeight * 0.2 }, 380); } } function footnote_moveToAnchor_1916_1(p_str_TargetID) { footnote_expand_reference_container_1916_1(); var l_obj_Target = jQuery('#' + p_str_TargetID); if (l_obj_Target.length) { jQuery( 'html, body' ).delay( 0 ); jQuery('html, body').animate({ scrollTop: l_obj_Target.offset().top - window.innerHeight * 0.2 }, 380); } }<\/script>","protected":false},"excerpt":{"rendered":"<p>ICF l\u00e0 c\u00e1c c\u01a1 s\u1edf \u1edf \u0111\u00f3 ng\u01b0\u1eddi khuy\u1ebft t\u1eadt v\u1ec1 ph\u00e1t tri\u1ec3n s\u1ed1ng v\u00e0 nh\u1eadn d\u1ecbch v\u1ee5 ch\u0103m s\u00f3c s\u1ee9c kh\u1ecfe, \u0111\u00e0o t\u1ea1o k\u1ef9&hellip;<\/p>\n","protected":false},"author":1,"featured_media":0,"parent":1876,"menu_order":13,"comment_status":"closed","ping_status":"closed","template":"","meta":{"footnotes":""},"class_list":["post-1916","page","type-page","status-publish","hentry"],"_links":{"self":[{"href":"https:\/\/rula.disabilityrightsca.org\/vi\/wp-json\/wp\/v2\/pages\/1916","targetHints":{"allow":["GET"]}}],"collection":[{"href":"https:\/\/rula.disabilityrightsca.org\/vi\/wp-json\/wp\/v2\/pages"}],"about":[{"href":"https:\/\/rula.disabilityrightsca.org\/vi\/wp-json\/wp\/v2\/types\/page"}],"author":[{"embeddable":true,"href":"https:\/\/rula.disabilityrightsca.org\/vi\/wp-json\/wp\/v2\/users\/1"}],"replies":[{"embeddable":true,"href":"https:\/\/rula.disabilityrightsca.org\/vi\/wp-json\/wp\/v2\/comments?post=1916"}],"version-history":[{"count":5,"href":"https:\/\/rula.disabilityrightsca.org\/vi\/wp-json\/wp\/v2\/pages\/1916\/revisions"}],"predecessor-version":[{"id":3460,"href":"https:\/\/rula.disabilityrightsca.org\/vi\/wp-json\/wp\/v2\/pages\/1916\/revisions\/3460"}],"up":[{"embeddable":true,"href":"https:\/\/rula.disabilityrightsca.org\/vi\/wp-json\/wp\/v2\/pages\/1876"}],"wp:attachment":[{"href":"https:\/\/rula.disabilityrightsca.org\/vi\/wp-json\/wp\/v2\/media?parent=1916"}],"curies":[{"name":"wp","href":"https:\/\/api.w.org\/{rel}","templated":true}]}}