{"id":1913,"date":"2021-09-23T17:44:49","date_gmt":"2021-09-23T17:44:49","guid":{"rendered":"http:\/\/www.rula.disabilityrightsca.org\/vi\/?page_id=1913"},"modified":"2022-04-21T20:57:21","modified_gmt":"2022-04-21T20:57:21","slug":"7-12-do-group-living-situations-other-than-family-homes-have-to-be-licensed-by-the-state","status":"publish","type":"page","link":"https:\/\/rula.disabilityrightsca.org\/vi\/rula-book\/chapter-7-community-living-arrangements-for-adults\/7-12-do-group-living-situations-other-than-family-homes-have-to-be-licensed-by-the-state\/","title":{"rendered":"(7.12) Ngo\u00e0i nh\u00e0 c\u1ee7a gia \u0111\u00ecnh, c\u00e1c tr\u01b0\u1eddng h\u1ee3p s\u1ed1ng t\u1eadp th\u1ec3 c\u00f3 ph\u1ea3i \u0111\u01b0\u1ee3c ti\u1ec3u bang c\u1ea5p ph\u00e9p kh\u00f4ng?"},"content":{"rendered":"\n<p>H\u1ea7u h\u1ebft nh\u1eefng ng\u01b0\u1eddi khuy\u1ebft t\u1eadt v\u1ec1 ph\u00e1t tri\u1ec3n m\u00e0 s\u1ed1ng b\u00ean ngo\u00e0i nh\u00e0 c\u1ee7a gia \u0111\u00ecnh h\u1ecd \u0111\u1ec1u s\u1ed1ng trong nh\u00e0 t\u1eadp th\u1ec3 ho\u1eb7c c\u00e1c c\u01a1 s\u1edf. C\u00f3 ba lo\u1ea1i m\u00f4i tr\u01b0\u1eddng t\u1eadp th\u1ec3 kh\u00e1c nhau:<\/p>\n\n\n\n<ul class=\"wp-block-list\"><li><strong>Nh\u00e0 \u1edf<\/strong>&nbsp;v\u1edbi t\u1ed1i \u0111a 6 ng\u01b0\u1eddi khuy\u1ebft t\u1eadt v\u1ec1 ph\u00e1t tri\u1ec3n,<\/li><li><strong>C\u01a1 s\u1edf nh\u1ecf<\/strong>&nbsp;v\u1edbi 7-15 ng\u01b0\u1eddi khuy\u1ebft t\u1eadt v\u1ec1 ph\u00e1t tri\u1ec3n, v\u00e0<\/li><li><strong>C\u01a1 s\u1edf l\u1edbn<\/strong>&nbsp;v\u1edbi 16 ng\u01b0\u1eddi khuy\u1ebft t\u1eadt v\u1ec1 ph\u00e1t tri\u1ec3n tr\u1edf l\u00ean.<\/li><\/ul>\n\n\n\n<p>T\u00f9y thu\u1ed9c v\u00e0o quy m\u00f4 v\u00e0 vi\u1ec7c h\u1ecd c\u00f3 cung c\u1ea5p m\u1ed9t s\u1ed1 d\u1ecbch v\u1ee5 ch\u0103m s\u00f3c s\u1ee9c kh\u1ecfe nh\u1ea5t \u0111\u1ecbnh kh\u00f4ng, nh\u1eefng c\u01a1 s\u1edf nh\u01b0 th\u1ebf n\u00e0y \u0111\u01b0\u1ee3c c\u1ea5p ph\u00e9p b\u1edfi:<\/p>\n\n\n\n<ul class=\"wp-block-list\"><li>The state Department of Health Care Services (DHCS)<\/li><\/ul>\n\n\n\n<ul class=\"wp-block-list\"><li>S\u1edf D\u1ecbch V\u1ee5 Ch\u0103m S\u00f3c S\u1ee9c Kh\u1ecfe (Department of Health Care Services, DHCS) ti\u1ec3u bang &#8211; \u0111\u01b0\u1ee3c g\u1ecdi l\u00e0 C\u01a1 S\u1edf Ch\u0103m S\u00f3c Trung Gian (Intermediate Care Facility,ICF) ho\u1eb7c<\/li><li>S\u1edf D\u1ecbch V\u1ee5 X\u00e3 H\u1ed9i (Department of Social Services, DSS) ti\u1ec3u bang &#8211; \u0111\u01b0\u1ee3c g\u1ecdi l\u00e0 C\u01a1 S\u1edf Ch\u0103m S\u00f3c C\u1ed9ng \u0110\u1ed3ng (Community Care Facility, CCF).<\/li><\/ul>\n","protected":false},"excerpt":{"rendered":"<p>H\u1ea7u h\u1ebft nh\u1eefng ng\u01b0\u1eddi khuy\u1ebft t\u1eadt v\u1ec1 ph\u00e1t tri\u1ec3n m\u00e0 s\u1ed1ng b\u00ean ngo\u00e0i nh\u00e0 c\u1ee7a gia \u0111\u00ecnh h\u1ecd \u0111\u1ec1u s\u1ed1ng trong nh\u00e0 t\u1eadp th\u1ec3 ho\u1eb7c&hellip;<\/p>\n","protected":false},"author":1,"featured_media":0,"parent":1876,"menu_order":12,"comment_status":"closed","ping_status":"closed","template":"","meta":{"footnotes":""},"class_list":["post-1913","page","type-page","status-publish","hentry"],"_links":{"self":[{"href":"https:\/\/rula.disabilityrightsca.org\/vi\/wp-json\/wp\/v2\/pages\/1913","targetHints":{"allow":["GET"]}}],"collection":[{"href":"https:\/\/rula.disabilityrightsca.org\/vi\/wp-json\/wp\/v2\/pages"}],"about":[{"href":"https:\/\/rula.disabilityrightsca.org\/vi\/wp-json\/wp\/v2\/types\/page"}],"author":[{"embeddable":true,"href":"https:\/\/rula.disabilityrightsca.org\/vi\/wp-json\/wp\/v2\/users\/1"}],"replies":[{"embeddable":true,"href":"https:\/\/rula.disabilityrightsca.org\/vi\/wp-json\/wp\/v2\/comments?post=1913"}],"version-history":[{"count":2,"href":"https:\/\/rula.disabilityrightsca.org\/vi\/wp-json\/wp\/v2\/pages\/1913\/revisions"}],"predecessor-version":[{"id":3114,"href":"https:\/\/rula.disabilityrightsca.org\/vi\/wp-json\/wp\/v2\/pages\/1913\/revisions\/3114"}],"up":[{"embeddable":true,"href":"https:\/\/rula.disabilityrightsca.org\/vi\/wp-json\/wp\/v2\/pages\/1876"}],"wp:attachment":[{"href":"https:\/\/rula.disabilityrightsca.org\/vi\/wp-json\/wp\/v2\/media?parent=1913"}],"curies":[{"name":"wp","href":"https:\/\/api.w.org\/{rel}","templated":true}]}}