{"id":1910,"date":"2021-09-23T17:43:31","date_gmt":"2021-09-23T17:43:31","guid":{"rendered":"http:\/\/www.rula.disabilityrightsca.org\/vi\/?page_id=1910"},"modified":"2022-04-21T20:56:43","modified_gmt":"2022-04-21T20:56:43","slug":"7-11-what-is-a-family-home","status":"publish","type":"page","link":"https:\/\/rula.disabilityrightsca.org\/vi\/rula-book\/chapter-7-community-living-arrangements-for-adults\/7-11-what-is-a-family-home\/","title":{"rendered":"(7.11) Nh\u00e0 C\u1ee7a Gia \u0110\u00ecnh l\u00e0 g\u00ec?"},"content":{"rendered":"\n<p>Nh\u00e0 C\u1ee7a Gia \u0110\u00ecnh l\u00e0 nh\u00e0 do m\u1ed9t gia \u0111\u00ecnh s\u1edf h\u1eefu ho\u1eb7c thu\u00ea c\u0169ng s\u1ed1ng trong nh\u00e0 \u0111\u00f3. Gia \u0111\u00ecnh \u0111\u00f3 cung c\u1ea5p c\u00e1c d\u1ecbch v\u1ee5 v\u00e0 s\u1ef1 h\u1ed7 tr\u1ee3 cho t\u1ed1i \u0111a hai ng\u01b0\u1eddi l\u1edbn c\u00f3 c\u1ea5p \u0111\u1ed9 khuy\u1ebft t\u1eadt v\u1ec1 ph\u00e1t tri\u1ec3n b\u1ea5t k\u1ef3, mi\u1ec5n l\u00e0 h\u1ecd kh\u00f4ng c\u1ea7n ch\u0103m s\u00f3c \u0111i\u1ec1u d\u01b0\u1ee1ng chuy\u00ean m\u00f4n li\u00ean t\u1ee5c. <span class=\"footnote_referrer\"><a role=\"button\" tabindex=\"0\" onclick=\"footnote_moveToReference_1910_1('footnote_plugin_reference_1910_1_1');\" onkeypress=\"footnote_moveToReference_1910_1('footnote_plugin_reference_1910_1_1');\" ><sup id=\"footnote_plugin_tooltip_1910_1_1\" class=\"footnote_plugin_tooltip_text\">[1]<\/sup><\/a><span id=\"footnote_plugin_tooltip_text_1910_1_1\" class=\"footnote_tooltip\">M\u1ee5c 4689.1(b).<\/span><\/span><script type=\"text\/javascript\"> jQuery('#footnote_plugin_tooltip_1910_1_1').tooltip({ tip: '#footnote_plugin_tooltip_text_1910_1_1', tipClass: 'footnote_tooltip', effect: 'fade', predelay: 0, fadeInSpeed: 200, delay: 400, fadeOutSpeed: 200, position: 'top center', relative: true, offset: [-7, 0], });<\/script><\/p>\n<div class=\"speaker-mute footnotes_reference_container\"> <div class=\"footnote_container_prepare\"><p><span role=\"button\" tabindex=\"0\" class=\"footnote_reference_container_label pointer\" onclick=\"footnote_expand_collapse_reference_container_1910_1();\">&#x202F;<\/span><span role=\"button\" tabindex=\"0\" class=\"footnote_reference_container_collapse_button\" style=\"display: none;\" onclick=\"footnote_expand_collapse_reference_container_1910_1();\">[<a id=\"footnote_reference_container_collapse_button_1910_1\">+<\/a>]<\/span><\/p><\/div> <div id=\"footnote_references_container_1910_1\" style=\"\"><table class=\"footnotes_table footnote-reference-container\"><caption class=\"accessibility\">References<\/caption> <tbody> \r\n\r\n<tr class=\"footnotes_plugin_reference_row\"> <th scope=\"row\" class=\"footnote_plugin_index_combi pointer\"  onclick=\"footnote_moveToAnchor_1910_1('footnote_plugin_tooltip_1910_1_1');\"><a id=\"footnote_plugin_reference_1910_1_1\" class=\"footnote_backlink\"><span class=\"footnote_index_arrow\">&#8593;<\/span>1<\/a><\/th> <td class=\"footnote_plugin_text\">M\u1ee5c 4689.1(b).<\/td><\/tr>\r\n\r\n <\/tbody> <\/table> <\/div><\/div><script type=\"text\/javascript\"> function footnote_expand_reference_container_1910_1() { jQuery('#footnote_references_container_1910_1').show(); jQuery('#footnote_reference_container_collapse_button_1910_1').text('\u2212'); } function footnote_collapse_reference_container_1910_1() { jQuery('#footnote_references_container_1910_1').hide(); jQuery('#footnote_reference_container_collapse_button_1910_1').text('+'); } function footnote_expand_collapse_reference_container_1910_1() { if (jQuery('#footnote_references_container_1910_1').is(':hidden')) { footnote_expand_reference_container_1910_1(); } else { footnote_collapse_reference_container_1910_1(); } } function footnote_moveToReference_1910_1(p_str_TargetID) { footnote_expand_reference_container_1910_1(); var l_obj_Target = jQuery('#' + p_str_TargetID); if (l_obj_Target.length) { jQuery( 'html, body' ).delay( 0 ); jQuery('html, body').animate({ scrollTop: l_obj_Target.offset().top - window.innerHeight * 0.2 }, 380); } } function footnote_moveToAnchor_1910_1(p_str_TargetID) { footnote_expand_reference_container_1910_1(); var l_obj_Target = jQuery('#' + p_str_TargetID); if (l_obj_Target.length) { jQuery( 'html, body' ).delay( 0 ); jQuery('html, body').animate({ scrollTop: l_obj_Target.offset().top - window.innerHeight * 0.2 }, 380); } }<\/script>","protected":false},"excerpt":{"rendered":"<p>Nh\u00e0 C\u1ee7a Gia \u0110\u00ecnh l\u00e0 nh\u00e0 do m\u1ed9t gia \u0111\u00ecnh s\u1edf h\u1eefu ho\u1eb7c thu\u00ea c\u0169ng s\u1ed1ng trong nh\u00e0 \u0111\u00f3. Gia \u0111\u00ecnh \u0111\u00f3 cung c\u1ea5p c\u00e1c&hellip;<\/p>\n","protected":false},"author":1,"featured_media":0,"parent":1876,"menu_order":11,"comment_status":"closed","ping_status":"closed","template":"","meta":{"footnotes":""},"class_list":["post-1910","page","type-page","status-publish","hentry"],"_links":{"self":[{"href":"https:\/\/rula.disabilityrightsca.org\/vi\/wp-json\/wp\/v2\/pages\/1910","targetHints":{"allow":["GET"]}}],"collection":[{"href":"https:\/\/rula.disabilityrightsca.org\/vi\/wp-json\/wp\/v2\/pages"}],"about":[{"href":"https:\/\/rula.disabilityrightsca.org\/vi\/wp-json\/wp\/v2\/types\/page"}],"author":[{"embeddable":true,"href":"https:\/\/rula.disabilityrightsca.org\/vi\/wp-json\/wp\/v2\/users\/1"}],"replies":[{"embeddable":true,"href":"https:\/\/rula.disabilityrightsca.org\/vi\/wp-json\/wp\/v2\/comments?post=1910"}],"version-history":[{"count":2,"href":"https:\/\/rula.disabilityrightsca.org\/vi\/wp-json\/wp\/v2\/pages\/1910\/revisions"}],"predecessor-version":[{"id":3113,"href":"https:\/\/rula.disabilityrightsca.org\/vi\/wp-json\/wp\/v2\/pages\/1910\/revisions\/3113"}],"up":[{"embeddable":true,"href":"https:\/\/rula.disabilityrightsca.org\/vi\/wp-json\/wp\/v2\/pages\/1876"}],"wp:attachment":[{"href":"https:\/\/rula.disabilityrightsca.org\/vi\/wp-json\/wp\/v2\/media?parent=1910"}],"curies":[{"name":"wp","href":"https:\/\/api.w.org\/{rel}","templated":true}]}}