{"id":1907,"date":"2021-09-23T17:38:25","date_gmt":"2021-09-23T17:38:25","guid":{"rendered":"http:\/\/www.rula.disabilityrightsca.org\/vi\/?page_id=1907"},"modified":"2022-04-21T20:56:17","modified_gmt":"2022-04-21T20:56:17","slug":"7-10-what-is-a-family-teaching-home","status":"publish","type":"page","link":"https:\/\/rula.disabilityrightsca.org\/vi\/rula-book\/chapter-7-community-living-arrangements-for-adults\/7-10-what-is-a-family-teaching-home\/","title":{"rendered":"(7.10)  Nh\u00e0 Gia \u0110\u00ecnh C\u01b0 Tr\u00fa \u0110\u1ed9c L\u1eadp l\u00e0 g\u00ec?"},"content":{"rendered":"\n<p>Nh\u00e0 Gia \u0110\u00ecnh C\u01b0 Tr\u00fa \u0110\u1ed9c L\u1eadp l\u00e0 m\u1ed9t ph\u01b0\u01a1ng \u00e1n s\u1eafp x\u1ebfp \u0111\u1eddi s\u1ed1ng kh\u00e1c d\u00e0nh cho ng\u01b0\u1eddi l\u1edbn. <span class=\"footnote_referrer\"><a role=\"button\" tabindex=\"0\" onclick=\"footnote_moveToReference_1907_1('footnote_plugin_reference_1907_1_1');\" onkeypress=\"footnote_moveToReference_1907_1('footnote_plugin_reference_1907_1_1');\" ><sup id=\"footnote_plugin_tooltip_1907_1_1\" class=\"footnote_plugin_tooltip_text\">[1]<\/sup><\/a><span id=\"footnote_plugin_tooltip_text_1907_1_1\" class=\"footnote_tooltip\">M\u1ee5c 4689.1(c).<\/span><\/span><script type=\"text\/javascript\"> jQuery('#footnote_plugin_tooltip_1907_1_1').tooltip({ tip: '#footnote_plugin_tooltip_text_1907_1_1', tipClass: 'footnote_tooltip', effect: 'fade', predelay: 0, fadeInSpeed: 200, delay: 400, fadeOutSpeed: 200, position: 'top center', relative: true, offset: [-7, 0], });<\/script>&nbsp;S\u1ef1 s\u1eafp x\u1ebfp n\u00e0y kh\u00e1c v\u1edbi AFHA \u1edf hai ph\u01b0\u01a1ng di\u1ec7n:<\/p>\n\n\n\n<ol class=\"wp-block-list\" type=\"1\"><li>Gia \u0111\u00ecnh v\u00e0 (nh\u1eefng) ng\u01b0\u1eddi khuy\u1ebft t\u1eadt kh\u00f4ng s\u1ed1ng c\u00f9ng nh\u00e0 ri\u00eang. Gia \u0111\u00ecnh c\u01b0 tr\u00fa \u0111\u1ed9c l\u1eadp s\u1ed1ng trong m\u1ed9t c\u0103n nh\u00e0 li\u1ec1n k\u1ec1 ho\u1eb7c g\u1ea7n nh\u00e0 c\u1ee7a (nh\u1eefng) ng\u01b0\u1eddi khuy\u1ebft t\u1eadt n\u00e0y. \u0110\u00f3 th\u01b0\u1eddng l\u00e0 m\u1ed9t c\u0103n h\u1ed9 th\u00f4ng t\u1ea7ng do AFHA s\u1edf h\u1eefu, thu\u00ea d\u00e0i h\u1ea1n ho\u1eb7c ng\u1eafn h\u1ea1n.<\/li><li>Nh\u00e0 Gia \u0110\u00ecnh C\u01b0 Tr\u00fa \u0110\u1ed9c L\u1eadp \u0111\u01b0\u1ee3c thi\u1ebft k\u1ebf \u0111\u1ec3 h\u1ed7 tr\u1ee3 t\u1ed1i \u0111a ba ng\u01b0\u1eddi l\u1edbn m\u1eafc khuy\u1ebft t\u1eadt v\u1ec1 ph\u00e1t tri\u1ec3n b\u1ea5t k\u1ef3, kh\u00f4ng c\u1ea7n ch\u0103m s\u00f3c \u0111i\u1ec1u d\u01b0\u1ee1ng chuy\u00ean m\u00f4n li\u00ean t\u1ee5c.<\/li><\/ol>\n<div class=\"speaker-mute footnotes_reference_container\"> <div class=\"footnote_container_prepare\"><p><span role=\"button\" tabindex=\"0\" class=\"footnote_reference_container_label pointer\" onclick=\"footnote_expand_collapse_reference_container_1907_1();\">&#x202F;<\/span><span role=\"button\" tabindex=\"0\" class=\"footnote_reference_container_collapse_button\" style=\"display: none;\" onclick=\"footnote_expand_collapse_reference_container_1907_1();\">[<a id=\"footnote_reference_container_collapse_button_1907_1\">+<\/a>]<\/span><\/p><\/div> <div id=\"footnote_references_container_1907_1\" style=\"\"><table class=\"footnotes_table footnote-reference-container\"><caption class=\"accessibility\">References<\/caption> <tbody> \r\n\r\n<tr class=\"footnotes_plugin_reference_row\"> <th scope=\"row\" class=\"footnote_plugin_index_combi pointer\"  onclick=\"footnote_moveToAnchor_1907_1('footnote_plugin_tooltip_1907_1_1');\"><a id=\"footnote_plugin_reference_1907_1_1\" class=\"footnote_backlink\"><span class=\"footnote_index_arrow\">&#8593;<\/span>1<\/a><\/th> <td class=\"footnote_plugin_text\">M\u1ee5c 4689.1(c).<\/td><\/tr>\r\n\r\n <\/tbody> <\/table> <\/div><\/div><script type=\"text\/javascript\"> function footnote_expand_reference_container_1907_1() { jQuery('#footnote_references_container_1907_1').show(); jQuery('#footnote_reference_container_collapse_button_1907_1').text('\u2212'); } function footnote_collapse_reference_container_1907_1() { jQuery('#footnote_references_container_1907_1').hide(); jQuery('#footnote_reference_container_collapse_button_1907_1').text('+'); } function footnote_expand_collapse_reference_container_1907_1() { if (jQuery('#footnote_references_container_1907_1').is(':hidden')) { footnote_expand_reference_container_1907_1(); } else { footnote_collapse_reference_container_1907_1(); } } function footnote_moveToReference_1907_1(p_str_TargetID) { footnote_expand_reference_container_1907_1(); var l_obj_Target = jQuery('#' + p_str_TargetID); if (l_obj_Target.length) { jQuery( 'html, body' ).delay( 0 ); jQuery('html, body').animate({ scrollTop: l_obj_Target.offset().top - window.innerHeight * 0.2 }, 380); } } function footnote_moveToAnchor_1907_1(p_str_TargetID) { footnote_expand_reference_container_1907_1(); var l_obj_Target = jQuery('#' + p_str_TargetID); if (l_obj_Target.length) { jQuery( 'html, body' ).delay( 0 ); jQuery('html, body').animate({ scrollTop: l_obj_Target.offset().top - window.innerHeight * 0.2 }, 380); } }<\/script>","protected":false},"excerpt":{"rendered":"<p>Nh\u00e0 Gia \u0110\u00ecnh C\u01b0 Tr\u00fa \u0110\u1ed9c L\u1eadp l\u00e0 m\u1ed9t ph\u01b0\u01a1ng \u00e1n s\u1eafp x\u1ebfp \u0111\u1eddi s\u1ed1ng kh\u00e1c d\u00e0nh cho ng\u01b0\u1eddi l\u1edbn. [1]M\u1ee5c 4689.1(c).&nbsp;S\u1ef1 s\u1eafp x\u1ebfp n\u00e0y&hellip;<\/p>\n","protected":false},"author":1,"featured_media":0,"parent":1876,"menu_order":10,"comment_status":"closed","ping_status":"closed","template":"","meta":{"footnotes":""},"class_list":["post-1907","page","type-page","status-publish","hentry"],"_links":{"self":[{"href":"https:\/\/rula.disabilityrightsca.org\/vi\/wp-json\/wp\/v2\/pages\/1907","targetHints":{"allow":["GET"]}}],"collection":[{"href":"https:\/\/rula.disabilityrightsca.org\/vi\/wp-json\/wp\/v2\/pages"}],"about":[{"href":"https:\/\/rula.disabilityrightsca.org\/vi\/wp-json\/wp\/v2\/types\/page"}],"author":[{"embeddable":true,"href":"https:\/\/rula.disabilityrightsca.org\/vi\/wp-json\/wp\/v2\/users\/1"}],"replies":[{"embeddable":true,"href":"https:\/\/rula.disabilityrightsca.org\/vi\/wp-json\/wp\/v2\/comments?post=1907"}],"version-history":[{"count":3,"href":"https:\/\/rula.disabilityrightsca.org\/vi\/wp-json\/wp\/v2\/pages\/1907\/revisions"}],"predecessor-version":[{"id":3112,"href":"https:\/\/rula.disabilityrightsca.org\/vi\/wp-json\/wp\/v2\/pages\/1907\/revisions\/3112"}],"up":[{"embeddable":true,"href":"https:\/\/rula.disabilityrightsca.org\/vi\/wp-json\/wp\/v2\/pages\/1876"}],"wp:attachment":[{"href":"https:\/\/rula.disabilityrightsca.org\/vi\/wp-json\/wp\/v2\/media?parent=1907"}],"curies":[{"name":"wp","href":"https:\/\/api.w.org\/{rel}","templated":true}]}}