{"id":1904,"date":"2021-09-23T17:36:43","date_gmt":"2021-09-23T17:36:43","guid":{"rendered":"http:\/\/www.rula.disabilityrightsca.org\/vi\/?page_id=1904"},"modified":"2024-02-08T17:09:53","modified_gmt":"2024-02-08T17:09:53","slug":"7-9-what-are-adult-family-home-agencies","status":"publish","type":"page","link":"https:\/\/rula.disabilityrightsca.org\/vi\/rula-book\/chapter-7-community-living-arrangements-for-adults\/7-9-what-are-adult-family-home-agencies\/","title":{"rendered":"(7.9) Lo\u1ea1i d\u1ecbch v\u1ee5 n\u00e0o c\u1ee7a trung t\u00e2m khu v\u1ef1c c\u00f3 th\u1ec3 tr\u1ee3 gi\u00fap khi t\u00f4i mu\u1ed1n ti\u1ebfp t\u1ee5c s\u1ed1ng t\u1ea1i nh\u00e0 v\u1edbi gia \u0111\u00ecnh?"},"content":{"rendered":"\n<p>N\u1ebfu qu\u00fd v\u1ecb ch\u1ecdn ti\u1ebfp t\u1ee5c s\u1ed1ng chung v\u1edbi gia \u0111\u00ecnh sau khi tr\u00f2n 18 tu\u1ed5i, qu\u00fd v\u1ecb v\u1eabn c\u00f3 quy\u1ec1n nh\u1eadn c\u00e1c d\u1ecbch v\u1ee5 t\u1eeb trung t\u00e2m khu v\u1ef1c t\u1ea1i nh\u00e0 c\u1ee7a gia \u0111\u00ecnh \u0111\u1ec3 gi\u00fap qu\u00fd v\u1ecb s\u1ed1ng m\u1ed9t cu\u1ed9c s\u1ed1ng m\u00e0 m\u00ecnh mong mu\u1ed1n. C\u00e1c d\u1ecbch v\u1ee5 n\u00e0y bao g\u1ed3m:<\/p>\n\n\n\n<p><strong>D\u1ecbch V\u1ee5 H\u1ed7 Tr\u1ee3 Gia \u0110\u00ecnh C\u00f3 \u0110i\u1ec1u Ph\u1ed1i<\/strong>: D\u1ecbch v\u1ee5 h\u1ed7 tr\u1ee3 gia \u0111\u00ecnh c\u00f3 \u0111i\u1ec1u ph\u1ed1i l\u00e0 c\u00e1c d\u1ecbch v\u1ee5 d\u00e0nh cho ng\u01b0\u1eddi tr\u01b0\u1edfng th\u00e0nh ch\u1ecdn ti\u1ebfp t\u1ee5c s\u1ed1ng chung v\u1edbi gia \u0111\u00ecnh khi tr\u00f2n 18 tu\u1ed5i. C\u00e1c d\u1ecbch v\u1ee5 n\u00e0y \u0111\u01b0\u1ee3c thi\u1ebft k\u1ebf linh ho\u1ea1t v\u00e0 c\u00f3 th\u1ec3 t\u00f9y ch\u1ec9nh theo nhu c\u1ea7u c\u00e1 nh\u00e2n c\u1ee7a qu\u00fd v\u1ecb v\u00e0 gia \u0111\u00ecnh.&nbsp;C\u00e1c d\u1ecbch v\u1ee5 n\u00e0y ph\u1ea3i t\u00f4n tr\u1ecdng ng\u00f4n ng\u1eef, s\u1eafc t\u1ed9c v\u00e0 v\u0103n h\u00f3a c\u1ee7a qu\u00fd v\u1ecb. C\u00e1c d\u1ecbch v\u1ee5 h\u1ed7 tr\u1ee3 gia \u0111\u00ecnh c\u00f3 \u0111i\u1ec1u ph\u1ed1i c\u00f3 th\u1ec3 bao g\u1ed3m nh\u1eefng vi\u1ec7c nh\u01b0:<\/p>\n\n\n\n<ul class=\"wp-block-list\">\n<li>Cung c\u1ea5p h\u1ed7 tr\u1ee3 tr\u1ef1c ti\u1ebfp trong nh\u00e0 c\u1ee7a gia \u0111\u00ecnh \u0111\u1ec3 gi\u00fap qu\u00fd v\u1ecb th\u1ef1c hi\u1ec7n nh\u1eefng \u0111i\u1ec1u m\u00ecnh mu\u1ed1n.<\/li>\n\n\n\n<li>Trao \u0111\u1ed5i v\u1edbi t\u1ea5t c\u1ea3 c\u00e1c c\u00e1 nh\u00e2n v\u00e0 c\u01a1 quan kh\u00e1c nhau h\u1ed7 tr\u1ee3 qu\u00fd v\u1ecb nh\u1eb1m \u0111\u1ea3m b\u1ea3o qu\u00fd v\u1ecb nh\u1eadn \u0111\u01b0\u1ee3c t\u1ea5t c\u1ea3 c\u00e1c d\u1ecbch v\u1ee5 theo nhu c\u1ea7u v\u00e0 mong mu\u1ed1n c\u1ee7a m\u00ecnh.<\/li>\n\n\n\n<li>X\u00e1c \u0111\u1ecbnh c\u00e1c nh\u00e0 cung c\u1ea5p d\u1ecbch v\u1ee5 d\u1ef1 ph\u00f2ng khi nh\u00e2n vi\u00ean h\u1ed7 tr\u1ee3 qu\u00fd v\u1ecb kh\u00f4ng xu\u1ea5t hi\u1ec7n.<\/li>\n\n\n\n<li>Gi\u00fap qu\u00fd v\u1ecb ti\u1ebfp c\u1eadn c\u1ed9ng \u0111\u1ed3ng.<\/li>\n\n\n\n<li>L\u00e0m vi\u1ec7c v\u1edbi qu\u00fd v\u1ecb \u0111\u1ec3 l\u1eadp k\u1ebf ho\u1ea1ch d\u1ecdn kh\u1ecfi nh\u00e0 c\u1ee7a gia \u0111\u00ecnh n\u1ebfu qu\u00fd v\u1ecb mu\u1ed1n s\u1ed1ng m\u1ed9t m\u00ecnh.<\/li>\n<\/ul>\n\n\n\n<p><strong>D\u1ecbch V\u1ee5 K\u1ef9 N\u0103ng S\u1ed1ng \u0110\u1ed9c L\u1eadp:&nbsp;<\/strong>K\u1ef9 N\u0103ng S\u1ed1ng \u0110\u1ed9c L\u1eadp (g\u1ecdi t\u1eaft l\u00e0 ILS) l\u00e0 nh\u1eefng k\u1ef9 n\u0103ng qu\u00fd v\u1ecb c\u1ea7n \u0111\u1ec3 s\u1ed1ng \u0111\u1ed9c l\u1eadp trong c\u1ed9ng \u0111\u1ed3ng c\u1ee7a qu\u00fd v\u1ecb. C\u00e1c ch\u01b0\u01a1ng tr\u00ecnh ILS c\u00f3 th\u1ec3 d\u1ea1y cho qu\u00fd v\u1ecb c\u00e1c k\u1ef9 n\u0103ng nh\u01b0 n\u1ea5u \u0103n, d\u1ecdn d\u1eb9p nh\u00e0 c\u1eeda, ch\u0103m s\u00f3c c\u00e1 nh\u00e2n v\u00e0 qu\u1ea3n l\u00fd ti\u1ec1n b\u1ea1c. Qu\u00fd v\u1ecb c\u00f3 th\u1ec3 nh\u1eadn ILS n\u1ebfu s\u1ed1ng trong nh\u00e0 c\u1ee7a gia \u0111\u00ecnh.<\/p>\n\n\n\n<p><strong>D\u1ecbch V\u1ee5 S\u1ee9c Kh<\/strong><strong>\u1ecfe<\/strong><strong>&nbsp;T\u1ea1i Gia:&nbsp;<\/strong>D\u1ecbch v\u1ee5 s\u1ee9c kh\u1ecfe t\u1ea1i gia l\u00e0 lo\u1ea1i h\u1ed7 tr\u1ee3 tr\u1ef1c ti\u1ebfp m\u00e0 qu\u00fd v\u1ecb c\u00f3 th\u1ec3 nh\u1eadn t\u1ea1i nh\u00e0 c\u1ee7a gia \u0111\u00ecnh n\u1ebfu qu\u00fd v\u1ecb c\u00f3 m\u1ed9t s\u1ed1 nhu c\u1ea7u ch\u0103m s\u00f3c s\u1ee9c kh\u1ecfe c\u1ea7n s\u1ef1 quan t\u00e2m t\u1eeb nh\u00e2n vi\u00ean h\u1ed7 tr\u1ee3 s\u1ee9c kh\u1ecfe t\u1ea1i gia ho\u1eb7c y t\u00e1.<\/p>\n\n\n\n<p><strong>D\u1ecbch V\u1ee5 Ch\u0103m S\u00f3c T\u1ea1m Th\u1eddi<\/strong>: D\u1ecbch v\u1ee5 ch\u0103m s\u00f3c t\u1ea1m th\u1eddi l\u00e0 c\u00e1c d\u1ecbch v\u1ee5 \u0111\u01b0\u1ee3c cung c\u1ea5p cho gia \u0111\u00ecnh qu\u00fd v\u1ecb \u0111\u1ec3 h\u1ecd c\u00f3 th\u1ec3 t\u1ea1m ng\u01b0ng h\u1ed7 tr\u1ee3 tr\u1ef1c ti\u1ebfp cho qu\u00fd v\u1ecb. \u0110i\u1ec1u n\u00e0y c\u00f3 th\u1ec3 c\u00f3 ngh\u0129a l\u00e0 nh\u00e2n vi\u00ean ch\u0103m s\u00f3c t\u1ea1m th\u1eddi s\u1ebd \u0111\u1ebfn nh\u00e0 qu\u00fd v\u1ecb. \u0110i\u1ec1u n\u00e0y c\u00f2n c\u00f3 ngh\u0129a l\u00e0 qu\u00fd v\u1ecb s\u1ebd s\u1ed1ng t\u1ea1i nh\u00e0 kh\u00e1c trong m\u1ed9t kho\u1ea3ng th\u1eddi gian ng\u1eafn n\u1ebfu \u0111\u00f3 l\u00e0 vi\u1ec7c qu\u00fd v\u1ecb v\u00e0 gia \u0111\u00ecnh mong mu\u1ed1n.<\/p>\n\n\n\n<p><strong>D\u1ecbch V\u1ee5 H\u1ed7 Tr\u1ee3 C\u00e1 Nh\u00e2n \/ Gi\u00fap Vi\u1ec7c Gia \u0110\u00ecnh<\/strong>: D\u1ecbch v\u1ee5 h\u1ed7 tr\u1ee3 c\u00e1 nh\u00e2n c\u00f3 th\u1ec3 gi\u00fap qu\u00fd v\u1ecb l\u00e0m nh\u1eefng vi\u1ec7c m\u00ecnh mu\u1ed1n trong th\u1eddi gian qu\u00fd v\u1ecb s\u1ed1ng t\u1ea1i nh\u00e0 c\u1ee7a gia \u0111\u00ecnh ho\u1eb7c khi qu\u00fd v\u1ecb h\u00f2a nh\u1eadp v\u00e0o c\u1ed9ng \u0111\u1ed3ng. D\u1ecbch v\u1ee5 gi\u00fap vi\u1ec7c c\u00e1 nh\u00e2n l\u00e0 nh\u1eefng d\u1ecbch v\u1ee5 c\u00f3 th\u1ec3 gi\u00fap th\u1ef1c hi\u1ec7n c\u00e1c c\u00f4ng vi\u1ec7c nh\u00e0 n\u00f3i chung nh\u01b0 chu\u1ea9n b\u1ecb b\u1eefa \u0103n v\u00e0 c\u00e1c c\u00f4ng vi\u1ec7c kh\u00e1c khi ng\u01b0\u1eddi th\u01b0\u1eddng \u0111\u1ea3m nh\u1eadn c\u00e1c c\u00f4ng vi\u1ec7c n\u00e0y kh\u00f4ng th\u1ec3 th\u1ef1c hi\u1ec7n.<\/p>\n","protected":false},"excerpt":{"rendered":"<p>N\u1ebfu qu\u00fd v\u1ecb ch\u1ecdn ti\u1ebfp t\u1ee5c s\u1ed1ng chung v\u1edbi gia \u0111\u00ecnh sau khi tr\u00f2n 18 tu\u1ed5i, qu\u00fd v\u1ecb v\u1eabn c\u00f3 quy\u1ec1n nh\u1eadn c\u00e1c d\u1ecbch v\u1ee5&hellip;<\/p>\n","protected":false},"author":1,"featured_media":0,"parent":1876,"menu_order":9,"comment_status":"closed","ping_status":"closed","template":"","meta":{"footnotes":""},"class_list":["post-1904","page","type-page","status-publish","hentry"],"_links":{"self":[{"href":"https:\/\/rula.disabilityrightsca.org\/vi\/wp-json\/wp\/v2\/pages\/1904","targetHints":{"allow":["GET"]}}],"collection":[{"href":"https:\/\/rula.disabilityrightsca.org\/vi\/wp-json\/wp\/v2\/pages"}],"about":[{"href":"https:\/\/rula.disabilityrightsca.org\/vi\/wp-json\/wp\/v2\/types\/page"}],"author":[{"embeddable":true,"href":"https:\/\/rula.disabilityrightsca.org\/vi\/wp-json\/wp\/v2\/users\/1"}],"replies":[{"embeddable":true,"href":"https:\/\/rula.disabilityrightsca.org\/vi\/wp-json\/wp\/v2\/comments?post=1904"}],"version-history":[{"count":4,"href":"https:\/\/rula.disabilityrightsca.org\/vi\/wp-json\/wp\/v2\/pages\/1904\/revisions"}],"predecessor-version":[{"id":3834,"href":"https:\/\/rula.disabilityrightsca.org\/vi\/wp-json\/wp\/v2\/pages\/1904\/revisions\/3834"}],"up":[{"embeddable":true,"href":"https:\/\/rula.disabilityrightsca.org\/vi\/wp-json\/wp\/v2\/pages\/1876"}],"wp:attachment":[{"href":"https:\/\/rula.disabilityrightsca.org\/vi\/wp-json\/wp\/v2\/media?parent=1904"}],"curies":[{"name":"wp","href":"https:\/\/api.w.org\/{rel}","templated":true}]}}