{"id":1901,"date":"2021-09-23T17:34:22","date_gmt":"2021-09-23T17:34:22","guid":{"rendered":"http:\/\/www.rula.disabilityrightsca.org\/vi\/?page_id=1901"},"modified":"2022-04-21T20:54:21","modified_gmt":"2022-04-21T20:54:21","slug":"7-8-what-is-the-difference-between-ils-and-sls","status":"publish","type":"page","link":"https:\/\/rula.disabilityrightsca.org\/vi\/rula-book\/chapter-7-community-living-arrangements-for-adults\/7-8-what-is-the-difference-between-ils-and-sls\/","title":{"rendered":"(7.8) ILS v\u00e0 SLS kh\u00e1c nhau nh\u01b0 th\u1ebf n\u00e0o?"},"content":{"rendered":"\n<p>ILS ch\u1ee7 y\u1ebfu l\u00e0 \u0111\u00e0o t\u1ea1o qu\u00fd v\u1ecb h\u1ecdc t\u1eadp v\u00e0 c\u1ea3i thi\u1ec7n c\u00e1c k\u1ef9 n\u0103ng qu\u00fd v\u1ecb c\u1ea7n \u0111\u1ec3 s\u1ed1ng \u0111\u1ed9c l\u1eadp. Qu\u00fd v\u1ecb c\u0169ng c\u00f3 th\u1ec3 nh\u1eadn ILS \u0111\u1ec3 duy tr\u00ec s\u1ef1 \u0111\u1ed9c l\u1eadp n\u1ebfu qu\u00fd v\u1ecb s\u1ed1ng m\u1ed9t m\u00ecnh. Qu\u00fd v\u1ecb c\u00f3 th\u1ec3 nh\u1eadn ILS trong m\u00f4i tr\u01b0\u1eddng b\u1ea5t k\u1ef3, k\u1ec3 c\u1ea3 khi qu\u00fd v\u1ecb s\u1ed1ng t\u1ea1i nh\u00e0 v\u1edbi gia \u0111\u00ecnh ho\u1eb7c trong m\u1ed9t c\u01a1 s\u1edf \u0111\u01b0\u1ee3c c\u1ea5p ph\u00e9p trong khi qu\u00fd v\u1ecb chu\u1ea9n b\u1ecb chuy\u1ec3n ra ngo\u00e0i.<\/p>\n\n\n\n<p>SLS th\u01b0\u1eddng bao g\u1ed3m c\u00e1c d\u1ecbch v\u1ee5 tr\u1ef1c ti\u1ebfp h\u01a1n. SLS d\u00e0nh cho nh\u1eefng ng\u01b0\u1eddi kh\u00f4ng ch\u1ec9 c\u1ea7n \u0111\u00e0o t\u1ea1o \u0111\u1ec3 s\u1ed1ng \u0111\u1ed9c l\u1eadp. Qu\u00fd v\u1ecb ch\u1ec9 c\u00f3 th\u1ec3 nh\u1eadn SLS n\u1ebfu qu\u00fd v\u1ecb s\u1ed1ng m\u1ed9t m\u00ecnh \u1edf nh\u00e0 ri\u00eang ho\u1eb7c nh\u00e0 thu\u00ea.<\/p>\n\n\n\n<p>M\u1ed9t s\u1ed1 trung t\u00e2m khu v\u1ef1c kh\u00f4ng ph\u00e2n bi\u1ec7t gi\u1eefa ILS v\u00e0 SLS v\u00e0 c\u00f3 th\u1ec3 cung c\u1ea5p c\u00e1c d\u1ecbch v\u1ee5 t\u01b0\u01a1ng t\u1ef1 trong m\u1ed7i danh m\u1ee5c. H\u00e3y y\u00eau c\u1ea7u xem ch\u00ednh s\u00e1ch mua d\u1ecbch v\u1ee5 (purchase of service, POS) c\u1ee7a t\u00e2m khu v\u1ef1c \u0111\u1ec3 bi\u1ebft c\u00e1ch trung t\u00e2m khu v\u1ef1c c\u1ee7a qu\u00fd v\u1ecb m\u00f4 t\u1ea3 v\u00e0 cung c\u1ea5p c\u00e1c d\u1ecbch v\u1ee5 n\u00e0y.<\/p>\n","protected":false},"excerpt":{"rendered":"<p>ILS ch\u1ee7 y\u1ebfu l\u00e0 \u0111\u00e0o t\u1ea1o qu\u00fd v\u1ecb h\u1ecdc t\u1eadp v\u00e0 c\u1ea3i thi\u1ec7n c\u00e1c k\u1ef9 n\u0103ng qu\u00fd v\u1ecb c\u1ea7n \u0111\u1ec3 s\u1ed1ng \u0111\u1ed9c l\u1eadp. Qu\u00fd v\u1ecb&hellip;<\/p>\n","protected":false},"author":1,"featured_media":0,"parent":1876,"menu_order":8,"comment_status":"closed","ping_status":"closed","template":"","meta":{"footnotes":""},"class_list":["post-1901","page","type-page","status-publish","hentry"],"_links":{"self":[{"href":"https:\/\/rula.disabilityrightsca.org\/vi\/wp-json\/wp\/v2\/pages\/1901","targetHints":{"allow":["GET"]}}],"collection":[{"href":"https:\/\/rula.disabilityrightsca.org\/vi\/wp-json\/wp\/v2\/pages"}],"about":[{"href":"https:\/\/rula.disabilityrightsca.org\/vi\/wp-json\/wp\/v2\/types\/page"}],"author":[{"embeddable":true,"href":"https:\/\/rula.disabilityrightsca.org\/vi\/wp-json\/wp\/v2\/users\/1"}],"replies":[{"embeddable":true,"href":"https:\/\/rula.disabilityrightsca.org\/vi\/wp-json\/wp\/v2\/comments?post=1901"}],"version-history":[{"count":2,"href":"https:\/\/rula.disabilityrightsca.org\/vi\/wp-json\/wp\/v2\/pages\/1901\/revisions"}],"predecessor-version":[{"id":3109,"href":"https:\/\/rula.disabilityrightsca.org\/vi\/wp-json\/wp\/v2\/pages\/1901\/revisions\/3109"}],"up":[{"embeddable":true,"href":"https:\/\/rula.disabilityrightsca.org\/vi\/wp-json\/wp\/v2\/pages\/1876"}],"wp:attachment":[{"href":"https:\/\/rula.disabilityrightsca.org\/vi\/wp-json\/wp\/v2\/media?parent=1901"}],"curies":[{"name":"wp","href":"https:\/\/api.w.org\/{rel}","templated":true}]}}