{"id":1898,"date":"2021-09-23T17:32:12","date_gmt":"2021-09-23T17:32:12","guid":{"rendered":"http:\/\/www.rula.disabilityrightsca.org\/vi\/?page_id=1898"},"modified":"2022-04-21T20:53:45","modified_gmt":"2022-04-21T20:53:45","slug":"7-7-are-there-any-limits-on-how-much-can-be-spent-on-sls","status":"publish","type":"page","link":"https:\/\/rula.disabilityrightsca.org\/vi\/rula-book\/chapter-7-community-living-arrangements-for-adults\/7-7-are-there-any-limits-on-how-much-can-be-spent-on-sls\/","title":{"rendered":"(7.7)  C\u00f3 gi\u1edbi h\u1ea1n v\u1edbi s\u1ed1 ti\u1ec1n c\u00f3 th\u1ec3 chi cho SLS kh\u00f4ng?"},"content":{"rendered":"\n<p>Kh\u00f4ng c\u00f3 gi\u1edbi h\u1ea1n ph\u00e1p l\u00fd n\u00e0o v\u1edbi chi ph\u00ed cho c\u00e1c d\u1ecbch v\u1ee5 SLS c\u1ee7a qu\u00fd v\u1ecb. Tuy nhi\u00ean, lu\u1eadt quy \u0111\u1ecbnh t\u1ea5t c\u1ea3 d\u1ecbch v\u1ee5 v\u00e0 s\u1ef1 h\u1ed7 tr\u1ee3 m\u00e0 trung t\u00e2m khu v\u1ef1c mua ph\u1ea3i \u201chi\u1ec7u qu\u1ea3 v\u1ec1 chi ph\u00ed\u201d. <span class=\"footnote_referrer\"><a role=\"button\" tabindex=\"0\" onclick=\"footnote_moveToReference_1898_1('footnote_plugin_reference_1898_1_1');\" onkeypress=\"footnote_moveToReference_1898_1('footnote_plugin_reference_1898_1_1');\" ><sup id=\"footnote_plugin_tooltip_1898_1_1\" class=\"footnote_plugin_tooltip_text\">[1]<\/sup><\/a><span id=\"footnote_plugin_tooltip_text_1898_1_1\" class=\"footnote_tooltip\">C\u00e1c M\u1ee5c 4512(b), 4646(a), 4651(a) v\u00e0 4685(c)(3).<\/span><\/span><script type=\"text\/javascript\"> jQuery('#footnote_plugin_tooltip_1898_1_1').tooltip({ tip: '#footnote_plugin_tooltip_text_1898_1_1', tipClass: 'footnote_tooltip', effect: 'fade', predelay: 0, fadeInSpeed: 200, delay: 400, fadeOutSpeed: 200, position: 'top center', relative: true, offset: [-7, 0], });<\/script>&nbsp;Trung t\u00e2m khu v\u1ef1c ph\u1ea3i mua c\u00e1c d\u1ecbch v\u1ee5 t\u1eeb nh\u00e0 cung c\u1ea5p d\u1ecbch v\u1ee5 c\u00f3 m\u1ee9c chi ph\u00ed th\u1ea5p nh\u1ea5t \u0111\u1ed3ng th\u1eddi \u0111\u00e1p \u1ee9ng nhu c\u1ea7u c\u1ee7a qu\u00fd v\u1ecb. <span class=\"footnote_referrer\"><a role=\"button\" tabindex=\"0\" onclick=\"footnote_moveToReference_1898_1('footnote_plugin_reference_1898_1_2');\" onkeypress=\"footnote_moveToReference_1898_1('footnote_plugin_reference_1898_1_2');\" ><sup id=\"footnote_plugin_tooltip_1898_1_2\" class=\"footnote_plugin_tooltip_text\">[2]<\/sup><\/a><span id=\"footnote_plugin_tooltip_text_1898_1_2\" class=\"footnote_tooltip\">M\u1ee5c 4648(a)(6)(D).<\/span><\/span><script type=\"text\/javascript\"> jQuery('#footnote_plugin_tooltip_1898_1_2').tooltip({ tip: '#footnote_plugin_tooltip_text_1898_1_2', tipClass: 'footnote_tooltip', effect: 'fade', predelay: 0, fadeInSpeed: 200, delay: 400, fadeOutSpeed: 200, position: 'top center', relative: true, offset: [-7, 0], });<\/script><\/p>\n\n\n\n<p>Hi\u1ec7u qu\u1ea3 v\u1ec1 chi ph\u00ed \u0111\u01b0\u1ee3c \u0111\u1ecbnh ngh\u0129a l\u00e0 \u201c\u0111\u1ea1t \u0111\u01b0\u1ee3c k\u1ebft qu\u1ea3 t\u1ed1i \u01b0u v\u1edbi kho\u1ea3n chi.\u201d<span class=\"footnote_referrer\"><a role=\"button\" tabindex=\"0\" onclick=\"footnote_moveToReference_1898_1('footnote_plugin_reference_1898_1_3');\" onkeypress=\"footnote_moveToReference_1898_1('footnote_plugin_reference_1898_1_3');\" ><sup id=\"footnote_plugin_tooltip_1898_1_3\" class=\"footnote_plugin_tooltip_text\">[3]<\/sup><\/a><span id=\"footnote_plugin_tooltip_text_1898_1_3\" class=\"footnote_tooltip\">Ti\u00eau \u0110\u1ec1 17, B\u1ed9 Lu\u1eadt C\u00e1c Quy \u0110\u1ecbnh California, m\u1ee5c 58501(a)(6).<\/span><\/span><script type=\"text\/javascript\"> jQuery('#footnote_plugin_tooltip_1898_1_3').tooltip({ tip: '#footnote_plugin_tooltip_text_1898_1_3', tipClass: 'footnote_tooltip', effect: 'fade', predelay: 0, fadeInSpeed: 200, delay: 400, fadeOutSpeed: 200, position: 'top center', relative: true, offset: [-7, 0], });<\/script>&nbsp;M\u1ee5c \u0111\u00edch c\u1ee7a \u0110\u1ea1o Lu\u1eadt Lanterman l\u00e0 gi\u00fap nh\u1eefng ng\u01b0\u1eddi khuy\u1ebft t\u1eadt v\u1ec1 ph\u00e1t tri\u1ec3n s\u1ed1ng gi\u1ed1ng nh\u01b0 nh\u1eefng ng\u01b0\u1eddi kh\u00f4ng khuy\u1ebft t\u1eadt. H\u1ea7u h\u1ebft ng\u01b0\u1eddi l\u1edbn kh\u00f4ng khuy\u1ebft t\u1eadt v\u1ec1 ph\u00e1t tri\u1ec3n s\u1ed1ng \u0111\u1ed9c l\u1eadp. V\u00ec v\u1eady, ti\u1ec1n chi cho SLS \u0111\u00e1p \u1ee9ng m\u1ee9c \u01b0u ti\u00ean cao nh\u1ea5t v\u00e0 nh\u1eadn \u0111\u01b0\u1ee3c k\u1ebft qu\u1ea3 t\u1ed1t nh\u1ea5t nh\u01b0 m\u1ee5c \u0111\u00edch c\u1ee7a \u0110\u1ea1o Lu\u1eadt Lanterman.<\/p>\n\n\n\n<p>C\u00e1c d\u1ecbch v\u1ee5 hi\u1ec7u qu\u1ea3 v\u1ec1 chi ph\u00ed v\u1eabn ph\u1ea3i \u0111\u00e1p \u1ee9ng nhu c\u1ea7u c\u1ee7a qu\u00fd v\u1ecb. Khi ch\u1ecdn \u201cnh\u00e0 cung c\u1ea5p d\u1ecbch v\u1ee5 c\u00f3 m\u1ee9c chi ph\u00ed th\u1ea5p nh\u1ea5t\u201d, qu\u00fd v\u1ecb v\u00e0 trung t\u00e2m khu v\u1ef1c ph\u1ea3i c\u00e2n nh\u1eafc nh\u1eefng nh\u00e0 cung c\u1ea5p \u0111em l\u1ea1i c\u00e1c d\u1ecbch v\u1ee5 c\u00f3 ch\u1ea5t l\u01b0\u1ee3ng t\u01b0\u01a1ng t\u1ef1 v\u00e0 c\u00f3 th\u1ec3 \u0111\u00e1p \u1ee9ng nhu c\u1ea7u c\u1ee7a qu\u00fd v\u1ecb. <span class=\"footnote_referrer\"><a role=\"button\" tabindex=\"0\" onclick=\"footnote_moveToReference_1898_1('footnote_plugin_reference_1898_1_4');\" onkeypress=\"footnote_moveToReference_1898_1('footnote_plugin_reference_1898_1_4');\" ><sup id=\"footnote_plugin_tooltip_1898_1_4\" class=\"footnote_plugin_tooltip_text\">[4]<\/sup><\/a><span id=\"footnote_plugin_tooltip_text_1898_1_4\" class=\"footnote_tooltip\">M\u1ee5c 4648(a)(6)(D).<\/span><\/span><script type=\"text\/javascript\"> jQuery('#footnote_plugin_tooltip_1898_1_4').tooltip({ tip: '#footnote_plugin_tooltip_text_1898_1_4', tipClass: 'footnote_tooltip', effect: 'fade', predelay: 0, fadeInSpeed: 200, delay: 400, fadeOutSpeed: 200, position: 'top center', relative: true, offset: [-7, 0], });<\/script> Chi ph\u00ed c\u1ee7a SLS kh\u00f4ng \u0111\u01b0\u1ee3c v\u01b0\u1ee3t qu\u00e1 chi ph\u00ed c\u1ee7a d\u1ecbch v\u1ee5 v\u00e0 s\u1ef1 h\u1ed7 tr\u1ee3 trong m\u1ed9t n\u0103m \u1edf c\u01a1 s\u1edf n\u1ed9i tr\u00fa th\u00edch h\u1ee3p \u0111\u01b0\u1ee3c c\u1ea5p ph\u00e9p. <span class=\"footnote_referrer\"><a role=\"button\" tabindex=\"0\" onclick=\"footnote_moveToReference_1898_1('footnote_plugin_reference_1898_1_5');\" onkeypress=\"footnote_moveToReference_1898_1('footnote_plugin_reference_1898_1_5');\" ><sup id=\"footnote_plugin_tooltip_1898_1_5\" class=\"footnote_plugin_tooltip_text\">[5]<\/sup><\/a><span id=\"footnote_plugin_tooltip_text_1898_1_5\" class=\"footnote_tooltip\">Ti\u00eau \u0110\u1ec1 17 B\u1ed9 Lu\u1eadt C\u00e1c Quy \u0110\u1ecbnh California m\u1ee5c 58617.<\/span><\/span><script type=\"text\/javascript\"> jQuery('#footnote_plugin_tooltip_1898_1_5').tooltip({ tip: '#footnote_plugin_tooltip_text_1898_1_5', tipClass: 'footnote_tooltip', effect: 'fade', predelay: 0, fadeInSpeed: 200, delay: 400, fadeOutSpeed: 200, position: 'top center', relative: true, offset: [-7, 0], });<\/script>&nbsp;Gi\u1edbi h\u1ea1n n\u00e0y \u0111\u01b0\u1ee3c g\u1ecdi l\u00e0 \u201cgi\u1edbi h\u1ea1n chi ph\u00ed\u201d. M\u1ed7i trung t\u00e2m khu v\u1ef1c s\u1eed d\u1ee5ng gi\u1edbi h\u1ea1n n\u00e0y theo c\u00e1ch kh\u00e1c nhau nh\u01b0ng h\u1ecd kh\u00f4ng th\u1ec3 ng\u0103n qu\u00fd v\u1ecb nh\u1eadn SLS v\u00ec \u201cgi\u1edbi h\u1ea1n chi ph\u00ed\u201d.<\/p>\n\n\n\n<p>Trung t\u00e2m khu v\u1ef1c v\u00e0 nh\u00f3m IPP c\u1ee7a qu\u00fd v\u1ecb c\u00f3 th\u1ec3 xem x\u00e9t chi ph\u00ed khi quy\u1ebft \u0111\u1ecbnh nh\u00e0 cung c\u1ea5p ho\u1eb7c ph\u01b0\u01a1ng ph\u00e1p \u0111\u1ea1t \u0111\u01b0\u1ee3c m\u1ee5c \u0111\u00edch. Tuy nhi\u00ean, chi ph\u00ed kh\u00f4ng th\u1ec3 l\u00e0 y\u1ebfu t\u1ed1 c\u00e2n nh\u1eafc duy nh\u1ea5t. <span class=\"footnote_referrer\"><a role=\"button\" tabindex=\"0\" onclick=\"footnote_moveToReference_1898_1('footnote_plugin_reference_1898_1_6');\" onkeypress=\"footnote_moveToReference_1898_1('footnote_plugin_reference_1898_1_6');\" ><sup id=\"footnote_plugin_tooltip_1898_1_6\" class=\"footnote_plugin_tooltip_text\">[6]<\/sup><\/a><span id=\"footnote_plugin_tooltip_text_1898_1_6\" class=\"footnote_tooltip\">M\u1ee5c 4512(b).<\/span><\/span><script type=\"text\/javascript\"> jQuery('#footnote_plugin_tooltip_1898_1_6').tooltip({ tip: '#footnote_plugin_tooltip_text_1898_1_6', tipClass: 'footnote_tooltip', effect: 'fade', predelay: 0, fadeInSpeed: 200, delay: 400, fadeOutSpeed: 200, position: 'top center', relative: true, offset: [-7, 0], });<\/script>&nbsp;Trung t\u00e2m khu v\u1ef1c v\u00e0 nh\u00f3m IPP c\u0169ng ph\u1ea3i c\u00e2n nh\u1eafc ch\u1ea5t l\u01b0\u1ee3ng c\u1ee7a d\u1ecbch v\u1ee5 v\u00e0 s\u1edf th\u00edch c\u1ee7a qu\u00fd v\u1ecb. Kh\u00f4ng ng\u01b0\u1eddi n\u00e0o c\u00f3 th\u1ec3 b\u1eaft qu\u00fd v\u1ecb ch\u1ea5p nh\u1eadn d\u1ecbch v\u1ee5 r\u1ebb nh\u1ea5t n\u1ebfu d\u1ecbch v\u1ee5 \u0111\u00f3 kh\u00f4ng \u0111\u00e1p \u1ee9ng nhu c\u1ea7u c\u1ee7a qu\u00fd v\u1ecb. Tuy nhi\u00ean, n\u1ebfu m\u1ed9t b\u00ean cung c\u1ea5p v\u1edbi chi ph\u00ed r\u1ebb h\u01a1n c\u00f3 th\u1ec3 gi\u00fap qu\u00fd v\u1ecb \u0111\u1ea1t \u0111\u01b0\u1ee3c m\u1ee5c \u0111\u00edch, qu\u00fd v\u1ecb c\u00f3 th\u1ec3 ph\u1ea3i s\u1eed d\u1ee5ng b\u00ean cung c\u1ea5p \u0111\u00f3.<\/p>\n\n\n\n<p>N\u1ebfu trung t\u00e2m khu v\u1ef1c c\u1ee7a qu\u00fd v\u1ecb mu\u1ed1n thay \u0111\u1ed5i SLS c\u1ee7a qu\u00fd v\u1ecb, h\u1ecd ph\u1ea3i:<\/p>\n\n\n\n<ul class=\"wp-block-list\"><li>t\u1ed5 ch\u1ee9c cu\u1ed9c h\u1ecdp IPP v\u00e0 \u0111\u1ea1t \u0111\u01b0\u1ee3c th\u1ecfa thu\u1eadn v\u1edbi qu\u00fd v\u1ecb v\u1ec1 thay \u0111\u1ed5i \u0111\u00f3, ho\u1eb7c<\/li><li>cung c\u1ea5p cho qu\u00fd v\u1ecb v\u0103n b\u1ea3n th\u00f4ng b\u00e1o c\u00f3 c\u00e1c l\u00fd do cho thay \u0111\u1ed5i \u0111\u01b0\u1ee3c \u0111\u1ec1 xu\u1ea5t v\u00e0 c\u00e1ch qu\u00fd v\u1ecb c\u00f3 th\u1ec3 kh\u00e1ng c\u00e1o. <span class=\"footnote_referrer\"><a role=\"button\" tabindex=\"0\" onclick=\"footnote_moveToReference_1898_1('footnote_plugin_reference_1898_1_7');\" onkeypress=\"footnote_moveToReference_1898_1('footnote_plugin_reference_1898_1_7');\" ><sup id=\"footnote_plugin_tooltip_1898_1_7\" class=\"footnote_plugin_tooltip_text\">[7]<\/sup><\/a><span id=\"footnote_plugin_tooltip_text_1898_1_7\" class=\"footnote_tooltip\">M\u1ee5c 4689(p)(3).<\/span><\/span><script type=\"text\/javascript\"> jQuery('#footnote_plugin_tooltip_1898_1_7').tooltip({ tip: '#footnote_plugin_tooltip_text_1898_1_7', tipClass: 'footnote_tooltip', effect: 'fade', predelay: 0, fadeInSpeed: 200, delay: 400, fadeOutSpeed: 200, position: 'top center', relative: true, offset: [-7, 0], });<\/script><\/li><\/ul>\n<div class=\"speaker-mute footnotes_reference_container\"> <div class=\"footnote_container_prepare\"><p><span role=\"button\" tabindex=\"0\" class=\"footnote_reference_container_label pointer\" onclick=\"footnote_expand_collapse_reference_container_1898_1();\">&#x202F;<\/span><span role=\"button\" tabindex=\"0\" class=\"footnote_reference_container_collapse_button\" style=\"display: none;\" onclick=\"footnote_expand_collapse_reference_container_1898_1();\">[<a id=\"footnote_reference_container_collapse_button_1898_1\">+<\/a>]<\/span><\/p><\/div> <div id=\"footnote_references_container_1898_1\" style=\"\"><table class=\"footnotes_table footnote-reference-container\"><caption class=\"accessibility\">References<\/caption> <tbody> \r\n\r\n<tr class=\"footnotes_plugin_reference_row\"> <th scope=\"row\" class=\"footnote_plugin_index_combi pointer\"  onclick=\"footnote_moveToAnchor_1898_1('footnote_plugin_tooltip_1898_1_1');\"><a id=\"footnote_plugin_reference_1898_1_1\" class=\"footnote_backlink\"><span class=\"footnote_index_arrow\">&#8593;<\/span>1<\/a><\/th> <td class=\"footnote_plugin_text\">C\u00e1c M\u1ee5c 4512(b), 4646(a), 4651(a) v\u00e0 4685(c)(3).<\/td><\/tr>\r\n\r\n<tr class=\"footnotes_plugin_reference_row\"> <th scope=\"row\" class=\"footnote_plugin_index_combi\" ><a id=\"footnote_plugin_reference_1898_1_2\" class=\"footnote_backlink\" onclick=\"footnote_moveToAnchor_1898_1('footnote_plugin_tooltip_1898_1_2');\"><span class=\"footnote_index_arrow\">&#8593;<\/span>2,<\/a> <a id=\"footnote_plugin_reference_1898_1_4\" class=\"footnote_backlink\" onclick=\"footnote_moveToAnchor_1898_1('footnote_plugin_tooltip_1898_1_4');\"><span class=\"footnote_index_arrow\">&#8593;<\/span>4<\/a><\/th> <td class=\"footnote_plugin_text\">M\u1ee5c 4648(a)(6)(D).<\/td><\/tr>\r\n\r\n<tr class=\"footnotes_plugin_reference_row\"> <th scope=\"row\" class=\"footnote_plugin_index_combi pointer\"  onclick=\"footnote_moveToAnchor_1898_1('footnote_plugin_tooltip_1898_1_3');\"><a id=\"footnote_plugin_reference_1898_1_3\" class=\"footnote_backlink\"><span class=\"footnote_index_arrow\">&#8593;<\/span>3<\/a><\/th> <td class=\"footnote_plugin_text\">Ti\u00eau \u0110\u1ec1 17, B\u1ed9 Lu\u1eadt C\u00e1c Quy \u0110\u1ecbnh California, m\u1ee5c 58501(a)(6).<\/td><\/tr>\r\n\r\n<tr class=\"footnotes_plugin_reference_row\"> <th scope=\"row\" class=\"footnote_plugin_index_combi pointer\"  onclick=\"footnote_moveToAnchor_1898_1('footnote_plugin_tooltip_1898_1_5');\"><a id=\"footnote_plugin_reference_1898_1_5\" class=\"footnote_backlink\"><span class=\"footnote_index_arrow\">&#8593;<\/span>5<\/a><\/th> <td class=\"footnote_plugin_text\">Ti\u00eau \u0110\u1ec1 17 B\u1ed9 Lu\u1eadt C\u00e1c Quy \u0110\u1ecbnh California m\u1ee5c 58617.<\/td><\/tr>\r\n\r\n<tr class=\"footnotes_plugin_reference_row\"> <th scope=\"row\" class=\"footnote_plugin_index_combi pointer\"  onclick=\"footnote_moveToAnchor_1898_1('footnote_plugin_tooltip_1898_1_6');\"><a id=\"footnote_plugin_reference_1898_1_6\" class=\"footnote_backlink\"><span class=\"footnote_index_arrow\">&#8593;<\/span>6<\/a><\/th> <td class=\"footnote_plugin_text\">M\u1ee5c 4512(b).<\/td><\/tr>\r\n\r\n<tr class=\"footnotes_plugin_reference_row\"> <th scope=\"row\" class=\"footnote_plugin_index_combi pointer\"  onclick=\"footnote_moveToAnchor_1898_1('footnote_plugin_tooltip_1898_1_7');\"><a id=\"footnote_plugin_reference_1898_1_7\" class=\"footnote_backlink\"><span class=\"footnote_index_arrow\">&#8593;<\/span>7<\/a><\/th> <td class=\"footnote_plugin_text\">M\u1ee5c 4689(p)(3).<\/td><\/tr>\r\n\r\n <\/tbody> <\/table> <\/div><\/div><script type=\"text\/javascript\"> function footnote_expand_reference_container_1898_1() { jQuery('#footnote_references_container_1898_1').show(); jQuery('#footnote_reference_container_collapse_button_1898_1').text('\u2212'); } function footnote_collapse_reference_container_1898_1() { jQuery('#footnote_references_container_1898_1').hide(); jQuery('#footnote_reference_container_collapse_button_1898_1').text('+'); } function footnote_expand_collapse_reference_container_1898_1() { if (jQuery('#footnote_references_container_1898_1').is(':hidden')) { footnote_expand_reference_container_1898_1(); } else { footnote_collapse_reference_container_1898_1(); } } function footnote_moveToReference_1898_1(p_str_TargetID) { footnote_expand_reference_container_1898_1(); var l_obj_Target = jQuery('#' + p_str_TargetID); if (l_obj_Target.length) { jQuery( 'html, body' ).delay( 0 ); jQuery('html, body').animate({ scrollTop: l_obj_Target.offset().top - window.innerHeight * 0.2 }, 380); } } function footnote_moveToAnchor_1898_1(p_str_TargetID) { footnote_expand_reference_container_1898_1(); var l_obj_Target = jQuery('#' + p_str_TargetID); if (l_obj_Target.length) { jQuery( 'html, body' ).delay( 0 ); jQuery('html, body').animate({ scrollTop: l_obj_Target.offset().top - window.innerHeight * 0.2 }, 380); } }<\/script>","protected":false},"excerpt":{"rendered":"<p>Kh\u00f4ng c\u00f3 gi\u1edbi h\u1ea1n ph\u00e1p l\u00fd n\u00e0o v\u1edbi chi ph\u00ed cho c\u00e1c d\u1ecbch v\u1ee5 SLS c\u1ee7a qu\u00fd v\u1ecb. Tuy nhi\u00ean, lu\u1eadt quy \u0111\u1ecbnh t\u1ea5t c\u1ea3&hellip;<\/p>\n","protected":false},"author":1,"featured_media":0,"parent":1876,"menu_order":7,"comment_status":"closed","ping_status":"closed","template":"","meta":{"footnotes":""},"class_list":["post-1898","page","type-page","status-publish","hentry"],"_links":{"self":[{"href":"https:\/\/rula.disabilityrightsca.org\/vi\/wp-json\/wp\/v2\/pages\/1898","targetHints":{"allow":["GET"]}}],"collection":[{"href":"https:\/\/rula.disabilityrightsca.org\/vi\/wp-json\/wp\/v2\/pages"}],"about":[{"href":"https:\/\/rula.disabilityrightsca.org\/vi\/wp-json\/wp\/v2\/types\/page"}],"author":[{"embeddable":true,"href":"https:\/\/rula.disabilityrightsca.org\/vi\/wp-json\/wp\/v2\/users\/1"}],"replies":[{"embeddable":true,"href":"https:\/\/rula.disabilityrightsca.org\/vi\/wp-json\/wp\/v2\/comments?post=1898"}],"version-history":[{"count":4,"href":"https:\/\/rula.disabilityrightsca.org\/vi\/wp-json\/wp\/v2\/pages\/1898\/revisions"}],"predecessor-version":[{"id":3107,"href":"https:\/\/rula.disabilityrightsca.org\/vi\/wp-json\/wp\/v2\/pages\/1898\/revisions\/3107"}],"up":[{"embeddable":true,"href":"https:\/\/rula.disabilityrightsca.org\/vi\/wp-json\/wp\/v2\/pages\/1876"}],"wp:attachment":[{"href":"https:\/\/rula.disabilityrightsca.org\/vi\/wp-json\/wp\/v2\/media?parent=1898"}],"curies":[{"name":"wp","href":"https:\/\/api.w.org\/{rel}","templated":true}]}}