{"id":1895,"date":"2021-09-23T17:26:22","date_gmt":"2021-09-23T17:26:22","guid":{"rendered":"http:\/\/www.rula.disabilityrightsca.org\/vi\/?page_id=1895"},"modified":"2022-06-24T16:59:47","modified_gmt":"2022-06-24T16:59:47","slug":"7-6-how-is-sls-paid-for","status":"publish","type":"page","link":"https:\/\/rula.disabilityrightsca.org\/vi\/rula-book\/chapter-7-community-living-arrangements-for-adults\/7-6-how-is-sls-paid-for\/","title":{"rendered":"(7.6) SLS \u0111\u01b0\u1ee3c thanh to\u00e1n nh\u01b0 th\u1ebf n\u00e0o?"},"content":{"rendered":"\n<p>Trong m\u1ed9t ph\u01b0\u01a1ng \u00e1n s\u1eafp x\u1ebfp h\u1ed7 tr\u1ee3 \u0111\u1eddi s\u1ed1ng, qu\u00fd v\u1ecb ph\u1ea3i s\u1eed d\u1ee5ng SSI ho\u1eb7c thu nh\u1eadp kh\u00e1c \u0111\u1ec3 thanh to\u00e1n cho chi thu\u00ea ho\u1eb7c th\u1ebf ch\u1ea5p nh\u00e0, th\u1ef1c ph\u1ea9m, \u0111i\u1ec7n, \u0111i\u1ec7n tho\u1ea1i, c\u00e1c ti\u1ec7n \u00edch kh\u00e1c v\u00e0 chi ph\u00ed gi\u1ea3i tr\u00ed. <span class=\"footnote_referrer\"><a role=\"button\" tabindex=\"0\" onclick=\"footnote_moveToReference_1895_1('footnote_plugin_reference_1895_1_1');\" onkeypress=\"footnote_moveToReference_1895_1('footnote_plugin_reference_1895_1_1');\" ><sup id=\"footnote_plugin_tooltip_1895_1_1\" class=\"footnote_plugin_tooltip_text\">[1]<\/sup><\/a><span id=\"footnote_plugin_tooltip_text_1895_1_1\" class=\"footnote_tooltip\">M\u1ee5c 4689(i) &amp; (j).<\/span><\/span><script type=\"text\/javascript\"> jQuery('#footnote_plugin_tooltip_1895_1_1').tooltip({ tip: '#footnote_plugin_tooltip_text_1895_1_1', tipClass: 'footnote_tooltip', effect: 'fade', predelay: 0, fadeInSpeed: 200, delay: 400, fadeOutSpeed: 200, position: 'top center', relative: true, offset: [-7, 0], });<\/script> Trung t\u00e2m khu v\u1ef1c thanh to\u00e1n cho nh\u00e0 cung c\u1ea5p SLS \u0111\u1ed1i v\u1edbi c\u00e1c d\u1ecbch v\u1ee5 v\u00e0 s\u1ef1 h\u1ed7 tr\u1ee3 qu\u00fd v\u1ecb mu\u1ed1n v\u00e0 c\u1ea7n \u0111\u1ec3 s\u1ed1ng trong nh\u00e0 ri\u00eang. Tuy nhi\u00ean, tr\u01b0\u1edbc khi trung t\u00e2m khu v\u1ef1c \u0111\u1ed3ng \u00fd mua b\u1ea5t k\u1ef3 d\u1ecbch v\u1ee5 h\u1ed7 tr\u1ee3 \u0111\u1eddi s\u1ed1ng c\u1ee5 th\u1ec3 n\u00e0o, nh\u00f3m l\u1eadp k\u1ebf ho\u1ea1ch c\u1ee7a qu\u00fd v\u1ecb s\u1ebd xem qu\u00fd v\u1ecb c\u00f3 th\u1ec3 s\u1eed d\u1ee5ng \u201cs\u1ef1 h\u1ed7 tr\u1ee3 t\u1ef1 nhi\u00ean\u201d (b\u1ea1n b\u00e8 ho\u1eb7c gia \u0111\u00ecnh) v\u00e0 c\u01a1 quan chung kh\u00f4ng. <span class=\"footnote_referrer\"><a role=\"button\" tabindex=\"0\" onclick=\"footnote_moveToReference_1895_1('footnote_plugin_reference_1895_1_2');\" onkeypress=\"footnote_moveToReference_1895_1('footnote_plugin_reference_1895_1_2');\" ><sup id=\"footnote_plugin_tooltip_1895_1_2\" class=\"footnote_plugin_tooltip_text\">[2]<\/sup><\/a><span id=\"footnote_plugin_tooltip_text_1895_1_2\" class=\"footnote_tooltip\">M\u1ee5c 4689(g).<\/span><\/span><script type=\"text\/javascript\"> jQuery('#footnote_plugin_tooltip_1895_1_2').tooltip({ tip: '#footnote_plugin_tooltip_text_1895_1_2', tipClass: 'footnote_tooltip', effect: 'fade', predelay: 0, fadeInSpeed: 200, delay: 400, fadeOutSpeed: 200, position: 'top center', relative: true, offset: [-7, 0], });<\/script> V\u00ed d\u1ee5 v\u1ec1 s\u1ef1 h\u1ed7 tr\u1ee3 c\u1ee7a m\u1ed9t c\u01a1 quan chung l\u00e0 ch\u01b0\u01a1ng tr\u00ecnh D\u1ecbch V\u1ee5 H\u1ed7 Tr\u1ee3 T\u1ea1i Nh\u00e0 (In-Home Supportive Services, IHSS) c\u1ee7a h\u1ea1t, thanh to\u00e1n cho nh\u1eefng ng\u01b0\u1eddi cung c\u1ea5p d\u1ecbch v\u1ee5 ch\u0103m s\u00f3c cho qu\u00fd v\u1ecb t\u1ea1i nh\u00e0. <span class=\"footnote_referrer\"><a role=\"button\" tabindex=\"0\" onclick=\"footnote_moveToReference_1895_1('footnote_plugin_reference_1895_1_3');\" onkeypress=\"footnote_moveToReference_1895_1('footnote_plugin_reference_1895_1_3');\" ><sup id=\"footnote_plugin_tooltip_1895_1_3\" class=\"footnote_plugin_tooltip_text\">[3]<\/sup><\/a><span id=\"footnote_plugin_tooltip_text_1895_1_3\" class=\"footnote_tooltip\">Xem\u00a0c\u1ea9m nang v\u1ec1 IHSS \u201cT\u1eadp T\u00e0i Li\u1ec7u v\u1ec1 \u0110i\u1ec1u Tr\u1ea7n C\u00f4ng B\u1eb1ng v\u00e0 T\u1ef1 \u0110\u00e1nh Gi\u00e1 trong IHSS\u201d c\u1ee7a Disability Rights California. Qu\u00fd v\u1ecb c\u00f3 th\u1ec3 xem t\u1ea1i trang web c\u1ee7a&nbsp;&#x2026; <span class=\"footnote_tooltip_continue\"  onclick=\"footnote_moveToReference_1895_1('footnote_plugin_reference_1895_1_3');\">Continue reading<\/span><\/span><\/span><script type=\"text\/javascript\"> jQuery('#footnote_plugin_tooltip_1895_1_3').tooltip({ tip: '#footnote_plugin_tooltip_text_1895_1_3', tipClass: 'footnote_tooltip', effect: 'fade', predelay: 0, fadeInSpeed: 200, delay: 400, fadeOutSpeed: 200, position: 'top center', relative: true, offset: [-7, 0], });<\/script><\/p>\n\n\n\n<p>Qu\u00fd v\u1ecb s\u1ebd c\u00f3 th\u00eam chi ph\u00ed khi qu\u00fd v\u1ecb l\u1ea7n \u0111\u1ea7u d\u1ecdn v\u00e0o nh\u00e0 ri\u00eang. Qu\u00fd v\u1ecb (ho\u1eb7c gia \u0111\u00ecnh hay b\u1ea1n b\u00e8 c\u1ee7a qu\u00fd v\u1ecb) ph\u1ea3i thanh to\u00e1n chi ph\u00ed d\u1ecdn v\u00e0o, bao g\u1ed3m ti\u1ec1n \u0111\u1eb7t c\u1ecdc, \u0111\u1ed3 n\u1ed9i th\u1ea5t v\u00e0 \u0111\u1ed3 d\u00f9ng gia \u0111\u00ecnh. Tuy nhi\u00ean, n\u1ebfu qu\u00fd v\u1ecb kh\u00f4ng th\u1ec3 thanh to\u00e1n chi ph\u00ed d\u1ecdn v\u00e0o ho\u1eb7c chi ph\u00ed \u0111\u1ecbnh k\u1ef3&nbsp;<em>v\u00e0<\/em>&nbsp;vi\u1ec7c \u0111\u00f3 s\u1ebd ti\u1ebft ki\u1ec7m ti\u1ec1n c\u1ee7a ti\u1ec3u bang, trung t\u00e2m khu v\u1ef1c c\u1ee7a qu\u00fd v\u1ecb c\u00f3 th\u1ec3 thanh to\u00e1n ph\u00ed d\u1ecdn nh\u00e0, ti\u1ec1n \u0111\u1eb7t c\u1ecdc thu\u00ea nh\u00e0 ho\u1eb7c ti\u1ec7n \u00edch, \u0111\u1ed3 n\u1ed9i th\u1ea5t, ho\u1eb7c ti\u1ec1n thu\u00ea \u0111\u1ecbnh k\u1ef3 ho\u1eb7c chi ph\u00ed ti\u1ec7n \u00edch. <span class=\"footnote_referrer\"><a role=\"button\" tabindex=\"0\" onclick=\"footnote_moveToReference_1895_1('footnote_plugin_reference_1895_1_4');\" onkeypress=\"footnote_moveToReference_1895_1('footnote_plugin_reference_1895_1_4');\" ><sup id=\"footnote_plugin_tooltip_1895_1_4\" class=\"footnote_plugin_tooltip_text\">[4]<\/sup><\/a><span id=\"footnote_plugin_tooltip_text_1895_1_4\" class=\"footnote_tooltip\">Ti\u00eau \u0110\u1ec1 17 B\u1ed9 Lu\u1eadt C\u00e1c Quy \u0110\u1ecbnh California m\u1ee5c 58611(b).<\/span><\/span><script type=\"text\/javascript\"> jQuery('#footnote_plugin_tooltip_1895_1_4').tooltip({ tip: '#footnote_plugin_tooltip_text_1895_1_4', tipClass: 'footnote_tooltip', effect: 'fade', predelay: 0, fadeInSpeed: 200, delay: 400, fadeOutSpeed: 200, position: 'top center', relative: true, offset: [-7, 0], });<\/script> V\u1ec1 vi\u1ec7c n\u00e0y, gi\u00e1m \u0111\u1ed1c \u0111i\u1ec1u h\u00e0nh trung t\u00e2m khu v\u1ef1c ph\u1ea3i c\u00f4ng b\u1ed1 b\u1eb1ng v\u0103n b\u1ea3n r\u1eb1ng: (1) kho\u1ea3n thanh to\u00e1n l\u00e0 c\u1ea7n thi\u1ebft \u0111\u1ec3 \u0111\u00e1p \u1ee9ng nhu c\u1ea7u ch\u0103m s\u00f3c ri\u00eang v\u00e0 c\u1ee5 th\u1ec3 c\u1ee7a qu\u00fd v\u1ecb nh\u01b0 \u0111\u00e3 m\u00f4 t\u1ea3 trong IPP, v\u00e0 (2) t\u00ecnh tr\u1ea1ng y t\u1ebf, h\u00e0nh vi ho\u1eb7c t\u00e2m th\u1ea7n \u0111\u00e3 x\u00e1c nh\u1eadn c\u1ee7a qu\u00fd v\u1ecb th\u1ec3 hi\u1ec7n r\u1ee7i ro s\u1ee9c kh\u1ecfe v\u00e0 an to\u00e0n \u0111\u1ed1i v\u1edbi qu\u00fd v\u1ecb ho\u1eb7c ng\u01b0\u1eddi kh\u00e1c. <span class=\"footnote_referrer\"><a role=\"button\" tabindex=\"0\" onclick=\"footnote_moveToReference_1895_1('footnote_plugin_reference_1895_1_5');\" onkeypress=\"footnote_moveToReference_1895_1('footnote_plugin_reference_1895_1_5');\" ><sup id=\"footnote_plugin_tooltip_1895_1_5\" class=\"footnote_plugin_tooltip_text\">[5]<\/sup><\/a><span id=\"footnote_plugin_tooltip_text_1895_1_5\" class=\"footnote_tooltip\">M\u1ee5c 4689(j)(1)(A).<\/span><\/span><script type=\"text\/javascript\"> jQuery('#footnote_plugin_tooltip_1895_1_5').tooltip({ tip: '#footnote_plugin_tooltip_text_1895_1_5', tipClass: 'footnote_tooltip', effect: 'fade', predelay: 0, fadeInSpeed: 200, delay: 400, fadeOutSpeed: 200, position: 'top center', relative: true, offset: [-7, 0], });<\/script><\/p>\n\n\n\n<p>Trung t\u00e2m khu v\u1ef1c kh\u00f4ng th\u1ec3 thanh to\u00e1n chi ph\u00ed thu\u00ea nh\u00e0 ng\u1eafn h\u1ea1n, th\u1ebf ch\u1ea5p nh\u00e0, thu\u00ea nh\u00e0 d\u00e0i h\u1ea1n ho\u1eb7c chi ph\u00ed sinh ho\u1ea1t gia \u0111\u00ecnh c\u1ee7a qu\u00fd v\u1ecb trong h\u01a1n s\u00e1u th\u00e1ng, tr\u1eeb khi trung t\u00e2m th\u1ea5y \u0111i\u1ec1u \u0111\u00f3 l\u00e0 c\u1ea7n thi\u1ebft \u0111\u1ec3 \u0111\u00e1p \u1ee9ng nhu c\u1ea7u c\u1ee7a qu\u00fd v\u1ecb nh\u01b0 m\u00f4 t\u1ea3 trong IPP. Trung t\u00e2m khu v\u1ef1c s\u1ebd xem x\u00e9t nhu c\u1ea7u c\u1ee7a qu\u00fd v\u1ecb m\u1ed7i qu\u00fd. Ngo\u00e0i ra, gi\u00e1m \u0111\u1ed1c \u0111i\u1ec1u h\u00e0nh c\u1ee7a trung t\u00e2m khu v\u1ef1c ph\u1ea3i x\u00e1c nh\u1eadn m\u1ed7i n\u0103m trong ph\u1ea7n b\u1ed5 sung IPP r\u1eb1ng qu\u00fd v\u1ecb \u0111\u00e1p \u1ee9ng hai \u0111i\u1ec1u ki\u1ec7n ngo\u1ea1i l\u1ec7. <span class=\"footnote_referrer\"><a role=\"button\" tabindex=\"0\" onclick=\"footnote_moveToReference_1895_1('footnote_plugin_reference_1895_1_6');\" onkeypress=\"footnote_moveToReference_1895_1('footnote_plugin_reference_1895_1_6');\" ><sup id=\"footnote_plugin_tooltip_1895_1_6\" class=\"footnote_plugin_tooltip_text\">[6]<\/sup><\/a><span id=\"footnote_plugin_tooltip_text_1895_1_6\" class=\"footnote_tooltip\">M\u1ee5c 4689(j)(1)(C).<\/span><\/span><script type=\"text\/javascript\"> jQuery('#footnote_plugin_tooltip_1895_1_6').tooltip({ tip: '#footnote_plugin_tooltip_text_1895_1_6', tipClass: 'footnote_tooltip', effect: 'fade', predelay: 0, fadeInSpeed: 200, delay: 400, fadeOutSpeed: 200, position: 'top center', relative: true, offset: [-7, 0], });<\/script><\/p>\n\n\n\n<p>C\u00e1c c\u01a1 quan c\u00f9ng nh\u1eefng ngu\u1ed3n l\u1ef1c kh\u00e1c c\u00f3 th\u1ec3 gi\u00fap qu\u00fd v\u1ecb l\u1eadp k\u1ebf ho\u1ea1ch cho c\u00e1c d\u1ecbch v\u1ee5 SLS bao g\u1ed3m:<\/p>\n\n\n\n<ul class=\"wp-block-list\"><li>Trung t\u00e2m khu v\u1ef1c c\u1ee7a qu\u00fd v\u1ecb. \u2013 M\u1ed9t s\u1ed1 trung t\u00e2m khu v\u1ef1c c\u00f3 \u0111i\u1ec1u ph\u1ed1i vi\u00ean SLS.<\/li><li>S\u1edf D\u1ecbch V\u1ee5 Ph\u00e1t Tri\u1ec3n (Department of Developmental Services, DDS) \u2013 G\u1ecdi s\u1ed1 (916) 654-2140 v\u00e0 y\u00eau c\u1ea7u n\u00f3i chuy\u1ec7n v\u1edbi ng\u01b0\u1eddi bi\u1ebft v\u1ec1 d\u1ecbch v\u1ee5 h\u1ed7 tr\u1ee3 \u0111\u1eddi s\u1ed1ng ho\u1eb7c \u0111\u1eb7t h\u00e0ng m\u1ed9t \u1ea5n ph\u1ea9m v\u1ec1 d\u1ecbch v\u1ee5 h\u1ed7 tr\u1ee3 \u0111\u1eddi s\u1ed1ng c\u1ee7a DDS.<\/li><li><strong>Disability Rights California<\/strong>&nbsp;\u2013 Y\u00eau c\u1ea7u cung c\u1ea5p \u1ea5n ph\u1ea9m v\u1ec1 D\u1ecb\u0323ch V\u1ee5 H\u1ed7 Tr\u1ee3 \u0110\u1eddi S\u1ed1ng.<\/li><li><strong>K\u1ebft N\u1ed1i Th\u00f4ng Tin v\u00e0 Ngu\u1ed3n L\u1ef1c v\u1ec1 \u0110\u1eddi S\u1ed1ng T\u1ea1i C\u1ed9ng \u0110\u1ed3ng (Connections for Information and Resources on Community Living,<\/strong>&nbsp;CIRCL) \u2013 \u0110\u00e2y l\u00e0 m\u1ea1ng l\u01b0\u1edbi nh\u1eefng ng\u01b0\u1eddi c\u00f3 nhi\u1ec1u n\u0103m kinh nghi\u1ec7m h\u1ed7 tr\u1ee3 \u0111\u1eddi s\u1ed1ng. CIRCL gi\u00fap m\u1ecdi ng\u01b0\u1eddi c\u00e2n nh\u1eafc, b\u1eaft \u0111\u1ea7u v\u00e0 c\u1ea3i thi\u1ec7n d\u1ecbch v\u1ee5 h\u1ed7 tr\u1ee3 \u0111\u1eddi s\u1ed1ng. Li\u00ean h\u1ec7 v\u1edbi CIRCL theo s\u1ed1 (626) 447-5477 ho\u1eb7c (530) 644-6653. Truy c\u1eadp tr\u1ef1c tuy\u1ebfn v\u00e0o allenshea.com.<\/li><li><strong>M\u1ea1ng L\u01b0\u1edbi H\u1ed7 Tr\u1ee3 \u0110\u1eddi S\u1ed1ng California (California Supported Living Network,<\/strong>&nbsp;CSLN) \u2013 CSLN l\u00e0 m\u1ea1ng l\u01b0\u1edbi g\u1ed3m ng\u01b0\u1eddi d\u00e2n v\u00e0 nh\u00e0 cung c\u1ea5p \u1edf California b\u00eanh v\u1ef1c cho d\u1ecbch v\u1ee5 h\u1ed7 tr\u1ee3 \u0111\u1eddi s\u1ed1ng ch\u1ea5t l\u01b0\u1ee3ng. Li\u00ean h\u1ec7 v\u1edbi CSLN t\u1ea1i&nbsp;<a href=\"http:\/\/www.ccln.org\">www.ccln.org<\/a>&nbsp;ho\u1eb7c theo s\u1ed1 (415) 505-5975.<\/li><li><strong>California Supported Living Network<\/strong> (CSLN) \u2013 CSLN is a network of people and providers in California who advocate for quality supported living services. &nbsp;Contact CSLN at <a href=\"http:\/\/www.ccln.org\">www.ccln.org<\/a> or at (415) 505-5975.<\/li><\/ul>\n<div class=\"speaker-mute footnotes_reference_container\"> <div class=\"footnote_container_prepare\"><p><span role=\"button\" tabindex=\"0\" class=\"footnote_reference_container_label pointer\" onclick=\"footnote_expand_collapse_reference_container_1895_1();\">&#x202F;<\/span><span role=\"button\" tabindex=\"0\" class=\"footnote_reference_container_collapse_button\" style=\"display: none;\" onclick=\"footnote_expand_collapse_reference_container_1895_1();\">[<a id=\"footnote_reference_container_collapse_button_1895_1\">+<\/a>]<\/span><\/p><\/div> <div id=\"footnote_references_container_1895_1\" style=\"\"><table class=\"footnotes_table footnote-reference-container\"><caption class=\"accessibility\">References<\/caption> <tbody> \r\n\r\n<tr class=\"footnotes_plugin_reference_row\"> <th scope=\"row\" class=\"footnote_plugin_index_combi pointer\"  onclick=\"footnote_moveToAnchor_1895_1('footnote_plugin_tooltip_1895_1_1');\"><a id=\"footnote_plugin_reference_1895_1_1\" class=\"footnote_backlink\"><span class=\"footnote_index_arrow\">&#8593;<\/span>1<\/a><\/th> <td class=\"footnote_plugin_text\">M\u1ee5c 4689(i) &amp; (j).<\/td><\/tr>\r\n\r\n<tr class=\"footnotes_plugin_reference_row\"> <th scope=\"row\" class=\"footnote_plugin_index_combi pointer\"  onclick=\"footnote_moveToAnchor_1895_1('footnote_plugin_tooltip_1895_1_2');\"><a id=\"footnote_plugin_reference_1895_1_2\" class=\"footnote_backlink\"><span class=\"footnote_index_arrow\">&#8593;<\/span>2<\/a><\/th> <td class=\"footnote_plugin_text\">M\u1ee5c 4689(g).<\/td><\/tr>\r\n\r\n<tr class=\"footnotes_plugin_reference_row\"> <th scope=\"row\" class=\"footnote_plugin_index_combi pointer\"  onclick=\"footnote_moveToAnchor_1895_1('footnote_plugin_tooltip_1895_1_3');\"><a id=\"footnote_plugin_reference_1895_1_3\" class=\"footnote_backlink\"><span class=\"footnote_index_arrow\">&#8593;<\/span>3<\/a><\/th> <td class=\"footnote_plugin_text\"><em>Xem<\/em>\u00a0c\u1ea9m nang v\u1ec1 IHSS \u201cT\u1eadp T\u00e0i Li\u1ec7u v\u1ec1 \u0110i\u1ec1u Tr\u1ea7n C\u00f4ng B\u1eb1ng v\u00e0 T\u1ef1 \u0110\u00e1nh Gi\u00e1 trong IHSS\u201d c\u1ee7a Disability Rights California. Qu\u00fd v\u1ecb c\u00f3 th\u1ec3 xem t\u1ea1i trang web c\u1ee7a ch\u00fang t\u00f4i:\u00a0<a href=\"file:\/\/\/C:\/Users\/kathleenmentink\/Downloads\/www.disabilityrightsca.org\/PUBS\/501301.htm\">www.disabilityrightsca.org\/PUBS\/501301.htm<\/a>.<\/td><\/tr>\r\n\r\n<tr class=\"footnotes_plugin_reference_row\"> <th scope=\"row\" class=\"footnote_plugin_index_combi pointer\"  onclick=\"footnote_moveToAnchor_1895_1('footnote_plugin_tooltip_1895_1_4');\"><a id=\"footnote_plugin_reference_1895_1_4\" class=\"footnote_backlink\"><span class=\"footnote_index_arrow\">&#8593;<\/span>4<\/a><\/th> <td class=\"footnote_plugin_text\">Ti\u00eau \u0110\u1ec1 17 B\u1ed9 Lu\u1eadt C\u00e1c Quy \u0110\u1ecbnh California m\u1ee5c 58611(b).<\/td><\/tr>\r\n\r\n<tr class=\"footnotes_plugin_reference_row\"> <th scope=\"row\" class=\"footnote_plugin_index_combi pointer\"  onclick=\"footnote_moveToAnchor_1895_1('footnote_plugin_tooltip_1895_1_5');\"><a id=\"footnote_plugin_reference_1895_1_5\" class=\"footnote_backlink\"><span class=\"footnote_index_arrow\">&#8593;<\/span>5<\/a><\/th> <td class=\"footnote_plugin_text\">M\u1ee5c 4689(j)(1)(A).<\/td><\/tr>\r\n\r\n<tr class=\"footnotes_plugin_reference_row\"> <th scope=\"row\" class=\"footnote_plugin_index_combi pointer\"  onclick=\"footnote_moveToAnchor_1895_1('footnote_plugin_tooltip_1895_1_6');\"><a id=\"footnote_plugin_reference_1895_1_6\" class=\"footnote_backlink\"><span class=\"footnote_index_arrow\">&#8593;<\/span>6<\/a><\/th> <td class=\"footnote_plugin_text\">M\u1ee5c 4689(j)(1)(C).<\/td><\/tr>\r\n\r\n <\/tbody> <\/table> <\/div><\/div><script type=\"text\/javascript\"> function footnote_expand_reference_container_1895_1() { jQuery('#footnote_references_container_1895_1').show(); jQuery('#footnote_reference_container_collapse_button_1895_1').text('\u2212'); } function footnote_collapse_reference_container_1895_1() { jQuery('#footnote_references_container_1895_1').hide(); jQuery('#footnote_reference_container_collapse_button_1895_1').text('+'); } function footnote_expand_collapse_reference_container_1895_1() { if (jQuery('#footnote_references_container_1895_1').is(':hidden')) { footnote_expand_reference_container_1895_1(); } else { footnote_collapse_reference_container_1895_1(); } } function footnote_moveToReference_1895_1(p_str_TargetID) { footnote_expand_reference_container_1895_1(); var l_obj_Target = jQuery('#' + p_str_TargetID); if (l_obj_Target.length) { jQuery( 'html, body' ).delay( 0 ); jQuery('html, body').animate({ scrollTop: l_obj_Target.offset().top - window.innerHeight * 0.2 }, 380); } } function footnote_moveToAnchor_1895_1(p_str_TargetID) { footnote_expand_reference_container_1895_1(); var l_obj_Target = jQuery('#' + p_str_TargetID); if (l_obj_Target.length) { jQuery( 'html, body' ).delay( 0 ); jQuery('html, body').animate({ scrollTop: l_obj_Target.offset().top - window.innerHeight * 0.2 }, 380); } }<\/script>","protected":false},"excerpt":{"rendered":"<p>Trong m\u1ed9t ph\u01b0\u01a1ng \u00e1n s\u1eafp x\u1ebfp h\u1ed7 tr\u1ee3 \u0111\u1eddi s\u1ed1ng, qu\u00fd v\u1ecb ph\u1ea3i s\u1eed d\u1ee5ng SSI ho\u1eb7c thu nh\u1eadp kh\u00e1c \u0111\u1ec3 thanh to\u00e1n cho chi&hellip;<\/p>\n","protected":false},"author":1,"featured_media":0,"parent":1876,"menu_order":6,"comment_status":"closed","ping_status":"closed","template":"","meta":{"footnotes":""},"class_list":["post-1895","page","type-page","status-publish","hentry"],"_links":{"self":[{"href":"https:\/\/rula.disabilityrightsca.org\/vi\/wp-json\/wp\/v2\/pages\/1895","targetHints":{"allow":["GET"]}}],"collection":[{"href":"https:\/\/rula.disabilityrightsca.org\/vi\/wp-json\/wp\/v2\/pages"}],"about":[{"href":"https:\/\/rula.disabilityrightsca.org\/vi\/wp-json\/wp\/v2\/types\/page"}],"author":[{"embeddable":true,"href":"https:\/\/rula.disabilityrightsca.org\/vi\/wp-json\/wp\/v2\/users\/1"}],"replies":[{"embeddable":true,"href":"https:\/\/rula.disabilityrightsca.org\/vi\/wp-json\/wp\/v2\/comments?post=1895"}],"version-history":[{"count":6,"href":"https:\/\/rula.disabilityrightsca.org\/vi\/wp-json\/wp\/v2\/pages\/1895\/revisions"}],"predecessor-version":[{"id":3487,"href":"https:\/\/rula.disabilityrightsca.org\/vi\/wp-json\/wp\/v2\/pages\/1895\/revisions\/3487"}],"up":[{"embeddable":true,"href":"https:\/\/rula.disabilityrightsca.org\/vi\/wp-json\/wp\/v2\/pages\/1876"}],"wp:attachment":[{"href":"https:\/\/rula.disabilityrightsca.org\/vi\/wp-json\/wp\/v2\/media?parent=1895"}],"curies":[{"name":"wp","href":"https:\/\/api.w.org\/{rel}","templated":true}]}}