{"id":1892,"date":"2021-09-23T17:23:02","date_gmt":"2021-09-23T17:23:02","guid":{"rendered":"http:\/\/www.rula.disabilityrightsca.org\/vi\/?page_id=1892"},"modified":"2023-11-30T20:24:29","modified_gmt":"2023-11-30T20:24:29","slug":"7-5-how-do-i-get-sls","status":"publish","type":"page","link":"https:\/\/rula.disabilityrightsca.org\/vi\/rula-book\/chapter-7-community-living-arrangements-for-adults\/7-5-how-do-i-get-sls\/","title":{"rendered":"(7.5) T\u00f4i nh\u1eadn SLS b\u1eb1ng c\u00e1ch n\u00e0o?"},"content":{"rendered":"\n<p>\u0110\u1ec3 nh\u1eadn SLS, qu\u00fd v\u1ecb \u00edt nh\u1ea5t ph\u1ea3i 18 tu\u1ed5i v\u00e0 mu\u1ed1n s\u1ed1ng trong nh\u00e0 ho\u1eb7c c\u0103n h\u1ed9 qu\u00fd v\u1ecb s\u1edf h\u1eefu ho\u1eb7c thu\u00ea. <span class=\"footnote_referrer\"><a role=\"button\" tabindex=\"0\" onclick=\"footnote_moveToReference_1892_1('footnote_plugin_reference_1892_1_1');\" onkeypress=\"footnote_moveToReference_1892_1('footnote_plugin_reference_1892_1_1');\" ><sup id=\"footnote_plugin_tooltip_1892_1_1\" class=\"footnote_plugin_tooltip_text\">[1]<\/sup><\/a><span id=\"footnote_plugin_tooltip_text_1892_1_1\" class=\"footnote_tooltip\">Ti\u00eau \u0110\u1ec1 17 B\u1ed9 Lu\u1eadt C\u00e1c Quy \u0110\u1ecbnh California m\u1ee5c 58613(a).<\/span><\/span><script type=\"text\/javascript\"> jQuery('#footnote_plugin_tooltip_1892_1_1').tooltip({ tip: '#footnote_plugin_tooltip_text_1892_1_1', tipClass: 'footnote_tooltip', effect: 'fade', predelay: 0, fadeInSpeed: 200, delay: 400, fadeOutSpeed: 200, position: 'top center', relative: true, offset: [-7, 0], });<\/script> N\u1ebfu qu\u00fd v\u1ecb s\u1eafp tr\u00f2n 18 tu\u1ed5i, qu\u00fd v\u1ecb c\u00f3 th\u1ec3 y\u00eau c\u1ea7u \u0111\u01b0\u1ee3c \u0111\u00e1nh gi\u00e1 SLS t\u1ea1i cu\u1ed9c h\u1ecdp IPP nh\u1eb1m b\u1eaft \u0111\u1ea7u quy tr\u00ecnh \u0111\u1ec3 qu\u00fd v\u1ecb c\u00f3 th\u1ec3 nh\u1eadn SLS khi qu\u00fd v\u1ecb h\u1ed9i \u0111\u1ee7 \u0111i\u1ec1u ki\u1ec7n.<\/p>\n\n\n\n<p><strong>Quan tr\u1ecdng!<\/strong> M\u1ecdi ng\u01b0\u1eddi \u0111\u1ec1u c\u00f3 quy\u1ec1n \u0111\u01b0\u1ee3c nh\u1eadn SLS. Vi\u1ec7c t\u1eeb ch\u1ed1i cung c\u1ea5p SLS cho m\u1ed9t ng\u01b0\u1eddi v\u00ec h\u1ecd c\u00f3 th\u1ec3 c\u1ea7n nhi\u1ec1u s\u1ef1 h\u1ed7 tr\u1ee3 l\u00e0 \u0111i ng\u01b0\u1ee3c l\u1ea1i lu\u1eadt. <span class=\"footnote_referrer\"><a role=\"button\" tabindex=\"0\" onclick=\"footnote_moveToReference_1892_1('footnote_plugin_reference_1892_1_2');\" onkeypress=\"footnote_moveToReference_1892_1('footnote_plugin_reference_1892_1_2');\" ><sup id=\"footnote_plugin_tooltip_1892_1_2\" class=\"footnote_plugin_tooltip_text\">[2]<\/sup><\/a><span id=\"footnote_plugin_tooltip_text_1892_1_2\" class=\"footnote_tooltip\">M\u1ee5c 4689(a)(8) v\u00e0 Ti\u00eau \u0110\u1ec1 17 B\u1ed9 Lu\u1eadt C\u00e1c Quy \u0110\u1ecbnh California m\u1ee5c 58613(b).<\/span><\/span><script type=\"text\/javascript\"> jQuery('#footnote_plugin_tooltip_1892_1_2').tooltip({ tip: '#footnote_plugin_tooltip_text_1892_1_2', tipClass: 'footnote_tooltip', effect: 'fade', predelay: 0, fadeInSpeed: 200, delay: 400, fadeOutSpeed: 200, position: 'top center', relative: true, offset: [-7, 0], });<\/script><\/p>\n\n\n\n<p>Gi\u1ed1ng nh\u01b0 c\u00e1ch qu\u00fd v\u1ecb s\u1ebd l\u00e0m \u0111\u1ec3 nh\u1eadn ILS, h\u00e3y l\u00e0m theo c\u00e1c b\u01b0\u1edbc sau \u0111\u1ec3 nh\u1eadn SLS:<\/p>\n\n\n\n<ol class=\"wp-block-list\" type=\"1\">\n<li>N\u00f3i v\u1edbi nh\u00f3m IPP r\u1eb1ng qu\u00fd v\u1ecb mu\u1ed1n SLS<\/li>\n\n\n\n<li>Y\u00eau c\u1ea7u cu\u1ed9c h\u1ecdp IPP<\/li>\n\n\n\n<li>Y\u00eau c\u1ea7u ng\u01b0\u1eddi ra quy\u1ebft \u0111\u1ecbnh bi\u1ebft v\u1ec1 SLS c\u00f3 m\u1eb7t t\u1ea1i cu\u1ed9c h\u1ecdp IPP<\/li>\n<\/ol>\n\n\n\n<p>Xem\u00a0<a href=\"https:\/\/rula.disabilityrightsca.org\/vi\/supplements\/supplement-h-how-to-get-regional-center-services-through-your-ipp\/\">Ph\u1ee5 L\u1ee5c H<\/a>\u00a0\u0111\u1ec3 bi\u1ebft c\u00e1ch y\u00eau c\u1ea7u cu\u1ed9c h\u1ecdp IPP.<\/p>\n\n\n\n<p>M\u1ed9t s\u1ed1 trung t\u00e2m khu v\u1ef1c s\u1ebd y\u00eau c\u1ea7u qu\u00fd v\u1ecb \u0111\u1ebfn bu\u1ed5i \u0111\u1ecbnh h\u01b0\u1edbng SLS tr\u01b0\u1edbc cu\u1ed9c h\u1ecdp IPP. Bu\u1ed5i \u0111\u1ecbnh h\u01b0\u1edbng n\u00e0y c\u00f3 th\u1ec3 gi\u00fap qu\u00fd v\u1ecb hi\u1ec3u th\u00eam v\u1ec1 SLS v\u00e0 c\u00e1ch SLS \u0111\u01b0\u1ee3c cung c\u1ea5p. Vi\u1ec7c ph\u1ea3i tham d\u1ef1 bu\u1ed5i \u0111\u1ecbnh h\u01b0\u1edbng s\u1ebd kh\u00f4ng tr\u00ec ho\u00e3n cu\u1ed9c h\u1ecdp IPP c\u1ee7a qu\u00fd v\u1ecb trong th\u1eddi gian qu\u00e1 d\u00e0i.<\/p>\n\n\n\n<p>Sau khi SLS c\u00f3 trong IPP c\u1ee7a qu\u00fd v\u1ecb, qu\u00fd v\u1ecb c\u1ea7n ch\u1ecdn m\u1ed9t nh\u00e0 cung c\u1ea5p SLS. Qu\u00fd v\u1ecb c\u00f3 c\u00e1c l\u1ef1a ch\u1ecdn:<\/p>\n\n\n\n<ul class=\"wp-block-list\">\n<li>Qu\u00fd v\u1ecb c\u00f3 th\u1ec3 gi\u1edbi thi\u1ec7u m\u1ed9t ng\u01b0\u1eddi th\u00e2n, ng\u01b0\u1eddi b\u1ea1n ho\u1eb7c nh\u00e0 cung c\u1ea5p SLS qu\u00fd v\u1ecb bi\u1ebft. Ho\u1eb7c t\u1ef1 \u0111i\u1ec1u ph\u1ed1i d\u1ecbch v\u1ee5.<\/li>\n\n\n\n<li>Qu\u00fd v\u1ecb c\u00f3 th\u1ec3 y\u00eau c\u1ea7u trung t\u00e2m khu v\u1ef1c cung c\u1ea5p t\u00ean c\u1ee7a c\u00e1c c\u01a1 quan SLS. Qu\u00fd v\u1ecb c\u00f3 th\u1ec3 ph\u1ecfng v\u1ea5n h\u1ecd \u0111\u1ec3 quy\u1ebft \u0111\u1ecbnh c\u01a1 quan qu\u00fd v\u1ecb th\u00edch h\u01a1n. Xem&nbsp;<a href=\"https:\/\/rula.disabilityrightsca.org\/vi\/supplements\/supplement-o-how-to-file-a-section-4731-complaint\/\">Ph\u1ee5 L\u1ee5c O<\/a>&nbsp;\u0111\u1ec3 bi\u1ebft c\u00e1c c\u00e2u h\u1ecfi c\u1ea7n \u0111\u1eb7t ra v\u1edbi c\u01a1 quan SLS khi qu\u00fd v\u1ecb ph\u1ecfng v\u1ea5n h\u1ecd.<\/li>\n\n\n\n<li>N\u1ebfu qu\u00fd v\u1ecb cho ph\u00e9p, trung t\u00e2m khu v\u1ef1c c\u00f3 th\u1ec3 g\u1eedi th\u00f4ng tin c\u1ee7a qu\u00fd v\u1ecb cho m\u1ed9t s\u1ed1 c\u01a1 quan SLS \u0111\u1ec3 xem c\u01a1 quan n\u00e0o c\u00f3 th\u1ec3 v\u00e0 mong mu\u1ed1n ph\u1ee5c v\u1ee5 qu\u00fd v\u1ecb. Qu\u00fd v\u1ecb c\u00f3 th\u1ec3 ph\u1ecfng v\u1ea5n nh\u1eefng c\u01a1 quan \u0111\u00f3.<\/li>\n<\/ul>\n\n\n\n<p>Sau khi qu\u00fd v\u1ecb ch\u1ecdn m\u1ed9t nh\u00e0 cung c\u1ea5p SLS, trung t\u00e2m khu v\u1ef1c s\u1ebd s\u1eafp x\u1ebfp cho qu\u00fd v\u1ecb ti\u1ebfn h\u00e0nh \u0111\u00e1nh gi\u00e1 SLS. Nh\u00e0 cung c\u1ea5p SLS qu\u00fd v\u1ecb ch\u1ecdn th\u01b0\u1eddng s\u1ebd th\u1ef1c hi\u1ec7n \u0111\u00e1nh gi\u00e1. Tuy nhi\u00ean, m\u1ed9t s\u1ed1 trung t\u00e2m khu v\u1ef1c s\u1ebd \u0111\u1ec3 ng\u01b0\u1eddi kh\u00e1c th\u1ef1c hi\u1ec7n \u0111\u00e1nh gi\u00e1. Nh\u00f3m IPP tr\u01b0\u1edbc ti\u00ean s\u1ebd ho\u00e0n th\u00e0nh \u201cb\u1ea3ng c\u00e2u h\u1ecfi \u0111\u00e1nh gi\u00e1 \u0111\u01b0\u1ee3c chu\u1ea9n h\u00f3a\u201d khi ph\u00e1t tri\u1ec3n, \u0111\u00e1nh gi\u00e1 ho\u1eb7c s\u1eeda \u0111\u1ed5i IPP. <span class=\"footnote_referrer\"><a role=\"button\" tabindex=\"0\" onclick=\"footnote_moveToReference_1892_1('footnote_plugin_reference_1892_1_3');\" onkeypress=\"footnote_moveToReference_1892_1('footnote_plugin_reference_1892_1_3');\" ><sup id=\"footnote_plugin_tooltip_1892_1_3\" class=\"footnote_plugin_tooltip_text\">[3]<\/sup><\/a><span id=\"footnote_plugin_tooltip_text_1892_1_3\" class=\"footnote_tooltip\">M\u1ee5c 4689(p)(1).<\/span><\/span><script type=\"text\/javascript\"> jQuery('#footnote_plugin_tooltip_1892_1_3').tooltip({ tip: '#footnote_plugin_tooltip_text_1892_1_3', tipClass: 'footnote_tooltip', effect: 'fade', predelay: 0, fadeInSpeed: 200, delay: 400, fadeOutSpeed: 200, position: 'top center', relative: true, offset: [-7, 0], });<\/script> \u0110i\u1ec1u n\u00e0y l\u00e0 \u0111\u1ec3 \u0111\u1ea3m b\u1ea3o qu\u00fd v\u1ecb nh\u1eadn \u0111\u01b0\u1ee3c l\u01b0\u1ee3ng v\u00e0 lo\u1ea1i h\u1ed7 tr\u1ee3 th\u00edch h\u1ee3p. B\u1ea3ng c\u00e2u h\u1ecfi c\u00f3 tr\u00ean trang web c\u1ee7a DDS&nbsp;<a href=\"https:\/\/www.dds.ca.gov\/wp-content\/uploads\/2019\/02\/DDS_SLS_StdAssmtQuestionnaire-1.pdf\">t\u1ea1i \u0111\u00e2y<\/a>.<\/p>\n\n\n\n<p>\u0110\u00e1nh gi\u00e1 SLS c\u00f3 th\u1ec3 t\u1ed1n th\u1eddi gian, v\u00ec qu\u00fd v\u1ecb v\u00e0 ng\u01b0\u1eddi \u0111\u00e1nh gi\u00e1 ph\u1ea3i t\u00ecm hi\u1ec3u nhau. Ng\u01b0\u1eddi \u0111\u00e1nh gi\u00e1 s\u1ebd xem x\u00e9t c\u00e1c d\u1ecbch v\u1ee5 v\u00e0 s\u1ef1 h\u1ed7 tr\u1ee3 qu\u00fd v\u1ecb c\u1ea7n v\u00e0 mu\u1ed1n \u0111\u1ec3 s\u1ed1ng trong nh\u00e0 ri\u00eang v\u00e0 h\u00f2a nh\u1eadp v\u00e0o c\u1ed9ng \u0111\u1ed3ng. H\u1ecd s\u1ebd th\u1ef1c hi\u1ec7n \u0111\u00e1nh gi\u00e1 to\u00e0n di\u1ec7n \u0111\u1ec3 t\u00ecm hi\u1ec3u qu\u00fd v\u1ecb v\u00e0 \u0111\u1ec3 ph\u00e1t tri\u1ec3n k\u1ebf ho\u1ea1ch. <span class=\"footnote_referrer\"><a role=\"button\" tabindex=\"0\" onclick=\"footnote_moveToReference_1892_1('footnote_plugin_reference_1892_1_4');\" onkeypress=\"footnote_moveToReference_1892_1('footnote_plugin_reference_1892_1_4');\" ><sup id=\"footnote_plugin_tooltip_1892_1_4\" class=\"footnote_plugin_tooltip_text\">[4]<\/sup><\/a><span id=\"footnote_plugin_tooltip_text_1892_1_4\" class=\"footnote_tooltip\">M\u1ee5c 4689(p)(2)<\/span><\/span><script type=\"text\/javascript\"> jQuery('#footnote_plugin_tooltip_1892_1_4').tooltip({ tip: '#footnote_plugin_tooltip_text_1892_1_4', tipClass: 'footnote_tooltip', effect: 'fade', predelay: 0, fadeInSpeed: 200, delay: 400, fadeOutSpeed: 200, position: 'top center', relative: true, offset: [-7, 0], });<\/script><\/p>\n\n\n\n<p>Nh\u00e0 cung c\u1ea5p SLS s\u1ebd \u0111i\u1ec1u ph\u1ed1i c\u00e1c d\u1ecbch v\u1ee5 v\u00e0 s\u1ef1 h\u1ed7 tr\u1ee3 qu\u00fd v\u1ecb c\u1ea7n \u0111\u1ec3 s\u1ed1ng trong nh\u00e0 ri\u00eang. C\u00e1c d\u1ecbch v\u1ee5 v\u00e0 s\u1ef1 h\u1ed7 tr\u1ee3 n\u00e0y \u0111\u01b0\u1ee3c li\u1ec7t k\u00ea trong IPP v\u00e0 k\u1ebf ho\u1ea1ch SLS c\u1ee7a qu\u00fd v\u1ecb, bao g\u1ed3m d\u1ecbch v\u1ee5 t\u1eeb c\u00e1c c\u01a1 quan chung ho\u1eb7c s\u1ef1 h\u1ed7 tr\u1ee3 t\u1ef1 nhi\u00ean. Nh\u00e0 cung c\u1ea5p kh\u00f4ng c\u1ea7n ph\u1ea3i c\u00f3 gi\u1ea5y ph\u00e9p \u0111\u1eb7c bi\u1ec7t \u0111\u1ec3 cung c\u1ea5p SLS. Nh\u00e0 cung c\u1ea5p c\u00f3 th\u1ec3 l\u00e0 c\u01a1 quan h\u1ed7 tr\u1ee3 \u0111\u1eddi s\u1ed1ng ho\u1eb7c th\u00e0nh vi\u00ean gia \u0111\u00ecnh hay m\u1ed9t ng\u01b0\u1eddi b\u1ea1n. <span class=\"footnote_referrer\"><a role=\"button\" tabindex=\"0\" onclick=\"footnote_moveToReference_1892_1('footnote_plugin_reference_1892_1_5');\" onkeypress=\"footnote_moveToReference_1892_1('footnote_plugin_reference_1892_1_5');\" ><sup id=\"footnote_plugin_tooltip_1892_1_5\" class=\"footnote_plugin_tooltip_text\">[5]<\/sup><\/a><span id=\"footnote_plugin_tooltip_text_1892_1_5\" class=\"footnote_tooltip\">17 B\u1ed9 Lu\u1eadt C\u00e1c Quy \u0110\u1ecbnh California m\u1ee5c 58616.<\/span><\/span><script type=\"text\/javascript\"> jQuery('#footnote_plugin_tooltip_1892_1_5').tooltip({ tip: '#footnote_plugin_tooltip_text_1892_1_5', tipClass: 'footnote_tooltip', effect: 'fade', predelay: 0, fadeInSpeed: 200, delay: 400, fadeOutSpeed: 200, position: 'top center', relative: true, offset: [-7, 0], });<\/script> Qu\u00fd v\u1ecb c\u00f3 th\u1ec3 t\u1ef1 \u0111i\u1ec1u ph\u1ed1i c\u00e1c d\u1ecbch v\u1ee5.<\/p>\n\n\n\n<p>Sau khi ho\u00e0n th\u00e0nh k\u1ebf ho\u1ea1ch SLS, qu\u00fd v\u1ecb c\u00f3 th\u1ec3 c\u1ea7n m\u1ed9t cu\u1ed9c h\u1ecdp IPP kh\u00e1c. N\u1ebfu k\u1ebf ho\u1ea1ch SLS \u0111\u01b0\u1ee3c ph\u00ea duy\u1ec7t, c\u01a1 quan SLS c\u00f3 th\u1ec3 gi\u00fap qu\u00fd v\u1ecb t\u00ecm m\u1ed9t n\u01a1i \u0111\u1ec3 s\u1ed1ng, t\u00ecm ng\u01b0\u1eddi \u1edf c\u00f9ng n\u1ebfu qu\u00fd v\u1ecb c\u1ea7n ho\u1eb7c mu\u1ed1n c\u00f3 v\u00e0 thu\u00ea ng\u01b0\u1eddi h\u1ed7 tr\u1ee3 c\u00e1 nh\u00e2n. T\u1eeb l\u1ea7n \u0111\u1ea7u qu\u00fd v\u1ecb y\u00eau c\u1ea7u nh\u1eadn SLS cho \u0111\u1ebfn khi qu\u00fd v\u1ecb chuy\u1ec3n v\u00e0o nh\u00e0 c\u00f3 th\u1ec3 m\u1ea5t \u0111\u1ebfn s\u00e1u th\u00e1ng.<\/p>\n\n\n\n<p>Trung t\u00e2m khu v\u1ef1c s\u1ebd xem x\u00e9t m\u1ee9c \u0111\u1ed9 h\u1eefu \u00edch c\u1ee7a nh\u1eefng d\u1ecbch v\u1ee5 \u0111\u00f3 v\u00e0 m\u1ee9c \u0111\u1ed9 hi\u1ec7u qu\u1ea3 c\u1ee7a nh\u1eefng d\u1ecbch v\u1ee5 \u0111\u00f3 &#8211; cho d\u00f9 nh\u00e0 cung c\u1ea5p l\u00e0 gia \u0111\u00ecnh, b\u1ea1n b\u00e8 c\u1ee7a qu\u00fd v\u1ecb hay c\u01a1 quan SLS. <span class=\"footnote_referrer\"><a role=\"button\" tabindex=\"0\" onclick=\"footnote_moveToReference_1892_1('footnote_plugin_reference_1892_1_6');\" onkeypress=\"footnote_moveToReference_1892_1('footnote_plugin_reference_1892_1_6');\" ><sup id=\"footnote_plugin_tooltip_1892_1_6\" class=\"footnote_plugin_tooltip_text\">[6]<\/sup><\/a><span id=\"footnote_plugin_tooltip_text_1892_1_6\" class=\"footnote_tooltip\">M\u1ee5c 4689(e).<\/span><\/span><script type=\"text\/javascript\"> jQuery('#footnote_plugin_tooltip_1892_1_6').tooltip({ tip: '#footnote_plugin_tooltip_text_1892_1_6', tipClass: 'footnote_tooltip', effect: 'fade', predelay: 0, fadeInSpeed: 200, delay: 400, fadeOutSpeed: 200, position: 'top center', relative: true, offset: [-7, 0], });<\/script><\/p>\n<div class=\"speaker-mute footnotes_reference_container\"> <div class=\"footnote_container_prepare\"><p><span role=\"button\" tabindex=\"0\" class=\"footnote_reference_container_label pointer\" onclick=\"footnote_expand_collapse_reference_container_1892_1();\">&#x202F;<\/span><span role=\"button\" tabindex=\"0\" class=\"footnote_reference_container_collapse_button\" style=\"display: none;\" onclick=\"footnote_expand_collapse_reference_container_1892_1();\">[<a id=\"footnote_reference_container_collapse_button_1892_1\">+<\/a>]<\/span><\/p><\/div> <div id=\"footnote_references_container_1892_1\" style=\"\"><table class=\"footnotes_table footnote-reference-container\"><caption class=\"accessibility\">References<\/caption> <tbody> \r\n\r\n<tr class=\"footnotes_plugin_reference_row\"> <th scope=\"row\" class=\"footnote_plugin_index_combi pointer\"  onclick=\"footnote_moveToAnchor_1892_1('footnote_plugin_tooltip_1892_1_1');\"><a id=\"footnote_plugin_reference_1892_1_1\" class=\"footnote_backlink\"><span class=\"footnote_index_arrow\">&#8593;<\/span>1<\/a><\/th> <td class=\"footnote_plugin_text\">Ti\u00eau \u0110\u1ec1 17 B\u1ed9 Lu\u1eadt C\u00e1c Quy \u0110\u1ecbnh California m\u1ee5c 58613(a).<\/td><\/tr>\r\n\r\n<tr class=\"footnotes_plugin_reference_row\"> <th scope=\"row\" class=\"footnote_plugin_index_combi pointer\"  onclick=\"footnote_moveToAnchor_1892_1('footnote_plugin_tooltip_1892_1_2');\"><a id=\"footnote_plugin_reference_1892_1_2\" class=\"footnote_backlink\"><span class=\"footnote_index_arrow\">&#8593;<\/span>2<\/a><\/th> <td class=\"footnote_plugin_text\">M\u1ee5c 4689(a)(8) v\u00e0 Ti\u00eau \u0110\u1ec1 17 B\u1ed9 Lu\u1eadt C\u00e1c Quy \u0110\u1ecbnh California m\u1ee5c 58613(b).<\/td><\/tr>\r\n\r\n<tr class=\"footnotes_plugin_reference_row\"> <th scope=\"row\" class=\"footnote_plugin_index_combi pointer\"  onclick=\"footnote_moveToAnchor_1892_1('footnote_plugin_tooltip_1892_1_3');\"><a id=\"footnote_plugin_reference_1892_1_3\" class=\"footnote_backlink\"><span class=\"footnote_index_arrow\">&#8593;<\/span>3<\/a><\/th> <td class=\"footnote_plugin_text\">M\u1ee5c 4689(p)(1).<\/td><\/tr>\r\n\r\n<tr class=\"footnotes_plugin_reference_row\"> <th scope=\"row\" class=\"footnote_plugin_index_combi pointer\"  onclick=\"footnote_moveToAnchor_1892_1('footnote_plugin_tooltip_1892_1_4');\"><a id=\"footnote_plugin_reference_1892_1_4\" class=\"footnote_backlink\"><span class=\"footnote_index_arrow\">&#8593;<\/span>4<\/a><\/th> <td class=\"footnote_plugin_text\">M\u1ee5c 4689(p)(2)<\/td><\/tr>\r\n\r\n<tr class=\"footnotes_plugin_reference_row\"> <th scope=\"row\" class=\"footnote_plugin_index_combi pointer\"  onclick=\"footnote_moveToAnchor_1892_1('footnote_plugin_tooltip_1892_1_5');\"><a id=\"footnote_plugin_reference_1892_1_5\" class=\"footnote_backlink\"><span class=\"footnote_index_arrow\">&#8593;<\/span>5<\/a><\/th> <td class=\"footnote_plugin_text\">17 B\u1ed9 Lu\u1eadt C\u00e1c Quy \u0110\u1ecbnh California m\u1ee5c 58616.<\/td><\/tr>\r\n\r\n<tr class=\"footnotes_plugin_reference_row\"> <th scope=\"row\" class=\"footnote_plugin_index_combi pointer\"  onclick=\"footnote_moveToAnchor_1892_1('footnote_plugin_tooltip_1892_1_6');\"><a id=\"footnote_plugin_reference_1892_1_6\" class=\"footnote_backlink\"><span class=\"footnote_index_arrow\">&#8593;<\/span>6<\/a><\/th> <td class=\"footnote_plugin_text\">M\u1ee5c 4689(e).<\/td><\/tr>\r\n\r\n <\/tbody> <\/table> <\/div><\/div><script type=\"text\/javascript\"> function footnote_expand_reference_container_1892_1() { jQuery('#footnote_references_container_1892_1').show(); jQuery('#footnote_reference_container_collapse_button_1892_1').text('\u2212'); } function footnote_collapse_reference_container_1892_1() { jQuery('#footnote_references_container_1892_1').hide(); jQuery('#footnote_reference_container_collapse_button_1892_1').text('+'); } function footnote_expand_collapse_reference_container_1892_1() { if (jQuery('#footnote_references_container_1892_1').is(':hidden')) { footnote_expand_reference_container_1892_1(); } else { footnote_collapse_reference_container_1892_1(); } } function footnote_moveToReference_1892_1(p_str_TargetID) { footnote_expand_reference_container_1892_1(); var l_obj_Target = jQuery('#' + p_str_TargetID); if (l_obj_Target.length) { jQuery( 'html, body' ).delay( 0 ); jQuery('html, body').animate({ scrollTop: l_obj_Target.offset().top - window.innerHeight * 0.2 }, 380); } } function footnote_moveToAnchor_1892_1(p_str_TargetID) { footnote_expand_reference_container_1892_1(); var l_obj_Target = jQuery('#' + p_str_TargetID); if (l_obj_Target.length) { jQuery( 'html, body' ).delay( 0 ); jQuery('html, body').animate({ scrollTop: l_obj_Target.offset().top - window.innerHeight * 0.2 }, 380); } }<\/script>","protected":false},"excerpt":{"rendered":"<p>\u0110\u1ec3 nh\u1eadn SLS, qu\u00fd v\u1ecb \u00edt nh\u1ea5t ph\u1ea3i 18 tu\u1ed5i v\u00e0 mu\u1ed1n s\u1ed1ng trong nh\u00e0 ho\u1eb7c c\u0103n h\u1ed9 qu\u00fd v\u1ecb s\u1edf h\u1eefu ho\u1eb7c thu\u00ea. [1]Ti\u00eau&hellip;<\/p>\n","protected":false},"author":1,"featured_media":0,"parent":1876,"menu_order":5,"comment_status":"closed","ping_status":"closed","template":"","meta":{"footnotes":""},"class_list":["post-1892","page","type-page","status-publish","hentry"],"_links":{"self":[{"href":"https:\/\/rula.disabilityrightsca.org\/vi\/wp-json\/wp\/v2\/pages\/1892","targetHints":{"allow":["GET"]}}],"collection":[{"href":"https:\/\/rula.disabilityrightsca.org\/vi\/wp-json\/wp\/v2\/pages"}],"about":[{"href":"https:\/\/rula.disabilityrightsca.org\/vi\/wp-json\/wp\/v2\/types\/page"}],"author":[{"embeddable":true,"href":"https:\/\/rula.disabilityrightsca.org\/vi\/wp-json\/wp\/v2\/users\/1"}],"replies":[{"embeddable":true,"href":"https:\/\/rula.disabilityrightsca.org\/vi\/wp-json\/wp\/v2\/comments?post=1892"}],"version-history":[{"count":6,"href":"https:\/\/rula.disabilityrightsca.org\/vi\/wp-json\/wp\/v2\/pages\/1892\/revisions"}],"predecessor-version":[{"id":3825,"href":"https:\/\/rula.disabilityrightsca.org\/vi\/wp-json\/wp\/v2\/pages\/1892\/revisions\/3825"}],"up":[{"embeddable":true,"href":"https:\/\/rula.disabilityrightsca.org\/vi\/wp-json\/wp\/v2\/pages\/1876"}],"wp:attachment":[{"href":"https:\/\/rula.disabilityrightsca.org\/vi\/wp-json\/wp\/v2\/media?parent=1892"}],"curies":[{"name":"wp","href":"https:\/\/api.w.org\/{rel}","templated":true}]}}