{"id":1889,"date":"2021-09-23T17:02:56","date_gmt":"2021-09-23T17:02:56","guid":{"rendered":"http:\/\/www.rula.disabilityrightsca.org\/vi\/?page_id=1889"},"modified":"2023-11-30T20:23:50","modified_gmt":"2023-11-30T20:23:50","slug":"7-4-how-do-i-get-ils","status":"publish","type":"page","link":"https:\/\/rula.disabilityrightsca.org\/vi\/rula-book\/chapter-7-community-living-arrangements-for-adults\/7-4-how-do-i-get-ils\/","title":{"rendered":"(7.4) T\u00f4i nh\u1eadn ILS b\u1eb1ng c\u00e1ch n\u00e0o?"},"content":{"rendered":"\n<p>\u0110\u1ec3 nh\u1eadn ILS t\u1eeb trung t\u00e2m khu v\u1ef1c, h\u00e3y l\u00e0m theo c\u00e1c b\u01b0\u1edbc sau:<\/p>\n\n\n\n<p>Xem\u00a0<a href=\"https:\/\/rula.disabilityrightsca.org\/vi\/supplements\/supplement-h-how-to-get-regional-center-services-through-your-ipp\/\">Ph\u1ee5 L\u1ee5c H<\/a>\u00a0\u0111\u1ec3 bi\u1ebft c\u00e1ch y\u00eau c\u1ea7u cu\u1ed9c h\u1ecdp IPP.<\/p>\n\n\n\n<p>Qu\u00fd v\u1ecb v\u00e0 nh\u00f3m IPP c\u1ee7a qu\u00fd v\u1ecb s\u1ebd b\u00e0n v\u1ec1 s\u1ef1 h\u1ed7 tr\u1ee3 v\u00e0 d\u1ecbch v\u1ee5 qu\u00fd v\u1ecb c\u1ea7n \u0111\u1ec3 ph\u00e1t tri\u1ec3n c\u00e1c k\u1ef9 n\u0103ng s\u1ed1ng \u0111\u1ed9c l\u1eadp. C\u00e1c c\u01a1 quan n\u00e0y c\u00f3 th\u1ec3 gi\u00fap qu\u00fd v\u1ecb l\u1eadp k\u1ebf ho\u1ea1ch cho ILS:<\/p>\n\n\n\n<ul class=\"wp-block-list\">\n<li>Trung t\u00e2m khu v\u1ef1c c\u1ee7a qu\u00fd v\u1ecb.<\/li>\n\n\n\n<li>S\u1edf D\u1ecbch V\u1ee5 Ph\u00e1t Tri\u1ec3n (Department of Developmental Services, DDS) \u2013 G\u1ecdi s\u1ed1 (916) 654-2140 v\u00e0 y\u00eau c\u1ea7u n\u00f3i chuy\u1ec7n v\u1edbi ng\u01b0\u1eddi bi\u1ebft v\u1ec1 ILS, ho\u1eb7c \u0111\u1eb7t h\u00e0ng \u1ea5n ph\u1ea9m c\u1ee7a DDS.<\/li>\n\n\n\n<li>Disability Rights California.<\/li>\n<\/ul>\n","protected":false},"excerpt":{"rendered":"<p>\u0110\u1ec3 nh\u1eadn ILS t\u1eeb trung t\u00e2m khu v\u1ef1c, h\u00e3y l\u00e0m theo c\u00e1c b\u01b0\u1edbc sau: Xem\u00a0Ph\u1ee5 L\u1ee5c H\u00a0\u0111\u1ec3 bi\u1ebft c\u00e1ch y\u00eau c\u1ea7u cu\u1ed9c h\u1ecdp IPP. Qu\u00fd&hellip;<\/p>\n","protected":false},"author":1,"featured_media":0,"parent":1876,"menu_order":4,"comment_status":"closed","ping_status":"closed","template":"","meta":{"footnotes":""},"class_list":["post-1889","page","type-page","status-publish","hentry"],"_links":{"self":[{"href":"https:\/\/rula.disabilityrightsca.org\/vi\/wp-json\/wp\/v2\/pages\/1889","targetHints":{"allow":["GET"]}}],"collection":[{"href":"https:\/\/rula.disabilityrightsca.org\/vi\/wp-json\/wp\/v2\/pages"}],"about":[{"href":"https:\/\/rula.disabilityrightsca.org\/vi\/wp-json\/wp\/v2\/types\/page"}],"author":[{"embeddable":true,"href":"https:\/\/rula.disabilityrightsca.org\/vi\/wp-json\/wp\/v2\/users\/1"}],"replies":[{"embeddable":true,"href":"https:\/\/rula.disabilityrightsca.org\/vi\/wp-json\/wp\/v2\/comments?post=1889"}],"version-history":[{"count":5,"href":"https:\/\/rula.disabilityrightsca.org\/vi\/wp-json\/wp\/v2\/pages\/1889\/revisions"}],"predecessor-version":[{"id":3824,"href":"https:\/\/rula.disabilityrightsca.org\/vi\/wp-json\/wp\/v2\/pages\/1889\/revisions\/3824"}],"up":[{"embeddable":true,"href":"https:\/\/rula.disabilityrightsca.org\/vi\/wp-json\/wp\/v2\/pages\/1876"}],"wp:attachment":[{"href":"https:\/\/rula.disabilityrightsca.org\/vi\/wp-json\/wp\/v2\/media?parent=1889"}],"curies":[{"name":"wp","href":"https:\/\/api.w.org\/{rel}","templated":true}]}}