{"id":1886,"date":"2021-09-23T17:01:04","date_gmt":"2021-09-23T17:01:04","guid":{"rendered":"http:\/\/www.rula.disabilityrightsca.org\/vi\/?page_id=1886"},"modified":"2022-04-21T20:35:28","modified_gmt":"2022-04-21T20:35:28","slug":"7-3-what-kinds-of-regional-center-services-can-help-me-live-independently-in-a-home-i-own-or-rent","status":"publish","type":"page","link":"https:\/\/rula.disabilityrightsca.org\/vi\/rula-book\/chapter-7-community-living-arrangements-for-adults\/7-3-what-kinds-of-regional-center-services-can-help-me-live-independently-in-a-home-i-own-or-rent\/","title":{"rendered":"(7.3) Lo\u1ea1i d\u1ecbch v\u1ee5 n\u00e0o c\u1ee7a trung t\u00e2m khu v\u1ef1c c\u00f3 th\u1ec3 gi\u00fap t\u00f4i s\u1ed1ng \u0111\u1ed9c l\u1eadp trong nh\u00e0 ri\u00eang ho\u1eb7c nh\u00e0 thu\u00ea?"},"content":{"rendered":"\n<p>C\u00e1c d\u1ecbch v\u1ee5 ch\u00ednh \u0111\u01b0\u1ee3c trung t\u00e2m khu v\u1ef1c cung c\u1ea5p \u0111\u1ec3 gi\u00fap m\u1ecdi ng\u01b0\u1eddi s\u1ed1ng \u0111\u1ed9c l\u1eadp l\u00e0 \u0111\u00e0o t\u1ea1o \u201ck\u1ef9 n\u0103ng s\u1ed1ng \u0111\u1ed9c l\u1eadp\u201d v\u00e0 \u201cd\u1ecb\u0323ch v\u1ee5 h\u1ed7 tr\u1ee3 \u0111\u1eddi s\u1ed1ng.\u201d<\/p>\n\n\n\n<h3 class=\"wp-block-heading\"><strong><u><strong><u>K\u1ef9 N\u0103ng S\u1ed1ng \u0110\u1ed9c L\u1eadp<\/u><\/strong><\/u><\/strong><\/h3>\n\n\n\n<p>K\u1ef9 N\u0103ng S\u1ed1ng \u0110\u1ed9c L\u1eadp (g\u1ecdi t\u1eaft l\u00e0 ILS) l\u00e0 nh\u1eefng k\u1ef9 n\u0103ng qu\u00fd v\u1ecb c\u1ea7n \u0111\u1ec3 s\u1ed1ng \u0111\u1ed9c l\u1eadp trong c\u1ed9ng \u0111\u1ed3ng c\u1ee7a qu\u00fd v\u1ecb. C\u00e1c ch\u01b0\u01a1ng tr\u00ecnh ILS c\u00f3 th\u1ec3 d\u1ea1y nh\u1eefng k\u1ef9 n\u0103ng n\u00e0y, nh\u01b0 l\u00e0 n\u1ea5u \u0103n, d\u1ecdn d\u1eb9p nh\u00e0 c\u1eeda, ch\u0103m s\u00f3c c\u00e1 nh\u00e2n v\u00e0 qu\u1ea3n l\u00fd ti\u1ec1n b\u1ea1c. <span class=\"footnote_referrer\"><a role=\"button\" tabindex=\"0\" onclick=\"footnote_moveToReference_1886_1('footnote_plugin_reference_1886_1_1');\" onkeypress=\"footnote_moveToReference_1886_1('footnote_plugin_reference_1886_1_1');\" ><sup id=\"footnote_plugin_tooltip_1886_1_1\" class=\"footnote_plugin_tooltip_text\">[1]<\/sup><\/a><span id=\"footnote_plugin_tooltip_text_1886_1_1\" class=\"footnote_tooltip\">Ti\u00eau \u0110\u1ec1 17, B\u1ed9 Lu\u1eadt C\u00e1c Quy \u0110\u1ecbnh California, m\u1ee5c 54302(a)(35).<\/span><\/span><script type=\"text\/javascript\"> jQuery('#footnote_plugin_tooltip_1886_1_1').tooltip({ tip: '#footnote_plugin_tooltip_text_1886_1_1', tipClass: 'footnote_tooltip', effect: 'fade', predelay: 0, fadeInSpeed: 200, delay: 400, fadeOutSpeed: 200, position: 'top center', relative: true, offset: [-7, 0], });<\/script> Trung t\u00e2m khu v\u1ef1c ph\u1ea3i cung c\u1ea5p ILS n\u1ebfu d\u1ecbch v\u1ee5 n\u00e0y c\u00f3 trong IPP c\u1ee7a qu\u00fd v\u1ecb. Ng\u01b0\u1eddi h\u01b0\u1edbng d\u1eabn ILS gi\u00fap qu\u00fd v\u1ecb h\u1ecdc ho\u1eb7c duy tr\u00ec c\u00e1c k\u1ef9 n\u0103ng \u0111\u1ec3 s\u1ed1ng \u0111\u1ed9c l\u1eadp \u1edf nh\u00e0 ri\u00eang, ho\u1eb7c \u0111\u1ec3 \u0111\u1ed9c l\u1eadp h\u01a1n khi s\u1ed1ng \u1edf n\u01a1i kh\u00e1c. <span class=\"footnote_referrer\"><a role=\"button\" tabindex=\"0\" onclick=\"footnote_moveToReference_1886_1('footnote_plugin_reference_1886_1_2');\" onkeypress=\"footnote_moveToReference_1886_1('footnote_plugin_reference_1886_1_2');\" ><sup id=\"footnote_plugin_tooltip_1886_1_2\" class=\"footnote_plugin_tooltip_text\">[2]<\/sup><\/a><span id=\"footnote_plugin_tooltip_text_1886_1_2\" class=\"footnote_tooltip\">M\u1ee5c 4688.05.<\/span><\/span><script type=\"text\/javascript\"> jQuery('#footnote_plugin_tooltip_1886_1_2').tooltip({ tip: '#footnote_plugin_tooltip_text_1886_1_2', tipClass: 'footnote_tooltip', effect: 'fade', predelay: 0, fadeInSpeed: 200, delay: 400, fadeOutSpeed: 200, position: 'top center', relative: true, offset: [-7, 0], });<\/script> Qu\u00fd v\u1ecb c\u00f3 th\u1ec3 \u0111\u00e3 c\u00f3 c\u00e1c k\u1ef9 n\u0103ng t\u1ef1 l\u1eadp c\u01a1 b\u1ea3n nh\u01b0ng v\u1eabn c\u1ea7n ILS trong m\u1ed9t s\u1ed1 l\u0129nh v\u1ef1c nh\u1ea5t \u0111\u1ecbnh \u0111\u1ec3 ti\u1ebfp t\u1ee5c s\u1ed1ng \u0111\u1ed9c l\u1eadp. V\u00ed d\u1ee5: qu\u00fd v\u1ecb c\u00f3 th\u1ec3 c\u1ea7n tr\u1ee3 gi\u00fap trong vi\u1ec7c thanh to\u00e1n h\u00f3a \u0111\u01a1n ho\u1eb7c l\u1eadp k\u1ebf ho\u1ea1ch cho b\u1eefa \u0103n.<\/p>\n\n\n\n<p>Qu\u00fd v\u1ecb c\u00f3 th\u1ec3 nh\u1eadn ILS trong nh\u00e0 c\u1ee7a cha m\u1eb9 qu\u00fd v\u1ecb, nh\u00e0 c\u1ee7a ng\u01b0\u1eddi th\u00e2n, m\u1ed9t c\u01a1 s\u1edf \u0111\u01b0\u1ee3c c\u1ea5p ph\u00e9p ho\u1eb7c c\u0103n h\u1ed9 ri\u00eang c\u1ee7a qu\u00fd v\u1ecb. Qu\u00fd v\u1ecb s\u1ebd nh\u1eadn ILS cho \u0111\u1ebfn khi qu\u00fd v\u1ecb h\u1ecdc \u0111\u01b0\u1ee3c c\u00e1c k\u1ef9 n\u0103ng c\u1ea7n thi\u1ebft \u0111\u1ec3 s\u1ed1ng \u0111\u1ed9c l\u1eadp. Qu\u00fd v\u1ecb c\u0169ng c\u00f3 th\u1ec3 s\u1eed d\u1ee5ng ILS \u0111\u1ec3 thu\u00ea v\u00e0 gi\u00e1m s\u00e1t m\u1ed9t ng\u01b0\u1eddi n\u00e0o \u0111\u00f3 tr\u1ee3 gi\u00fap qu\u00fd v\u1ecb t\u1ef1 ch\u0103m s\u00f3c b\u1ea3n th\u00e2n ho\u1eb7c c\u00e1c ho\u1ea1t \u0111\u1ed9ng m\u00e0 qu\u00fd v\u1ecb kh\u00f4ng th\u1ec3 t\u1ef1 th\u1ef1c hi\u1ec7n v\u00e0 kh\u00f4ng \u0111\u01b0\u1ee3c c\u00e1c c\u01a1 quan kh\u00e1c kh\u00f4ng cung c\u1ea5p.<\/p>\n\n\n\n<p>M\u1ed9t s\u1ed1 trung t\u00e2m khu v\u1ef1c cho bi\u1ebft qu\u00fd v\u1ecb ch\u1ec9 c\u00f3 th\u1ec3 nh\u1eadn ILS trong m\u1ed9t kho\u1ea3ng th\u1eddi gian nh\u1ea5t \u0111\u1ecbnh. Lu\u1eadt quy \u0111\u1ecbnh r\u1eb1ng qu\u00fd v\u1ecb c\u00f3 quy\u1ec1n nh\u1eadn ILS ch\u1eebng n\u00e0o qu\u00fd v\u1ecb c\u00f2n c\u1ea7n v\u00e0 c\u00f3 th\u1ec3 mang \u0111\u1ebfn l\u1ee3i \u00edch cho qu\u00fd v\u1ecb<span class=\"footnote_referrer\"><a role=\"button\" tabindex=\"0\" onclick=\"footnote_moveToReference_1886_1('footnote_plugin_reference_1886_1_3');\" onkeypress=\"footnote_moveToReference_1886_1('footnote_plugin_reference_1886_1_3');\" ><sup id=\"footnote_plugin_tooltip_1886_1_3\" class=\"footnote_plugin_tooltip_text\">[3]<\/sup><\/a><span id=\"footnote_plugin_tooltip_text_1886_1_3\" class=\"footnote_tooltip\">Trong\u00a0Williams ki\u1ec7n Macomber, 226 B\u00e1o C\u00e1o C\u1ee7a California s\u1ed1 3 225 (1990), t\u00f2a \u00e1n tuy\u00ean b\u1ed1 r\u1eb1ng \u201cvi\u1ec7c Trung T\u00e2m Khu V\u1ef1c d\u1ef1a v\u00e0o m\u1ed9t ch\u00ednh s\u00e1ch c\u1ed1 \u0111\u1ecbnh l\u00e0 kh\u00f4ng&nbsp;&#x2026; <span class=\"footnote_tooltip_continue\"  onclick=\"footnote_moveToReference_1886_1('footnote_plugin_reference_1886_1_3');\">Continue reading<\/span><\/span><\/span><script type=\"text\/javascript\"> jQuery('#footnote_plugin_tooltip_1886_1_3').tooltip({ tip: '#footnote_plugin_tooltip_text_1886_1_3', tipClass: 'footnote_tooltip', effect: 'fade', predelay: 0, fadeInSpeed: 200, delay: 400, fadeOutSpeed: 200, position: 'top center', relative: true, offset: [-7, 0], });<\/script> Qu\u00fd v\u1ecb c\u00f3 th\u1ec3 c\u1ea7n \u0111\u00e1nh gi\u00e1 c\u00e1c m\u1ee9c k\u1ef9 n\u0103ng \u0111\u1ec3 ch\u1ee9ng minh qu\u00fd v\u1ecb c\u1ea7n nh\u1eefng d\u1ecbch v\u1ee5 n\u00e0y.<\/p>\n\n\n\n<h3 class=\"wp-block-heading\"><strong><u><span style=\"text-decoration: underline;\"><strong><u>D\u1ecbch V\u1ee5 H\u1ed7 Tr\u1ee3 \u0110\u1eddi S\u1ed1ng<\/u><\/strong><\/span><\/u><\/strong><\/h3>\n\n\n\n<p>D\u1ecbch v\u1ee5 h\u1ed7 tr\u1ee3 \u0111\u1eddi s\u1ed1ng (g\u1ecdi t\u1eaft l\u00e0 SLS) l\u00e0 c\u00e1c d\u1ecbch v\u1ee5 h\u1ed7 tr\u1ee3 nh\u1eefng ng\u01b0\u1eddi khuy\u1ebft t\u1eadt v\u1ec1 ph\u00e1t tri\u1ec3n \u0111\u1ec3 h\u1ecd c\u00f3 th\u1ec3 s\u1ed1ng trong nh\u00e0 ho\u1eb7c c\u0103n h\u1ed9 ri\u00eang c\u1ee7a h\u1ecd. SLS kh\u00f4ng d\u00e0nh cho nh\u1eefng ng\u01b0\u1eddi mu\u1ed1n s\u1ed1ng v\u1edbi cha m\u1eb9 ho\u1eb7c ng\u01b0\u1eddi b\u1ea3o h\u1ed9. <span class=\"footnote_referrer\"><a role=\"button\" tabindex=\"0\" onclick=\"footnote_moveToReference_1886_1('footnote_plugin_reference_1886_1_4');\" onkeypress=\"footnote_moveToReference_1886_1('footnote_plugin_reference_1886_1_4');\" ><sup id=\"footnote_plugin_tooltip_1886_1_4\" class=\"footnote_plugin_tooltip_text\">[4]<\/sup><\/a><span id=\"footnote_plugin_tooltip_text_1886_1_4\" class=\"footnote_tooltip\">Ti\u00eau \u0110\u1ec1 17, B\u1ed9 Lu\u1eadt C\u00e1c Quy \u0110\u1ecbnh California m\u1ee5c 58613(a)(2)(B).<\/span><\/span><script type=\"text\/javascript\"> jQuery('#footnote_plugin_tooltip_1886_1_4').tooltip({ tip: '#footnote_plugin_tooltip_text_1886_1_4', tipClass: 'footnote_tooltip', effect: 'fade', predelay: 0, fadeInSpeed: 200, delay: 400, fadeOutSpeed: 200, position: 'top center', relative: true, offset: [-7, 0], });<\/script> Tuy nhi\u00ean, qu\u00fd v\u1ecb c\u00f3 th\u1ec3 nh\u1eadn SLS n\u1ebfu\u00a0<em>cha\/m\u1eb9<\/em>\u00a0c\u1ee7a qu\u00fd v\u1ecb s\u1ed1ng v\u1edbi\u00a0<em>qu\u00fd v\u1ecb<\/em>.<\/p>\n\n\n\n<p>Qu\u00fd v\u1ecb s\u1ebd kh\u00f4ng b\u1ecb t\u1eeb ch\u1ed1i d\u1ecbch v\u1ee5 h\u1ed7 tr\u1ee3 \u0111\u1eddi s\u1ed1ng ch\u1ec9 v\u00ec c\u1ea5p \u0111\u1ed9 ho\u1eb7c lo\u1ea1i khuy\u1ebft t\u1eadt m\u00e0 qu\u00fd v\u1ecb m\u1eafc ph\u1ea3i. Qu\u00fd v\u1ecb s\u1ebd nh\u1eadn d\u1ecbch v\u1ee5 h\u1ed7 tr\u1ee3 c\u1ea7n thi\u1ebft v\u1edbi t\u1ea7n su\u1ea5t v\u00e0 trong kho\u1ea3ng th\u1eddi gian qu\u00fd v\u1ecb c\u00f2n c\u1ea7n d\u1ecbch v\u1ee5 \u0111\u00f3, \u0111\u1ec3 qu\u00fd v\u1ecb c\u00f3 th\u1ec3:<\/p>\n\n\n\n<ul class=\"wp-block-list\"><li>S\u1ed1ng trong nh\u00e0 ho\u1eb7c c\u0103n h\u1ed9 qu\u00fd v\u1ecb s\u1edf h\u1eefu ho\u1eb7c thu\u00ea,<\/li><li>L\u1ef1a ch\u1ecdn v\u00e0 x\u00e2y d\u1ef1ng m\u1ed1i quan h\u1ec7 trong c\u1ed9ng \u0111\u1ed3ng, v\u00e0\u00a0\u00a0\u00a0\u00a0\u00a0\u00a0\u00a0\u00a0\u00a0\u00a0\u00a0\u00a0\u00a0\u00a0\u00a0\u00a0\u00a0\u00a0\u00a0<\/li><li>S\u1ed1ng nh\u01b0 nh\u1eefng ng\u01b0\u1eddi kh\u00f4ng khuy\u1ebft t\u1eadt, \u1edf m\u1ee9c \u0111\u1ed9 t\u1ed1i \u0111a c\u00f3 th\u1ec3. <span class=\"footnote_referrer\"><a role=\"button\" tabindex=\"0\" onclick=\"footnote_moveToReference_1886_1('footnote_plugin_reference_1886_1_5');\" onkeypress=\"footnote_moveToReference_1886_1('footnote_plugin_reference_1886_1_5');\" ><sup id=\"footnote_plugin_tooltip_1886_1_5\" class=\"footnote_plugin_tooltip_text\">[5]<\/sup><\/a><span id=\"footnote_plugin_tooltip_text_1886_1_5\" class=\"footnote_tooltip\">M\u1ee5c 4689.<\/span><\/span><script type=\"text\/javascript\"> jQuery('#footnote_plugin_tooltip_1886_1_5').tooltip({ tip: '#footnote_plugin_tooltip_text_1886_1_5', tipClass: 'footnote_tooltip', effect: 'fade', predelay: 0, fadeInSpeed: 200, delay: 400, fadeOutSpeed: 200, position: 'top center', relative: true, offset: [-7, 0], });<\/script><\/li><\/ul>\n\n\n\n<p>D\u1ecbch v\u1ee5 d\u00e0nh cho qu\u00fd v\u1ecb ph\u1ee5 thu\u1ed9c v\u00e0o nhu c\u1ea7u v\u00e0 s\u1edf th\u00edch c\u1ee7a qu\u00fd v\u1ecb. M\u1ed7i k\u1ebf ho\u1ea1ch SLS kh\u00f4ng gi\u1ed1ng nhau. SLS c\u00f3 th\u1ec3 l\u00e0 d\u1ecbch v\u1ee5 b\u1ea5t k\u1ef3 m\u00e0 qu\u00fd v\u1ecb c\u1ea7n \u0111\u1ec3 s\u1ed1ng \u0111\u1ed9c l\u1eadp. V\u00ed d\u1ee5: qu\u00fd v\u1ecb c\u00f3 th\u1ec3 s\u1eed d\u1ee5ng SLS \u0111\u1ec3 gi\u00fap qu\u00fd v\u1ecb:<\/p>\n\n\n\n<ul class=\"wp-block-list\"><li>Ph\u00e1t tri\u1ec3n m\u1ed9t \u201cv\u00f2ng h\u1ed7 tr\u1ee3\u201d;<span class=\"footnote_referrer\"><a role=\"button\" tabindex=\"0\" onclick=\"footnote_moveToReference_1886_1('footnote_plugin_reference_1886_1_6');\" onkeypress=\"footnote_moveToReference_1886_1('footnote_plugin_reference_1886_1_6');\" ><sup id=\"footnote_plugin_tooltip_1886_1_6\" class=\"footnote_plugin_tooltip_text\">[6]<\/sup><\/a><span id=\"footnote_plugin_tooltip_text_1886_1_6\" class=\"footnote_tooltip\">\u201cV\u00f2ng H\u1ed7 Tr\u1ee3\u201d l\u00e0 m\u1ed9t nh\u00f3m ng\u01b0\u1eddi kh\u00f4ng ch\u00ednh th\u1ee9c nh\u01b0ng bi\u1ebft danh t\u00ednh c\u1ee7a nhau v\u00e0 \u0111\u00e1ng tin c\u1eady. H\u1ecd s\u1ebd g\u1eb7p g\u1ee1 v\u00e0 li\u00ean l\u1ea1c th\u01b0\u1eddng xuy\u00ean, n\u1ebfu c\u1ea7n,&nbsp;&#x2026; <span class=\"footnote_tooltip_continue\"  onclick=\"footnote_moveToReference_1886_1('footnote_plugin_reference_1886_1_6');\">Continue reading<\/span><\/span><\/span><script type=\"text\/javascript\"> jQuery('#footnote_plugin_tooltip_1886_1_6').tooltip({ tip: '#footnote_plugin_tooltip_text_1886_1_6', tipClass: 'footnote_tooltip', effect: 'fade', predelay: 0, fadeInSpeed: 200, delay: 400, fadeOutSpeed: 200, position: 'top center', relative: true, offset: [-7, 0], });<\/script><\/li><li>Nh\u1eadn \u0111\u00e0o t\u1ea1o v\u00e0 s\u1ef1 h\u1ed7 tr\u1ee3 v\u1ec1 c\u00e1c k\u1ef9 n\u0103ng x\u00e3 h\u1ed9i, h\u00e0nh vi v\u00e0 sinh ho\u1ea1t h\u00e0ng ng\u00e0y,<\/li><li>Ch\u1ecdn, thu\u00ea v\u00e0 \u0111\u00e0o t\u1ea1o nh\u1eefng ng\u01b0\u1eddi gi\u00fap qu\u00fd v\u1ecb ch\u0103m s\u00f3c c\u00e1 nh\u00e2n<\/li><li>H\u1ecdc c\u00e1c k\u1ef9 n\u0103ng m\u1edbi,<\/li><li>Tham gia ho\u1ea1t \u0111\u1ed9ng l\u00fac r\u1ea3nh r\u1ed7i, gi\u1ea3i tr\u00ed, t\u00e2m linh ho\u1eb7c c\u00e1c ho\u1ea1t \u0111\u1ed9ng kh\u00e1c trong c\u1ed9ng \u0111\u1ed3ng \u0111\u1ecba ph\u01b0\u01a1ng,<\/li><li>Qu\u1ea3n l\u00fd, ch\u1ec9 \u0111\u1ea1o v\u00e0 sa th\u1ea3i tr\u1ee3 l\u00fd c\u00e1 nh\u00e2n,<\/li><li>Nh\u1eadn ch\u0103m s\u00f3c y t\u1ebf v\u00e0 s\u1ef1 h\u1ed7 tr\u1ee3 kh\u00e1c qu\u00fd v\u1ecb c\u1ea7n \u0111\u1ec3 h\u00f2a nh\u1eadp v\u00e0o c\u1ed9ng \u0111\u1ed3ng, v\u00e0<\/li><li>Ph\u00e1t tri\u1ec3n c\u00e1c m\u1ee5c \u0111\u00edch ngh\u1ec1 nghi\u1ec7p. <span class=\"footnote_referrer\"><a role=\"button\" tabindex=\"0\" onclick=\"footnote_moveToReference_1886_1('footnote_plugin_reference_1886_1_7');\" onkeypress=\"footnote_moveToReference_1886_1('footnote_plugin_reference_1886_1_7');\" ><sup id=\"footnote_plugin_tooltip_1886_1_7\" class=\"footnote_plugin_tooltip_text\">[7]<\/sup><\/a><span id=\"footnote_plugin_tooltip_text_1886_1_7\" class=\"footnote_tooltip\">M\u1ee5c 4689(c).<\/span><\/span><script type=\"text\/javascript\"> jQuery('#footnote_plugin_tooltip_1886_1_7').tooltip({ tip: '#footnote_plugin_tooltip_text_1886_1_7', tipClass: 'footnote_tooltip', effect: 'fade', predelay: 0, fadeInSpeed: 200, delay: 400, fadeOutSpeed: 200, position: 'top center', relative: true, offset: [-7, 0], });<\/script><\/li><\/ul>\n\n\n\n<p>SLS qu\u00fd v\u1ecb nh\u1eadn c\u00f3 th\u1ec3 thay \u0111\u1ed5i theo nhu c\u1ea7u c\u1ee7a qu\u00fd v\u1ecb.<\/p>\n<div class=\"speaker-mute footnotes_reference_container\"> <div class=\"footnote_container_prepare\"><p><span role=\"button\" tabindex=\"0\" class=\"footnote_reference_container_label pointer\" onclick=\"footnote_expand_collapse_reference_container_1886_1();\">&#x202F;<\/span><span role=\"button\" tabindex=\"0\" class=\"footnote_reference_container_collapse_button\" style=\"display: none;\" onclick=\"footnote_expand_collapse_reference_container_1886_1();\">[<a id=\"footnote_reference_container_collapse_button_1886_1\">+<\/a>]<\/span><\/p><\/div> <div id=\"footnote_references_container_1886_1\" style=\"\"><table class=\"footnotes_table footnote-reference-container\"><caption class=\"accessibility\">References<\/caption> <tbody> \r\n\r\n<tr class=\"footnotes_plugin_reference_row\"> <th scope=\"row\" class=\"footnote_plugin_index_combi pointer\"  onclick=\"footnote_moveToAnchor_1886_1('footnote_plugin_tooltip_1886_1_1');\"><a id=\"footnote_plugin_reference_1886_1_1\" class=\"footnote_backlink\"><span class=\"footnote_index_arrow\">&#8593;<\/span>1<\/a><\/th> <td class=\"footnote_plugin_text\">Ti\u00eau \u0110\u1ec1 17, B\u1ed9 Lu\u1eadt C\u00e1c Quy \u0110\u1ecbnh California, m\u1ee5c 54302(a)(35).<\/td><\/tr>\r\n\r\n<tr class=\"footnotes_plugin_reference_row\"> <th scope=\"row\" class=\"footnote_plugin_index_combi pointer\"  onclick=\"footnote_moveToAnchor_1886_1('footnote_plugin_tooltip_1886_1_2');\"><a id=\"footnote_plugin_reference_1886_1_2\" class=\"footnote_backlink\"><span class=\"footnote_index_arrow\">&#8593;<\/span>2<\/a><\/th> <td class=\"footnote_plugin_text\">M\u1ee5c 4688.05.<\/td><\/tr>\r\n\r\n<tr class=\"footnotes_plugin_reference_row\"> <th scope=\"row\" class=\"footnote_plugin_index_combi pointer\"  onclick=\"footnote_moveToAnchor_1886_1('footnote_plugin_tooltip_1886_1_3');\"><a id=\"footnote_plugin_reference_1886_1_3\" class=\"footnote_backlink\"><span class=\"footnote_index_arrow\">&#8593;<\/span>3<\/a><\/th> <td class=\"footnote_plugin_text\">Trong\u00a0<em>Williams ki\u1ec7n Macomber<\/em>, 226 B\u00e1o C\u00e1o C\u1ee7a California s\u1ed1 3 225 (1990), t\u00f2a \u00e1n tuy\u00ean b\u1ed1 r\u1eb1ng \u201cvi\u1ec7c Trung T\u00e2m Khu V\u1ef1c d\u1ef1a v\u00e0o m\u1ed9t ch\u00ednh s\u00e1ch c\u1ed1 \u0111\u1ecbnh l\u00e0 kh\u00f4ng nh\u1ea5t qu\u00e1n v\u1edbi m\u1ee5c \u0111\u00edch \u0111\u00e3 n\u00eau c\u1ee7a \u0110\u1ea1o Lu\u1eadt v\u1ec1 vi\u1ec7c cung c\u1ea5p d\u1ecbch v\u1ee5 \u0111\u1ea7y \u0111\u1ee7 nh\u1eb1m \u0111\u00e1p \u1ee9ng nhu c\u1ea7u c\u1ee7a t\u1eebng ng\u01b0\u1eddi b\u1ecb khuy\u1ebft t\u1eadt v\u1ec1 ph\u00e1t tri\u1ec3n (M\u1ee5c 4501)\u201d. Do \u0111\u00f3, c\u00e1c ch\u00ednh s\u00e1ch c\u1ee7a trung t\u00e2m khu v\u1ef1c \u0111\u1eb7t ra gi\u1edbi h\u1ea1n th\u1eddi gian nghi\u00eam ng\u1eb7t cho c\u00e1c d\u1ecbch v\u1ee5 ILS v\u00e0 b\u1ecf qua nhu c\u1ea7u c\u00e1 nh\u00e2n c\u1ee7a qu\u00fd v\u1ecb l\u00e0 \u0111i ng\u01b0\u1ee3c l\u1ea1i \u0110\u1ea1o Lu\u1eadt Lanterman.<\/td><\/tr>\r\n\r\n<tr class=\"footnotes_plugin_reference_row\"> <th scope=\"row\" class=\"footnote_plugin_index_combi pointer\"  onclick=\"footnote_moveToAnchor_1886_1('footnote_plugin_tooltip_1886_1_4');\"><a id=\"footnote_plugin_reference_1886_1_4\" class=\"footnote_backlink\"><span class=\"footnote_index_arrow\">&#8593;<\/span>4<\/a><\/th> <td class=\"footnote_plugin_text\">Ti\u00eau \u0110\u1ec1 17, B\u1ed9 Lu\u1eadt C\u00e1c Quy \u0110\u1ecbnh California m\u1ee5c 58613(a)(2)(B).<\/td><\/tr>\r\n\r\n<tr class=\"footnotes_plugin_reference_row\"> <th scope=\"row\" class=\"footnote_plugin_index_combi pointer\"  onclick=\"footnote_moveToAnchor_1886_1('footnote_plugin_tooltip_1886_1_5');\"><a id=\"footnote_plugin_reference_1886_1_5\" class=\"footnote_backlink\"><span class=\"footnote_index_arrow\">&#8593;<\/span>5<\/a><\/th> <td class=\"footnote_plugin_text\">M\u1ee5c 4689.<\/td><\/tr>\r\n\r\n<tr class=\"footnotes_plugin_reference_row\"> <th scope=\"row\" class=\"footnote_plugin_index_combi pointer\"  onclick=\"footnote_moveToAnchor_1886_1('footnote_plugin_tooltip_1886_1_6');\"><a id=\"footnote_plugin_reference_1886_1_6\" class=\"footnote_backlink\"><span class=\"footnote_index_arrow\">&#8593;<\/span>6<\/a><\/th> <td class=\"footnote_plugin_text\">\u201cV\u00f2ng H\u1ed7 Tr\u1ee3\u201d l\u00e0 m\u1ed9t nh\u00f3m ng\u01b0\u1eddi kh\u00f4ng ch\u00ednh th\u1ee9c nh\u01b0ng bi\u1ebft danh t\u00ednh c\u1ee7a nhau v\u00e0 \u0111\u00e1ng tin c\u1eady. H\u1ecd s\u1ebd g\u1eb7p g\u1ee1 v\u00e0 li\u00ean l\u1ea1c th\u01b0\u1eddng xuy\u00ean, n\u1ebfu c\u1ea7n, \u0111\u1ec3 cung c\u1ea5p s\u1ef1 h\u1ed7 tr\u1ee3 cho kh\u00e1ch h\u00e0ng, trong \u0111\u00f3 v\u00f2ng n\u00e0y t\u1ed3n t\u1ea1i l\u00e0 v\u00ec l\u1ee3i \u00edch c\u1ee7a h\u1ecd. Ti\u00eau \u0110\u1ec1 17, B\u1ed9 Lu\u1eadt C\u00e1c Quy \u0110\u1ecbnh California, m\u1ee5c 58601(a)(1).<\/td><\/tr>\r\n\r\n<tr class=\"footnotes_plugin_reference_row\"> <th scope=\"row\" class=\"footnote_plugin_index_combi pointer\"  onclick=\"footnote_moveToAnchor_1886_1('footnote_plugin_tooltip_1886_1_7');\"><a id=\"footnote_plugin_reference_1886_1_7\" class=\"footnote_backlink\"><span class=\"footnote_index_arrow\">&#8593;<\/span>7<\/a><\/th> <td class=\"footnote_plugin_text\">M\u1ee5c 4689(c).<\/td><\/tr>\r\n\r\n <\/tbody> <\/table> <\/div><\/div><script type=\"text\/javascript\"> function footnote_expand_reference_container_1886_1() { jQuery('#footnote_references_container_1886_1').show(); jQuery('#footnote_reference_container_collapse_button_1886_1').text('\u2212'); } function footnote_collapse_reference_container_1886_1() { jQuery('#footnote_references_container_1886_1').hide(); jQuery('#footnote_reference_container_collapse_button_1886_1').text('+'); } function footnote_expand_collapse_reference_container_1886_1() { if (jQuery('#footnote_references_container_1886_1').is(':hidden')) { footnote_expand_reference_container_1886_1(); } else { footnote_collapse_reference_container_1886_1(); } } function footnote_moveToReference_1886_1(p_str_TargetID) { footnote_expand_reference_container_1886_1(); var l_obj_Target = jQuery('#' + p_str_TargetID); if (l_obj_Target.length) { jQuery( 'html, body' ).delay( 0 ); jQuery('html, body').animate({ scrollTop: l_obj_Target.offset().top - window.innerHeight * 0.2 }, 380); } } function footnote_moveToAnchor_1886_1(p_str_TargetID) { footnote_expand_reference_container_1886_1(); var l_obj_Target = jQuery('#' + p_str_TargetID); if (l_obj_Target.length) { jQuery( 'html, body' ).delay( 0 ); jQuery('html, body').animate({ scrollTop: l_obj_Target.offset().top - window.innerHeight * 0.2 }, 380); } }<\/script>","protected":false},"excerpt":{"rendered":"<p>C\u00e1c d\u1ecbch v\u1ee5 ch\u00ednh \u0111\u01b0\u1ee3c trung t\u00e2m khu v\u1ef1c cung c\u1ea5p \u0111\u1ec3 gi\u00fap m\u1ecdi ng\u01b0\u1eddi s\u1ed1ng \u0111\u1ed9c l\u1eadp l\u00e0 \u0111\u00e0o t\u1ea1o \u201ck\u1ef9 n\u0103ng s\u1ed1ng \u0111\u1ed9c&hellip;<\/p>\n","protected":false},"author":1,"featured_media":0,"parent":1876,"menu_order":3,"comment_status":"closed","ping_status":"closed","template":"","meta":{"footnotes":""},"class_list":["post-1886","page","type-page","status-publish","hentry"],"_links":{"self":[{"href":"https:\/\/rula.disabilityrightsca.org\/vi\/wp-json\/wp\/v2\/pages\/1886","targetHints":{"allow":["GET"]}}],"collection":[{"href":"https:\/\/rula.disabilityrightsca.org\/vi\/wp-json\/wp\/v2\/pages"}],"about":[{"href":"https:\/\/rula.disabilityrightsca.org\/vi\/wp-json\/wp\/v2\/types\/page"}],"author":[{"embeddable":true,"href":"https:\/\/rula.disabilityrightsca.org\/vi\/wp-json\/wp\/v2\/users\/1"}],"replies":[{"embeddable":true,"href":"https:\/\/rula.disabilityrightsca.org\/vi\/wp-json\/wp\/v2\/comments?post=1886"}],"version-history":[{"count":2,"href":"https:\/\/rula.disabilityrightsca.org\/vi\/wp-json\/wp\/v2\/pages\/1886\/revisions"}],"predecessor-version":[{"id":3099,"href":"https:\/\/rula.disabilityrightsca.org\/vi\/wp-json\/wp\/v2\/pages\/1886\/revisions\/3099"}],"up":[{"embeddable":true,"href":"https:\/\/rula.disabilityrightsca.org\/vi\/wp-json\/wp\/v2\/pages\/1876"}],"wp:attachment":[{"href":"https:\/\/rula.disabilityrightsca.org\/vi\/wp-json\/wp\/v2\/media?parent=1886"}],"curies":[{"name":"wp","href":"https:\/\/api.w.org\/{rel}","templated":true}]}}