{"id":1883,"date":"2021-09-23T16:45:07","date_gmt":"2021-09-23T16:45:07","guid":{"rendered":"http:\/\/www.rula.disabilityrightsca.org\/vi\/?page_id=1883"},"modified":"2022-04-21T20:33:43","modified_gmt":"2022-04-21T20:33:43","slug":"7-2-if-i-want-to-live-in-my-own-home-do-i-have-to-prove-that-i-can-do-it-on-my-own","status":"publish","type":"page","link":"https:\/\/rula.disabilityrightsca.org\/vi\/rula-book\/chapter-7-community-living-arrangements-for-adults\/7-2-if-i-want-to-live-in-my-own-home-do-i-have-to-prove-that-i-can-do-it-on-my-own\/","title":{"rendered":"(7.2) N\u1ebfu t\u00f4i mu\u1ed1n s\u1ed1ng trong nh\u00e0 ri\u00eang, t\u00f4i c\u00f3 ph\u1ea3i ch\u1ee9ng minh m\u00ecnh c\u00f3 th\u1ec3 s\u1ed1ng \u0111\u1ed9c l\u1eadp kh\u00f4ng?"},"content":{"rendered":"\n<p>\u0110\u1ec3 s\u1ed1ng m\u1ed9t m\u00ecnh, trong c\u0103n h\u1ed9 ho\u1eb7c nh\u00e0 \u1edf, qu\u00fd v\u1ecb c\u00f3 quy\u1ec1n nh\u1eadn c\u00e1c d\u1ecbch v\u1ee5 v\u00e0 s\u1ef1 h\u1ed7 tr\u1ee3 c\u1ee7a trung t\u00e2m khu v\u1ef1c \u0111\u1ec3 gi\u00fap qu\u00fd v\u1ecb. Lu\u1eadt quy \u0111\u1ecbnh c\u00e1c d\u1ecbch v\u1ee5 v\u00e0 s\u1ef1 h\u1ed7 tr\u1ee3 gi\u00fap nh\u1eefng ng\u01b0\u1eddi khuy\u1ebft t\u1eadt v\u1ec1 ph\u00e1t tri\u1ec3n s\u1ed1ng nh\u01b0 c\u00e1ch s\u1ed1ng c\u1ee7a nh\u1eefng ng\u01b0\u1eddi kh\u00f4ng khuy\u1ebft t\u1eadt. Lu\u1eadt kh\u00f4ng quy \u0111\u1ecbnh ch\u1ec9 cung c\u1ea5p d\u1ecbch v\u1ee5 cho nh\u1eefng ng\u01b0\u1eddi c\u1ea7n \u00edt s\u1ef1 tr\u1ee3 gi\u00fap \u0111\u1ec3 s\u1ed1ng \u0111\u1ed9c l\u1eadp. \u0110\u1ea1o Lu\u1eadt Lanterman trao c\u01a1 h\u1ed9i cho ng\u01b0\u1eddi l\u1edbn, b\u1ea5t k\u1ec3 m\u1ee9c \u0111\u1ed9 khuy\u1ebft t\u1eadt v\u1ec1 ph\u00e1t tri\u1ec3n c\u1ee7a h\u1ecd, \u0111\u01b0\u1ee3c s\u1ed1ng trong nh\u00e0 ri\u00eang ho\u1eb7c nh\u00e0 thu\u00ea c\u1ee7a h\u1ecd. Lu\u1eadt quy \u0111\u1ecbnh s\u1ef1 h\u1ed7 tr\u1ee3 ph\u1ea3i \u0111\u01b0\u1ee3c cung c\u1ea5p th\u01b0\u1eddng xuy\u00ean v\u00e0 trong kho\u1ea3ng th\u1eddi gian c\u1ea7n thi\u1ebft, khi \u0111\u00f3 l\u00e0 m\u1ee5c \u0111\u00edch c\u1ee7a IPP. <span class=\"footnote_referrer\"><a role=\"button\" tabindex=\"0\" onclick=\"footnote_moveToReference_1883_1('footnote_plugin_reference_1883_1_1');\" onkeypress=\"footnote_moveToReference_1883_1('footnote_plugin_reference_1883_1_1');\" ><sup id=\"footnote_plugin_tooltip_1883_1_1\" class=\"footnote_plugin_tooltip_text\">[1]<\/sup><\/a><span id=\"footnote_plugin_tooltip_text_1883_1_1\" class=\"footnote_tooltip\">M\u1ee5c 4689.<\/span><\/span><script type=\"text\/javascript\"> jQuery('#footnote_plugin_tooltip_1883_1_1').tooltip({ tip: '#footnote_plugin_tooltip_text_1883_1_1', tipClass: 'footnote_tooltip', effect: 'fade', predelay: 0, fadeInSpeed: 200, delay: 400, fadeOutSpeed: 200, position: 'top center', relative: true, offset: [-7, 0], });<\/script><\/p>\n\n\n\n<p>Ai c\u0169ng c\u1ea7n m\u1ed9t s\u1ed1 s\u1ef1 tr\u1ee3 gi\u00fap \u0111\u1ec3 s\u1ed1ng \u201c\u0111\u1ed9c l\u1eadp\u201d. Ch\u00fang ta \u0111\u1ec1u d\u1ef1a v\u00e0o ng\u01b0\u1eddi kh\u00e1c, nh\u01b0 gia \u0111\u00ecnh, b\u1ea1n b\u00e8, h\u00e0ng x\u00f3m, ng\u01b0\u1eddi l\u00e0m v\u01b0\u1eddn, th\u1ee3 s\u1eeda \u1ed1ng n\u01b0\u1edbc v\u00e0 ng\u01b0\u1eddi tr\u00f4ng tr\u1ebb \u0111\u1ec3 c\u00f3 \u0111\u01b0\u1ee3c m\u1ed9t s\u1ed1 h\u1ed7 tr\u1ee3. Qu\u00fd v\u1ecb c\u00f3 th\u1ec3 nh\u1eadn s\u1ef1 h\u1ed7 tr\u1ee3 c\u1ea7n thi\u1ebft t\u1eeb gia \u0111\u00ecnh, b\u1ea1n b\u00e8 v\u00e0 ng\u01b0\u1eddi ch\u0103m s\u00f3c \u0111\u01b0\u1ee3c tr\u1ea3 l\u01b0\u01a1ng \u0111\u1ec3 s\u1ed1ng \u0111\u1ed9c l\u1eadp.<\/p>\n<div class=\"speaker-mute footnotes_reference_container\"> <div class=\"footnote_container_prepare\"><p><span role=\"button\" tabindex=\"0\" class=\"footnote_reference_container_label pointer\" onclick=\"footnote_expand_collapse_reference_container_1883_1();\">&#x202F;<\/span><span role=\"button\" tabindex=\"0\" class=\"footnote_reference_container_collapse_button\" style=\"display: none;\" onclick=\"footnote_expand_collapse_reference_container_1883_1();\">[<a id=\"footnote_reference_container_collapse_button_1883_1\">+<\/a>]<\/span><\/p><\/div> <div id=\"footnote_references_container_1883_1\" style=\"\"><table class=\"footnotes_table footnote-reference-container\"><caption class=\"accessibility\">References<\/caption> <tbody> \r\n\r\n<tr class=\"footnotes_plugin_reference_row\"> <th scope=\"row\" class=\"footnote_plugin_index_combi pointer\"  onclick=\"footnote_moveToAnchor_1883_1('footnote_plugin_tooltip_1883_1_1');\"><a id=\"footnote_plugin_reference_1883_1_1\" class=\"footnote_backlink\"><span class=\"footnote_index_arrow\">&#8593;<\/span>1<\/a><\/th> <td class=\"footnote_plugin_text\">M\u1ee5c 4689.<\/td><\/tr>\r\n\r\n <\/tbody> <\/table> <\/div><\/div><script type=\"text\/javascript\"> function footnote_expand_reference_container_1883_1() { jQuery('#footnote_references_container_1883_1').show(); jQuery('#footnote_reference_container_collapse_button_1883_1').text('\u2212'); } function footnote_collapse_reference_container_1883_1() { jQuery('#footnote_references_container_1883_1').hide(); jQuery('#footnote_reference_container_collapse_button_1883_1').text('+'); } function footnote_expand_collapse_reference_container_1883_1() { if (jQuery('#footnote_references_container_1883_1').is(':hidden')) { footnote_expand_reference_container_1883_1(); } else { footnote_collapse_reference_container_1883_1(); } } function footnote_moveToReference_1883_1(p_str_TargetID) { footnote_expand_reference_container_1883_1(); var l_obj_Target = jQuery('#' + p_str_TargetID); if (l_obj_Target.length) { jQuery( 'html, body' ).delay( 0 ); jQuery('html, body').animate({ scrollTop: l_obj_Target.offset().top - window.innerHeight * 0.2 }, 380); } } function footnote_moveToAnchor_1883_1(p_str_TargetID) { footnote_expand_reference_container_1883_1(); var l_obj_Target = jQuery('#' + p_str_TargetID); if (l_obj_Target.length) { jQuery( 'html, body' ).delay( 0 ); jQuery('html, body').animate({ scrollTop: l_obj_Target.offset().top - window.innerHeight * 0.2 }, 380); } }<\/script>","protected":false},"excerpt":{"rendered":"<p>\u0110\u1ec3 s\u1ed1ng m\u1ed9t m\u00ecnh, trong c\u0103n h\u1ed9 ho\u1eb7c nh\u00e0 \u1edf, qu\u00fd v\u1ecb c\u00f3 quy\u1ec1n nh\u1eadn c\u00e1c d\u1ecbch v\u1ee5 v\u00e0 s\u1ef1 h\u1ed7 tr\u1ee3 c\u1ee7a trung t\u00e2m&hellip;<\/p>\n","protected":false},"author":1,"featured_media":0,"parent":1876,"menu_order":2,"comment_status":"closed","ping_status":"closed","template":"","meta":{"footnotes":""},"class_list":["post-1883","page","type-page","status-publish","hentry"],"_links":{"self":[{"href":"https:\/\/rula.disabilityrightsca.org\/vi\/wp-json\/wp\/v2\/pages\/1883","targetHints":{"allow":["GET"]}}],"collection":[{"href":"https:\/\/rula.disabilityrightsca.org\/vi\/wp-json\/wp\/v2\/pages"}],"about":[{"href":"https:\/\/rula.disabilityrightsca.org\/vi\/wp-json\/wp\/v2\/types\/page"}],"author":[{"embeddable":true,"href":"https:\/\/rula.disabilityrightsca.org\/vi\/wp-json\/wp\/v2\/users\/1"}],"replies":[{"embeddable":true,"href":"https:\/\/rula.disabilityrightsca.org\/vi\/wp-json\/wp\/v2\/comments?post=1883"}],"version-history":[{"count":2,"href":"https:\/\/rula.disabilityrightsca.org\/vi\/wp-json\/wp\/v2\/pages\/1883\/revisions"}],"predecessor-version":[{"id":3097,"href":"https:\/\/rula.disabilityrightsca.org\/vi\/wp-json\/wp\/v2\/pages\/1883\/revisions\/3097"}],"up":[{"embeddable":true,"href":"https:\/\/rula.disabilityrightsca.org\/vi\/wp-json\/wp\/v2\/pages\/1876"}],"wp:attachment":[{"href":"https:\/\/rula.disabilityrightsca.org\/vi\/wp-json\/wp\/v2\/media?parent=1883"}],"curies":[{"name":"wp","href":"https:\/\/api.w.org\/{rel}","templated":true}]}}