{"id":1880,"date":"2021-09-23T16:39:09","date_gmt":"2021-09-23T16:39:09","guid":{"rendered":"http:\/\/www.rula.disabilityrightsca.org\/vi\/?page_id=1880"},"modified":"2022-04-21T20:33:17","modified_gmt":"2022-04-21T20:33:17","slug":"7-1-how-do-i-decide-where-to-live","status":"publish","type":"page","link":"https:\/\/rula.disabilityrightsca.org\/vi\/rula-book\/chapter-7-community-living-arrangements-for-adults\/7-1-how-do-i-decide-where-to-live\/","title":{"rendered":"(7.1) T\u00f4i quy\u1ebft \u0111\u1ecbnh n\u01a1i m\u00ecnh s\u1ed1ng nh\u01b0 th\u1ebf n\u00e0o?"},"content":{"rendered":"\n<p>S\u1edf th\u00edch, l\u1ef1a ch\u1ecdn v\u00e0 mong mu\u1ed1n c\u1ee7a qu\u00fd v\u1ecb l\u00e0 \u0111i\u1ec3m b\u1eaft \u0111\u1ea7u \u0111\u1ec3 quy\u1ebft \u0111\u1ecbnh n\u01a1i qu\u00fd v\u1ecb s\u1ebd s\u1ed1ng. Vi\u1ec7c quy\u1ebft \u0111\u1ecbnh n\u01a1i qu\u00fd v\u1ecb mu\u1ed1n s\u1ed1ng l\u00e0 m\u1ed9t ph\u1ea7n trong qu\u00e1 tr\u00ecnh l\u00ean k\u1ebf ho\u1ea1ch cho K\u1ebf Ho\u1ea1ch Ch\u01b0\u01a1ng Tr\u00ecnh C\u00e1 Nh\u00e2n (Individual Program Plan, IPP) c\u1ee7a qu\u00fd v\u1ecb.\u00a0<\/p>\n\n\n\n<p>Nh\u1eefng ng\u01b0\u1eddi b\u1ecb khuy\u1ebft t\u1eadt v\u1ec1 ph\u00e1t tri\u1ec3n s\u1ed1ng trong nhi\u1ec1u m\u00f4i tr\u01b0\u1eddng. T\u1eeb m\u00f4i tr\u01b0\u1eddng \u00edt h\u1ea1n ch\u1ebf nh\u1ea5t (nh\u01b0 n\u01a1i s\u1ed1ng \u0111\u1ed9c l\u1eadp) \u0111\u1ebfn m\u00f4i tr\u01b0\u1eddng h\u1ea1n ch\u1ebf nh\u1ea5t (nh\u01b0 c\u00e1c c\u01a1 s\u1edf ho\u1eb7c b\u1ec7nh vi\u1ec7n r\u1ed9ng l\u1edbn, b\u1ecb kh\u00f3a). Nh\u1eefng ph\u01b0\u01a1ng \u00e1n s\u1eafp x\u1ebfp \u0111\u1eddi s\u1ed1ng kh\u00e1c n\u1eb1m gi\u1eefa nh\u1eefng m\u00f4i tr\u01b0\u1eddng \u0111\u00f3 bao g\u1ed3m s\u1ed1ng v\u1edbi cha\/m\u1eb9 ho\u1eb7c ng\u01b0\u1eddi th\u00e2n, v\u1edbi m\u1ed9t gia \u0111\u00ecnh kh\u00e1c ho\u1eb7c trong m\u1ed9t nh\u00e0 t\u1eadp th\u1ec3 nh\u1ecf. Qu\u00fd v\u1ecb kh\u00f4ng ph\u1ea3i chuy\u1ec3n qua t\u1eebng m\u00f4i tr\u01b0\u1eddng tr\u01b0\u1edbc khi qu\u00fd v\u1ecb s\u1eb5n s\u00e0ng cho m\u1ed9t tr\u01b0\u1eddng h\u00f2a nh\u1eadp h\u01a1n hay k\u00e9m h\u1ea1n ch\u1ebf h\u01a1n. M\u1ee5c \u0111\u00edch c\u1ee7a \u0110\u1ea1o Lu\u1eadt Lanterman l\u00e0 \u0111\u1ec3 ng\u01b0\u1eddi khuy\u1ebft t\u1eadt v\u1ec1 ph\u00e1t tri\u1ec3n \u0111\u01b0\u1ee3c s\u1ed1ng gi\u1ed1ng nh\u01b0 nh\u1eefng ng\u01b0\u1eddi \u1edf c\u00f9ng \u0111\u1ed9 tu\u1ed5i kh\u00f4ng b\u1ecb khuy\u1ebft t\u1eadt. <span class=\"footnote_referrer\"><a role=\"button\" tabindex=\"0\" onclick=\"footnote_moveToReference_1880_1('footnote_plugin_reference_1880_1_1');\" onkeypress=\"footnote_moveToReference_1880_1('footnote_plugin_reference_1880_1_1');\" ><sup id=\"footnote_plugin_tooltip_1880_1_1\" class=\"footnote_plugin_tooltip_text\">[1]<\/sup><\/a><span id=\"footnote_plugin_tooltip_text_1880_1_1\" class=\"footnote_tooltip\">\u0110\u1ea1o Lu\u1eadt Lanterman quy \u0111\u1ecbnh r\u1eb1ng c\u00e1c d\u1ecbch v\u1ee5 v\u00e0 s\u1ef1 h\u1ed7 tr\u1ee3 ph\u1ea3i t\u1ea1o \u0111i\u1ec1u ki\u1ec7n cho ng\u01b0\u1eddi khuy\u1ebft t\u1eadt c\u00f3 \u0111\u01b0\u1ee3c ki\u1ec3u cu\u1ed9c s\u1ed1ng h\u00e0ng ng\u00e0y g\u1ea7n gi\u1ed1ng&nbsp;&#x2026; <span class=\"footnote_tooltip_continue\"  onclick=\"footnote_moveToReference_1880_1('footnote_plugin_reference_1880_1_1');\">Continue reading<\/span><\/span><\/span><script type=\"text\/javascript\"> jQuery('#footnote_plugin_tooltip_1880_1_1').tooltip({ tip: '#footnote_plugin_tooltip_text_1880_1_1', tipClass: 'footnote_tooltip', effect: 'fade', predelay: 0, fadeInSpeed: 200, delay: 400, fadeOutSpeed: 200, position: 'top center', relative: true, offset: [-7, 0], });<\/script> Nh\u1eefng ng\u01b0\u1eddi kh\u00f4ng b\u1ecb khuy\u1ebft t\u1eadt s\u1ed1ng trong nh\u00e0 \u1edf v\u00e0 c\u1ed9ng \u0111\u1ed3ng h\u1ecd l\u1ef1a ch\u1ecdn, v\u00ec v\u1eady nh\u1eefng ng\u01b0\u1eddi b\u1ecb khuy\u1ebft t\u1eadt v\u1ec1 ph\u00e1t tri\u1ec3n c\u0169ng n\u00ean \u0111\u01b0\u1ee3c s\u1ed1ng theo c\u00e1ch \u0111\u00f3. Ch\u01b0\u01a1ng n\u00e0y ch\u1ee7 y\u1ebfu n\u00f3i v\u1ec1 c\u00e1c l\u1ef1a ch\u1ecdn s\u1ed1ng trong c\u1ed9ng \u0111\u1ed3ng. Ch\u01b0\u01a1ng n\u00e0y s\u1ebd kh\u00f4ng nh\u1eafc nhi\u1ec1u \u0111\u1ebfn vi\u1ec7c s\u1ed1ng trong nh\u1eefng m\u00f4i tr\u01b0\u1eddng r\u1ea5t h\u1ea1n ch\u1ebf.<\/p>\n<div class=\"speaker-mute footnotes_reference_container\"> <div class=\"footnote_container_prepare\"><p><span role=\"button\" tabindex=\"0\" class=\"footnote_reference_container_label pointer\" onclick=\"footnote_expand_collapse_reference_container_1880_1();\">&#x202F;<\/span><span role=\"button\" tabindex=\"0\" class=\"footnote_reference_container_collapse_button\" style=\"display: none;\" onclick=\"footnote_expand_collapse_reference_container_1880_1();\">[<a id=\"footnote_reference_container_collapse_button_1880_1\">+<\/a>]<\/span><\/p><\/div> <div id=\"footnote_references_container_1880_1\" style=\"\"><table class=\"footnotes_table footnote-reference-container\"><caption class=\"accessibility\">References<\/caption> <tbody> \r\n\r\n<tr class=\"footnotes_plugin_reference_row\"> <th scope=\"row\" class=\"footnote_plugin_index_combi pointer\"  onclick=\"footnote_moveToAnchor_1880_1('footnote_plugin_tooltip_1880_1_1');\"><a id=\"footnote_plugin_reference_1880_1_1\" class=\"footnote_backlink\"><span class=\"footnote_index_arrow\">&#8593;<\/span>1<\/a><\/th> <td class=\"footnote_plugin_text\">\u0110\u1ea1o Lu\u1eadt Lanterman quy \u0111\u1ecbnh r\u1eb1ng c\u00e1c d\u1ecbch v\u1ee5 v\u00e0 s\u1ef1 h\u1ed7 tr\u1ee3 ph\u1ea3i t\u1ea1o \u0111i\u1ec1u ki\u1ec7n cho ng\u01b0\u1eddi khuy\u1ebft t\u1eadt c\u00f3 \u0111\u01b0\u1ee3c ki\u1ec3u cu\u1ed9c s\u1ed1ng h\u00e0ng ng\u00e0y g\u1ea7n gi\u1ed1ng nh\u1eefng ng\u01b0\u1eddi \u1edf c\u00f9ng \u0111\u1ed9 tu\u1ed5i kh\u00f4ng b\u1ecb khuy\u1ebft t\u1eadt. M\u1ee5c 4501. Nh\u1eefng ng\u01b0\u1eddi b\u1ecb khuy\u1ebft t\u1eadt v\u1ec1 ph\u00e1t tri\u1ec3n c\u00f3 c\u00f9ng c\u00e1c quy\u1ec1n v\u00e0 tr\u00e1ch nhi\u1ec7m ph\u00e1p l\u00fd \u0111\u01b0\u1ee3c \u0111\u1ea3m b\u1ea3o cho t\u1ea5t c\u1ea3 c\u00e1c c\u00e1 nh\u00e2n kh\u00e1c theo Hi\u1ebfn Ph\u00e1p v\u00e0 c\u00e1c lu\u1eadt c\u1ee7a Hoa K\u1ef3 c\u00f9ng Hi\u1ebfn Ph\u00e1p v\u00e0 c\u00e1c lu\u1eadt c\u1ee7a Ti\u1ec3u Bang California, bao g\u1ed3m quy\u1ec1n t\u1ef1 \u0111\u01b0a ra l\u1ef1a ch\u1ecdn trong cu\u1ed9c s\u1ed1ng c\u1ee7a ch\u00ednh h\u1ecd, bao g\u1ed3m n\u01a1i v\u00e0 ng\u01b0\u1eddi h\u1ecd s\u1ed1ng c\u00f9ng. M\u1ee5c 4502(a) v\u00e0 (b)(10). Nh\u1eefng ng\u01b0\u1eddi b\u1ecb khuy\u1ebft t\u1eadt v\u1ec1 ph\u00e1t tri\u1ec3n c\u00f3 quy\u1ec1n nh\u1eadn c\u00e1c d\u1ecbch v\u1ee5 c\u00f9ng s\u1ef1 h\u1ed7 tr\u1ee3 \u0111i\u1ec1u tr\u1ecb v\u00e0 h\u1ed7 tr\u1ee3 \u0111\u1eddi s\u1ed1ng trong m\u00f4i tr\u01b0\u1eddng \u00edt h\u1ea1n ch\u1ebf nh\u1ea5t c\u1ea7n thi\u1ebft \u0111\u1ec3 ho\u00e0n th\u00e0nh m\u1ee5c \u0111\u00edch c\u1ee7a nh\u1eefng d\u1ecbch v\u1ee5 \u0111\u00f3, c\u0169ng nh\u01b0 l\u00e0 c\u00e1c d\u1ecbch v\u1ee5 ph\u1ea3i th\u00fac \u0111\u1ea9y ti\u1ec1m n\u0103ng ph\u00e1t tri\u1ec3n c\u1ee7a ng\u01b0\u1eddi \u0111\u00f3 v\u00e0 h\u01b0\u1edbng t\u1edbi vi\u1ec7c \u0111\u1ea1t \u0111\u01b0\u1ee3c cu\u1ed9c s\u1ed1ng \u0111\u1ed9c l\u1eadp, c\u00f3 \u00edch v\u00e0 b\u00ecnh th\u01b0\u1eddng nh\u1ea5t c\u00f3 th\u1ec3. M\u1ee5c 4502(b).<\/td><\/tr>\r\n\r\n <\/tbody> <\/table> <\/div><\/div><script type=\"text\/javascript\"> function footnote_expand_reference_container_1880_1() { jQuery('#footnote_references_container_1880_1').show(); jQuery('#footnote_reference_container_collapse_button_1880_1').text('\u2212'); } function footnote_collapse_reference_container_1880_1() { jQuery('#footnote_references_container_1880_1').hide(); jQuery('#footnote_reference_container_collapse_button_1880_1').text('+'); } function footnote_expand_collapse_reference_container_1880_1() { if (jQuery('#footnote_references_container_1880_1').is(':hidden')) { footnote_expand_reference_container_1880_1(); } else { footnote_collapse_reference_container_1880_1(); } } function footnote_moveToReference_1880_1(p_str_TargetID) { footnote_expand_reference_container_1880_1(); var l_obj_Target = jQuery('#' + p_str_TargetID); if (l_obj_Target.length) { jQuery( 'html, body' ).delay( 0 ); jQuery('html, body').animate({ scrollTop: l_obj_Target.offset().top - window.innerHeight * 0.2 }, 380); } } function footnote_moveToAnchor_1880_1(p_str_TargetID) { footnote_expand_reference_container_1880_1(); var l_obj_Target = jQuery('#' + p_str_TargetID); if (l_obj_Target.length) { jQuery( 'html, body' ).delay( 0 ); jQuery('html, body').animate({ scrollTop: l_obj_Target.offset().top - window.innerHeight * 0.2 }, 380); } }<\/script>","protected":false},"excerpt":{"rendered":"<p>S\u1edf th\u00edch, l\u1ef1a ch\u1ecdn v\u00e0 mong mu\u1ed1n c\u1ee7a qu\u00fd v\u1ecb l\u00e0 \u0111i\u1ec3m b\u1eaft \u0111\u1ea7u \u0111\u1ec3 quy\u1ebft \u0111\u1ecbnh n\u01a1i qu\u00fd v\u1ecb s\u1ebd s\u1ed1ng. Vi\u1ec7c quy\u1ebft \u0111\u1ecbnh&hellip;<\/p>\n","protected":false},"author":1,"featured_media":0,"parent":1876,"menu_order":1,"comment_status":"closed","ping_status":"closed","template":"","meta":{"footnotes":""},"class_list":["post-1880","page","type-page","status-publish","hentry"],"_links":{"self":[{"href":"https:\/\/rula.disabilityrightsca.org\/vi\/wp-json\/wp\/v2\/pages\/1880","targetHints":{"allow":["GET"]}}],"collection":[{"href":"https:\/\/rula.disabilityrightsca.org\/vi\/wp-json\/wp\/v2\/pages"}],"about":[{"href":"https:\/\/rula.disabilityrightsca.org\/vi\/wp-json\/wp\/v2\/types\/page"}],"author":[{"embeddable":true,"href":"https:\/\/rula.disabilityrightsca.org\/vi\/wp-json\/wp\/v2\/users\/1"}],"replies":[{"embeddable":true,"href":"https:\/\/rula.disabilityrightsca.org\/vi\/wp-json\/wp\/v2\/comments?post=1880"}],"version-history":[{"count":2,"href":"https:\/\/rula.disabilityrightsca.org\/vi\/wp-json\/wp\/v2\/pages\/1880\/revisions"}],"predecessor-version":[{"id":3096,"href":"https:\/\/rula.disabilityrightsca.org\/vi\/wp-json\/wp\/v2\/pages\/1880\/revisions\/3096"}],"up":[{"embeddable":true,"href":"https:\/\/rula.disabilityrightsca.org\/vi\/wp-json\/wp\/v2\/pages\/1876"}],"wp:attachment":[{"href":"https:\/\/rula.disabilityrightsca.org\/vi\/wp-json\/wp\/v2\/media?parent=1880"}],"curies":[{"name":"wp","href":"https:\/\/api.w.org\/{rel}","templated":true}]}}