{"id":1876,"date":"2021-09-23T16:34:28","date_gmt":"2021-09-23T16:34:28","guid":{"rendered":"http:\/\/www.rula.disabilityrightsca.org\/vi\/?page_id=1876"},"modified":"2022-06-23T20:28:56","modified_gmt":"2022-06-23T20:28:56","slug":"chapter-7-community-living-arrangements-for-adults","status":"publish","type":"page","link":"https:\/\/rula.disabilityrightsca.org\/vi\/rula-book\/chapter-7-community-living-arrangements-for-adults\/","title":{"rendered":"Ch\u01b0\u01a1ng 7: S\u1eafp X\u1ebfp \u0110\u1eddi S\u1ed1ng T\u1ea1i C\u1ed9ng \u0110\u1ed3ng cho Ng\u01b0\u1eddi L\u1edbn"},"content":{"rendered":"\n<p><div class=\"print-fullchapter-wrap\"><div class=\"print-fullchapter\"><a href=\"https:\/\/rula.disabilityrightsca.org\/vi\/chapter-7-print\/\">In to\u00e0n b\u1ed9 ch\u01b0\u01a1ng<\/a><\/div><\/div><\/p>\n\n\n\n<p>Ch\u01b0\u01a1ng n\u00e0y cung c\u1ea5p cho qu\u00fd v\u1ecb th\u00f4ng tin v\u1ec1 c\u00e1c l\u1ef1a ch\u1ecdn \u0111\u1eddi s\u1ed1ng t\u1ea1i c\u1ed9ng \u0111\u1ed3ng c\u00f3 s\u1eb5n cho ng\u01b0\u1eddi l\u1edbn b\u1ecb khuy\u1ebft t\u1eadt v\u1ec1 ph\u00e1t tri\u1ec3n. Ch\u00fang t\u00f4i gi\u1ea3i th\u00edch t\u1eebng l\u1ef1a ch\u1ecdn v\u00e0 c\u00e1ch l\u1eadp k\u1ebf ho\u1ea1ch v\u00e0 ph\u00e1t tri\u1ec3n ph\u01b0\u01a1ng \u00e1n s\u1eafp x\u1ebfp \u0111\u1eddi s\u1ed1ng ph\u00f9 h\u1ee3p nh\u1ea5t v\u1edbi qu\u00fd v\u1ecb. Qu\u00fd v\u1ecb c\u0169ng s\u1ebd t\u00ecm hi\u1ec3u v\u1ec1 c\u00e1c quy\u1ec1n c\u1ee7a qu\u00fd v\u1ecb trong ph\u01b0\u01a1ng \u00e1n s\u1eafp x\u1ebfp \u0111\u1eddi s\u1ed1ng m\u00e0 qu\u00fd v\u1ecb ch\u1ecdn.<\/p>\n\n\n\n<p>Th\u00f4ng tin n\u00e0y ch\u1ee7 y\u1ebfu \u0111\u01b0\u1ee3c d\u1eabn t\u1eeb m\u1ed9t lu\u1eadt ti\u1ec3u bang c\u00f3 t\u00ean l\u00e0 \u0110\u1ea1o Lu\u1eadt Lanterman, b\u1eaft \u0111\u1ea7u t\u1ea1i m\u1ee5c 4500, B\u1ed9 Lu\u1eadt Ph\u00fac L\u1ee3i v\u00e0 \u0110\u1ecbnh Ch\u1ebf California. Ch\u00fang t\u00f4i cung c\u1ea5p cho qu\u00fd v\u1ecb m\u1ee5c trong lu\u1eadt ti\u1ec3u bang n\u00e0y \u0111\u1ec3 qu\u00fd v\u1ecb c\u00f3 th\u1ec3 t\u00ecm th\u00f4ng tin ch\u00fang t\u00f4i \u0111\u1ec1 c\u1eadp trong \u0111\u00e2y. Qu\u00fd v\u1ecb c\u00f3 th\u1ec3 ph\u1ea3i xem x\u00e9t lu\u1eadt n\u00e0y \u0111\u1ec3 nh\u1eadn c\u00e1c d\u1ecbch v\u1ee5 qu\u00fd v\u1ecb c\u1ea7n. Khi qu\u00fd v\u1ecb th\u1ea5y t\u1eeb \u201cSection(s)\u201d (\u201c(C\u00e1c) M\u1ee5c\u201d), theo sau l\u00e0 m\u1ed9t con s\u1ed1 v\u00e0 kh\u00f4ng c\u00f3 th\u00f4ng tin kh\u00e1c, th\u00ec ch\u00ednh l\u00e0 (c\u00e1c) m\u1ee5c c\u1ee7a \u0110\u1ea1o Lu\u1eadt Lanterman. \u0110\u1ec3 \u0111\u1ecdc \u0110\u1ea1o Lu\u1eadt Lanterman,&nbsp;<a href=\"https:\/\/www.dds.ca.gov\/transparency\/laws-regulations\/lanterman-act-and-related-laws\/\">nh\u1ea5p v\u00e0o \u0111\u00e2y<\/a>.<\/p>\n\n\n<div class=\"menu-chapter-7-container\"><ul id=\"menu-chapter-7\" class=\"menu\"><li id=\"menu-item-1882\" class=\"menu-item menu-item-type-post_type menu-item-object-page menu-item-1882\"><a href=\"https:\/\/rula.disabilityrightsca.org\/vi\/rula-book\/chapter-7-community-living-arrangements-for-adults\/7-1-how-do-i-decide-where-to-live\/\">(7.1) T\u00f4i quy\u1ebft \u0111\u1ecbnh n\u01a1i m\u00ecnh s\u1ed1ng nh\u01b0 th\u1ebf n\u00e0o?<\/a><\/li>\n<li id=\"menu-item-1885\" class=\"menu-item menu-item-type-post_type menu-item-object-page menu-item-1885\"><a href=\"https:\/\/rula.disabilityrightsca.org\/vi\/rula-book\/chapter-7-community-living-arrangements-for-adults\/7-2-if-i-want-to-live-in-my-own-home-do-i-have-to-prove-that-i-can-do-it-on-my-own\/\">(7.2) N\u1ebfu t\u00f4i mu\u1ed1n s\u1ed1ng trong nh\u00e0 ri\u00eang, t\u00f4i c\u00f3 ph\u1ea3i ch\u1ee9ng minh m\u00ecnh c\u00f3 th\u1ec3 s\u1ed1ng \u0111\u1ed9c l\u1eadp kh\u00f4ng?<\/a><\/li>\n<li id=\"menu-item-1888\" class=\"menu-item menu-item-type-post_type menu-item-object-page menu-item-1888\"><a href=\"https:\/\/rula.disabilityrightsca.org\/vi\/rula-book\/chapter-7-community-living-arrangements-for-adults\/7-3-what-kinds-of-regional-center-services-can-help-me-live-independently-in-a-home-i-own-or-rent\/\">(7.3) Lo\u1ea1i d\u1ecbch v\u1ee5 n\u00e0o c\u1ee7a trung t\u00e2m khu v\u1ef1c c\u00f3 th\u1ec3 gi\u00fap t\u00f4i s\u1ed1ng \u0111\u1ed9c l\u1eadp trong nh\u00e0 ri\u00eang ho\u1eb7c nh\u00e0 thu\u00ea?<\/a><\/li>\n<li id=\"menu-item-1891\" class=\"menu-item menu-item-type-post_type menu-item-object-page menu-item-1891\"><a href=\"https:\/\/rula.disabilityrightsca.org\/vi\/rula-book\/chapter-7-community-living-arrangements-for-adults\/7-4-how-do-i-get-ils\/\">(7.4) T\u00f4i nh\u1eadn ILS b\u1eb1ng c\u00e1ch n\u00e0o?<\/a><\/li>\n<li id=\"menu-item-1894\" class=\"menu-item menu-item-type-post_type menu-item-object-page menu-item-1894\"><a href=\"https:\/\/rula.disabilityrightsca.org\/vi\/rula-book\/chapter-7-community-living-arrangements-for-adults\/7-5-how-do-i-get-sls\/\">(7.5) T\u00f4i nh\u1eadn SLS b\u1eb1ng c\u00e1ch n\u00e0o?<\/a><\/li>\n<li id=\"menu-item-1897\" class=\"menu-item menu-item-type-post_type menu-item-object-page menu-item-1897\"><a href=\"https:\/\/rula.disabilityrightsca.org\/vi\/rula-book\/chapter-7-community-living-arrangements-for-adults\/7-6-how-is-sls-paid-for\/\">(7.6) SLS \u0111\u01b0\u1ee3c thanh to\u00e1n nh\u01b0 th\u1ebf n\u00e0o?<\/a><\/li>\n<li id=\"menu-item-1900\" class=\"menu-item menu-item-type-post_type menu-item-object-page menu-item-1900\"><a href=\"https:\/\/rula.disabilityrightsca.org\/vi\/rula-book\/chapter-7-community-living-arrangements-for-adults\/7-7-are-there-any-limits-on-how-much-can-be-spent-on-sls\/\">(7.7)  C\u00f3 gi\u1edbi h\u1ea1n v\u1edbi s\u1ed1 ti\u1ec1n c\u00f3 th\u1ec3 chi cho SLS kh\u00f4ng?<\/a><\/li>\n<li id=\"menu-item-1903\" class=\"menu-item menu-item-type-post_type menu-item-object-page menu-item-1903\"><a href=\"https:\/\/rula.disabilityrightsca.org\/vi\/rula-book\/chapter-7-community-living-arrangements-for-adults\/7-8-what-is-the-difference-between-ils-and-sls\/\">(7.8) ILS v\u00e0 SLS kh\u00e1c nhau nh\u01b0 th\u1ebf n\u00e0o?<\/a><\/li>\n<li id=\"menu-item-1906\" class=\"menu-item menu-item-type-post_type menu-item-object-page menu-item-1906\"><a href=\"https:\/\/rula.disabilityrightsca.org\/vi\/rula-book\/chapter-7-community-living-arrangements-for-adults\/7-9-what-are-adult-family-home-agencies\/\">(7.9) Lo\u1ea1i d\u1ecbch v\u1ee5 n\u00e0o c\u1ee7a trung t\u00e2m khu v\u1ef1c c\u00f3 th\u1ec3 tr\u1ee3 gi\u00fap khi t\u00f4i mu\u1ed1n ti\u1ebfp t\u1ee5c s\u1ed1ng t\u1ea1i nh\u00e0 v\u1edbi gia \u0111\u00ecnh?<\/a><\/li>\n<li id=\"menu-item-1909\" class=\"menu-item menu-item-type-post_type menu-item-object-page menu-item-1909\"><a href=\"https:\/\/rula.disabilityrightsca.org\/vi\/rula-book\/chapter-7-community-living-arrangements-for-adults\/7-10-what-is-a-family-teaching-home\/\">(7.10)  Nh\u00e0 Gia \u0110\u00ecnh C\u01b0 Tr\u00fa \u0110\u1ed9c L\u1eadp l\u00e0 g\u00ec?<\/a><\/li>\n<li id=\"menu-item-1912\" class=\"menu-item menu-item-type-post_type menu-item-object-page menu-item-1912\"><a href=\"https:\/\/rula.disabilityrightsca.org\/vi\/rula-book\/chapter-7-community-living-arrangements-for-adults\/7-11-what-is-a-family-home\/\">(7.11) Nh\u00e0 C\u1ee7a Gia \u0110\u00ecnh l\u00e0 g\u00ec?<\/a><\/li>\n<li id=\"menu-item-1915\" class=\"menu-item menu-item-type-post_type menu-item-object-page menu-item-1915\"><a href=\"https:\/\/rula.disabilityrightsca.org\/vi\/rula-book\/chapter-7-community-living-arrangements-for-adults\/7-12-do-group-living-situations-other-than-family-homes-have-to-be-licensed-by-the-state\/\">(7.12) Ngo\u00e0i nh\u00e0 c\u1ee7a gia \u0111\u00ecnh, c\u00e1c tr\u01b0\u1eddng h\u1ee3p s\u1ed1ng t\u1eadp th\u1ec3 c\u00f3 ph\u1ea3i \u0111\u01b0\u1ee3c ti\u1ec3u bang c\u1ea5p ph\u00e9p kh\u00f4ng?<\/a><\/li>\n<li id=\"menu-item-1918\" class=\"menu-item menu-item-type-post_type menu-item-object-page menu-item-1918\"><a href=\"https:\/\/rula.disabilityrightsca.org\/vi\/rula-book\/chapter-7-community-living-arrangements-for-adults\/7-13-what-are-intermediate-care-facilities-icfs\/\">(7.13) C\u01a1 S\u1edf Ch\u0103m S\u00f3c Trung Gian (Intermediate Care Facility, ICF) l\u00e0 g\u00ec?<\/a><\/li>\n<li id=\"menu-item-1921\" class=\"menu-item menu-item-type-post_type menu-item-object-page menu-item-1921\"><a href=\"https:\/\/rula.disabilityrightsca.org\/vi\/rula-book\/chapter-7-community-living-arrangements-for-adults\/7-14-what-is-the-alternative-residential-model-arm\/\">(7.14) M\u00f4 H\u00ecnh C\u01b0 Tr\u00fa Thay Th\u1ebf (Alternative Residential Model, ARM) l\u00e0 g\u00ec?<\/a><\/li>\n<li id=\"menu-item-1924\" class=\"menu-item menu-item-type-post_type menu-item-object-page menu-item-1924\"><a href=\"https:\/\/rula.disabilityrightsca.org\/vi\/rula-book\/chapter-7-community-living-arrangements-for-adults\/7-15-are-there-group-homes-besides-homes-in-the-arm-system\/\">(7.15) C\u00f3 nh\u00e0 t\u1eadp th\u1ec3 b\u00ean c\u1ea1nh nh\u00e0 trong h\u1ec7 th\u1ed1ng ARM kh\u00f4ng?<\/a><\/li>\n<li id=\"menu-item-1927\" class=\"menu-item menu-item-type-post_type menu-item-object-page menu-item-1927\"><a href=\"https:\/\/rula.disabilityrightsca.org\/vi\/rula-book\/chapter-7-community-living-arrangements-for-adults\/7-16-are-there-other-homes-for-people-with-behavioral-needs-or-who-are-in-crisis\/\">(7.16) C\u00f3 nh\u00e0 n\u00e0o kh\u00e1c d\u00e0nh cho ng\u01b0\u1eddi c\u00f3 nhu c\u1ea7u h\u00e0nh vi ho\u1eb7c ng\u01b0\u1eddi \u0111ang g\u1eb7p kh\u1ee7ng ho\u1ea3ng kh\u00f4ng?<\/a><\/li>\n<li id=\"menu-item-1930\" class=\"menu-item menu-item-type-post_type menu-item-object-page menu-item-1930\"><a href=\"https:\/\/rula.disabilityrightsca.org\/vi\/rula-book\/chapter-7-community-living-arrangements-for-adults\/7-17-can-people-living-in-community-care-facilities-receive-any-health-care-services\/\">(7.17) Ng\u01b0\u1eddi s\u1ed1ng trong C\u01a1 S\u1edf Ch\u0103m S\u00f3c C\u1ed9ng \u0110\u1ed3ng c\u00f3 th\u1ec3 nh\u1eadn d\u1ecbch v\u1ee5 ch\u0103m s\u00f3c s\u1ee9c kh\u1ecfe kh\u00f4ng?<\/a><\/li>\n<li id=\"menu-item-1933\" class=\"menu-item menu-item-type-post_type menu-item-object-page menu-item-1933\"><a href=\"https:\/\/rula.disabilityrightsca.org\/vi\/rula-book\/chapter-7-community-living-arrangements-for-adults\/7-18-if-i-have-complex-health-care-needs-are-there-places-in-the-community-i-could-live-other-than-a-skilled-nursing-home\/\">(7.18) N\u1ebfu t\u00f4i c\u00f3 nhu c\u1ea7u ch\u0103m s\u00f3c s\u1ee9c kh\u1ecfe ph\u1ee9c t\u1ea1p, c\u00f3 n\u01a1i n\u00e0o cho t\u00f4i s\u1ed1ng trong c\u1ed9ng \u0111\u1ed3ng ngo\u00e0i nh\u00e0 \u0111i\u1ec1u d\u01b0\u1ee1ng chuy\u00ean m\u00f4n kh\u00f4ng?<\/a><\/li>\n<li id=\"menu-item-1936\" class=\"menu-item menu-item-type-post_type menu-item-object-page menu-item-1936\"><a href=\"https:\/\/rula.disabilityrightsca.org\/vi\/rula-book\/chapter-7-community-living-arrangements-for-adults\/7-19-what-if-the-living-arrangement-i-want-is-not-available\/\">(7.19) N\u1ebfu ph\u01b0\u01a1ng \u00e1n s\u1eafp x\u1ebfp \u0111\u1eddi s\u1ed1ng t\u00f4i mu\u1ed1n kh\u00f4ng c\u00f3 s\u1eb5n th\u00ec sao?<\/a><\/li>\n<li id=\"menu-item-1939\" class=\"menu-item menu-item-type-post_type menu-item-object-page menu-item-1939\"><a href=\"https:\/\/rula.disabilityrightsca.org\/vi\/rula-book\/chapter-7-community-living-arrangements-for-adults\/7-20-are-there-rules-in-licensed-homes\/\">(7.20) C\u00f3 quy \u0111\u1ecbnh trong nh\u1eefng nh\u00e0 \u0111\u01b0\u1ee3c c\u1ea5p ph\u00e9p kh\u00f4ng?<\/a><\/li>\n<li id=\"menu-item-1942\" class=\"menu-item menu-item-type-post_type menu-item-object-page menu-item-1942\"><a href=\"https:\/\/rula.disabilityrightsca.org\/vi\/rula-book\/chapter-7-community-living-arrangements-for-adults\/7-21-what-are-my-rights\/\">(7.21) T\u00f4i c\u00f3 nh\u1eefng quy\u1ec1n g\u00ec?<\/a><\/li>\n<\/ul><\/div>\n\n\n\n<p><\/p>\n","protected":false},"excerpt":{"rendered":"<p>In to\u00e0n b\u1ed9 ch\u01b0\u01a1ng Ch\u01b0\u01a1ng n\u00e0y cung c\u1ea5p cho qu\u00fd v\u1ecb th\u00f4ng tin v\u1ec1 c\u00e1c l\u1ef1a ch\u1ecdn \u0111\u1eddi s\u1ed1ng t\u1ea1i c\u1ed9ng \u0111\u1ed3ng c\u00f3 s\u1eb5n cho&hellip;<\/p>\n","protected":false},"author":1,"featured_media":0,"parent":33,"menu_order":7,"comment_status":"closed","ping_status":"closed","template":"","meta":{"footnotes":""},"class_list":["post-1876","page","type-page","status-publish","hentry"],"_links":{"self":[{"href":"https:\/\/rula.disabilityrightsca.org\/vi\/wp-json\/wp\/v2\/pages\/1876","targetHints":{"allow":["GET"]}}],"collection":[{"href":"https:\/\/rula.disabilityrightsca.org\/vi\/wp-json\/wp\/v2\/pages"}],"about":[{"href":"https:\/\/rula.disabilityrightsca.org\/vi\/wp-json\/wp\/v2\/types\/page"}],"author":[{"embeddable":true,"href":"https:\/\/rula.disabilityrightsca.org\/vi\/wp-json\/wp\/v2\/users\/1"}],"replies":[{"embeddable":true,"href":"https:\/\/rula.disabilityrightsca.org\/vi\/wp-json\/wp\/v2\/comments?post=1876"}],"version-history":[{"count":8,"href":"https:\/\/rula.disabilityrightsca.org\/vi\/wp-json\/wp\/v2\/pages\/1876\/revisions"}],"predecessor-version":[{"id":3419,"href":"https:\/\/rula.disabilityrightsca.org\/vi\/wp-json\/wp\/v2\/pages\/1876\/revisions\/3419"}],"up":[{"embeddable":true,"href":"https:\/\/rula.disabilityrightsca.org\/vi\/wp-json\/wp\/v2\/pages\/33"}],"wp:attachment":[{"href":"https:\/\/rula.disabilityrightsca.org\/vi\/wp-json\/wp\/v2\/media?parent=1876"}],"curies":[{"name":"wp","href":"https:\/\/api.w.org\/{rel}","templated":true}]}}