{"id":1872,"date":"2021-09-23T16:27:12","date_gmt":"2021-09-23T16:27:12","guid":{"rendered":"http:\/\/www.rula.disabilityrightsca.org\/vi\/?page_id=1872"},"modified":"2022-06-23T20:49:47","modified_gmt":"2022-06-23T20:49:47","slug":"supplement-f-services-and-supports-for-people-with-cognitive-disabilities","status":"publish","type":"page","link":"https:\/\/rula.disabilityrightsca.org\/vi\/supplements\/supplement-f-services-and-supports-for-people-with-cognitive-disabilities\/","title":{"rendered":"Ph\u1ee5 L\u1ee5c F: D\u1ecbch V\u1ee5 v\u00e0 S\u1ef1 H\u1ed7 Tr\u1ee3 cho Ng\u01b0\u1eddi Khuy\u1ebft T\u1eadt Nh\u1eadn Th\u1ee9c"},"content":{"rendered":"\n<p>Lu\u1eadt ti\u1ec3u bang n\u00f3i l\u00e0 \u201ckhuy\u1ebft t\u1eadt tr\u00ed tu\u1ec7\u201d nh\u01b0ng \u1edf \u0111\u00e2y ch\u00fang t\u00f4i s\u1eed d\u1ee5ng \u201ckhuy\u1ebft t\u1eadt nh\u1eadn th\u1ee9c\u201d \u0111\u1ec3 bao g\u1ed3m c\u00e1c t\u00ecnh tr\u1ea1ng t\u01b0\u01a1ng t\u1ef1. Xem Ph\u1ee5 L\u1ee5c E \u0111\u1ec3 bi\u1ebft danh s\u00e1ch c\u00e1c \u0111\u1eb7c \u0111i\u1ec3m ph\u1ed5 bi\u1ebfn c\u1ee7a nh\u1eefng ng\u01b0\u1eddi c\u00f3 c\u00e1c t\u00ecnh tr\u1ea1ng t\u01b0\u01a1ng t\u1ef1. Qu\u00fd v\u1ecb kh\u00f4ng t\u1ef1 \u0111\u1ed9ng h\u1ed9i \u0111\u1ee7 \u0111i\u1ec1u ki\u1ec7n ch\u1ec9 v\u00ec qu\u00fd v\u1ecb c\u1ea7n m\u1ed9t s\u1ed1 ho\u1eb7c t\u1ea5t c\u1ea3 d\u1ecbch v\u1ee5 trong danh s\u00e1ch n\u00e0y.<\/p>\n\n\n\n<p>Ng\u01b0\u1eddi khuy\u1ebft t\u1eadt nh\u1eadn th\u1ee9c th\u01b0\u1eddng c\u1ea7n nh\u1eefng d\u1ecbch v\u1ee5 v\u00e0 s\u1ef1 h\u1ed7 tr\u1ee3 n\u00e0y:<\/p>\n\n\n\n<ul class=\"wp-block-list\"><li>K\u00edch th\u00edch tr\u1ebb s\u01a1 sinh<\/li><li>T\u01b0 v\u1ea5n v\u00e0 h\u1ed7 tr\u1ee3 c\u1ea3m x\u00fac cho cha m\u1eb9<\/li><li>\u0110\u00e0o t\u1ea1o v\u1ec1 s\u1ef1 ph\u00e1t tri\u1ec3n c\u1ee7a tr\u1ebb cho cha m\u1eb9<\/li><li>C\u00e1c d\u1ecbch v\u1ee5 can thi\u1ec7p s\u1edbm<\/li><li>K\u00edch th\u00edch gi\u00e1c quan<\/li><li>Li\u1ec7u ph\u00e1p v\u1eadt l\u00fd, ngh\u1ec1 nghi\u1ec7p ho\u1eb7c l\u1eddi n\u00f3i (v\u1edbi khuy\u1ebft t\u1eadt nh\u1eadn th\u1ee9c)<\/li><li>\u0110\u00e0o t\u1ea1o k\u1ef9 n\u0103ng t\u1ef1 l\u1eadp, ch\u1eb3ng h\u1ea1n nh\u01b0 cho \u0103n, n\u1ea5u \u0103n, d\u1ecdn d\u1eb9p, m\u1eb7c qu\u1ea7n \u00e1o, s\u1eed d\u1ee5ng nh\u00e0 v\u1ec7 sinh, v\u1ec7 sinh c\u00e1 nh\u00e2n, qu\u1ea3n l\u00fd ti\u1ec1n b\u1ea1c, s\u1eed d\u1ee5ng ph\u01b0\u01a1ng ti\u1ec7n giao th\u00f4ng c\u00f4ng c\u1ed9ng<\/li><li>\u0110\u00e0o t\u1ea1o v\u1ec1 k\u1ef9 n\u0103ng x\u00e3 h\u1ed9i, ch\u1eb3ng h\u1ea1n nh\u01b0 c\u00e1ch k\u1ebft b\u1ea1n v\u00e0 l\u00ean l\u1ecbch cho ho\u1ea1t \u0111\u1ed9ng l\u00fac r\u1ea3nh r\u1ed7i<\/li><li>Ch\u0103m s\u00f3c t\u1ea1m th\u1eddi<\/li><li>\u0110i\u1ec1u ph\u1ed1i v\u00e0 qu\u1ea3n l\u00fd d\u1ecbch v\u1ee5<\/li><li>D\u1ecbch v\u1ee5 b\u00eanh v\u1ef1c v\u00e0 \u0111\u00e0o t\u1ea1o t\u1ef1 b\u00eanh v\u1ef1c<\/li><li>T\u01b0 v\u1ea5n gia \u0111\u00ecnh<\/li><li>Th\u00f4ng tin v\u00e0 gi\u1edbi thi\u1ec7u, ch\u1eb3ng h\u1ea1n nh\u01b0 gi\u1edbi thi\u1ec7u \u0111\u1ebfn c\u00e1c chuy\u00ean gia v\u1ec1 y t\u1ebf, h\u00e0nh vi ho\u1eb7c k\u1ef9 n\u0103ng l\u00e0m cha m\u1eb9<\/li><li>D\u1ecbch v\u1ee5 x\u00e3 h\u1ed9i v\u00e0 ph\u00e1p l\u00fd, ch\u1eb3ng h\u1ea1n nh\u01b0 b\u1ea3o v\u1ec7, b\u00eanh v\u1ef1c v\u00e0 \u0111\u1ea1i di\u1ec7n<\/li><li>Gi\u00e1o d\u1ee5c \u0111\u1eb7c bi\u1ec7t v\u00e0 c\u00e1c d\u1ecbch v\u1ee5 li\u00ean quan theo y\u00eau c\u1ea7u c\u1ee7a lu\u1eadt<\/li><li>D\u1ecbch v\u1ee5 x\u00e3 h\u1ed9i ho\u1eb7c gi\u1ea3i tr\u00ed<\/li><li>\u0110\u00e0o t\u1ea1o ph\u1ee5c h\u1ed3i ch\u1ee9c n\u0103ng ho\u1eb7c ngh\u1ec1 nghi\u1ec7p<\/li><li>Ch\u0103m s\u00f3c n\u1ed9i tr\u00fa<\/li><li>D\u1ecbch v\u1ee5 s\u1ee9c kh\u1ecfe t\u00e2m th\u1ea7n<\/li><li>H\u1ed7 tr\u1ee3 trong c\u00f4ng vi\u1ec7c<\/li><li>S\u1eafp x\u1ebfp \u0111\u1eddi s\u1ed1ng \u0111\u01b0\u1ee3c h\u1ed7 tr\u1ee3 ho\u1eb7c b\u00e1n \u0111\u1ed9c l\u1eadp<\/li><li>Ch\u01b0\u01a1ng tr\u00ecnh ban ng\u00e0y \u0111\u1ec3 gi\u00fap h\u1ecdc k\u1ef9 n\u0103ng, tr\u1edf n\u00ean \u0111\u1ed9c l\u1eadp h\u01a1n v\u00e0 gi\u1ea3i tr\u00ed<\/li><li>D\u1ecbch v\u1ee5 v\u1eadn chuy\u1ec3n<\/li><li>\u0110\u00e0o t\u1ea1o ngh\u1ec1 nghi\u1ec7p v\u00e0 c\u01a1 h\u1ed9i vi\u1ec7c l\u00e0m c\u00f3 tr\u1ea3 l\u01b0\u01a1ng<\/li><li>Tr\u1ee3 gi\u00fap t\u00ecm n\u01a1i sinh s\u1ed1ng<\/li><li>Ph\u00fac l\u1ee3i c\u00f4ng nh\u01b0 SSI, c\u00e1c ph\u00fac l\u1ee3i An Sinh X\u00e3 H\u1ed9i kh\u00e1c v\u00e0 Medi-Cal<\/li><li>Gi\u00fap h\u1ecdc m\u1ed9t c\u00f4ng vi\u1ec7c b\u1eb1ng c\u00e1ch chia th\u00e0nh c\u00e1c ph\u1ea7n nh\u1ecf h\u01a1n v\u00e0 d\u1ea1y t\u1eebng ph\u1ea7n, theo t\u1eebng b\u01b0\u1edbc<\/li><li>C\u00e1c ch\u01b0\u01a1ng tr\u00ecnh \u0111\u00e0o t\u1ea1o h\u00e0nh vi v\u00e0 \u0111i\u1ec1u ch\u1ec9nh h\u00e0nh vi<\/li><li>D\u1ecbch v\u1ee5 v\u00e0 s\u1ef1 h\u1ed7 tr\u1ee3 \u0111\u1ec3 gi\u00fap h\u00f2a nh\u1eadp c\u1ed9ng \u0111\u1ed3ng<\/li><li>D\u1ecbch v\u1ee5 kh\u1ea9n c\u1ea5p v\u00e0 can thi\u1ec7p kh\u1ee7ng ho\u1ea3ng K\u1ef9 n\u0103ng l\u00e0m cha m\u1eb9 cho ng\u01b0\u1eddi khuy\u1ebft t\u1eadt c\u00f3 con<\/li><\/ul>\n\n\n\n<div class=\"wp-block-columns is-layout-flex wp-container-core-columns-is-layout-9d6595d7 wp-block-columns-is-layout-flex\">\n<div class=\"wp-block-column is-layout-flow wp-block-column-is-layout-flow\"><\/div>\n\n\n\n<div class=\"wp-block-column is-layout-flow wp-block-column-is-layout-flow\"><\/div>\n<\/div>\n","protected":false},"excerpt":{"rendered":"<p>Lu\u1eadt ti\u1ec3u bang n\u00f3i l\u00e0 \u201ckhuy\u1ebft t\u1eadt tr\u00ed tu\u1ec7\u201d nh\u01b0ng \u1edf \u0111\u00e2y ch\u00fang t\u00f4i s\u1eed d\u1ee5ng \u201ckhuy\u1ebft t\u1eadt nh\u1eadn th\u1ee9c\u201d \u0111\u1ec3 bao g\u1ed3m c\u00e1c t\u00ecnh&hellip;<\/p>\n","protected":false},"author":1,"featured_media":0,"parent":1638,"menu_order":6,"comment_status":"closed","ping_status":"closed","template":"","meta":{"footnotes":""},"class_list":["post-1872","page","type-page","status-publish","hentry"],"_links":{"self":[{"href":"https:\/\/rula.disabilityrightsca.org\/vi\/wp-json\/wp\/v2\/pages\/1872","targetHints":{"allow":["GET"]}}],"collection":[{"href":"https:\/\/rula.disabilityrightsca.org\/vi\/wp-json\/wp\/v2\/pages"}],"about":[{"href":"https:\/\/rula.disabilityrightsca.org\/vi\/wp-json\/wp\/v2\/types\/page"}],"author":[{"embeddable":true,"href":"https:\/\/rula.disabilityrightsca.org\/vi\/wp-json\/wp\/v2\/users\/1"}],"replies":[{"embeddable":true,"href":"https:\/\/rula.disabilityrightsca.org\/vi\/wp-json\/wp\/v2\/comments?post=1872"}],"version-history":[{"count":4,"href":"https:\/\/rula.disabilityrightsca.org\/vi\/wp-json\/wp\/v2\/pages\/1872\/revisions"}],"predecessor-version":[{"id":3426,"href":"https:\/\/rula.disabilityrightsca.org\/vi\/wp-json\/wp\/v2\/pages\/1872\/revisions\/3426"}],"up":[{"embeddable":true,"href":"https:\/\/rula.disabilityrightsca.org\/vi\/wp-json\/wp\/v2\/pages\/1638"}],"wp:attachment":[{"href":"https:\/\/rula.disabilityrightsca.org\/vi\/wp-json\/wp\/v2\/media?parent=1872"}],"curies":[{"name":"wp","href":"https:\/\/api.w.org\/{rel}","templated":true}]}}