{"id":1858,"date":"2021-09-22T23:03:04","date_gmt":"2021-09-22T23:03:04","guid":{"rendered":"http:\/\/www.rula.disabilityrightsca.org\/vi\/?page_id=1858"},"modified":"2022-04-27T22:00:40","modified_gmt":"2022-04-27T22:00:40","slug":"supplement-e-cognitive-disabilitiesefn_notethe-state-law-says-intellectual-disability-but-we-use-cognitive-disability-here-to-include-similar-conditions-use-t","status":"publish","type":"page","link":"https:\/\/rula.disabilityrightsca.org\/vi\/supplements\/supplement-e-cognitive-disabilitiesefn_notethe-state-law-says-intellectual-disability-but-we-use-cognitive-disability-here-to-include-similar-conditions-use-t\/","title":{"rendered":"Ph\u1ee5 L\u1ee5c E: Khuy\u1ebft T\u1eadt Nh\u1eadn Th\u1ee9c"},"content":{"rendered":"<p>Lu\u1eadt ti\u1ec3u bang n\u00f3i l\u00e0 \u201ckhuy\u1ebft t\u1eadt tr\u00ed tu\u1ec7\u201d nh\u01b0ng \u1edf \u0111\u00e2y ch\u00fang t\u00f4i s\u1eed d\u1ee5ng \u201ckhuy\u1ebft t\u1eadt nh\u1eadn th\u1ee9c\u201d \u0111\u1ec3 bao g\u1ed3m c\u00e1c t\u00ecnh tr\u1ea1ng t\u01b0\u01a1ng t\u1ef1. S\u1eed d\u1ee5ng danh s\u00e1ch n\u00e0y \u0111\u1ec3 x\u00e1c \u0111\u1ecbnh m\u1ed9t t\u00ecnh tr\u1ea1ng c\u00f3 \u201cli\u00ean quan ch\u1eb7t ch\u1ebd \u0111\u1ebfn\u201d khuy\u1ebft t\u1eadt tr\u00ed tu\u1ec7 kh\u00f4ng v\u00e0 c\u00f3 h\u1ed9i \u0111\u1ee7 \u0111i\u1ec1u ki\u1ec7n nh\u1eadn d\u1ecbch v\u1ee5 theo danh m\u1ee5c th\u1ee9 n\u0103m kh\u00f4ng. Tuy nhi\u00ean, qu\u00fd v\u1ecb kh\u00f4ng t\u1ef1 \u0111\u1ed9ng h\u1ed9i \u0111\u1ee7 \u0111i\u1ec1u ki\u1ec7n nh\u1eadn d\u1ecbch v\u1ee5 ch\u1ec9 v\u00ec qu\u00fd v\u1ecb c\u00f3 c\u00e1c v\u1ea5n \u0111\u1ec1 trong danh s\u00e1ch n\u00e0y.<\/p>\n\n\n\n<div class=\"wp-block-columns is-layout-flex wp-container-core-columns-is-layout-9d6595d7 wp-block-columns-is-layout-flex\">\n<div class=\"wp-block-column is-layout-flow wp-block-column-is-layout-flow\">\n<ul class=\"wp-block-list\"><li>L\u00fd lu\u1eadn tr\u1eebu t\u01b0\u1ee3ng<\/li><li>Kh\u1ea3 n\u0103ng ph\u00e1n \u0111o\u00e1n k\u00e9m<\/li><li>Tr\u00ed nh\u1edb<\/li><li>H\u1ecdc t\u1eadp tr\u1eeb khi c\u00e1c nhi\u1ec7m v\u1ee5 \u0111\u01b0\u1ee3c chia th\u00e0nh c\u00e1c ph\u1ea7n vi\u1ec7c nh\u1ecf v\u00e0 \u0111\u01b0\u1ee3c d\u1ea1y theo c\u00e1c b\u01b0\u1edbc.<\/li><li>L\u1eadp k\u1ebf ho\u1ea1ch ng\u1eafn v\u00e0\/ho\u1eb7c d\u00e0i h\u1ea1n<\/li><li>Gi\u1ea3i quy\u1ebft v\u1ea5n \u0111\u1ec1<\/li><li>Qu\u1ea3n l\u00fd ti\u1ec1n b\u1ea1c ho\u1eb7c ng\u00e2n s\u00e1ch<\/li><li>T\u1ef1 s\u1eed d\u1ee5ng ph\u01b0\u01a1ng ti\u1ec7n giao th\u00f4ng c\u00f4ng c\u1ed9ng<\/li><li>Ph\u00e2n t\u00edch logic<\/li><li>Kh\u1ea3 n\u0103ng t\u1eadp trung<\/li><li>Chuy\u1ec3n k\u1ef9 n\u0103ng \u0111\u01b0\u1ee3c s\u1eed d\u1ee5ng trong ng\u1eef c\u1ea3nh n\u00e0y sang ng\u1eef c\u1ea3nh kh\u00e1c<\/li><li>C\u00e1c c\u1ed9t m\u1ed1c ph\u00e1t tri\u1ec3n nh\u01b0 ng\u1ed3i, b\u00f2, \u0111i, n\u00f3i, t\u1eadp \u0111i v\u1ec7 sinh<\/li><li>T\u00ednh th\u1ee5 \u0111\u1ed9ng, v\u00ed d\u1ee5, h\u1ecd c\u00f3 th\u1ec3 kh\u00f4ng n\u00f3i \u0111i\u1ec1u h\u1ecd mu\u1ed1n ho\u1eb7c c\u1ea3m nh\u1eadn<\/li><li>Hi\u1ec3u s\u00e2u, nh\u01b0 l\u00e0 hi\u1ec3u l\u00fd do h\u1ecd v\u00e0 ng\u01b0\u1eddi kh\u00e1c c\u01b0 x\u1eed theo c\u00e1ch h\u1ecd c\u01b0 x\u1eed.<\/li><li>Nh\u1eadn bi\u1ebft<\/li><li>Ki\u1ec3m so\u00e1t h\u00e0nh vi c\u1ee7a ch\u00ednh qu\u00fd v\u1ecb<\/li><li>D\u1ec5 d\u00e0ng b\u1ecb ng\u01b0\u1eddi kh\u00e1c thao t\u00fang<\/li><li>Th\u00edch \u1ee9ng v\u1edbi ho\u00e0n c\u1ea3nh m\u1edbi<\/li><li>N\u00f3i v\u00e0 nghe (\u0111\u01b0\u1ee3c g\u1ecdi l\u00e0 ng\u00f4n ng\u1eef bi\u1ec3u \u0111\u1ea1t v\u00e0 ti\u1ebfp nh\u1eadn)<\/li><li>Ki\u1ec3m so\u00e1t v\u00e0 chuy\u1ec3n \u0111\u1ed9ng v\u1eadn \u0111\u1ed9ng tinh v\u00e0 th\u00f4<\/li><li>S\u1ed1ng \u0111\u1ed9c l\u1eadp trong c\u1ed9ng \u0111\u1ed3ng<\/li><li>C\u00f4ng vi\u1ec7c h\u00e0ng ng\u00e0y \u1edf nh\u00e0<\/li><li>T\u1ef1 ghi nh\u1edb vi\u1ec7c \u0111\u1ebfn cu\u1ed9c h\u1eb9n, l\u00e0m theo l\u1ecbch tr\u00ecnh, d\u00f9ng thu\u1ed1c<\/li><\/ul>\n<\/div>\n\n\n\n<div class=\"wp-block-column is-layout-flow wp-block-column-is-layout-flow\">\n<ul class=\"wp-block-list\"><li>H\u1ecdc t\u1eadp t\u1eeb kinh nghi\u1ec7m<\/li><li>T\u1ef1 t\u00fac, v\u00ed d\u1ee5, t\u00ecm vi\u1ec7c ho\u1eb7c h\u1ecdc k\u1ef9 n\u0103ng c\u00f4ng vi\u1ec7c<\/li><li>C\u1ea7n m\u00f4i tr\u01b0\u1eddng c\u00f3 c\u1ea5u tr\u00fac v\u00e0 c\u00f3 th\u1ec3 d\u1ef1 \u0111o\u00e1n<\/li><li>T\u1ed5 ch\u1ee9c, l\u1eadp k\u1ebf ho\u1ea1ch ho\u1eb7c \u01b0u ti\u00ean c\u00e1c c\u00f4ng vi\u1ec7c hay ho\u1ea1t \u0111\u1ed9ng<\/li><li>K\u1ef9 n\u0103ng v\u00e0 h\u00e0nh vi x\u00e3 h\u1ed9i<\/li><li>Ho\u1ea1t \u0111\u1ed9ng l\u00fac r\u1ea3nh r\u1ed7i<\/li><li>V\u1ec7 sinh c\u00e1 nh\u00e2n<\/li><li>Xem th\u1eddi gian<\/li><li>S\u1ee9c kh\u1ecfe v\u00e0 s\u1ef1 an to\u00e0n, v\u00ed d\u1ee5, \u0111i v\u00e0o \u0111\u01b0\u1eddng \u00e1ch t\u1eafc giao th\u00f4ng ho\u1eb7c b\u1ecb b\u1ecfng khi n\u1ea5u \u0103n<\/li><li>Ch\u1ee9c n\u0103ng nh\u1eadn th\u1ee9c th\u1ea5p<a href=\"file:\/\/\/U:\/LPI\/SHARED\/STAFF\/TonyR\/RULA\/supplements-print.html#_edn1\"><span class=\"footnote_referrer\"><a role=\"button\" tabindex=\"0\" onclick=\"footnote_moveToReference_1858_1('footnote_plugin_reference_1858_1_1');\" onkeypress=\"footnote_moveToReference_1858_1('footnote_plugin_reference_1858_1_1');\" ><sup id=\"footnote_plugin_tooltip_1858_1_1\" class=\"footnote_plugin_tooltip_text\">[1]<\/sup><\/a><span id=\"footnote_plugin_tooltip_text_1858_1_1\" class=\"footnote_tooltip\">Ch\u1ee9c n\u0103ng nh\u1eadn th\u1ee9c th\u1ea5p ngh\u0129a l\u00e0 \u00edt nh\u1ea5t m\u1ed9t \u0111\u1ed9 l\u1ec7ch chu\u1ea9n n\u1eb1m d\u01b0\u1edbi m\u1ee9c trung b\u00ecnh 100. T\u1ee9c l\u00e0 \u0111i\u1ec3m s\u1ed1 t\u1eeb 85 tr\u1edf xu\u1ed1ng \u0111\u01b0\u1ee3c \u0111o l\u01b0\u1eddng b\u1eb1ng c\u00e1c&nbsp;&#x2026; <span class=\"footnote_tooltip_continue\"  onclick=\"footnote_moveToReference_1858_1('footnote_plugin_reference_1858_1_1');\">Continue reading<\/span><\/span><\/span><script type=\"text\/javascript\"> jQuery('#footnote_plugin_tooltip_1858_1_1').tooltip({ tip: '#footnote_plugin_tooltip_text_1858_1_1', tipClass: 'footnote_tooltip', effect: 'fade', predelay: 0, fadeInSpeed: 200, delay: 400, fadeOutSpeed: 200, position: 'top center', relative: true, offset: [-7, 0], });<\/script><\/a><\/li><li>Ch\u1ee9c n\u0103ng th\u00edch \u1ee9ng th\u1ea5p<span class=\"footnote_referrer\"><a role=\"button\" tabindex=\"0\" onclick=\"footnote_moveToReference_1858_1('footnote_plugin_reference_1858_1_2');\" onkeypress=\"footnote_moveToReference_1858_1('footnote_plugin_reference_1858_1_2');\" ><sup id=\"footnote_plugin_tooltip_1858_1_2\" class=\"footnote_plugin_tooltip_text\">[2]<\/sup><\/a><span id=\"footnote_plugin_tooltip_text_1858_1_2\" class=\"footnote_tooltip\">Ch\u1ee9c n\u0103ng th\u00edch \u1ee9ng th\u1ea5p \u0111\u01b0\u1ee3c \u0111o l\u01b0\u1eddng b\u1eb1ng c\u00e1c b\u00e0i ki\u1ec3m tra ti\u00eau chu\u1ea9n h\u00f3a v\u1ec1 h\u00e0nh vi th\u00edch \u1ee9ng, ch\u1eb3ng h\u1ea1n nh\u01b0 Thang \u0110o H\u00e0nh Vi Th\u00edch \u1ee8ng VineLand (Vineland&nbsp;&#x2026; <span class=\"footnote_tooltip_continue\"  onclick=\"footnote_moveToReference_1858_1('footnote_plugin_reference_1858_1_2');\">Continue reading<\/span><\/span><\/span><script type=\"text\/javascript\"> jQuery('#footnote_plugin_tooltip_1858_1_2').tooltip({ tip: '#footnote_plugin_tooltip_text_1858_1_2', tipClass: 'footnote_tooltip', effect: 'fade', predelay: 0, fadeInSpeed: 200, delay: 400, fadeOutSpeed: 200, position: 'top center', relative: true, offset: [-7, 0], });<\/script><\/li><\/ul>\n<\/div>\n<\/div>\n<div class=\"speaker-mute footnotes_reference_container\"> <div class=\"footnote_container_prepare\"><p><span role=\"button\" tabindex=\"0\" class=\"footnote_reference_container_label pointer\" onclick=\"footnote_expand_collapse_reference_container_1858_1();\">&#x202F;<\/span><span role=\"button\" tabindex=\"0\" class=\"footnote_reference_container_collapse_button\" style=\"display: none;\" onclick=\"footnote_expand_collapse_reference_container_1858_1();\">[<a id=\"footnote_reference_container_collapse_button_1858_1\">+<\/a>]<\/span><\/p><\/div> <div id=\"footnote_references_container_1858_1\" style=\"\"><table class=\"footnotes_table footnote-reference-container\"><caption class=\"accessibility\">References<\/caption> <tbody> \r\n\r\n<tr class=\"footnotes_plugin_reference_row\"> <th scope=\"row\" class=\"footnote_plugin_index_combi pointer\"  onclick=\"footnote_moveToAnchor_1858_1('footnote_plugin_tooltip_1858_1_1');\"><a id=\"footnote_plugin_reference_1858_1_1\" class=\"footnote_backlink\"><span class=\"footnote_index_arrow\">&#8593;<\/span>1<\/a><\/th> <td class=\"footnote_plugin_text\">Ch\u1ee9c n\u0103ng nh\u1eadn th\u1ee9c th\u1ea5p ngh\u0129a l\u00e0 \u00edt nh\u1ea5t m\u1ed9t \u0111\u1ed9 l\u1ec7ch chu\u1ea9n n\u1eb1m d\u01b0\u1edbi m\u1ee9c trung b\u00ecnh 100. T\u1ee9c l\u00e0 \u0111i\u1ec3m s\u1ed1 t\u1eeb 85 tr\u1edf xu\u1ed1ng \u0111\u01b0\u1ee3c \u0111o l\u01b0\u1eddng b\u1eb1ng c\u00e1c b\u00e0i ki\u1ec3m tra IQ ti\u00eau chu\u1ea9n h\u00f3a. Qu\u00fd v\u1ecb kh\u00f4ng c\u1ea7n c\u00f3 \u0111i\u1ec3m s\u1ed1 trong kho\u1ea3ng khuy\u1ebft t\u1eadt tr\u00ed tu\u1ec7 (70 tr\u1edf xu\u1ed1ng) \u0111\u1ec3 th\u1ec3 hi\u1ec7n qu\u00fd v\u1ecb c\u00f3 t\u00ecnh tr\u1ea1ng li\u00ean quan ch\u1eb7t ch\u1ebd \u0111\u1ebfn khuy\u1ebft t\u1eadt tr\u00ed tu\u1ec7.<\/td><\/tr>\r\n\r\n<tr class=\"footnotes_plugin_reference_row\"> <th scope=\"row\" class=\"footnote_plugin_index_combi pointer\"  onclick=\"footnote_moveToAnchor_1858_1('footnote_plugin_tooltip_1858_1_2');\"><a id=\"footnote_plugin_reference_1858_1_2\" class=\"footnote_backlink\"><span class=\"footnote_index_arrow\">&#8593;<\/span>2<\/a><\/th> <td class=\"footnote_plugin_text\">Ch\u1ee9c n\u0103ng th\u00edch \u1ee9ng th\u1ea5p \u0111\u01b0\u1ee3c \u0111o l\u01b0\u1eddng b\u1eb1ng c\u00e1c b\u00e0i ki\u1ec3m tra ti\u00eau chu\u1ea9n h\u00f3a v\u1ec1 h\u00e0nh vi th\u00edch \u1ee9ng, ch\u1eb3ng h\u1ea1n nh\u01b0 Thang \u0110o H\u00e0nh Vi Th\u00edch \u1ee8ng VineLand (Vineland Adaptive Behavior Scales, VABS) (Vineland-3) ho\u1eb7c B\u1ea3ng C\u00e2u H\u1ecfi V\u1ec1 Sinh T\u1ed3n V\u1edbi K\u1ef9 N\u0103ng \u0110\u01b0\u1eddng Ph\u1ed1. Qu\u00fd v\u1ecb th\u01b0\u1eddng c\u1ea7n \u0111\u1ea1t \u0111i\u1ec3m s\u1ed1 trong kho\u1ea3ng 70 tr\u1edf xu\u1ed1ng, ho\u1eb7c \u0111i\u1ec3m s\u1ed1 t\u1ed5ng h\u1ee3p c\u1ee7a h\u00e0nh vi th\u1ea5p h\u01a1n tu\u1ed5i c\u1ee7a qu\u00fd v\u1ecb t\u1eeb 3 tu\u1ed5i tr\u1edf l\u00ean.<\/td><\/tr>\r\n\r\n <\/tbody> <\/table> <\/div><\/div><script type=\"text\/javascript\"> function footnote_expand_reference_container_1858_1() { jQuery('#footnote_references_container_1858_1').show(); jQuery('#footnote_reference_container_collapse_button_1858_1').text('\u2212'); } function footnote_collapse_reference_container_1858_1() { jQuery('#footnote_references_container_1858_1').hide(); jQuery('#footnote_reference_container_collapse_button_1858_1').text('+'); } function footnote_expand_collapse_reference_container_1858_1() { if (jQuery('#footnote_references_container_1858_1').is(':hidden')) { footnote_expand_reference_container_1858_1(); } else { footnote_collapse_reference_container_1858_1(); } } function footnote_moveToReference_1858_1(p_str_TargetID) { footnote_expand_reference_container_1858_1(); var l_obj_Target = jQuery('#' + p_str_TargetID); if (l_obj_Target.length) { jQuery( 'html, body' ).delay( 0 ); jQuery('html, body').animate({ scrollTop: l_obj_Target.offset().top - window.innerHeight * 0.2 }, 380); } } function footnote_moveToAnchor_1858_1(p_str_TargetID) { footnote_expand_reference_container_1858_1(); var l_obj_Target = jQuery('#' + p_str_TargetID); if (l_obj_Target.length) { jQuery( 'html, body' ).delay( 0 ); jQuery('html, body').animate({ scrollTop: l_obj_Target.offset().top - window.innerHeight * 0.2 }, 380); } }<\/script>","protected":false},"excerpt":{"rendered":"<p>L\u00fd lu\u1eadn tr\u1eebu t\u01b0\u1ee3ng Kh\u1ea3 n\u0103ng ph\u00e1n \u0111o\u00e1n k\u00e9m Tr\u00ed nh\u1edb H\u1ecdc t\u1eadp tr\u1eeb khi c\u00e1c nhi\u1ec7m v\u1ee5 \u0111\u01b0\u1ee3c chia th\u00e0nh c\u00e1c ph\u1ea7n vi\u1ec7c nh\u1ecf&hellip;<\/p>\n","protected":false},"author":1,"featured_media":0,"parent":1638,"menu_order":5,"comment_status":"closed","ping_status":"closed","template":"","meta":{"footnotes":""},"class_list":["post-1858","page","type-page","status-publish","hentry"],"_links":{"self":[{"href":"https:\/\/rula.disabilityrightsca.org\/vi\/wp-json\/wp\/v2\/pages\/1858","targetHints":{"allow":["GET"]}}],"collection":[{"href":"https:\/\/rula.disabilityrightsca.org\/vi\/wp-json\/wp\/v2\/pages"}],"about":[{"href":"https:\/\/rula.disabilityrightsca.org\/vi\/wp-json\/wp\/v2\/types\/page"}],"author":[{"embeddable":true,"href":"https:\/\/rula.disabilityrightsca.org\/vi\/wp-json\/wp\/v2\/users\/1"}],"replies":[{"embeddable":true,"href":"https:\/\/rula.disabilityrightsca.org\/vi\/wp-json\/wp\/v2\/comments?post=1858"}],"version-history":[{"count":6,"href":"https:\/\/rula.disabilityrightsca.org\/vi\/wp-json\/wp\/v2\/pages\/1858\/revisions"}],"predecessor-version":[{"id":3389,"href":"https:\/\/rula.disabilityrightsca.org\/vi\/wp-json\/wp\/v2\/pages\/1858\/revisions\/3389"}],"up":[{"embeddable":true,"href":"https:\/\/rula.disabilityrightsca.org\/vi\/wp-json\/wp\/v2\/pages\/1638"}],"wp:attachment":[{"href":"https:\/\/rula.disabilityrightsca.org\/vi\/wp-json\/wp\/v2\/media?parent=1858"}],"curies":[{"name":"wp","href":"https:\/\/api.w.org\/{rel}","templated":true}]}}