{"id":1849,"date":"2021-09-22T22:22:27","date_gmt":"2021-09-22T22:22:27","guid":{"rendered":"http:\/\/www.rula.disabilityrightsca.org\/vi\/?page_id=1849"},"modified":"2022-04-27T22:00:21","modified_gmt":"2022-04-27T22:00:21","slug":"supplement-d-list-of-records-regional-centers-may-ask-for-when-you-apply-for-services","status":"publish","type":"page","link":"https:\/\/rula.disabilityrightsca.org\/vi\/supplements\/supplement-d-list-of-records-regional-centers-may-ask-for-when-you-apply-for-services\/","title":{"rendered":"Ph\u1ee5 L\u1ee5c D: Danh S\u00e1ch H\u1ed3 S\u01a1 Trung T\u00e2m Khu V\u1ef1c C\u00f3 Th\u1ec3 Y\u00eau C\u1ea7u Khi Qu\u00fd V\u1ecb \u0110\u0103ng K\u00fd D\u1ecbch V\u1ee5"},"content":{"rendered":"\n<p>Trung t\u00e2m khu v\u1ef1c c\u00f3 th\u1ec3 y\u00eau c\u1ea7u qu\u00fd v\u1ecb cung c\u1ea5p c\u00e1c th\u00f4ng tin b\u00ean d\u01b0\u1edbi. N\u1ebfu qu\u00fd v\u1ecb thu th\u1eadp th\u00f4ng tin n\u00e0y tr\u01b0\u1edbc, qu\u00fd v\u1ecb s\u1ebd s\u1eb5n s\u00e0ng khi \u0111\u0103ng k\u00fd.<\/p>\n\n\n\n<h3 class=\"wp-block-heading\"><strong><strong>Th\u00f4ng Tin V\u1ec1 Qu\u00fd V\u1ecb<\/strong><\/strong><\/h3>\n\n\n\n<ul class=\"wp-block-list\"><li>T\u00ean<\/li><li>\u0110\u1ecba Ch\u1ec9<\/li><li>S\u1ed1 \u0110i\u1ec7n Tho\u1ea1i<\/li><li>T\u00ean Cha\/M\u1eb9 ho\u1eb7c Ng\u01b0\u1eddi Gi\u00e1m H\u1ed9<\/li><li>T\u00ecnh Tr\u1ea1ng Khuy\u1ebft T\u1eadt<\/li><\/ul>\n\n\n\n<h3 class=\"wp-block-heading\"><strong><strong>H\u1ed3 S\u01a1 Y T\u1ebf<\/strong><\/strong><\/h3>\n\n\n\n<p>Mang theo b\u1ea3n sao c\u00e1c th\u1ebb ph\u00fac l\u1ee3i s\u1ee9c kh\u1ecfe c\u1ee7a qu\u00fd v\u1ecb, nh\u01b0 l\u00e0 th\u1ebb b\u1ea3o hi\u1ec3m s\u1ee9c kh\u1ecfe t\u01b0 nh\u00e2n, ch\u01b0\u01a1ng tr\u00ecnh d\u1ecbch v\u1ee5 s\u1ee9c kh\u1ecfe, Medi-Cal, Medicare v\u00e0 TRICARE (v\u1edbi gia \u0111\u00ecnh qu\u00e2n nh\u00e2n).<\/p>\n\n\n\n<p>T\u00ecm th\u00f4ng tin v\u1ec1 t\u1eebng b\u00e1c s\u0129, chuy\u00ean gia t\u00e2m l\u00fd ho\u1eb7c nh\u00e0 cung c\u1ea5p d\u1ecbch v\u1ee5 ch\u0103m s\u00f3c s\u1ee9c kh\u1ecfe kh\u00e1c \u0111\u00e3 ch\u0103m s\u00f3c qu\u00fd v\u1ecb:<\/p>\n\n\n\n<ul class=\"wp-block-list\"><li>T\u00ean B\u00e1c S\u0129<\/li><li>S\u1ed1 \u0110i\u1ec7n Tho\u1ea1i<\/li><li>\u0110\u1ecba Ch\u1ec9<\/li><\/ul>\n\n\n\n<h3 class=\"wp-block-heading\"><strong><strong>B\u1ec7nh Vi\u1ec7n v\u00e0 Ph\u00f2ng Kh\u00e1m<\/strong><\/strong><\/h3>\n\n\n\n<p>Li\u1ec7t k\u00ea t\u1eebng b\u1ec7nh vi\u1ec7n ho\u1eb7c ph\u00f2ng kh\u00e1m n\u01a1i qu\u00fd v\u1ecb nh\u1eadn ch\u0103m s\u00f3c, k\u1ec3 c\u1ea3 n\u01a1i sinh c\u1ee7a qu\u00fd v\u1ecb:<\/p>\n\n\n\n<ul class=\"wp-block-list\"><li>T\u00ean B\u1ec7nh Vi\u1ec7n ho\u1eb7c Ph\u00f2ng Kh\u00e1m&nbsp;<\/li><li>S\u1ed1 \u0110i\u1ec7n Tho\u1ea1i<\/li><li>\u0110\u1ecba Ch\u1ec9<\/li><\/ul>\n\n\n\n<h3 class=\"wp-block-heading\"><strong><strong>Thu\u1ed1c Men<\/strong><\/strong><\/h3>\n\n\n\n<p>Nhi\u1ec1u kh\u00e1ch h\u00e0ng d\u00f9ng nhi\u1ec1u lo\u1ea1i thu\u1ed1c.<\/p>\n\n\n\n<ul class=\"wp-block-list\"><li>Li\u1ec7t k\u00ea t\u1ea5t c\u1ea3 c\u00e1c lo\u1ea1i thu\u1ed1c qu\u00fd v\u1ecb \u0111\u00e3 d\u00f9ng<\/li><li>Li\u1ec7t k\u00ea c\u00e1c lo\u1ea1i thu\u1ed1c qu\u00fd v\u1ecb d\u00f9ng hi\u1ec7n t\u1ea1i<\/li><\/ul>\n\n\n\n<h3 class=\"wp-block-heading\"><strong><strong>H\u1ed3 S\u01a1 B\u1eaft \u0110\u1ea7u S\u1edbm\/B\u1eaft \u0110\u1ea7u Thu\u1eadn L\u1ee3i?<\/strong><\/strong><\/h3>\n\n\n\n<p>Qu\u00fd v\u1ecb c\u00f3 nh\u1eadn d\u1ecbch v\u1ee5 khi l\u00e0 tr\u1ebb s\u01a1 sinh ho\u1eb7c tr\u1ebb m\u1edbi bi\u1ebft \u0111i kh\u00f4ng? N\u1ebfu kh\u00f4ng, qu\u00fd v\u1ecb c\u00f3 th\u1ec3 t\u00ecm s\u1ed5 s\u00e1ch ho\u1eb7c video th\u1eddi c\u00f2n l\u00e0 tr\u1ebb s\u01a1 sinh th\u1ec3 hi\u1ec7n nh\u1eefng n\u0103m \u0111\u1ea7u \u0111\u1eddi c\u1ee7a qu\u00fd v\u1ecb kh\u00f4ng?<\/p>\n\n\n\n<h3 class=\"wp-block-heading\"><strong><strong>H\u1ecdc B\u1ea1<\/strong><\/strong><\/h3>\n\n\n\n<p>Li\u1ec7t k\u00ea t\u1eebng tr\u01b0\u1eddng qu\u00fd v\u1ecb \u0111\u00e3 theo h\u1ecdc<\/p>\n\n\n\n<ul class=\"wp-block-list\"><li>T\u00ean Tr\u01b0\u1eddng&nbsp;<\/li><li>Lo\u1ea1i tr\u01b0\u1eddng (ti\u1ec3u h\u1ecdc, trung h\u1ecdc, ph\u1ed5 th\u00f4ng)<\/li><li>C\u00e1c l\u1edbp qu\u00fd v\u1ecb \u0111\u00e3 theo h\u1ecdc<\/li><li>S\u1ed1 \u0110i\u1ec7n Tho\u1ea1i<\/li><li>\u0110\u1ecba Ch\u1ec9<\/li><\/ul>\n","protected":false},"excerpt":{"rendered":"<p>Trung t\u00e2m khu v\u1ef1c c\u00f3 th\u1ec3 y\u00eau c\u1ea7u qu\u00fd v\u1ecb cung c\u1ea5p c\u00e1c th\u00f4ng tin b\u00ean d\u01b0\u1edbi. N\u1ebfu qu\u00fd v\u1ecb thu th\u1eadp th\u00f4ng tin n\u00e0y&hellip;<\/p>\n","protected":false},"author":1,"featured_media":0,"parent":1638,"menu_order":4,"comment_status":"closed","ping_status":"closed","template":"","meta":{"footnotes":""},"class_list":["post-1849","page","type-page","status-publish","hentry"],"_links":{"self":[{"href":"https:\/\/rula.disabilityrightsca.org\/vi\/wp-json\/wp\/v2\/pages\/1849","targetHints":{"allow":["GET"]}}],"collection":[{"href":"https:\/\/rula.disabilityrightsca.org\/vi\/wp-json\/wp\/v2\/pages"}],"about":[{"href":"https:\/\/rula.disabilityrightsca.org\/vi\/wp-json\/wp\/v2\/types\/page"}],"author":[{"embeddable":true,"href":"https:\/\/rula.disabilityrightsca.org\/vi\/wp-json\/wp\/v2\/users\/1"}],"replies":[{"embeddable":true,"href":"https:\/\/rula.disabilityrightsca.org\/vi\/wp-json\/wp\/v2\/comments?post=1849"}],"version-history":[{"count":3,"href":"https:\/\/rula.disabilityrightsca.org\/vi\/wp-json\/wp\/v2\/pages\/1849\/revisions"}],"predecessor-version":[{"id":3386,"href":"https:\/\/rula.disabilityrightsca.org\/vi\/wp-json\/wp\/v2\/pages\/1849\/revisions\/3386"}],"up":[{"embeddable":true,"href":"https:\/\/rula.disabilityrightsca.org\/vi\/wp-json\/wp\/v2\/pages\/1638"}],"wp:attachment":[{"href":"https:\/\/rula.disabilityrightsca.org\/vi\/wp-json\/wp\/v2\/media?parent=1849"}],"curies":[{"name":"wp","href":"https:\/\/api.w.org\/{rel}","templated":true}]}}