{"id":1845,"date":"2021-09-22T22:18:52","date_gmt":"2021-09-22T22:18:52","guid":{"rendered":"http:\/\/www.rula.disabilityrightsca.org\/vi\/?page_id=1845"},"modified":"2022-04-27T21:44:38","modified_gmt":"2022-04-27T21:44:38","slug":"supplement-c-services-and-supports-provided-by-regional-centers","status":"publish","type":"page","link":"https:\/\/rula.disabilityrightsca.org\/vi\/supplements\/supplement-c-services-and-supports-provided-by-regional-centers\/","title":{"rendered":"Ph\u1ee5 L\u1ee5c C: D\u1ecbch V\u1ee5 v\u00e0 S\u1ef1 H\u1ed7 Tr\u1ee3 Do Trung T\u00e2m Khu V\u1ef1c Cung C\u1ea5p"},"content":{"rendered":"\n<p>D\u1ecbch v\u1ee5 v\u00e0 s\u1ef1 h\u1ed7 tr\u1ee3 m\u00e0 trung t\u00e2m khu v\u1ef1c cung c\u1ea5p bao g\u1ed3m, nh\u01b0ng kh\u00f4ng gi\u1edbi h\u1ea1n \u1edf, nh\u1eefng d\u1ecbch v\u1ee5 v\u00e0 s\u1ef1 h\u1ed7 tr\u1ee3 \u0111\u01b0\u1ee3c li\u1ec7t k\u00ea b\u00ean d\u01b0\u1edbi. Danh s\u00e1ch n\u00e0y b\u1eaft ngu\u1ed3n t\u1eeb m\u1ee5c 4512(b), \u0110\u1ea1o Lu\u1eadt Lanterman. N\u1ebfu qu\u00fd v\u1ecb c\u1ea7n d\u1ecbch v\u1ee5 kh\u00f4ng c\u00f3 trong danh s\u00e1ch n\u00e0y, nh\u00f3m IPP v\u1eabn c\u00f3 th\u1ec3 \u1ee7y quy\u1ec1n d\u1ecbch v\u1ee5 \u0111\u00f3.<\/p>\n\n\n\n<div class=\"wp-block-columns is-layout-flex wp-container-core-columns-is-layout-9d6595d7 wp-block-columns-is-layout-flex\">\n<div class=\"wp-block-column is-layout-flow wp-block-column-is-layout-flow\">\n<ul class=\"wp-block-list\"><li>C\u00e1c d\u1ecbch v\u1ee5 v\u1ec1 thi\u1ebft b\u1ecb th\u00edch nghi<\/li><li>B\u00eanh v\u1ef1c<\/li><li>Tr\u1ee3 gi\u00fap ho\u1eb7c t\u1ea1o \u0111i\u1ec1u ki\u1ec7n b\u00eanh v\u1ef1c<\/li><li>\u0110\u00e1nh gi\u00e1<\/li><li>Tr\u1ee3 gi\u00fap t\u00ecm ki\u1ebfm, s\u1eeda \u0111\u1ed5i v\u00e0 b\u1ea3o tr\u00ec nh\u00e0 c\u1eeda<\/li><li>\u0110i\u1ec1u Ch\u1ec9nh H\u00e0nh Vi<\/li><li>C\u1eafm tr\u1ea1i<\/li><li>Ch\u0103m s\u00f3c tr\u1ebb em<\/li><li>D\u1ecbch v\u1ee5 h\u00f2a nh\u1eadp c\u1ed9ng \u0111\u1ed3ng<\/li><li>B\u1ed1 tr\u00ed c\u01b0 gia trong c\u1ed9ng \u0111\u1ed3ng<\/li><li>T\u1ea1o \u0111i\u1ec1u ki\u1ec7n h\u1ed7 tr\u1ee3 c\u1ed9ng \u0111\u1ed3ng<\/li><li>T\u01b0 v\u1ea5n cho kh\u00e1ch h\u00e0ng<\/li><li>T\u01b0 v\u1ea5n cho gia \u0111\u00ecnh c\u1ee7a kh\u00e1ch h\u00e0ng<\/li><li>\u0110\u00e0o t\u1ea1o k\u1ef9 n\u0103ng s\u1ed1ng h\u00e0ng ng\u00e0y<\/li><li>Ch\u0103m s\u00f3c ban ng\u00e0y<\/li><li>Ph\u00e1t tri\u1ec3n v\u00e0 cung c\u1ea5p h\u1ec7 th\u1ed1ng \u1ee9ng c\u1ee9u kh\u1ea9n c\u1ea5p 24 gi\u1edd<\/li><li>Ph\u00e1t tri\u1ec3n s\u1ef1 h\u1ed7 tr\u1ee3 t\u1ef1 nhi\u00ean mi\u1ec5n ph\u00ed<\/li><li>Ch\u1ea9n \u0111o\u00e1n<\/li><li>T\u00e3 b\u1ec9m<\/li><li>Ch\u0103m s\u00f3c t\u1ea1i nh\u00e0<\/li><li>Gi\u00e1o d\u1ee5c<\/li><li>Kh\u1ea9n c\u1ea5p v\u00e0 can thi\u1ec7p kh\u1ee7ng ho\u1ea3ng<\/li><li>Nh\u00e0 c\u1ea5p c\u1ee9u<\/li><li>H\u1ed7 tr\u1ee3 kh\u1ea9n c\u1ea5p cho nh\u00e2n vi\u00ean ch\u0103m s\u00f3c c\u00e1 nh\u00e2n<\/li><li>Th\u1ea9m \u0111\u1ecbnh<\/li><li>V\u00f2ng h\u1ed7 tr\u1ee3 \u0111\u01b0\u1ee3c t\u1ea1o \u0111i\u1ec1u ki\u1ec7n<\/li><li>T\u1ea1o \u0111i\u1ec1u ki\u1ec7n, bao g\u1ed3m c\u1ea3 ti\u1ebfp c\u1eadn v\u00e0 gi\u00e1o d\u1ee5c<\/li><li>T\u1ea1o \u0111i\u1ec1u ki\u1ec7n, c\u00f3 ng\u01b0\u1eddi h\u1ed7 tr\u1ee3 do kh\u00e1ch h\u00e0ng l\u1ef1a ch\u1ecdn<\/li><li>Tr\u1ee3 gi\u00fap t\u00e0i ch\u00ednh<\/li><li>D\u1ecbch v\u1ee5 theo d\u00f5i<\/li><li>B\u1ed1 tr\u00ed gia \u0111\u00ecnh nh\u1eadn nu\u00f4i<\/li><li>H\u1ed7 tr\u1ee3 ph\u00e1t tri\u1ec3n<\/li><li>Tr\u1ee3 gi\u00fap t\u00ecm nh\u00e0<\/li><li>D\u1ecbch v\u1ee5 gi\u00fap vi\u1ec7c gia \u0111\u00ecnh<\/li><li>X\u00e1c \u0111\u1ecbnh v\u00f2ng h\u1ed7 tr\u1ee3<\/li><li>Ch\u01b0\u01a1ng tr\u00ecnh khuy\u1ebfn kh\u00edch tr\u1ebb s\u01a1 sinh<\/li><li>D\u1ecbch v\u1ee5 th\u00f4ng tin v\u00e0 gi\u1edbi thi\u1ec7u<\/li><li>D\u1ecbch v\u1ee5 s\u1ee9c kh\u1ecfe t\u00e2m th\u1ea7n<\/li><li>Li\u1ec7u ph\u00e1p ngh\u1ec1 nghi\u1ec7p<\/li><li>H\u00e0ng x\u00f3m ch\u0103m s\u00f3c c\u00f3 tr\u1ea3 ti\u1ec1n<\/li><li>Ng\u01b0\u1eddi s\u1ed1ng c\u00f9ng ch\u0103m s\u00f3c c\u00f3 tr\u1ea3 ti\u1ec1n<\/li><li>\u0110\u00e0o t\u1ea1o cha m\u1eb9<\/li><li>H\u1ed7 tr\u1ee3 ngang h\u00e0ng<\/li><\/ul>\n<\/div>\n\n\n\n<div class=\"wp-block-column is-layout-flow wp-block-column-is-layout-flow\">\n<ul class=\"wp-block-list\"><li>Ch\u0103m s\u00f3c ho\u1eb7c tr\u1ee3 gi\u00fap c\u00e1 nh\u00e2n<\/li><li>V\u1eadt l\u00fd tr\u1ecb li\u1ec7u<\/li><li>B\u1ea3o v\u1ec7 quy\u1ec1n c\u00f4ng d\u00e2n, d\u1ecbch v\u1ee5 v\u00e0 ph\u00e1p l\u00fd<\/li><li>D\u1ecbch v\u1ee5 b\u1ea3o v\u1ec7<\/li><li>Cung c\u1ea5p v\u00f2ng h\u1ed7 tr\u1ee3<\/li><li>Gi\u1ea3i tr\u00ed<\/li><li>Tuy\u1ec3n d\u1ee5ng, thu\u00ea v\u00e0 \u0111\u00e0o t\u1ea1o nh\u00e2n vi\u00ean ch\u0103m s\u00f3c c\u00e1 nh\u00e2n<\/li><li>Ch\u0103m s\u00f3c t\u1ea1m th\u1eddi<\/li><li>Ch\u0103m s\u00f3c t\u1ea1m th\u1eddi thay cho nh\u00e2n vi\u00ean ch\u0103m s\u00f3c c\u00e1 nh\u00e2n<\/li><li>\u0110\u00e0o t\u1ea1o t\u1ef1 b\u00eanh v\u1ef1c<\/li><li>\u0110\u00e0o t\u1ea1o v\u1ec1 t\u00ecnh d\u1ee5c<\/li><li>Vi\u1ec7c l\u00e0m \u0111\u01b0\u1ee3c b\u1ea3o v\u1ec7<\/li><li>Ch\u0103m s\u00f3c ng\u1eafn h\u1ea1n b\u00ean ngo\u00e0i nh\u00e0<\/li><li>D\u1ecbch v\u1ee5 c\u00f4ng t\u00e1c x\u00e3 h\u1ed9i<\/li><li>\u0110\u00e0o t\u1ea1o k\u1ef9 n\u0103ng x\u00e3 h\u1ed9i<\/li><li>D\u1ecbch v\u1ee5 ph\u00e1p lu\u1eadt x\u00e3 h\u1ed9i<\/li><li>S\u1eafp x\u1ebfp cu\u1ed9c s\u1ed1ng \u0111\u1eb7c bi\u1ec7t<\/li><li>Ch\u0103m s\u00f3c nha khoa chuy\u00ean bi\u1ec7t<\/li><li>Ch\u0103m s\u00f3c y t\u1ebf chuy\u00ean bi\u1ec7t<\/li><li>Li\u1ec7u ph\u00e1p l\u1eddi n\u00f3i<\/li><li>D\u1ecbch v\u1ee5 h\u1ed7 tr\u1ee3 cho kh\u00e1ch h\u00e0ng s\u1ed1ng t\u1ea1i nh\u00e0 h\u1ecd s\u1edf h\u1eefu ho\u1eb7c thu\u00ea<\/li><li>Vi\u1ec7c l\u00e0m \u0111\u01b0\u1ee3c h\u1ed7 tr\u1ee3<\/li><li>S\u1eafp x\u1ebfp cu\u1ed9c s\u1ed1ng \u0111\u01b0\u1ee3c h\u1ed7 tr\u1ee3<\/li><li>Tr\u1ee3 gi\u00fap k\u1ef9 thu\u1eadt<\/li><li>\u0110\u00e0o t\u1ea1o<\/li><li>D\u1ecbch v\u1ee5 chuy\u00ean ch\u1edf<\/li><li>\u0110\u00e0o t\u1ea1o v\u1ec1 \u0111i l\u1ea1i<\/li><li>\u0110i\u1ec1u tr\u1ecb<\/li><li>D\u1ecbch v\u1ee5 tr\u1ea3 b\u1eb1ng h\u00f3a \u0111\u01a1n<\/li><li>D\u1ecbch v\u1ee5 v\u00e0 s\u1ef1 h\u1ed7 tr\u1ee3 c\u1ea7n thi\u1ebft \u0111\u1ec3 c\u00e1c gia \u0111\u00ecnh gi\u1eef tr\u1ebb khuy\u1ebft t\u1eadt v\u1ec1 ph\u00e1t tri\u1ec3n \u1edf l\u1ea1i nh\u00e0, khi vi\u1ec7c s\u1ed1ng t\u1ea1i nh\u00e0 l\u00e0 v\u00ec l\u1ee3i \u00edch l\u1edbn nh\u1ea5t c\u1ee7a tr\u1ebb.<\/li><li>D\u1ecbch v\u1ee5 v\u00e0 s\u1ef1 h\u1ed7 tr\u1ee3 c\u1ea7n thi\u1ebft \u0111\u1ec3 duy tr\u00ec v\u00e0 c\u1ee7ng c\u1ed1 \u0111\u01a1n v\u1ecb gia \u0111\u00ecnh, trong \u0111\u00f3 cha\/m\u1eb9 ho\u1eb7c c\u1ea3 cha l\u1eabn m\u1eb9 l\u00e0 ng\u01b0\u1eddi khuy\u1ebft t\u1eadt v\u1ec1 ph\u00e1t tri\u1ec3n.<\/li><li>C\u00e1c d\u1ecbch v\u1ee5 v\u00e0 s\u1ef1 h\u1ed7 tr\u1ee3 kh\u00e1c s\u1ebd d\u1eabn \u0111\u1ebfn kh\u1ea3 n\u0103ng t\u1ef1 t\u00fac l\u1edbn h\u01a1n cho qu\u00fd v\u1ecb v\u00e0 hi\u1ec7u qu\u1ea3 v\u1ec1 chi ph\u00ed v\u1edbi ti\u1ec3u bang.<\/li><li>N\u1ebfu qu\u00fd v\u1ecb tham gia Mi\u1ec5n Tr\u1eeb HCBS cho Ng\u01b0\u1eddi Khuy\u1ebft T\u1eadt V\u1ec1 Ph\u00e1t Tri\u1ec3n (Mi\u1ec5n Tr\u1eeb DD), qu\u00fd v\u1ecb c\u00f3 th\u1ec3 nh\u1eadn c\u00e1c d\u1ecbch v\u1ee5 kh\u00e1c theo Mi\u1ec5n Tr\u1eeb \u0111\u00f3. Xem Ch\u01b0\u01a1ng 11 \u0111\u1ec3 bi\u1ebft th\u00eam th\u00f4ng tin.<\/li><\/ul>\n<\/div>\n<\/div>\n","protected":false},"excerpt":{"rendered":"<p>D\u1ecbch v\u1ee5 v\u00e0 s\u1ef1 h\u1ed7 tr\u1ee3 m\u00e0 trung t\u00e2m khu v\u1ef1c cung c\u1ea5p bao g\u1ed3m, nh\u01b0ng kh\u00f4ng gi\u1edbi h\u1ea1n \u1edf, nh\u1eefng d\u1ecbch v\u1ee5 v\u00e0 s\u1ef1&hellip;<\/p>\n","protected":false},"author":1,"featured_media":0,"parent":1638,"menu_order":3,"comment_status":"closed","ping_status":"closed","template":"","meta":{"footnotes":""},"class_list":["post-1845","page","type-page","status-publish","hentry"],"_links":{"self":[{"href":"https:\/\/rula.disabilityrightsca.org\/vi\/wp-json\/wp\/v2\/pages\/1845","targetHints":{"allow":["GET"]}}],"collection":[{"href":"https:\/\/rula.disabilityrightsca.org\/vi\/wp-json\/wp\/v2\/pages"}],"about":[{"href":"https:\/\/rula.disabilityrightsca.org\/vi\/wp-json\/wp\/v2\/types\/page"}],"author":[{"embeddable":true,"href":"https:\/\/rula.disabilityrightsca.org\/vi\/wp-json\/wp\/v2\/users\/1"}],"replies":[{"embeddable":true,"href":"https:\/\/rula.disabilityrightsca.org\/vi\/wp-json\/wp\/v2\/comments?post=1845"}],"version-history":[{"count":3,"href":"https:\/\/rula.disabilityrightsca.org\/vi\/wp-json\/wp\/v2\/pages\/1845\/revisions"}],"predecessor-version":[{"id":3384,"href":"https:\/\/rula.disabilityrightsca.org\/vi\/wp-json\/wp\/v2\/pages\/1845\/revisions\/3384"}],"up":[{"embeddable":true,"href":"https:\/\/rula.disabilityrightsca.org\/vi\/wp-json\/wp\/v2\/pages\/1638"}],"wp:attachment":[{"href":"https:\/\/rula.disabilityrightsca.org\/vi\/wp-json\/wp\/v2\/media?parent=1845"}],"curies":[{"name":"wp","href":"https:\/\/api.w.org\/{rel}","templated":true}]}}