{"id":1804,"date":"2021-09-16T19:24:11","date_gmt":"2021-09-16T19:24:11","guid":{"rendered":"http:\/\/www.rula.disabilityrightsca.org\/vi\/?page_id=1804"},"modified":"2022-04-19T19:11:09","modified_gmt":"2022-04-19T19:11:09","slug":"2-5-what-is-provisional-eligibility","status":"publish","type":"page","link":"https:\/\/rula.disabilityrightsca.org\/vi\/rula-book\/chapter-2-eligibility-for-regional-center-services\/2-5-what-is-provisional-eligibility\/","title":{"rendered":"(2.5)  Kh\u1ea3 n\u0103ng h\u1ed9i \u0111\u1ee7 \u0111i\u1ec1u ki\u1ec7n t\u1ea1m th\u1eddi l\u00e0 g\u00ec?"},"content":{"rendered":"\n<p>Kh\u1ea3 n\u0103ng h\u1ed9i \u0111\u1ee7 \u0111i\u1ec1u ki\u1ec7n t\u1ea1m th\u1eddi l\u00e0 khi qu\u00fd v\u1ecb 3 ho\u1eb7c 4 tu\u1ed5i v\u00e0 kh\u00f4ng b\u1ecb khuy\u1ebft t\u1eadt v\u1ec1 ph\u00e1t tri\u1ec3n nh\u01b0ng v\u1eabn c\u00f3 th\u1ec3 nh\u1eadn \u0111\u1ea7y \u0111\u1ee7 d\u1ecbch v\u1ee5 c\u1ee7a trung t\u00e2m khu v\u1ef1c.\u00a0<span class=\"footnote_referrer\"><a role=\"button\" tabindex=\"0\" onclick=\"footnote_moveToReference_1804_1('footnote_plugin_reference_1804_1_1');\" onkeypress=\"footnote_moveToReference_1804_1('footnote_plugin_reference_1804_1_1');\" ><sup id=\"footnote_plugin_tooltip_1804_1_1\" class=\"footnote_plugin_tooltip_text\">[1]<\/sup><\/a><span id=\"footnote_plugin_tooltip_text_1804_1_1\" class=\"footnote_tooltip\">M\u1ee5c 4512(a)(2).<\/span><\/span><script type=\"text\/javascript\"> jQuery('#footnote_plugin_tooltip_1804_1_1').tooltip({ tip: '#footnote_plugin_tooltip_text_1804_1_1', tipClass: 'footnote_tooltip', effect: 'fade', predelay: 0, fadeInSpeed: 200, delay: 400, fadeOutSpeed: 200, position: 'top center', relative: true, offset: [-7, 0], });<\/script> N\u1ebfu qu\u00fd v\u1ecb t\u1ea1m th\u1eddi h\u1ed9i \u0111\u1ee7 \u0111i\u1ec1u ki\u1ec7n, trung t\u00e2m khu v\u1ef1c ph\u1ea3i cung c\u1ea5p cho qu\u00fd v\u1ecb m\u1ed9t K\u1ebf Ho\u1ea1ch Ch\u01b0\u01a1ng Tr\u00ecnh C\u00e1 Nh\u00e2n v\u00e0 c\u00e1c d\u1ecbch v\u1ee5. Trung t\u00e2m khu v\u1ef1c ph\u1ea3i \u0111\u00e1nh gi\u00e1 qu\u00fd v\u1ecb v\u1ec1 kh\u1ea3 n\u0103ng h\u1ed9i \u0111\u1ee7 \u0111i\u1ec1u ki\u1ec7n tr\u01b0\u1edbc l\u1ea7n sinh nh\u1eadt th\u1ee9 5 c\u1ee7a qu\u00fd v\u1ecb \u00edt nh\u1ea5t 90 ng\u00e0y. Sau \u0111\u00e1nh gi\u00e1 \u0111\u00f3, kh\u1ea3 n\u0103ng h\u1ed9i \u0111\u1ee7 \u0111i\u1ec1u ki\u1ec7n v\u00e0 d\u1ecbch v\u1ee5 d\u00e0nh cho qu\u00fd v\u1ecb s\u1ebd k\u1ebft th\u00fac n\u1ebfu trung t\u00e2m khu v\u1ef1c k\u1ebft lu\u1eadn qu\u00fd v\u1ecb kh\u00f4ng b\u1ecb khuy\u1ebft t\u1eadt v\u1ec1 ph\u00e1t tri\u1ec3n. Tuy nhi\u00ean, qu\u00fd v\u1ecb c\u00f3 th\u1ec3 kh\u00e1ng c\u00e1o. Qu\u00fd v\u1ecb ph\u1ea3i n\u1ed9p \u0111\u01a1n kh\u00e1ng c\u00e1o trong v\u00f2ng 10 ng\u00e0y \u0111\u1ec3 duy tr\u00ec kh\u1ea3 n\u0103ng h\u1ed9i \u0111\u1ee7 \u0111i\u1ec1u ki\u1ec7n trong khi kh\u00e1ng c\u00e1o. Qu\u00fd v\u1ecb ph\u1ea3i n\u1ed9p \u0111\u01a1n kh\u00e1ng c\u00e1o trong v\u00f2ng 30 ng\u00e0y \u0111\u1ec3 ph\u1ea3n b\u00e1c to\u00e0n b\u1ed9 quy\u1ebft \u0111\u1ecbnh c\u1ee7a trung t\u00e2m khu v\u1ef1c. Xem\u00a0<a href=\"https:\/\/rula.disabilityrightsca.org\/vi\/rula-book\/chapter-10-appeals-and-complaints-disagreements-with-regional-centers-developmental-centers-or-service-providers\/\">Ch\u01b0\u01a1ng 10<\/a>\u00a0\u0111\u1ec3 bi\u1ebft m\u1ed1c th\u1eddi gian v\u00e0 c\u00e1ch kh\u00e1ng c\u00e1o.<\/p>\n\n\n\n<p>\u0110\u1ec3 t\u1ea1m th\u1eddi h\u1ed9i \u0111\u1ee7 \u0111i\u1ec1u ki\u1ec7n, qu\u00fd v\u1ecb ph\u1ea3i 3 ho\u1eb7c 4 tu\u1ed5i v\u00e0 b\u1ecb khuy\u1ebft t\u1eadt kh\u00f4ng ch\u1ec9 l\u00e0 v\u1ec1 th\u1ec3 ch\u1ea5t. Qu\u00fd v\u1ecb c\u0169ng ph\u1ea3i g\u1eb7p v\u1ea5n \u0111\u1ec1 l\u1edbn trong \u00edt nh\u1ea5t 2 trong s\u1ed1 5 l\u0129nh v\u1ef1c ho\u1ea1t \u0111\u1ed9ng ch\u00ednh trong cu\u1ed9c s\u1ed1ng sau \u0111\u00e2y:&nbsp;<\/p>\n\n\n\n<ol class=\"wp-block-list\" type=\"1\"><li>T\u1ef1 ch\u0103m s\u00f3c;&nbsp;<\/li><li>Ti\u1ebfp thu v\u00e0 di\u1ec5n \u0111\u1ea1t ng\u00f4n ng\u1eef;&nbsp;<\/li><li>H\u1ecdc t\u1eadp;&nbsp;<\/li><li>V\u1eadn \u0111\u1ed9ng;&nbsp;<\/li><li>T\u1ef1 ch\u1ee7.<\/li><\/ol>\n\n\n\n<p>N\u1ebfu qu\u00fd v\u1ecb l\u00e0 tr\u1ebb s\u01a1 sinh t\u1eeb 0 \u0111\u1ebfn 2 tu\u1ed5i v\u00e0 nh\u1eadn d\u1ecbch v\u1ee5 can thi\u1ec7p s\u1edbm, trung t\u00e2m khu v\u1ef1c ph\u1ea3i \u0111\u00e1nh gi\u00e1 qu\u00fd v\u1ecb tr\u01b0\u1edbc l\u1ea7n sinh nh\u1eadt th\u1ee9 3 c\u1ee7a qu\u00fd v\u1ecb 90 ng\u00e0y \u0111\u1ec3 x\u00e1c \u0111\u1ecbnh qu\u00fd v\u1ecb c\u00f3 b\u1ecb khuy\u1ebft t\u1eadt v\u1ec1 ph\u00e1t tri\u1ec3n kh\u00f4ng. N\u1ebfu qu\u00fd v\u1ecb kh\u00f4ng b\u1ecb, trung t\u00e2m khu v\u1ef1c s\u1ebd \u0111\u00e1nh gi\u00e1 qu\u00fd v\u1ecb v\u1ec1 kh\u1ea3 n\u0103ng h\u1ed9i \u0111\u1ee7 \u0111i\u1ec1u ki\u1ec7n t\u1ea1m th\u1eddi.<\/p>\n\n\n\n<p>N\u1ebfu m\u1ed9t trung t\u00e2m khu v\u1ef1c k\u1ebft lu\u1eadn qu\u00fd v\u1ecb t\u1ea1m th\u1eddi h\u1ed9i \u0111\u1ee7 \u0111i\u1ec1u ki\u1ec7n, kh\u1ea3 n\u0103ng h\u1ed9i \u0111\u1ee7 \u0111i\u1ec1u ki\u1ec7n t\u1ea1m th\u1eddi c\u1ee7a qu\u00fd v\u1ecb s\u1ebd \u0111\u01b0\u1ee3c duy tr\u00ec \u0111\u1ebfn khi qu\u00fd v\u1ecb \u0111\u1ee7 5 tu\u1ed5i. Ngo\u00e0i ra, qu\u00fd v\u1ecb c\u0169ng s\u1ebd t\u1ea1m th\u1eddi h\u1ed9i \u0111\u1ee7 \u0111i\u1ec1u ki\u1ec7n t\u1ea1i m\u1ed9t trung t\u00e2m khu v\u1ef1c kh\u00e1c trong s\u1ed1 21 trung t\u00e2m khu v\u1ef1c n\u1ebfu qu\u00fd v\u1ecb chuy\u1ec3n nh\u00e0.<\/p>\n<div class=\"speaker-mute footnotes_reference_container\"> <div class=\"footnote_container_prepare\"><p><span role=\"button\" tabindex=\"0\" class=\"footnote_reference_container_label pointer\" onclick=\"footnote_expand_collapse_reference_container_1804_1();\">&#x202F;<\/span><span role=\"button\" tabindex=\"0\" class=\"footnote_reference_container_collapse_button\" style=\"display: none;\" onclick=\"footnote_expand_collapse_reference_container_1804_1();\">[<a id=\"footnote_reference_container_collapse_button_1804_1\">+<\/a>]<\/span><\/p><\/div> <div id=\"footnote_references_container_1804_1\" style=\"\"><table class=\"footnotes_table footnote-reference-container\"><caption class=\"accessibility\">References<\/caption> <tbody> \r\n\r\n<tr class=\"footnotes_plugin_reference_row\"> <th scope=\"row\" class=\"footnote_plugin_index_combi pointer\"  onclick=\"footnote_moveToAnchor_1804_1('footnote_plugin_tooltip_1804_1_1');\"><a id=\"footnote_plugin_reference_1804_1_1\" class=\"footnote_backlink\"><span class=\"footnote_index_arrow\">&#8593;<\/span>1<\/a><\/th> <td class=\"footnote_plugin_text\">M\u1ee5c 4512(a)(2).<\/td><\/tr>\r\n\r\n <\/tbody> <\/table> <\/div><\/div><script type=\"text\/javascript\"> function footnote_expand_reference_container_1804_1() { jQuery('#footnote_references_container_1804_1').show(); jQuery('#footnote_reference_container_collapse_button_1804_1').text('\u2212'); } function footnote_collapse_reference_container_1804_1() { jQuery('#footnote_references_container_1804_1').hide(); jQuery('#footnote_reference_container_collapse_button_1804_1').text('+'); } function footnote_expand_collapse_reference_container_1804_1() { if (jQuery('#footnote_references_container_1804_1').is(':hidden')) { footnote_expand_reference_container_1804_1(); } else { footnote_collapse_reference_container_1804_1(); } } function footnote_moveToReference_1804_1(p_str_TargetID) { footnote_expand_reference_container_1804_1(); var l_obj_Target = jQuery('#' + p_str_TargetID); if (l_obj_Target.length) { jQuery( 'html, body' ).delay( 0 ); jQuery('html, body').animate({ scrollTop: l_obj_Target.offset().top - window.innerHeight * 0.2 }, 380); } } function footnote_moveToAnchor_1804_1(p_str_TargetID) { footnote_expand_reference_container_1804_1(); var l_obj_Target = jQuery('#' + p_str_TargetID); if (l_obj_Target.length) { jQuery( 'html, body' ).delay( 0 ); jQuery('html, body').animate({ scrollTop: l_obj_Target.offset().top - window.innerHeight * 0.2 }, 380); } }<\/script>","protected":false},"excerpt":{"rendered":"<p>Kh\u1ea3 n\u0103ng h\u1ed9i \u0111\u1ee7 \u0111i\u1ec1u ki\u1ec7n t\u1ea1m th\u1eddi l\u00e0 khi qu\u00fd v\u1ecb 3 ho\u1eb7c 4 tu\u1ed5i v\u00e0 kh\u00f4ng b\u1ecb khuy\u1ebft t\u1eadt v\u1ec1 ph\u00e1t tri\u1ec3n nh\u01b0ng&hellip;<\/p>\n","protected":false},"author":1,"featured_media":0,"parent":37,"menu_order":5,"comment_status":"closed","ping_status":"closed","template":"","meta":{"footnotes":""},"class_list":["post-1804","page","type-page","status-publish","hentry"],"_links":{"self":[{"href":"https:\/\/rula.disabilityrightsca.org\/vi\/wp-json\/wp\/v2\/pages\/1804","targetHints":{"allow":["GET"]}}],"collection":[{"href":"https:\/\/rula.disabilityrightsca.org\/vi\/wp-json\/wp\/v2\/pages"}],"about":[{"href":"https:\/\/rula.disabilityrightsca.org\/vi\/wp-json\/wp\/v2\/types\/page"}],"author":[{"embeddable":true,"href":"https:\/\/rula.disabilityrightsca.org\/vi\/wp-json\/wp\/v2\/users\/1"}],"replies":[{"embeddable":true,"href":"https:\/\/rula.disabilityrightsca.org\/vi\/wp-json\/wp\/v2\/comments?post=1804"}],"version-history":[{"count":9,"href":"https:\/\/rula.disabilityrightsca.org\/vi\/wp-json\/wp\/v2\/pages\/1804\/revisions"}],"predecessor-version":[{"id":2860,"href":"https:\/\/rula.disabilityrightsca.org\/vi\/wp-json\/wp\/v2\/pages\/1804\/revisions\/2860"}],"up":[{"embeddable":true,"href":"https:\/\/rula.disabilityrightsca.org\/vi\/wp-json\/wp\/v2\/pages\/37"}],"wp:attachment":[{"href":"https:\/\/rula.disabilityrightsca.org\/vi\/wp-json\/wp\/v2\/media?parent=1804"}],"curies":[{"name":"wp","href":"https:\/\/api.w.org\/{rel}","templated":true}]}}