{"id":1798,"date":"2021-09-16T18:43:36","date_gmt":"2021-09-16T18:43:36","guid":{"rendered":"http:\/\/www.rula.disabilityrightsca.org\/vi\/?page_id=1798"},"modified":"2022-06-24T17:00:34","modified_gmt":"2022-06-24T17:00:34","slug":"supplement-g-inter-regional-center-transfer-guidelines","status":"publish","type":"page","link":"https:\/\/rula.disabilityrightsca.org\/vi\/supplements\/supplement-g-inter-regional-center-transfer-guidelines\/","title":{"rendered":"Ph\u1ee5 L\u1ee5c G: H\u01b0\u1edbng D\u1eabn Chuy\u1ec3n Gi\u1eefa C\u00e1c Trung T\u00e2m Khu V\u1ef1c"},"content":{"rendered":"\n<p>TI\u1ec2U BANG CALIFORNIA-C\u01a0 QUAN S\u1ee8C KH\u1eceE V\u00c0 PH\u00daC L\u1ee2I<br>S\u1ede D\u1ecaCH V\u1ee4 PH\u00c1T TRI\u1ec2N<br>1600 NINTH STREET<br>SACRAMENTO, CA 95814<br>(916) 654-1958<br>Fax (916) 654-1913<\/p>\n\n\n\n<p>NG\u00c0Y: NG\u00c0Y 8 TH\u00c1NG 12 N\u0102M 1998<\/p>\n\n\n\n<p>K\u00cdNH G\u1eecI: T\u1ed4 CH\u1ee8C B\u00caN LI\u00caN QUAN<\/p>\n\n\n\n<p>V\u1ec0 VI\u1ec6C: H\u01af\u1edaNG D\u1eaaN CHUY\u1ec2N GI\u1eeeA C\u00c1C TRUNG T\u00c2M KHU V\u1ef0C<\/p>\n\n\n\n<p>T\u00e0i li\u1ec7u g\u1eedi k\u00e8m l\u00e0 phi\u00ean b\u1ea3n cu\u1ed1i c\u00f9ng c\u1ee7a H\u01b0\u1edbng D\u1eabn Chuy\u1ec3n Gi\u1eefa C\u00e1c Trung T\u00e2m Khu V\u1ef1c. M\u1ee5c 4643.5 (c) trong B\u1ed9 Lu\u1eadt Ph\u00fac L\u1ee3i v\u00e0 \u0110\u1ecbnh Ch\u1ebf California y\u00eau c\u1ea7u vi\u1ec7c ph\u00e1t tri\u1ec3n nh\u1eefng h\u01b0\u1edbng d\u1eabn n\u00e0y gi\u00fap \u0111\u1ea3m b\u1ea3o &#8220;&#8230; qu\u00e1 tr\u00ecnh chuy\u1ec3n ti\u1ebfp d\u1ecbch v\u1ee5 v\u00e0 s\u1ef1 h\u1ed7 tr\u1ee3 t\u1eeb m\u1ed9t trung t\u00e2m khu v\u1ef1c sang trung t\u00e2m khu v\u1ef1c kh\u00e1c di\u1ec5n ra su\u00f4n s\u1ebb&#8230; \u201cCh\u00fang t\u00f4i xin c\u1ea3m \u01a1n t\u1ea5t c\u1ea3 qu\u00fd v\u1ecb \u0111\u00e3 cung c\u1ea5p nh\u1eadn x\u00e9t v\u1ec1 ba b\u1ea3n th\u1ea3o tr\u01b0\u1edbc \u0111\u00f3 c\u1ee7a t\u00e0i li\u1ec7u n\u00e0y.<\/p>\n\n\n\n<p>Vui l\u00f2ng li\u00ean h\u1ec7 v\u1edbi Dale Sorbello, trong \u0111\u1ed9i ng\u0169 nh\u00e2n vi\u00ean c\u1ee7a t\u00f4i, theo s\u1ed1 916\/654-1954, n\u1ebfu qu\u00fd v\u1ecb c\u00f3 c\u00e2u h\u1ecfi.<\/p>\n\n\n\n<p>T\u00e0i li\u1ec7u g\u1eedi k\u00e8m<\/p>\n\n\n\n<p>Tr\u00e2n tr\u1ecdng, EILEEN<\/p>\n\n\n\n<p>EILEEN M. RICHEY<br>Ph\u00f3 Gi\u00e1m \u0110\u1ed1c<br>Ph\u00f2ng D\u1ecbch V\u1ee5 C\u1ed9ng \u0110\u1ed3ng<\/p>\n\n\n\n<h3 class=\"wp-block-heading\"><strong><strong>H\u01af\u1edaNG D\u1eaaN CHUY\u1ec2N KH\u00c1CH H\u00c0NG GI\u1eeeA C\u00c1C TRUNG T\u00c2M KHU V\u1ef0C<\/strong><\/strong><\/h3>\n\n\n\n<p>(Ng\u00e0y 4 th\u00e1ng 12 n\u0103m 1998)<\/p>\n\n\n\n<p>M\u1ee5c 4643.5 (c) trong B\u1ed9 Lu\u1eadt Ph\u00fac L\u1ee3i v\u00e0 \u0110\u1ecbnh Ch\u1ebf (Ch\u01b0\u01a1ng 294, Ph\u00e1p Quy n\u0103m 1997, c\u00f3 hi\u1ec7u l\u1ef1c ng\u00e0y 18 th\u00e1ng 8 n\u0103m 1997) n\u00eau r\u1eb1ng &#8220;S\u1edf ph\u1ea3i ph\u00e1t tri\u1ec3n h\u01b0\u1edbng d\u1eabn m\u00f4 t\u1ea3 tr\u00e1ch nhi\u1ec7m c\u1ee7a c\u00e1c trung t\u00e2m khu v\u1ef1c trong vi\u1ec7c \u0111\u1ea3m b\u1ea3o qu\u00e1 tr\u00ecnh chuy\u1ec3n ti\u1ebfp d\u1ecbch v\u1ee5 v\u00e0 s\u1ef1 h\u1ed7 tr\u1ee3 t\u1eeb m\u1ed9t trung t\u00e2m khu v\u1ef1c sang trung t\u00e2m khu v\u1ef1c kh\u00e1c di\u1ec5n ra su\u00f4n s\u1ebb, bao g\u1ed3m nh\u01b0ng kh\u00f4ng gi\u1edbi h\u1ea1n \u1edf, l\u1eadp k\u1ebf ho\u1ea1ch tr\u01b0\u1edbc khi chuy\u1ec3n v\u00e0 quy tr\u00ecnh gi\u1ea3i quy\u1ebft b\u1ea5t \u0111\u1ed3ng \u0111\u1ec3 gi\u1ea3i quy\u1ebft nh\u1eefng b\u1ea5t \u0111\u1ed3ng gi\u1eefa c\u00e1c trung t\u00e2m khu v\u1ef1c v\u1ec1 tr\u00e1ch nhi\u1ec7m c\u1ee7a h\u1ecd li\u00ean quan \u0111\u1ebfn vi\u1ec7c chuy\u1ec3n giao d\u1ecbch v\u1ee5 qu\u1ea3n l\u00fd tr\u01b0\u1eddng h\u1ee3p. &#8220;H\u01b0\u1edbng d\u1eabn sau \u0111\u00e2y \u0111\u1ea1i di\u1ec7n cho s\u1ef1 ph\u1ea3n \u1ee9ng c\u1ee7a S\u1edf v\u1edbi ch\u1ec9 th\u1ecb n\u00e0y.<\/p>\n\n\n\n<h3 class=\"wp-block-heading\"><strong><strong>H\u01b0\u1edbng D\u1eabn<\/strong><\/strong><\/h3>\n\n\n\n<ol class=\"wp-block-list\" type=\"1\"><li>Qu\u00e1 tr\u00ecnh chuy\u1ec3n ti\u1ebfp \u0111\u01b0\u1ee3c l\u1eadp k\u1ebf ho\u1ea1ch v\u00e0 \u0111i\u1ec1u ph\u1ed1i ph\u00f9 h\u1ee3p cho kh\u00e1ch h\u00e0ng chuy\u1ec3n gi\u1eefa c\u00e1c khu v\u1ef1c ph\u1ee5c v\u1ee5 c\u1ee7a trung t\u00e2m khu v\u1ef1c gi\u00fap gi\u1ea3m thi\u1ec3u s\u1ef1 t\u1ed5n th\u01b0\u01a1ng t\u00e2m l\u00fd, th\u1ea5t v\u1ecdng c\u0169ng nh\u01b0 gi\u00e1n \u0111o\u1ea1n d\u1ecbch v\u1ee5 v\u00e0 s\u1ef1 h\u1ed7 tr\u1ee3 c\u00f3 th\u1ec3 x\u1ea3y ra khi kh\u00f4ng c\u00f3 vi\u1ec7c l\u1eadp k\u1ebf ho\u1ea1ch v\u00e0 \u0111i\u1ec1u ph\u1ed1i \u0111\u00f3. Do \u0111\u00f3, t\u1ea5t c\u1ea3 c\u00e1c b\u00ean li\u00ean quan \u0111\u1ebfn qu\u00e1 tr\u00ecnh chuy\u1ec3n ti\u1ebfp (trung t\u00e2m khu v\u1ef1c, kh\u00e1ch h\u00e0ng, gia \u0111\u00ecnh, b\u00ean cung c\u1ea5p, v.v.) c\u1ea7n ph\u1ea3i l\u00e0m vi\u1ec7c theo c\u00e1ch th\u1ee9c ph\u1ed1i h\u1ee3p v\u00e0 c\u1ed9ng t\u00e1c tr\u01b0\u1edbc, trong v\u00e0 sau khi di\u1ec5n ra qu\u00e1 tr\u00ecnh chuy\u1ec3n giao.<\/li><li>L\u1eadp k\u1ebf ho\u1ea1ch tr\u01b0\u1edbc hay tr\u01b0\u1edbc khi chuy\u1ec3n giao khi c\u00f3 th\u1ec3, l\u00e0 n\u1ec1n t\u1ea3ng \u0111\u1ec3 th\u00e0nh c\u00f4ng chuy\u1ec3n ti\u1ebfp kh\u00e1ch h\u00e0ng gi\u1eefa c\u00e1c khu v\u1ef1c ph\u1ee5c v\u1ee5 c\u1ee7a trung t\u00e2m khu v\u1ef1c. Kh\u00e1ch h\u00e0ng ho\u1eb7c, khi th\u00edch h\u1ee3p, cha m\u1eb9, ng\u01b0\u1eddi gi\u00e1m h\u1ed9 h\u1ee3p ph\u00e1p, ng\u01b0\u1eddi b\u1ea3o h\u1ed9 ho\u1eb7c ng\u01b0\u1eddi \u0111\u1ea1i di\u1ec7n \u0111\u01b0\u1ee3c \u1ee7y quy\u1ec1n c\u1ee7a h\u1ecd c\u1ea7n truy\u1ec1n \u0111\u1ea1t s\u1edbm nh\u1ea5t c\u00f3 th\u1ec3 th\u00f4ng tin v\u1ec1 nh\u1eefng ho\u1ea1t \u0111\u1ed9ng chuy\u1ec3n \u0111i \u0111\u00e3 l\u1eadp k\u1ebf ho\u1ea1ch t\u1edbi trung t\u00e2m khu v\u1ef1c chuy\u1ec3n giao s\u1edbm nh\u1ea5t c\u00f3 th\u1ec3. C\u1ea3 trung t\u00e2m khu v\u1ef1c chuy\u1ec3n giao v\u00e0 ti\u1ebfp nh\u1eadn ph\u1ea3i trao \u0111\u1ed5i th\u00f4ng tin v\u00e0 ph\u1ed1i h\u1ee3p, khi th\u00edch h\u1ee3p, v\u1edbi c\u00e1c b\u00ean cung c\u1ea5p v\u00e0 kh\u00e1ch h\u00e0ng\/gia \u0111\u00ecnh v\u1ec1 vi\u1ec7c chuy\u1ec3n \u0111i \u0111ang ch\u1edd x\u1eed l\u00fd ngay khi \u0111\u00e3 x\u00e1c \u0111\u1ecbnh.<\/li><li>Khi trung t\u00e2m khu v\u1ef1c bi\u1ebft r\u1eb1ng kh\u00e1ch h\u00e0ng\/gia \u0111\u00ecnh c\u00f3 k\u1ebf ho\u1ea1ch chuy\u1ec3n \u0111\u1ebfn m\u1ed9t trung t\u00e2m khu v\u1ef1c kh\u00e1c, v\u00e0 n\u1ebfu gia \u0111\u00ecnh mong mu\u1ed1n g\u1eb7p m\u1eb7t, trung t\u00e2m khu v\u1ef1c chuy\u1ec3n giao ph\u1ea3i li\u00ean h\u1ec7 v\u1edbi trung t\u00e2m khu v\u1ef1c ti\u1ebfp nh\u1eadn v\u00e0 cu\u1ed9c g\u1eb7p hay cu\u1ed9c h\u1ecdp qua \u0111i\u1ec7n tho\u1ea1i ph\u1ea3i \u0111\u01b0\u1ee3c t\u1ed5 ch\u1ee9c \u0111\u1ec3 th\u1ea3o lu\u1eadn v\u1ec1 c\u00e1c d\u1ecbch v\u1ee5 v\u00e0 s\u1ef1 h\u1ed7 tr\u1ee3 chuy\u1ec3n ti\u1ebfp trong v\u00e0 sau khi chuy\u1ec3n. Vi\u1ec7c truy\u1ec1n \u0111\u1ea1t th\u00f4ng tin gi\u1eefa t\u1ea5t c\u1ea3 c\u00e1c b\u00ean li\u00ean quan ph\u1ea3i \u0111\u1ea3m b\u1ea3o c\u00f3 s\u1ef1 r\u00f5 r\u00e0ng v\u1ec1 ai ch\u1ecbu tr\u00e1ch nhi\u1ec7m cho (nh\u1eefng) ho\u1ea1t \u0111\u1ed9ng chuy\u1ec3n giao n\u00e0o, tr\u00e1ch nhi\u1ec7m c\u00f3 nh\u1eefng n\u1ed9i dung c\u1ee5 th\u1ec3 g\u00ec v\u00e0 khi n\u00e0o di\u1ec5n ra (nh\u1eefng) ho\u1ea1t \u0111\u1ed9ng chuy\u1ec3n giao \u0111\u00e3 n\u00eau.<\/li><li>Qu\u00e1 tr\u00ecnh chuy\u1ec3n giao gi\u1eefa c\u00e1c trung t\u00e2m khu v\u1ef1c ph\u1ea3i c\u00f3 s\u1ef1 ph\u1ed1i h\u1ee3p gi\u1eefa c\u00e1c Tr\u01b0\u1edfng C\u1ed1 V\u1ea5n ho\u1eb7c \u1edf c\u1ea5p t\u01b0\u01a1ng t\u1ef1 th\u1ec3 hi\u1ec7n t\u1ea7m quan tr\u1ecdng c\u1ee7a tr\u00e1ch nhi\u1ec7m n\u00e0y.<\/li><li>Vi\u1ec7c cung c\u1ea5p d\u1ecbch v\u1ee5 v\u00e0 s\u1ef1 h\u1ed7 tr\u1ee3 cho kh\u00e1ch h\u00e0ng ho\u1eb7c gia \u0111\u00ecnh c\u1ee7a h\u1ecd kh\u00f4ng \u0111\u01b0\u1ee3c ch\u1eadm tr\u1ec5 ho\u1eb7c b\u1ecb gi\u1eef l\u1ea1i b\u1edfi m\u1ed9t trong hai trung t\u00e2m khu v\u1ef1c \u0111ang ch\u1edd chuy\u1ec3n giao h\u00e0nh ch\u00ednh tr\u01b0\u1eddng h\u1ee3p.<\/li><li>Trung t\u00e2m khu v\u1ef1c chuy\u1ec3n giao ph\u1ea3i gi\u1eef tr\u00e1ch nhi\u1ec7m t\u00e0i ch\u00ednh v\u00e0 qu\u1ea3n l\u00fd tr\u01b0\u1eddng h\u1ee3p cho kh\u00e1ch h\u00e0ng cho \u0111\u1ebfn khi trung t\u00e2m khu v\u1ef1c ti\u1ebfp nh\u1eadn th\u1ef1c s\u1ef1 ch\u1ecbu c\u00e1c tr\u00e1ch nhi\u1ec7m \u0111\u00f3. Trung t\u00e2m s\u1ebd \u0111\u01b0\u1ee3c coi l\u00e0 &#8220;th\u1ef1c s\u1ef1 ch\u1ecbu\u201d tr\u00e1ch nhi\u1ec7m khi \u0111i\u1ec1u ph\u1ed1i vi\u00ean d\u1ecbch v\u1ee5 m\u1edbi \u0111\u00e3 \u0111\u01b0\u1ee3c x\u00e1c \u0111\u1ecbnh, k\u1ebf ho\u1ea1ch ch\u01b0\u01a1ng tr\u00ecnh c\u00e1 nh\u00e2n (IPP) ho\u1eb7c k\u1ebf ho\u1ea1ch d\u1ecbch v\u1ee5 gia \u0111\u00ecnh c\u00e1 nh\u00e2n (IFSP) m\u1edbi ho\u1eb7c s\u1eeda \u0111\u1ed5i \u0111\u00e3 \u0111\u01b0\u1ee3c ph\u00e1t tri\u1ec3n v\u00e0 kh\u00e1ch h\u00e0ng \u0111ang nh\u1eadn c\u00e1c d\u1ecbch v\u1ee5 v\u00e0 s\u1ef1 h\u1ed7 tr\u1ee3 \u0111\u00e3 li\u1ec7t k\u00ea trong IPP ho\u1eb7c IFSP m\u1edbi ho\u1eb7c s\u1eeda \u0111\u1ed5i.<\/li><li>Kh\u00e1ch h\u00e0ng chuy\u1ec3n v\u00e0o khu v\u1ef1c ph\u1ee5c v\u1ee5 c\u1ee7a trung t\u00e2m khu v\u1ef1c m\u1edbi ph\u1ea3i c\u00f3 c\u00f9ng c\u01a1 h\u1ed9i nh\u1eadn c\u00e1c d\u1ecbch v\u1ee5 v\u00e0 s\u1ef1 h\u1ed7 tr\u1ee3 nh\u01b0 nh\u1eefng kh\u00e1ch h\u00e0ng hi\u1ec7n t\u1ea1i. Trung t\u00e2m khu v\u1ef1c chuy\u1ec3n giao v\u00e0 ti\u1ebfp nh\u1eadn ph\u1ea3i n\u1ed7 l\u1ef1c t\u1ed1i \u0111a \u0111\u1ec3 \u0111\u1ea3m b\u1ea3o c\u1ea3 d\u1ecbch v\u1ee5 chung v\u00e0 d\u1ecbch v\u1ee5 do trung t\u00e2m khu v\u1ef1c t\u00e0i tr\u1ee3 ph\u1ea3i \u0111\u01b0\u1ee3c cung c\u1ea5p kh\u00f4ng b\u1ecb thi\u1ebfu s\u00f3t ho\u1eb7c ch\u1eadm tr\u1ec5.<\/li><li>Khi c\u00f3 b\u1ea5t \u0111\u1ed3ng gi\u1eefa c\u00e1c trung t\u00e2m khu v\u1ef1c v\u1ec1 vi\u1ec7c chuy\u1ec3n giao tr\u01b0\u1eddng h\u1ee3p, trung t\u00e2m khu v\u1ef1c chuy\u1ec3n giao s\u1ebd gi\u1eef tr\u00e1ch nhi\u1ec7m t\u00e0i ch\u00ednh v\u00e0 qu\u1ea3n l\u00fd tr\u01b0\u1eddng h\u1ee3p cho \u0111\u1ebfn khi nh\u1eefng v\u1ea5n \u0111\u1ec1 \u0111\u00f3 \u0111\u01b0\u1ee3c gi\u1ea3i quy\u1ebft. C\u00e1c d\u1ecbch v\u1ee5 c\u1ee7a kh\u00e1ch h\u00e0ng\/gia \u0111\u00ecnh kh\u00f4ng bao gi\u1edd b\u1ecb d\u1eebng cung c\u1ea5p do tranh ch\u1ea5p gi\u1eefa c\u00e1c trung t\u00e2m khu v\u1ef1c.<\/li><li>Trung t\u00e2m khu v\u1ef1c ph\u1ea3i \u0111\u1ea3m b\u1ea3o c\u00e1c ch\u00ednh s\u00e1ch v\u00e0 c\u00e1ch l\u00e0m c\u1ee7a h\u1ecd tu\u00e2n th\u1ee7 c\u00e1c \u0111i\u1ec1u kho\u1ea3n theo lu\u1eadt \u0111\u1ecbnh c\u00f3 th\u1ec3 li\u00ean quan \u0111\u1ebfn c\u00e1c ho\u1ea1t \u0111\u1ed9ng chuy\u1ec3n giao kh\u00e1ch h\u00e0ng. M\u1ed9t v\u00e0i \u0111i\u1ec1u kho\u1ea3n trong s\u1ed1 n\u00e0y bao g\u1ed3m nh\u01b0ng kh\u00f4ng gi\u1edbi h\u1ea1n \u1edf c\u00e1c m\u1ee5c sau: B\u1ed9 Lu\u1eadt Ph\u00fac L\u1ee3i v\u00e0 \u0110\u1ecbnh Ch\u1ebf \u00a7 \u00a7 4418.3. 4519, 4643.5, 4646.5 (a)(4), 4648 (a)(I0), 4652, 4805, 5008 (d), 42 B\u1ed9 Lu\u1eadt Quy \u0110\u1ecbnh Li\u00ean Bang \u00a7\u00a7 482.61 (e), 482.62 (a)(4), v\u00e0 482.62 (g)(2).<\/li><\/ol>\n\n\n\n<h3 class=\"wp-block-heading\"><strong><strong>Quy Tr\u00ecnh Gi\u1ea3i Quy\u1ebft Tranh Ch\u1ea5p<\/strong><\/strong><\/h3>\n\n\n\n<p>C\u00e1c quy tr\u00ecnh sau \u0111\u00e2y \u0111\u01b0\u1ee3c khuy\u1ebfn ngh\u1ecb trong tr\u01b0\u1eddng h\u1ee3p c\u00f3 tranh ch\u1ea5p v\u1ec1 vi\u1ec7c chuy\u1ec3n giao kh\u00e1ch h\u00e0ng ho\u1eb7c ti\u1ec1n t\u00e0i tr\u1ee3 gi\u1eefa m\u1ed9t trung t\u00e2m khu v\u1ef1c v\u1edbi trung t\u00e2m khu v\u1ef1c kh\u00e1c.<\/p>\n\n\n\n<ol class=\"wp-block-list\" type=\"1\"><li>C\u00e1c trung t\u00e2m khu v\u1ef1c ph\u1ea3i c\u1ed1 g\u1eafng gi\u1ea3i quy\u1ebft t\u1ea5t c\u1ea3 tranh ch\u1ea5p v\u1ec1 vi\u1ec7c chuy\u1ec3n giao \u1edf c\u1ea5p \u0111\u1ecba ph\u01b0\u01a1ng.<\/li><li>N\u1ebfu kh\u00f4ng th\u1ec3 gi\u1ea3i quy\u1ebft, m\u1ed9t trong hai trung t\u00e2m khu v\u1ef1c ho\u1eb7c kh\u00e1ch h\u00e0ng hay ng\u01b0\u1eddi \u0111\u1ea1i di\u1ec7n \u0111\u01b0\u1ee3c \u1ee7y quy\u1ec1n c\u1ee7a kh\u00e1ch h\u00e0ng c\u00f3 th\u1ec3 y\u00eau c\u1ea7u Ph\u00f3 Gi\u00e1m \u0110\u1ed1c c\u1ee7a Ph\u00f2ng D\u1ecbch V\u1ee5 C\u1ed9ng \u0110\u1ed3ng, S\u1edf D\u1ecbch V\u1ee5 Ph\u00e1t Tri\u1ec3n, xem x\u00e9t tr\u01b0\u1eddng h\u1ee3p v\u00e0 \u0111\u01b0a ra quy\u1ebft \u0111\u1ecbnh.<\/li><li>Y\u00eau c\u1ea7u S\u1edf can thi\u1ec7p ph\u1ea3i \u0111\u01b0\u1ee3c g\u1eedi b\u1eb1ng v\u0103n b\u1ea3n. B\u1ea3n sao th\u01b0 n\u00e0y ph\u1ea3i \u0111\u01b0\u1ee3c cung c\u1ea5p cho trung t\u00e2m khu v\u1ef1c c\u00f2n l\u1ea1i, ho\u1eb7c c\u1ea3 hai trung t\u00e2m khu v\u1ef1c khi y\u00eau c\u1ea7u xem x\u00e9t tr\u01b0\u1eddng h\u1ee3p \u0111\u01b0\u1ee3c kh\u00e1ch h\u00e0ng hay ng\u01b0\u1eddi \u0111\u1ea1i di\u1ec7n \u0111\u01b0\u1ee3c \u1ee7y quy\u1ec1n c\u1ee7a kh\u00e1ch h\u00e0ng th\u1ef1c hi\u1ec7n, v\u00e0 cho b\u1ea5t c\u1ee9 b\u00ean li\u00ean quan n\u00e0o kh\u00e1c.<\/li><li>C\u00e1c trung t\u00e2m khu v\u1ef1c li\u00ean quan ph\u1ea3i cung c\u1ea5p cho S\u1edf v\u0103n b\u1ea3n gi\u1ea3i th\u00edch l\u1eadp tr\u01b0\u1eddng t\u01b0\u01a1ng \u1ee9ng c\u1ee7a h\u1ecd trong v\u00f2ng n\u0103m ng\u00e0y l\u00e0m vi\u1ec7c. V\u0103n b\u1ea3n gi\u1ea3i th\u00edch c\u00f3 th\u1ec3 \u0111\u01b0\u1ee3c g\u1eedi theo ph\u01b0\u01a1ng th\u1ee9c \u0111i\u1ec7n t\u1eed. S\u1edf c\u00f3 th\u1ec3 y\u00eau c\u1ea7u th\u00f4ng tin b\u1ed5 sung n\u1ebfu c\u1ea7n. S\u1edf c\u00f3 th\u1ec3 th\u1ef1c hi\u1ec7n cu\u1ed9c h\u1ecdp qua \u0111i\u1ec7n tho\u1ea1i v\u1edbi c\u00e1c trung t\u00e2m khu v\u1ef1c li\u00ean quan thay v\u00ec, ho\u1eb7c b\u00ean c\u1ea1nh, vi\u1ec7c nh\u1eadn v\u0103n b\u1ea3n th\u00f4ng tin.<\/li><li>Ph\u00f3 Gi\u00e1m \u0110\u1ed1c, hay ng\u01b0\u1eddi \u0111\u01b0\u1ee3c h\u1ecd ch\u1ec9 \u0111\u1ecbnh, s\u1ebd cung c\u1ea5p v\u0103n b\u1ea3n \u00fd ki\u1ebfn v\u1ec1 tr\u01b0\u1eddng h\u1ee3p chuy\u1ec3n giao v\u00e0\/ho\u1eb7c ti\u1ec1n t\u00e0i tr\u1ee3 b\u1ecb tranh ch\u1ea5p trong v\u00f2ng 30 ng\u00e0y sau khi nh\u1eadn t\u1ea5t c\u1ea3 th\u00f4ng tin c\u1ea7n thi\u1ebft t\u1eeb c\u00e1c b\u00ean li\u00ean quan \u0111\u1ec3 \u0111\u01b0a ra quy\u1ebft \u0111\u1ecbnh. Quy\u1ebft \u0111\u1ecbnh c\u1ee7a Ph\u00f3 Gi\u00e1m \u0110\u1ed1c s\u1ebd r\u00e0ng bu\u1ed9c c\u00e1c trung t\u00e2m khu v\u1ef1c li\u00ean quan trong ph\u1ea1m vi v\u1ea5n \u0111\u1ec1 tranh ch\u1ea5p \u0111\u00f2i h\u1ecfi vi\u1ec7c th\u1ef1c thi lu\u1eadt hi\u1ec7n t\u1ea1i ho\u1eb7c \u0111i\u1ec1u kho\u1ea3n trong h\u1ee3p \u0111\u1ed3ng c\u1ee7a S\u1edf v\u1edbi trung t\u00e2m khu v\u1ef1c.<\/li><\/ol>\n\n\n\n<p>Kh\u00f4ng m\u1ed9t \u0111i\u1ec1u n\u00e0o trong quy tr\u00ecnh gi\u1ea3i quy\u1ebft tranh ch\u1ea5p n\u00e0y thay th\u1ebf \u0111\u01b0\u1ee3c quy tr\u00ecnh khi\u1ebfu n\u1ea1i c\u00f3 trong B\u1ed9 Lu\u1eadt Ph\u00fac L\u1ee3i v\u00e0 \u0110\u1ecbnh Ch\u1ebf \u00a7 4731, cho quy tr\u00ecnh phi\u00ean \u0111i\u1ec1u tr\u1ea7n c\u00f4ng b\u1eb1ng d\u00e0nh cho kh\u00e1ch h\u00e0ng theo B\u1ed9 Lu\u1eadt Ph\u00fac L\u1ee3i v\u00e0 \u0110\u1ecbnh Ch\u1ebf \u00a7 4700 v\u00e0 c\u00e1c m\u1ee5c ti\u1ebfp theo.<\/p>\n","protected":false},"excerpt":{"rendered":"<p>TI\u1ec2U BANG CALIFORNIA-C\u01a0 QUAN S\u1ee8C KH\u1eceE V\u00c0 PH\u00daC L\u1ee2IS\u1ede D\u1ecaCH V\u1ee4 PH\u00c1T TRI\u1ec2N1600 NINTH STREETSACRAMENTO, CA 95814(916) 654-1958Fax (916) 654-1913 NG\u00c0Y: NG\u00c0Y 8 TH\u00c1NG 12&hellip;<\/p>\n","protected":false},"author":1,"featured_media":0,"parent":1638,"menu_order":0,"comment_status":"closed","ping_status":"closed","template":"","meta":{"footnotes":""},"class_list":["post-1798","page","type-page","status-publish","hentry"],"_links":{"self":[{"href":"https:\/\/rula.disabilityrightsca.org\/vi\/wp-json\/wp\/v2\/pages\/1798","targetHints":{"allow":["GET"]}}],"collection":[{"href":"https:\/\/rula.disabilityrightsca.org\/vi\/wp-json\/wp\/v2\/pages"}],"about":[{"href":"https:\/\/rula.disabilityrightsca.org\/vi\/wp-json\/wp\/v2\/types\/page"}],"author":[{"embeddable":true,"href":"https:\/\/rula.disabilityrightsca.org\/vi\/wp-json\/wp\/v2\/users\/1"}],"replies":[{"embeddable":true,"href":"https:\/\/rula.disabilityrightsca.org\/vi\/wp-json\/wp\/v2\/comments?post=1798"}],"version-history":[{"count":5,"href":"https:\/\/rula.disabilityrightsca.org\/vi\/wp-json\/wp\/v2\/pages\/1798\/revisions"}],"predecessor-version":[{"id":3489,"href":"https:\/\/rula.disabilityrightsca.org\/vi\/wp-json\/wp\/v2\/pages\/1798\/revisions\/3489"}],"up":[{"embeddable":true,"href":"https:\/\/rula.disabilityrightsca.org\/vi\/wp-json\/wp\/v2\/pages\/1638"}],"wp:attachment":[{"href":"https:\/\/rula.disabilityrightsca.org\/vi\/wp-json\/wp\/v2\/media?parent=1798"}],"curies":[{"name":"wp","href":"https:\/\/api.w.org\/{rel}","templated":true}]}}