{"id":1718,"date":"2021-09-03T16:11:15","date_gmt":"2021-09-03T16:11:15","guid":{"rendered":"http:\/\/www.rula.disabilityrightsca.org\/vi\/?page_id=1718"},"modified":"2022-04-22T18:23:46","modified_gmt":"2022-04-22T18:23:46","slug":"8-23-can-someone-in-the-dc-help-me","status":"publish","type":"page","link":"https:\/\/rula.disabilityrightsca.org\/vi\/rula-book\/chapter-8-how-to-stay-out-of-an-institution\/8-23-can-someone-in-the-dc-help-me\/","title":{"rendered":"(8.23) Ng\u01b0\u1eddi \u1edf DC c\u00f3 th\u1ec3 gi\u00fap t\u00f4i kh\u00f4ng?"},"content":{"rendered":"\n<p>C\u00f3. H\u1ed9i \u0110\u1ed3ng Ti\u1ec3u Bang v\u1ec1 Khuy\u1ebft T\u1eadt Ph\u00e1t Tri\u1ec3n cung c\u1ea5p d\u1ecbch v\u1ee5 b\u00eanh v\u1ef1c quy\u1ec1n l\u1ee3i c\u1ee7a kh\u00e1ch h\u00e0ng cho nh\u1eefng ng\u01b0\u1eddi \u1edf Trung T\u00e2m Ph\u00e1t Tri\u1ec3n Porterville v\u00e0 Canyon Springs. <span class=\"footnote_referrer\"><a role=\"button\" tabindex=\"0\" onclick=\"footnote_moveToReference_1718_1('footnote_plugin_reference_1718_1_1');\" onkeypress=\"footnote_moveToReference_1718_1('footnote_plugin_reference_1718_1_1');\" ><sup id=\"footnote_plugin_tooltip_1718_1_1\" class=\"footnote_plugin_tooltip_text\">[1]<\/sup><\/a><span id=\"footnote_plugin_tooltip_text_1718_1_1\" class=\"footnote_tooltip\">M\u1ee5c 4433.5.<\/span><\/span><script type=\"text\/javascript\"> jQuery('#footnote_plugin_tooltip_1718_1_1').tooltip({ tip: '#footnote_plugin_tooltip_text_1718_1_1', tipClass: 'footnote_tooltip', effect: 'fade', predelay: 0, fadeInSpeed: 200, delay: 400, fadeOutSpeed: 200, position: 'top center', relative: true, offset: [-7, 0], });<\/script><\/p>\n\n\n\n<p>CRA c\u00f3 th\u1ec3:<\/p>\n\n\n\n<ul class=\"wp-block-list\"><li>Cho qu\u00fd v\u1ecb bi\u1ebft v\u1ec1 c\u00e1c quy\u1ec1n h\u1ee3p ph\u00e1p c\u1ee7a qu\u00fd v\u1ecb, bao g\u1ed3m quy\u1ec1n \u0111\u01b0\u1ee3c \u0111\u00e1nh gi\u00e1 v\u00e0 \u0111\u01b0\u1ee3c c\u00f3 IPP nh\u1eb1m x\u00e1c \u0111\u1ecbnh c\u00e1c d\u1ecbch v\u1ee5 v\u00e0 s\u1ef1 h\u1ed7 tr\u1ee3 m\u00e0 qu\u00fd v\u1ecb c\u1ea7n \u0111\u1ec3 tr\u1edf l\u1ea1i c\u1ed9ng \u0111\u1ed3ng,<\/li><li>Tr\u1ee3 gi\u00fap qu\u00fd v\u1ecb v\u1edbi c\u00e1c gi\u1ea3i ph\u00e1p h\u00e0nh ch\u00ednh v\u00e0 ph\u00e1p l\u00fd, v\u00e0<\/li><li>B\u00eanh v\u1ef1c qu\u00fd v\u1ecb khi qu\u00fd v\u1ecb b\u1ecb s\u1eafp x\u1ebfp v\u00e0o \u0111\u00f3.<\/li><\/ul>\n\n\n\n<p>DC c\u0169ng c\u00f3 Ch\u01b0\u01a1ng Tr\u00ecnh T\u00ecnh Nguy\u1ec7n Tr\u1ee3 Gi\u00fap B\u00eanh V\u1ef1c (Volunteer Advocacy Assistance Program). Ng\u01b0\u1eddi b\u00eanh v\u1ef1c t\u00ecnh nguy\u1ec7n c\u00f3 th\u1ec3 gi\u00fap \u0111\u1ea1i di\u1ec7n cho qu\u00fd v\u1ecb t\u1ea1i cu\u1ed9c h\u1ecdp IPP c\u1ee7a qu\u00fd v\u1ecb v\u00e0 khi qu\u00fd v\u1ecb mu\u1ed1n chuy\u1ec3n v\u1ec1 c\u1ed9ng \u0111\u1ed3ng. <span class=\"footnote_referrer\"><a role=\"button\" tabindex=\"0\" onclick=\"footnote_moveToReference_1718_1('footnote_plugin_reference_1718_1_2');\" onkeypress=\"footnote_moveToReference_1718_1('footnote_plugin_reference_1718_1_2');\" ><sup id=\"footnote_plugin_tooltip_1718_1_2\" class=\"footnote_plugin_tooltip_text\">[2]<\/sup><\/a><span id=\"footnote_plugin_tooltip_text_1718_1_2\" class=\"footnote_tooltip\">M\u1ee5c 4548(d); xem th\u00eam D\u1ecbch V\u1ee5 B\u00eanh V\u1ef1c T\u00ecnh Nguy\u1ec7n (Volunteer Advocacy Services) t\u1ea1i: scdd.ca.gov\/volunteeradvocacyservices\/.<\/span><\/span><script type=\"text\/javascript\"> jQuery('#footnote_plugin_tooltip_1718_1_2').tooltip({ tip: '#footnote_plugin_tooltip_text_1718_1_2', tipClass: 'footnote_tooltip', effect: 'fade', predelay: 0, fadeInSpeed: 200, delay: 400, fadeOutSpeed: 200, position: 'top center', relative: true, offset: [-7, 0], });<\/script><\/p>\n<div class=\"speaker-mute footnotes_reference_container\"> <div class=\"footnote_container_prepare\"><p><span role=\"button\" tabindex=\"0\" class=\"footnote_reference_container_label pointer\" onclick=\"footnote_expand_collapse_reference_container_1718_1();\">&#x202F;<\/span><span role=\"button\" tabindex=\"0\" class=\"footnote_reference_container_collapse_button\" style=\"display: none;\" onclick=\"footnote_expand_collapse_reference_container_1718_1();\">[<a id=\"footnote_reference_container_collapse_button_1718_1\">+<\/a>]<\/span><\/p><\/div> <div id=\"footnote_references_container_1718_1\" style=\"\"><table class=\"footnotes_table footnote-reference-container\"><caption class=\"accessibility\">References<\/caption> <tbody> \r\n\r\n<tr class=\"footnotes_plugin_reference_row\"> <th scope=\"row\" class=\"footnote_plugin_index_combi pointer\"  onclick=\"footnote_moveToAnchor_1718_1('footnote_plugin_tooltip_1718_1_1');\"><a id=\"footnote_plugin_reference_1718_1_1\" class=\"footnote_backlink\"><span class=\"footnote_index_arrow\">&#8593;<\/span>1<\/a><\/th> <td class=\"footnote_plugin_text\">M\u1ee5c 4433.5.<\/td><\/tr>\r\n\r\n<tr class=\"footnotes_plugin_reference_row\"> <th scope=\"row\" class=\"footnote_plugin_index_combi pointer\"  onclick=\"footnote_moveToAnchor_1718_1('footnote_plugin_tooltip_1718_1_2');\"><a id=\"footnote_plugin_reference_1718_1_2\" class=\"footnote_backlink\"><span class=\"footnote_index_arrow\">&#8593;<\/span>2<\/a><\/th> <td class=\"footnote_plugin_text\">M\u1ee5c 4548(d); xem th\u00eam D\u1ecbch V\u1ee5 B\u00eanh V\u1ef1c T\u00ecnh Nguy\u1ec7n (Volunteer Advocacy Services) t\u1ea1i: scdd.ca.gov\/volunteeradvocacyservices\/.<\/td><\/tr>\r\n\r\n <\/tbody> <\/table> <\/div><\/div><script type=\"text\/javascript\"> function footnote_expand_reference_container_1718_1() { jQuery('#footnote_references_container_1718_1').show(); jQuery('#footnote_reference_container_collapse_button_1718_1').text('\u2212'); } function footnote_collapse_reference_container_1718_1() { jQuery('#footnote_references_container_1718_1').hide(); jQuery('#footnote_reference_container_collapse_button_1718_1').text('+'); } function footnote_expand_collapse_reference_container_1718_1() { if (jQuery('#footnote_references_container_1718_1').is(':hidden')) { footnote_expand_reference_container_1718_1(); } else { footnote_collapse_reference_container_1718_1(); } } function footnote_moveToReference_1718_1(p_str_TargetID) { footnote_expand_reference_container_1718_1(); var l_obj_Target = jQuery('#' + p_str_TargetID); if (l_obj_Target.length) { jQuery( 'html, body' ).delay( 0 ); jQuery('html, body').animate({ scrollTop: l_obj_Target.offset().top - window.innerHeight * 0.2 }, 380); } } function footnote_moveToAnchor_1718_1(p_str_TargetID) { footnote_expand_reference_container_1718_1(); var l_obj_Target = jQuery('#' + p_str_TargetID); if (l_obj_Target.length) { jQuery( 'html, body' ).delay( 0 ); jQuery('html, body').animate({ scrollTop: l_obj_Target.offset().top - window.innerHeight * 0.2 }, 380); } }<\/script>","protected":false},"excerpt":{"rendered":"<p>C\u00f3. H\u1ed9i \u0110\u1ed3ng Ti\u1ec3u Bang v\u1ec1 Khuy\u1ebft T\u1eadt Ph\u00e1t Tri\u1ec3n cung c\u1ea5p d\u1ecbch v\u1ee5 b\u00eanh v\u1ef1c quy\u1ec1n l\u1ee3i c\u1ee7a kh\u00e1ch h\u00e0ng cho nh\u1eefng ng\u01b0\u1eddi \u1edf&hellip;<\/p>\n","protected":false},"author":1,"featured_media":0,"parent":1650,"menu_order":23,"comment_status":"closed","ping_status":"closed","template":"","meta":{"footnotes":""},"class_list":["post-1718","page","type-page","status-publish","hentry"],"_links":{"self":[{"href":"https:\/\/rula.disabilityrightsca.org\/vi\/wp-json\/wp\/v2\/pages\/1718","targetHints":{"allow":["GET"]}}],"collection":[{"href":"https:\/\/rula.disabilityrightsca.org\/vi\/wp-json\/wp\/v2\/pages"}],"about":[{"href":"https:\/\/rula.disabilityrightsca.org\/vi\/wp-json\/wp\/v2\/types\/page"}],"author":[{"embeddable":true,"href":"https:\/\/rula.disabilityrightsca.org\/vi\/wp-json\/wp\/v2\/users\/1"}],"replies":[{"embeddable":true,"href":"https:\/\/rula.disabilityrightsca.org\/vi\/wp-json\/wp\/v2\/comments?post=1718"}],"version-history":[{"count":2,"href":"https:\/\/rula.disabilityrightsca.org\/vi\/wp-json\/wp\/v2\/pages\/1718\/revisions"}],"predecessor-version":[{"id":3157,"href":"https:\/\/rula.disabilityrightsca.org\/vi\/wp-json\/wp\/v2\/pages\/1718\/revisions\/3157"}],"up":[{"embeddable":true,"href":"https:\/\/rula.disabilityrightsca.org\/vi\/wp-json\/wp\/v2\/pages\/1650"}],"wp:attachment":[{"href":"https:\/\/rula.disabilityrightsca.org\/vi\/wp-json\/wp\/v2\/media?parent=1718"}],"curies":[{"name":"wp","href":"https:\/\/api.w.org\/{rel}","templated":true}]}}