{"id":1716,"date":"2021-09-03T16:09:30","date_gmt":"2021-09-03T16:09:30","guid":{"rendered":"http:\/\/www.rula.disabilityrightsca.org\/vi\/?page_id=1716"},"modified":"2022-04-22T18:23:33","modified_gmt":"2022-04-22T18:23:33","slug":"8-22-what-can-my-ipp-team-do-if-the-court-sends-me-to-a-dc","status":"publish","type":"page","link":"https:\/\/rula.disabilityrightsca.org\/vi\/rula-book\/chapter-8-how-to-stay-out-of-an-institution\/8-22-what-can-my-ipp-team-do-if-the-court-sends-me-to-a-dc\/","title":{"rendered":"(8.22) Nh\u00f3m IPP c\u1ee7a t\u00f4i c\u00f3 th\u1ec3 l\u00e0m g\u00ec n\u1ebfu t\u00f2a \u0111\u01b0a t\u00f4i v\u00e0o DC?"},"content":{"rendered":"\n<p>Trung t\u00e2m ph\u00e1t tri\u1ec3n duy nh\u1ea5t c\u00f2n \u0111ang m\u1edf l\u00e0 Trung T\u00e2m Ph\u00e1t Tri\u1ec3n Porterville (Porterville Developmental Center, PDC). C\u00f3 th\u1ec3 t\u00f2a cho r\u1eb1ng qu\u00fd v\u1ecb c\u1ea7n nh\u1eefng d\u1ecbch v\u1ee5 ch\u1ec9 \u0111\u01b0\u1ee3c cung c\u1ea5p t\u1ea1i PDC. PDC c\u0169ng c\u00f3 th\u1ec3 l\u00e0 m\u1ed9t m\u00f4i tr\u01b0\u1eddng \u00edt h\u1ea1n ch\u1ebf h\u01a1n so v\u1edbi nh\u00e0 giam hay nh\u00e0 t\u00f9. Tuy nhi\u00ean, trung t\u00e2m khu v\u1ef1c v\u1eabn c\u1ea7n ph\u1ea3i tham gia, k\u1ec3 c\u1ea3 khi t\u00f2a mu\u1ed1n qu\u00fd v\u1ecb v\u00e0o DC. Nh\u00f3m IPP c\u1ee7a qu\u00fd v\u1ecb ph\u1ea3i c\u00e2n nh\u1eafc l\u00fd do t\u00f2a \u0111\u01b0a ra quy\u1ebft \u0111\u1ecbnh n\u00e0y v\u00e0 b\u1eaft \u0111\u1ea7u gi\u00fap qu\u00fd v\u1ecb gi\u1ea3i quy\u1ebft c\u00e1c v\u1ea5n \u0111\u1ec1 \u0111\u00e3 t\u00e1c \u0111\u1ed9ng \u0111\u1ebfn t\u00f2a \u0111\u1ec3 qu\u00fd v\u1ecb c\u00f3 th\u1ec3 chuy\u1ec3n ra ngo\u00e0i s\u1edbm nh\u1ea5t c\u00f3 th\u1ec3. Nh\u00f3m IPP c\u1ee7a qu\u00fd v\u1ecb c\u00f3 th\u1ec3 trao \u0111\u1ed5i v\u1edbi lu\u1eadt s\u01b0 ho\u1eb7c t\u00f2a v\u1ec1 s\u1ef1 s\u1eafp x\u1ebfp v\u00e0 c\u00e1c d\u1ecbch v\u1ee5 m\u00e0 h\u1ecd c\u00f3 th\u1ec3 cung c\u1ea5p cho qu\u00fd v\u1ecb.<\/p>\n\n\n\n<p>Trung t\u00e2m ph\u00e1t tri\u1ec3n duy nh\u1ea5t c\u00f2n \u0111ang m\u1edf l\u00e0 Trung T\u00e2m Ph\u00e1t Tri\u1ec3n Porterville (Porterville Developmental Center, PDC). C\u00f3 th\u1ec3 t\u00f2a cho r\u1eb1ng qu\u00fd v\u1ecb c\u1ea7n nh\u1eefng d\u1ecbch v\u1ee5 ch\u1ec9 \u0111\u01b0\u1ee3c cung c\u1ea5p t\u1ea1i PDC. PDC c\u0169ng c\u00f3 th\u1ec3 l\u00e0 m\u1ed9t m\u00f4i tr\u01b0\u1eddng \u00edt h\u1ea1n ch\u1ebf h\u01a1n so v\u1edbi nh\u00e0 giam hay nh\u00e0 t\u00f9. Tuy nhi\u00ean, trung t\u00e2m khu v\u1ef1c v\u1eabn c\u1ea7n ph\u1ea3i tham gia, k\u1ec3 c\u1ea3 khi t\u00f2a mu\u1ed1n qu\u00fd v\u1ecb v\u00e0o DC. Nh\u00f3m IPP c\u1ee7a qu\u00fd v\u1ecb ph\u1ea3i c\u00e2n nh\u1eafc l\u00fd do t\u00f2a \u0111\u01b0a ra quy\u1ebft \u0111\u1ecbnh n\u00e0y v\u00e0 b\u1eaft \u0111\u1ea7u gi\u00fap qu\u00fd v\u1ecb gi\u1ea3i quy\u1ebft c\u00e1c v\u1ea5n \u0111\u1ec1 \u0111\u00e3 t\u00e1c \u0111\u1ed9ng \u0111\u1ebfn t\u00f2a \u0111\u1ec3 qu\u00fd v\u1ecb c\u00f3 th\u1ec3 chuy\u1ec3n ra ngo\u00e0i s\u1edbm nh\u1ea5t c\u00f3 th\u1ec3. Nh\u00f3m IPP c\u1ee7a qu\u00fd v\u1ecb c\u00f3 th\u1ec3 trao \u0111\u1ed5i v\u1edbi lu\u1eadt s\u01b0 ho\u1eb7c t\u00f2a v\u1ec1 s\u1ef1 s\u1eafp x\u1ebfp v\u00e0 c\u00e1c d\u1ecbch v\u1ee5 m\u00e0 h\u1ecd c\u00f3 th\u1ec3 cung c\u1ea5p cho qu\u00fd v\u1ecb.<\/p>\n\n\n\n<p>Lu\u1eadt s\u01b0 ho\u1eb7c ng\u01b0\u1eddi b\u00eanh v\u1ef1c c\u1ee7a qu\u00fd v\u1ecb c\u00f3 th\u1ec3 y\u00eau c\u1ea7u m\u1ed9t l\u1ec7nh kh\u00f4ng ch\u1ec9 r\u00f5 kho\u1ea3ng th\u1eddi gian qu\u00fd v\u1ecb ph\u1ea3i \u1edf trong DC. Thay v\u00e0o \u0111\u00f3, h\u1ecd c\u00f3 th\u1ec3 y\u00eau c\u1ea7u m\u1ed9t l\u1ec7nh cho bi\u1ebft qu\u00fd v\u1ecb c\u00f3 th\u1ec3 r\u1eddi kh\u1ecfi DC khi c\u00f3 c\u00e1c d\u1ecbch v\u1ee5 qu\u00fd v\u1ecb c\u1ea7n \u0111\u1ec3 tr\u1edf l\u1ea1i c\u1ed9ng \u0111\u1ed3ng. Lu\u1eadt s\u01b0 c\u1ee7a qu\u00fd v\u1ecb c\u0169ng c\u00f3 th\u1ec3 y\u00eau c\u1ea7u t\u00f2a gi\u00e1m s\u00e1t ti\u1ebfn \u0111\u1ed9 c\u1ee7a trung t\u00e2m khu v\u1ef1c trong vi\u1ec7c t\u00ecm ho\u1eb7c ph\u00e1t tri\u1ec3n c\u00e1c d\u1ecbch v\u1ee5 v\u00e0 s\u1ef1 h\u1ed7 tr\u1ee3 qu\u00fd v\u1ecb c\u1ea7n.<\/p>\n","protected":false},"excerpt":{"rendered":"<p>Trung t\u00e2m ph\u00e1t tri\u1ec3n duy nh\u1ea5t c\u00f2n \u0111ang m\u1edf l\u00e0 Trung T\u00e2m Ph\u00e1t Tri\u1ec3n Porterville (Porterville Developmental Center, PDC). C\u00f3 th\u1ec3 t\u00f2a cho r\u1eb1ng qu\u00fd&hellip;<\/p>\n","protected":false},"author":1,"featured_media":0,"parent":1650,"menu_order":22,"comment_status":"closed","ping_status":"closed","template":"","meta":{"footnotes":""},"class_list":["post-1716","page","type-page","status-publish","hentry"],"_links":{"self":[{"href":"https:\/\/rula.disabilityrightsca.org\/vi\/wp-json\/wp\/v2\/pages\/1716","targetHints":{"allow":["GET"]}}],"collection":[{"href":"https:\/\/rula.disabilityrightsca.org\/vi\/wp-json\/wp\/v2\/pages"}],"about":[{"href":"https:\/\/rula.disabilityrightsca.org\/vi\/wp-json\/wp\/v2\/types\/page"}],"author":[{"embeddable":true,"href":"https:\/\/rula.disabilityrightsca.org\/vi\/wp-json\/wp\/v2\/users\/1"}],"replies":[{"embeddable":true,"href":"https:\/\/rula.disabilityrightsca.org\/vi\/wp-json\/wp\/v2\/comments?post=1716"}],"version-history":[{"count":3,"href":"https:\/\/rula.disabilityrightsca.org\/vi\/wp-json\/wp\/v2\/pages\/1716\/revisions"}],"predecessor-version":[{"id":3155,"href":"https:\/\/rula.disabilityrightsca.org\/vi\/wp-json\/wp\/v2\/pages\/1716\/revisions\/3155"}],"up":[{"embeddable":true,"href":"https:\/\/rula.disabilityrightsca.org\/vi\/wp-json\/wp\/v2\/pages\/1650"}],"wp:attachment":[{"href":"https:\/\/rula.disabilityrightsca.org\/vi\/wp-json\/wp\/v2\/media?parent=1716"}],"curies":[{"name":"wp","href":"https:\/\/api.w.org\/{rel}","templated":true}]}}