{"id":1714,"date":"2021-09-03T16:08:27","date_gmt":"2021-09-03T16:08:27","guid":{"rendered":"http:\/\/www.rula.disabilityrightsca.org\/vi\/?page_id=1714"},"modified":"2022-04-22T18:23:21","modified_gmt":"2022-04-22T18:23:21","slug":"8-21-can-i-ask-the-court-to-review-my-placement-if-i-live-in-a-dc","status":"publish","type":"page","link":"https:\/\/rula.disabilityrightsca.org\/vi\/rula-book\/chapter-8-how-to-stay-out-of-an-institution\/8-21-can-i-ask-the-court-to-review-my-placement-if-i-live-in-a-dc\/","title":{"rendered":"(8.21) T\u00f4i c\u00f3 th\u1ec3 y\u00eau c\u1ea7u t\u00f2a xem x\u00e9t l\u1ea1i vi\u1ec7c s\u1eafp x\u1ebfp trong tr\u01b0\u1eddng h\u1ee3p t\u00f4i s\u1ed1ng \u1edf DC kh\u00f4ng?"},"content":{"rendered":"\n<p>C\u00f3. N\u1ebfu qu\u00fd v\u1ecb ngh\u0129 r\u1eb1ng vi\u1ec7c qu\u00fd v\u1ecb b\u1ecb s\u1eafp x\u1ebfp v\u00e0o DC l\u00e0 b\u1ea5t h\u1ee3p ph\u00e1p v\u00e0 kh\u00f4ng th\u00edch \u0111\u00e1ng, h\u00e3y y\u00eau c\u1ea7u nh\u00e2n vi\u00ean DC ho\u1eb7c trung t\u00e2m khu v\u1ef1c \u0111\u01b0a qu\u00fd v\u1ecb ra kh\u1ecfi \u0111\u00f3. Ho\u1eb7c nh\u1edd ng\u01b0\u1eddi y\u00eau c\u1ea7u \u0111i\u1ec1u n\u00e0y h\u1ed9 qu\u00fd v\u1ecb. Sau \u0111\u00f3, qu\u00fd v\u1ecb c\u00f3 quy\u1ec1n tham gia phi\u00ean \u0111i\u1ec1u tr\u1ea7n \u1edf t\u00f2a \u00e1n theo&nbsp;<em>l\u1ec7nh \u0111\u00ecnh quy\u1ec1n t\u1ea1m gi\u1eef. <\/em><span class=\"footnote_referrer\"><a role=\"button\" tabindex=\"0\" onclick=\"footnote_moveToReference_1714_1('footnote_plugin_reference_1714_1_1');\" onkeypress=\"footnote_moveToReference_1714_1('footnote_plugin_reference_1714_1_1');\" ><sup id=\"footnote_plugin_tooltip_1714_1_1\" class=\"footnote_plugin_tooltip_text\">[1]<\/sup><\/a><span id=\"footnote_plugin_tooltip_text_1714_1_1\" class=\"footnote_tooltip\">B\u1ed9 Lu\u1eadt Ph\u00fac L\u1ee3i v\u00e0 \u0110\u1ecbnh Ch\u1ebf c\u00e1c m\u1ee5c 4800-4801.<\/span><\/span><script type=\"text\/javascript\"> jQuery('#footnote_plugin_tooltip_1714_1_1').tooltip({ tip: '#footnote_plugin_tooltip_text_1714_1_1', tipClass: 'footnote_tooltip', effect: 'fade', predelay: 0, fadeInSpeed: 200, delay: 400, fadeOutSpeed: 200, position: 'top center', relative: true, offset: [-7, 0], });<\/script><\/p>\n\n\n\n<p>Nh\u00e2n vi\u00ean DC ho\u1eb7c trung t\u00e2m khu v\u1ef1c m\u00e0 qu\u00fd v\u1ecb b\u00e1o l\u00e0 qu\u00fd v\u1ecb mu\u1ed1n \u0111\u01b0\u1ee3c ra ngo\u00e0i ph\u1ea3i \u0111i\u1ec1n v\u00e0o m\u1eabu \u0111\u01a1n&nbsp;<em>Y\u00eau C\u1ea7u Ra Kh\u1ecfi C\u01a1 S\u1edf<\/em>. (Ng\u01b0\u1eddi B\u00eanh V\u1ef1c Quy\u1ec1n L\u1ee3i Kh\u00e1ch H\u00e0ng t\u1ea1i DC c\u00f3 th\u1ec3 gi\u00fap qu\u00fd v\u1ecb v\u1edbi quy tr\u00ecnh n\u00e0y.) DC ph\u1ea3i g\u1eedi m\u1eabu \u0111\u01a1n n\u00e0y \u0111\u1ebfn t\u00f2a v\u00e0 b\u1ea3n sao \u0111\u1ebfn cha\/m\u1eb9 ho\u1eb7c ng\u01b0\u1eddi b\u1ea3o h\u1ed9 c\u1ee7a qu\u00fd v\u1ecb k\u00e8m theo l\u00e1 th\u01b0 cho bi\u1ebft t\u00f2a \u0111\u00e3 \u0111\u01b0\u1ee3c th\u00f4ng b\u00e1o. N\u1ebfu DC c\u1ed1 \u00fd kh\u00f4ng tu\u00e2n theo nh\u1eefng y\u00eau c\u1ea7u n\u00e0y, \u0111\u00e2y l\u00e0 m\u1ed9t t\u1ed9i nh\u1eb9. <span class=\"footnote_referrer\"><a role=\"button\" tabindex=\"0\" onclick=\"footnote_moveToReference_1714_1('footnote_plugin_reference_1714_1_2');\" onkeypress=\"footnote_moveToReference_1714_1('footnote_plugin_reference_1714_1_2');\" ><sup id=\"footnote_plugin_tooltip_1714_1_2\" class=\"footnote_plugin_tooltip_text\">[2]<\/sup><\/a><span id=\"footnote_plugin_tooltip_text_1714_1_2\" class=\"footnote_tooltip\">B\u1ed9 Lu\u1eadt Ph\u00fa\u0301c L\u1ee3i v\u00e0 \u0110\u1ecbnh Ch\u1ebf m\u1ee5c 4800(c).<\/span><\/span><script type=\"text\/javascript\"> jQuery('#footnote_plugin_tooltip_1714_1_2').tooltip({ tip: '#footnote_plugin_tooltip_text_1714_1_2', tipClass: 'footnote_tooltip', effect: 'fade', predelay: 0, fadeInSpeed: 200, delay: 400, fadeOutSpeed: 200, position: 'top center', relative: true, offset: [-7, 0], });<\/script><\/p>\n\n\n\n<p>T\u00f2a c\u00f3 th\u1ec3 ra l\u1ec7nh DC ph\u1ea3i cho qu\u00fd v\u1ecb ra kh\u1ecfi c\u01a1 s\u1edf. Ho\u1eb7c c\u00f3 th\u1ec3 c\u00f3 phi\u00ean \u0111i\u1ec1u tr\u1ea7n. Qu\u00fd v\u1ecb c\u00f3 quy\u1ec1n m\u1eddi lu\u1eadt s\u01b0 \u0111\u1ebfn phi\u00ean \u0111i\u1ec1u tr\u1ea7n. N\u1ebfu qu\u00fd v\u1ecb kh\u00f4ng th\u1ec3 chi tr\u1ea3 cho lu\u1eadt s\u01b0, t\u00f2a s\u1ebd ch\u1ec9 \u0111\u1ecbnh lu\u1eadt s\u01b0 cho qu\u00fd v\u1ecb.<\/p>\n\n\n\n<p>N\u1ebfu t\u00f2a tuy\u00ean b\u1ed1 qu\u00fd v\u1ecb kh\u00f4ng b\u1ecb khuy\u1ebft t\u1eadt v\u1ec1 ph\u00e1t tri\u1ec3n ho\u1eb7c qu\u00fd v\u1ecb c\u00f3 th\u1ec3 \u0111\u00e1p \u1ee9ng nhu c\u1ea7u c\u1ee7a b\u1ea3n th\u00e2n m\u1ed9t c\u00e1ch an to\u00e0n, DC c\u00f3 72 gi\u1edd \u0111\u1ec3 cho qu\u00fd v\u1ecb ra kh\u1ecfi c\u01a1 s\u1edf. N\u1ebfu qu\u00fd v\u1ecb kh\u00f4ng th\u1ec3 \u0111\u00e1p \u1ee9ng nhu c\u1ea7u c\u1ee7a b\u1ea3n th\u00e2n nh\u01b0ng qu\u00fd v\u1ecb c\u00f3 ng\u01b0\u1eddi ho\u1eb7c c\u01a1 quan ch\u1ecbu tr\u00e1ch nhi\u1ec7m c\u00f3 th\u1ec3 v\u00e0 s\u1ebd \u0111\u00e1p \u1ee9ng nhu c\u1ea7u c\u1ee7a qu\u00fd v\u1ecb, qu\u00fd v\u1ecb s\u1ebd \u0111\u01b0\u1ee3c ra kh\u1ecfi c\u01a1 s\u1edf theo m\u1ecdi \u0111i\u1ec1u ki\u1ec7n m\u00e0 t\u00f2a cho l\u00e0 h\u1ee3p l\u1ec7 v\u00e0 nh\u1ea5t qu\u00e1n v\u1edbi \u0110\u1ea1o Lu\u1eadt Lanterman. <span class=\"footnote_referrer\"><a role=\"button\" tabindex=\"0\" onclick=\"footnote_moveToReference_1714_1('footnote_plugin_reference_1714_1_3');\" onkeypress=\"footnote_moveToReference_1714_1('footnote_plugin_reference_1714_1_3');\" ><sup id=\"footnote_plugin_tooltip_1714_1_3\" class=\"footnote_plugin_tooltip_text\">[3]<\/sup><\/a><span id=\"footnote_plugin_tooltip_text_1714_1_3\" class=\"footnote_tooltip\">B\u1ed9\u0323 Lu\u1eadt Ph\u00fac L\u1ee3i v\u00e0 \u0110\u1ecbnh Ch\u1ebf m\u1ee5c 4801(c)(2).<\/span><\/span><script type=\"text\/javascript\"> jQuery('#footnote_plugin_tooltip_1714_1_3').tooltip({ tip: '#footnote_plugin_tooltip_text_1714_1_3', tipClass: 'footnote_tooltip', effect: 'fade', predelay: 0, fadeInSpeed: 200, delay: 400, fadeOutSpeed: 200, position: 'top center', relative: true, offset: [-7, 0], });<\/script>&nbsp;V\u00ed d\u1ee5, t\u00f2a c\u00f3 th\u1ec3 ra l\u1ec7nh cho DC ph\u1ea3i cho qu\u00fd v\u1ecb ra kh\u1ecfi c\u01a1 s\u1edf v\u00e0 ra l\u1ec7nh cho trung t\u00e2m khu v\u1ef1c ph\u1ea3i cung c\u1ea5p c\u00e1c d\u1ecbch v\u1ee5 v\u00e0 s\u1ef1 h\u1ed7 tr\u1ee3 qu\u00fd v\u1ecb c\u1ea7n. N\u1ebfu kh\u00f4ng c\u00f3 c\u00e1c d\u1ecbch v\u1ee5 n\u00e0y, t\u00f2a c\u00f3 th\u1ec3 ra l\u1ec7nh cho trung t\u00e2m khu v\u1ef1c t\u00ecm ho\u1eb7c ph\u00e1t tri\u1ec3n c\u00e1c d\u1ecbch v\u1ee5 v\u00e0 b\u00e1o c\u00e1o v\u1edbi t\u00f2a v\u1ec1 ti\u1ebfn \u0111\u1ed9 c\u1ee7a h\u1ecd.<\/p>\n<div class=\"speaker-mute footnotes_reference_container\"> <div class=\"footnote_container_prepare\"><p><span role=\"button\" tabindex=\"0\" class=\"footnote_reference_container_label pointer\" onclick=\"footnote_expand_collapse_reference_container_1714_1();\">&#x202F;<\/span><span role=\"button\" tabindex=\"0\" class=\"footnote_reference_container_collapse_button\" style=\"display: none;\" onclick=\"footnote_expand_collapse_reference_container_1714_1();\">[<a id=\"footnote_reference_container_collapse_button_1714_1\">+<\/a>]<\/span><\/p><\/div> <div id=\"footnote_references_container_1714_1\" style=\"\"><table class=\"footnotes_table footnote-reference-container\"><caption class=\"accessibility\">References<\/caption> <tbody> \r\n\r\n<tr class=\"footnotes_plugin_reference_row\"> <th scope=\"row\" class=\"footnote_plugin_index_combi pointer\"  onclick=\"footnote_moveToAnchor_1714_1('footnote_plugin_tooltip_1714_1_1');\"><a id=\"footnote_plugin_reference_1714_1_1\" class=\"footnote_backlink\"><span class=\"footnote_index_arrow\">&#8593;<\/span>1<\/a><\/th> <td class=\"footnote_plugin_text\">B\u1ed9 Lu\u1eadt Ph\u00fac L\u1ee3i v\u00e0 \u0110\u1ecbnh Ch\u1ebf c\u00e1c m\u1ee5c 4800-4801.<\/td><\/tr>\r\n\r\n<tr class=\"footnotes_plugin_reference_row\"> <th scope=\"row\" class=\"footnote_plugin_index_combi pointer\"  onclick=\"footnote_moveToAnchor_1714_1('footnote_plugin_tooltip_1714_1_2');\"><a id=\"footnote_plugin_reference_1714_1_2\" class=\"footnote_backlink\"><span class=\"footnote_index_arrow\">&#8593;<\/span>2<\/a><\/th> <td class=\"footnote_plugin_text\">B\u1ed9 Lu\u1eadt Ph\u00fa\u0301c L\u1ee3i v\u00e0 \u0110\u1ecbnh Ch\u1ebf m\u1ee5c 4800(c).<\/td><\/tr>\r\n\r\n<tr class=\"footnotes_plugin_reference_row\"> <th scope=\"row\" class=\"footnote_plugin_index_combi pointer\"  onclick=\"footnote_moveToAnchor_1714_1('footnote_plugin_tooltip_1714_1_3');\"><a id=\"footnote_plugin_reference_1714_1_3\" class=\"footnote_backlink\"><span class=\"footnote_index_arrow\">&#8593;<\/span>3<\/a><\/th> <td class=\"footnote_plugin_text\">B\u1ed9\u0323 Lu\u1eadt Ph\u00fac L\u1ee3i v\u00e0 \u0110\u1ecbnh Ch\u1ebf m\u1ee5c 4801(c)(2).<\/td><\/tr>\r\n\r\n <\/tbody> <\/table> <\/div><\/div><script type=\"text\/javascript\"> function footnote_expand_reference_container_1714_1() { jQuery('#footnote_references_container_1714_1').show(); jQuery('#footnote_reference_container_collapse_button_1714_1').text('\u2212'); } function footnote_collapse_reference_container_1714_1() { jQuery('#footnote_references_container_1714_1').hide(); jQuery('#footnote_reference_container_collapse_button_1714_1').text('+'); } function footnote_expand_collapse_reference_container_1714_1() { if (jQuery('#footnote_references_container_1714_1').is(':hidden')) { footnote_expand_reference_container_1714_1(); } else { footnote_collapse_reference_container_1714_1(); } } function footnote_moveToReference_1714_1(p_str_TargetID) { footnote_expand_reference_container_1714_1(); var l_obj_Target = jQuery('#' + p_str_TargetID); if (l_obj_Target.length) { jQuery( 'html, body' ).delay( 0 ); jQuery('html, body').animate({ scrollTop: l_obj_Target.offset().top - window.innerHeight * 0.2 }, 380); } } function footnote_moveToAnchor_1714_1(p_str_TargetID) { footnote_expand_reference_container_1714_1(); var l_obj_Target = jQuery('#' + p_str_TargetID); if (l_obj_Target.length) { jQuery( 'html, body' ).delay( 0 ); jQuery('html, body').animate({ scrollTop: l_obj_Target.offset().top - window.innerHeight * 0.2 }, 380); } }<\/script>","protected":false},"excerpt":{"rendered":"<p>C\u00f3. N\u1ebfu qu\u00fd v\u1ecb ngh\u0129 r\u1eb1ng vi\u1ec7c qu\u00fd v\u1ecb b\u1ecb s\u1eafp x\u1ebfp v\u00e0o DC l\u00e0 b\u1ea5t h\u1ee3p ph\u00e1p v\u00e0 kh\u00f4ng th\u00edch \u0111\u00e1ng, h\u00e3y y\u00eau c\u1ea7u&hellip;<\/p>\n","protected":false},"author":1,"featured_media":0,"parent":1650,"menu_order":21,"comment_status":"closed","ping_status":"closed","template":"","meta":{"footnotes":""},"class_list":["post-1714","page","type-page","status-publish","hentry"],"_links":{"self":[{"href":"https:\/\/rula.disabilityrightsca.org\/vi\/wp-json\/wp\/v2\/pages\/1714","targetHints":{"allow":["GET"]}}],"collection":[{"href":"https:\/\/rula.disabilityrightsca.org\/vi\/wp-json\/wp\/v2\/pages"}],"about":[{"href":"https:\/\/rula.disabilityrightsca.org\/vi\/wp-json\/wp\/v2\/types\/page"}],"author":[{"embeddable":true,"href":"https:\/\/rula.disabilityrightsca.org\/vi\/wp-json\/wp\/v2\/users\/1"}],"replies":[{"embeddable":true,"href":"https:\/\/rula.disabilityrightsca.org\/vi\/wp-json\/wp\/v2\/comments?post=1714"}],"version-history":[{"count":3,"href":"https:\/\/rula.disabilityrightsca.org\/vi\/wp-json\/wp\/v2\/pages\/1714\/revisions"}],"predecessor-version":[{"id":3173,"href":"https:\/\/rula.disabilityrightsca.org\/vi\/wp-json\/wp\/v2\/pages\/1714\/revisions\/3173"}],"up":[{"embeddable":true,"href":"https:\/\/rula.disabilityrightsca.org\/vi\/wp-json\/wp\/v2\/pages\/1650"}],"wp:attachment":[{"href":"https:\/\/rula.disabilityrightsca.org\/vi\/wp-json\/wp\/v2\/media?parent=1714"}],"curies":[{"name":"wp","href":"https:\/\/api.w.org\/{rel}","templated":true}]}}