{"id":1712,"date":"2021-09-03T16:06:53","date_gmt":"2021-09-03T16:06:53","guid":{"rendered":"http:\/\/www.rula.disabilityrightsca.org\/vi\/?page_id=1712"},"modified":"2022-04-22T18:23:10","modified_gmt":"2022-04-22T18:23:10","slug":"8-20-what-diversion-services-can-i-get","status":"publish","type":"page","link":"https:\/\/rula.disabilityrightsca.org\/vi\/rula-book\/chapter-8-how-to-stay-out-of-an-institution\/8-20-what-diversion-services-can-i-get\/","title":{"rendered":"(8.20) T\u00f4i c\u00f3 th\u1ec3 nh\u1eadn nh\u1eefng d\u1ecbch v\u1ee5 ho\u00e1n c\u1ea3i n\u00e0o?"},"content":{"rendered":"\n<p>T\u00f4i c\u00f3 th\u1ec3 nh\u1eadn nh\u1eefng d\u1ecbch v\u1ee5 ho\u00e1n c\u1ea3i n\u00e0o?<\/p>\n\n\n\n<ul class=\"wp-block-list\"><li>Ch\u1ea9n \u0111o\u00e1n, th\u1ea9m \u0111\u1ecbnh v\u00e0 \u0111i\u1ec1u tr\u1ecb.<\/li><li>Ch\u0103m s\u00f3c c\u00e1 nh\u00e2n, ch\u0103m s\u00f3c ban ng\u00e0y, ch\u0103m s\u00f3c t\u1ea1i nh\u00e0 v\u00e0 s\u1eafp x\u1ebfp ch\u1ed7 \u1edf \u0111\u1eb7c bi\u1ec7t.<\/li><li>Li\u1ec7u ph\u00e1p v\u1eadt l\u00fd, ngh\u1ec1 nghi\u1ec7p v\u00e0 ng\u00f4n ng\u1eef.<\/li><li>\u0110\u00e0o t\u1ea1o, gi\u00e1o d\u1ee5c v\u00e0 l\u00e0m vi\u1ec7c trong m\u00f4i tr\u01b0\u1eddng \u0111\u01b0\u1ee3c b\u1ea3o v\u1ec7.<\/li><li>D\u1ecbch v\u1ee5 s\u1ee9c kh\u1ecfe t\u00e2m th\u1ea7n, gi\u1ea3i tr\u00ed v\u00e0 t\u01b0 v\u1ea5n cho qu\u00fd v\u1ecb c\u00f9ng gia \u0111\u00ecnh qu\u00fd v\u1ecb.<\/li><\/ul>\n\n\n\n<p>C\u00e1c d\u1ecbch v\u1ee5 kh\u00e1c nh\u01b0 d\u1ecbch v\u1ee5 b\u1ea3o v\u1ec7, d\u1ecbch v\u1ee5 x\u00e3 h\u1ed9i v\u00e0 ph\u00e1p l\u00fd, d\u1ecbch v\u1ee5 th\u00f4ng tin v\u00e0 gi\u1edbi thi\u1ec7u, d\u1ecbch v\u1ee5 theo s\u00e1t c\u00f4ng vi\u1ec7c, v\u00e0 chuy\u00ean ch\u1edf. <span class=\"footnote_referrer\"><a role=\"button\" tabindex=\"0\" onclick=\"footnote_moveToReference_1712_1('footnote_plugin_reference_1712_1_1');\" onkeypress=\"footnote_moveToReference_1712_1('footnote_plugin_reference_1712_1_1');\" ><sup id=\"footnote_plugin_tooltip_1712_1_1\" class=\"footnote_plugin_tooltip_text\">[1]<\/sup><\/a><span id=\"footnote_plugin_tooltip_text_1712_1_1\" class=\"footnote_tooltip\">B\u1ed9 Lu\u1eadt H\u00ecnh S\u1ef1 m\u1ee5c 1001.20(b).<\/span><\/span><script type=\"text\/javascript\"> jQuery('#footnote_plugin_tooltip_1712_1_1').tooltip({ tip: '#footnote_plugin_tooltip_text_1712_1_1', tipClass: 'footnote_tooltip', effect: 'fade', predelay: 0, fadeInSpeed: 200, delay: 400, fadeOutSpeed: 200, position: 'top center', relative: true, offset: [-7, 0], });<\/script><\/p>\n<div class=\"speaker-mute footnotes_reference_container\"> <div class=\"footnote_container_prepare\"><p><span role=\"button\" tabindex=\"0\" class=\"footnote_reference_container_label pointer\" onclick=\"footnote_expand_collapse_reference_container_1712_1();\">&#x202F;<\/span><span role=\"button\" tabindex=\"0\" class=\"footnote_reference_container_collapse_button\" style=\"display: none;\" onclick=\"footnote_expand_collapse_reference_container_1712_1();\">[<a id=\"footnote_reference_container_collapse_button_1712_1\">+<\/a>]<\/span><\/p><\/div> <div id=\"footnote_references_container_1712_1\" style=\"\"><table class=\"footnotes_table footnote-reference-container\"><caption class=\"accessibility\">References<\/caption> <tbody> \r\n\r\n<tr class=\"footnotes_plugin_reference_row\"> <th scope=\"row\" class=\"footnote_plugin_index_combi pointer\"  onclick=\"footnote_moveToAnchor_1712_1('footnote_plugin_tooltip_1712_1_1');\"><a id=\"footnote_plugin_reference_1712_1_1\" class=\"footnote_backlink\"><span class=\"footnote_index_arrow\">&#8593;<\/span>1<\/a><\/th> <td class=\"footnote_plugin_text\">B\u1ed9 Lu\u1eadt H\u00ecnh S\u1ef1 m\u1ee5c 1001.20(b).<\/td><\/tr>\r\n\r\n <\/tbody> <\/table> <\/div><\/div><script type=\"text\/javascript\"> function footnote_expand_reference_container_1712_1() { jQuery('#footnote_references_container_1712_1').show(); jQuery('#footnote_reference_container_collapse_button_1712_1').text('\u2212'); } function footnote_collapse_reference_container_1712_1() { jQuery('#footnote_references_container_1712_1').hide(); jQuery('#footnote_reference_container_collapse_button_1712_1').text('+'); } function footnote_expand_collapse_reference_container_1712_1() { if (jQuery('#footnote_references_container_1712_1').is(':hidden')) { footnote_expand_reference_container_1712_1(); } else { footnote_collapse_reference_container_1712_1(); } } function footnote_moveToReference_1712_1(p_str_TargetID) { footnote_expand_reference_container_1712_1(); var l_obj_Target = jQuery('#' + p_str_TargetID); if (l_obj_Target.length) { jQuery( 'html, body' ).delay( 0 ); jQuery('html, body').animate({ scrollTop: l_obj_Target.offset().top - window.innerHeight * 0.2 }, 380); } } function footnote_moveToAnchor_1712_1(p_str_TargetID) { footnote_expand_reference_container_1712_1(); var l_obj_Target = jQuery('#' + p_str_TargetID); if (l_obj_Target.length) { jQuery( 'html, body' ).delay( 0 ); jQuery('html, body').animate({ scrollTop: l_obj_Target.offset().top - window.innerHeight * 0.2 }, 380); } }<\/script>","protected":false},"excerpt":{"rendered":"<p>T\u00f4i c\u00f3 th\u1ec3 nh\u1eadn nh\u1eefng d\u1ecbch v\u1ee5 ho\u00e1n c\u1ea3i n\u00e0o? Ch\u1ea9n \u0111o\u00e1n, th\u1ea9m \u0111\u1ecbnh v\u00e0 \u0111i\u1ec1u tr\u1ecb. Ch\u0103m s\u00f3c c\u00e1 nh\u00e2n, ch\u0103m s\u00f3c ban ng\u00e0y,&hellip;<\/p>\n","protected":false},"author":1,"featured_media":0,"parent":1650,"menu_order":20,"comment_status":"closed","ping_status":"closed","template":"","meta":{"footnotes":""},"class_list":["post-1712","page","type-page","status-publish","hentry"],"_links":{"self":[{"href":"https:\/\/rula.disabilityrightsca.org\/vi\/wp-json\/wp\/v2\/pages\/1712","targetHints":{"allow":["GET"]}}],"collection":[{"href":"https:\/\/rula.disabilityrightsca.org\/vi\/wp-json\/wp\/v2\/pages"}],"about":[{"href":"https:\/\/rula.disabilityrightsca.org\/vi\/wp-json\/wp\/v2\/types\/page"}],"author":[{"embeddable":true,"href":"https:\/\/rula.disabilityrightsca.org\/vi\/wp-json\/wp\/v2\/users\/1"}],"replies":[{"embeddable":true,"href":"https:\/\/rula.disabilityrightsca.org\/vi\/wp-json\/wp\/v2\/comments?post=1712"}],"version-history":[{"count":2,"href":"https:\/\/rula.disabilityrightsca.org\/vi\/wp-json\/wp\/v2\/pages\/1712\/revisions"}],"predecessor-version":[{"id":3153,"href":"https:\/\/rula.disabilityrightsca.org\/vi\/wp-json\/wp\/v2\/pages\/1712\/revisions\/3153"}],"up":[{"embeddable":true,"href":"https:\/\/rula.disabilityrightsca.org\/vi\/wp-json\/wp\/v2\/pages\/1650"}],"wp:attachment":[{"href":"https:\/\/rula.disabilityrightsca.org\/vi\/wp-json\/wp\/v2\/media?parent=1712"}],"curies":[{"name":"wp","href":"https:\/\/api.w.org\/{rel}","templated":true}]}}