{"id":1710,"date":"2021-09-03T16:05:05","date_gmt":"2021-09-03T16:05:05","guid":{"rendered":"http:\/\/www.rula.disabilityrightsca.org\/vi\/?page_id=1710"},"modified":"2022-04-22T18:22:58","modified_gmt":"2022-04-22T18:22:58","slug":"8-19-what-is-diversion","status":"publish","type":"page","link":"https:\/\/rula.disabilityrightsca.org\/vi\/rula-book\/chapter-8-how-to-stay-out-of-an-institution\/8-19-what-is-diversion\/","title":{"rendered":"(8.19) Ho\u00e1n c\u1ea3i l\u00e0 g\u00ec?"},"content":{"rendered":"\n<p>N\u1ebfu qu\u00fd v\u1ecb m\u1eafc khuy\u1ebft t\u1eadt v\u1ec1 ph\u00e1t tri\u1ec3n v\u00e0 b\u1ecb c\u00e1o bu\u1ed9c t\u1ed9i h\u00ecnh s\u1ef1, t\u00f2a c\u00f3 th\u1ec3 cho ph\u00e9p qu\u00fd v\u1ecb nh\u1eadn \u0111i\u1ec1u tr\u1ecb v\u00e0 h\u1ed7 tr\u1ee3 ph\u00e1t tri\u1ec3n thay v\u00ec v\u00e0o t\u00f9. <span class=\"footnote_referrer\"><a role=\"button\" tabindex=\"0\" onclick=\"footnote_moveToReference_1710_1('footnote_plugin_reference_1710_1_1');\" onkeypress=\"footnote_moveToReference_1710_1('footnote_plugin_reference_1710_1_1');\" ><sup id=\"footnote_plugin_tooltip_1710_1_1\" class=\"footnote_plugin_tooltip_text\">[1]<\/sup><\/a><span id=\"footnote_plugin_tooltip_text_1710_1_1\" class=\"footnote_tooltip\">B\u1ed9 Lu\u1eadt H\u00ecnh S\u1ef1, m\u1ee5c 1001.20 v\u00e0 c\u00e1c m\u1ee5c sau<em>.<\/em><\/span><\/span><script type=\"text\/javascript\"> jQuery('#footnote_plugin_tooltip_1710_1_1').tooltip({ tip: '#footnote_plugin_tooltip_text_1710_1_1', tipClass: 'footnote_tooltip', effect: 'fade', predelay: 0, fadeInSpeed: 200, delay: 400, fadeOutSpeed: 200, position: 'top center', relative: true, offset: [-7, 0], });<\/script>&nbsp;\u0110\u00e2y \u0111\u01b0\u1ee3c g\u1ecdi l\u00e0 ho\u00e1n c\u1ea3i.<\/p>\n\n\n\n<p>N\u1ebfu qu\u00fd v\u1ecb m\u1eafc khuy\u1ebft t\u1eadt v\u1ec1 ph\u00e1t tri\u1ec3n v\u00e0 b\u1ecb c\u00e1o bu\u1ed9c t\u1ed9i h\u00ecnh s\u1ef1, t\u00f2a c\u00f3 th\u1ec3 cho ph\u00e9p qu\u00fd v\u1ecb nh\u1eadn \u0111i\u1ec1u tr\u1ecb v\u00e0 h\u1ed7 tr\u1ee3 ph\u00e1t tri\u1ec3n thay v\u00ec v\u00e0o t\u00f9. <span class=\"footnote_referrer\"><a role=\"button\" tabindex=\"0\" onclick=\"footnote_moveToReference_1710_1('footnote_plugin_reference_1710_1_2');\" onkeypress=\"footnote_moveToReference_1710_1('footnote_plugin_reference_1710_1_2');\" ><sup id=\"footnote_plugin_tooltip_1710_1_2\" class=\"footnote_plugin_tooltip_text\">[2]<\/sup><\/a><span id=\"footnote_plugin_tooltip_text_1710_1_2\" class=\"footnote_tooltip\">B\u1ed9 Lu\u1eadt H\u00ecnh S\u1ef1, m\u1ee5c 1001.20 v\u00e0 c\u00e1c m\u1ee5c sau<em>.<\/em><\/span><\/span><script type=\"text\/javascript\"> jQuery('#footnote_plugin_tooltip_1710_1_2').tooltip({ tip: '#footnote_plugin_tooltip_text_1710_1_2', tipClass: 'footnote_tooltip', effect: 'fade', predelay: 0, fadeInSpeed: 200, delay: 400, fadeOutSpeed: 200, position: 'top center', relative: true, offset: [-7, 0], });<\/script>&nbsp;\u0110\u00e2y \u0111\u01b0\u1ee3c g\u1ecdi l\u00e0 ho\u00e1n c\u1ea3i.<\/p>\n\n\n\n<p>Qu\u00fd v\u1ecb h\u1ed9i \u0111\u1ee7 \u0111i\u1ec1u ki\u1ec7n tham gia ch\u01b0\u01a1ng tr\u00ecnh ho\u00e1n c\u1ea3i n\u1ebfu:<\/p>\n\n\n\n<ul class=\"wp-block-list\"><li>T\u1ed9i c\u1ee7a qu\u00fd v\u1ecb l\u00e0 t\u1ed9i nh\u1eb9 ho\u1eb7c tr\u1ecdng t\u1ed9i nh\u01b0ng kh\u00f4ng g\u00e2y h\u1eadu qu\u1ea3 nghi\u00eam tr\u1ecdng.<\/li><li>Qu\u00fd v\u1ecb kh\u00f4ng tham gia ch\u01b0\u01a1ng tr\u00ecnh ho\u00e1n c\u1ea3i trong hai n\u0103m tr\u1edf l\u1ea1i \u0111\u00e2y.<\/li><li>Qu\u00fd v\u1ecb b\u1ecb khuy\u1ebft t\u1eadt v\u1ec1 ph\u00e1t tri\u1ec3n<\/li><li>Qu\u00fd v\u1ecb l\u00e0 kh\u00e1ch h\u00e0ng c\u1ee7a trung t\u00e2m khu v\u1ef1c v\u00e0 h\u1ed9i \u0111\u1ee7 \u0111i\u1ec1u ki\u1ec7n nh\u1eadn c\u00e1c d\u1ecbch v\u1ee5. <span class=\"footnote_referrer\"><a role=\"button\" tabindex=\"0\" onclick=\"footnote_moveToReference_1710_1('footnote_plugin_reference_1710_1_3');\" onkeypress=\"footnote_moveToReference_1710_1('footnote_plugin_reference_1710_1_3');\" ><sup id=\"footnote_plugin_tooltip_1710_1_3\" class=\"footnote_plugin_tooltip_text\">[3]<\/sup><\/a><span id=\"footnote_plugin_tooltip_text_1710_1_3\" class=\"footnote_tooltip\">B\u1ed9 Lu\u1eadt H\u00ecnh S\u1ef1 m\u1ee5c 1001.21.<\/span><\/span><script type=\"text\/javascript\"> jQuery('#footnote_plugin_tooltip_1710_1_3').tooltip({ tip: '#footnote_plugin_tooltip_text_1710_1_3', tipClass: 'footnote_tooltip', effect: 'fade', predelay: 0, fadeInSpeed: 200, delay: 400, fadeOutSpeed: 200, position: 'top center', relative: true, offset: [-7, 0], });<\/script><\/li><\/ul>\n<div class=\"speaker-mute footnotes_reference_container\"> <div class=\"footnote_container_prepare\"><p><span role=\"button\" tabindex=\"0\" class=\"footnote_reference_container_label pointer\" onclick=\"footnote_expand_collapse_reference_container_1710_1();\">&#x202F;<\/span><span role=\"button\" tabindex=\"0\" class=\"footnote_reference_container_collapse_button\" style=\"display: none;\" onclick=\"footnote_expand_collapse_reference_container_1710_1();\">[<a id=\"footnote_reference_container_collapse_button_1710_1\">+<\/a>]<\/span><\/p><\/div> <div id=\"footnote_references_container_1710_1\" style=\"\"><table class=\"footnotes_table footnote-reference-container\"><caption class=\"accessibility\">References<\/caption> <tbody> \r\n\r\n<tr class=\"footnotes_plugin_reference_row\"> <th scope=\"row\" class=\"footnote_plugin_index_combi\" ><a id=\"footnote_plugin_reference_1710_1_1\" class=\"footnote_backlink\" onclick=\"footnote_moveToAnchor_1710_1('footnote_plugin_tooltip_1710_1_1');\"><span class=\"footnote_index_arrow\">&#8593;<\/span>1,<\/a> <a id=\"footnote_plugin_reference_1710_1_2\" class=\"footnote_backlink\" onclick=\"footnote_moveToAnchor_1710_1('footnote_plugin_tooltip_1710_1_2');\"><span class=\"footnote_index_arrow\">&#8593;<\/span>2<\/a><\/th> <td class=\"footnote_plugin_text\">B\u1ed9 Lu\u1eadt H\u00ecnh S\u1ef1, m\u1ee5c 1001.20 v\u00e0 c\u00e1c m\u1ee5c sau<em>.<\/em><\/td><\/tr>\r\n\r\n<tr class=\"footnotes_plugin_reference_row\"> <th scope=\"row\" class=\"footnote_plugin_index_combi pointer\"  onclick=\"footnote_moveToAnchor_1710_1('footnote_plugin_tooltip_1710_1_3');\"><a id=\"footnote_plugin_reference_1710_1_3\" class=\"footnote_backlink\"><span class=\"footnote_index_arrow\">&#8593;<\/span>3<\/a><\/th> <td class=\"footnote_plugin_text\">B\u1ed9 Lu\u1eadt H\u00ecnh S\u1ef1 m\u1ee5c 1001.21.<\/td><\/tr>\r\n\r\n <\/tbody> <\/table> <\/div><\/div><script type=\"text\/javascript\"> function footnote_expand_reference_container_1710_1() { jQuery('#footnote_references_container_1710_1').show(); jQuery('#footnote_reference_container_collapse_button_1710_1').text('\u2212'); } function footnote_collapse_reference_container_1710_1() { jQuery('#footnote_references_container_1710_1').hide(); jQuery('#footnote_reference_container_collapse_button_1710_1').text('+'); } function footnote_expand_collapse_reference_container_1710_1() { if (jQuery('#footnote_references_container_1710_1').is(':hidden')) { footnote_expand_reference_container_1710_1(); } else { footnote_collapse_reference_container_1710_1(); } } function footnote_moveToReference_1710_1(p_str_TargetID) { footnote_expand_reference_container_1710_1(); var l_obj_Target = jQuery('#' + p_str_TargetID); if (l_obj_Target.length) { jQuery( 'html, body' ).delay( 0 ); jQuery('html, body').animate({ scrollTop: l_obj_Target.offset().top - window.innerHeight * 0.2 }, 380); } } function footnote_moveToAnchor_1710_1(p_str_TargetID) { footnote_expand_reference_container_1710_1(); var l_obj_Target = jQuery('#' + p_str_TargetID); if (l_obj_Target.length) { jQuery( 'html, body' ).delay( 0 ); jQuery('html, body').animate({ scrollTop: l_obj_Target.offset().top - window.innerHeight * 0.2 }, 380); } }<\/script>","protected":false},"excerpt":{"rendered":"<p>N\u1ebfu qu\u00fd v\u1ecb m\u1eafc khuy\u1ebft t\u1eadt v\u1ec1 ph\u00e1t tri\u1ec3n v\u00e0 b\u1ecb c\u00e1o bu\u1ed9c t\u1ed9i h\u00ecnh s\u1ef1, t\u00f2a c\u00f3 th\u1ec3 cho ph\u00e9p qu\u00fd v\u1ecb nh\u1eadn \u0111i\u1ec1u&hellip;<\/p>\n","protected":false},"author":1,"featured_media":0,"parent":1650,"menu_order":19,"comment_status":"closed","ping_status":"closed","template":"","meta":{"footnotes":""},"class_list":["post-1710","page","type-page","status-publish","hentry"],"_links":{"self":[{"href":"https:\/\/rula.disabilityrightsca.org\/vi\/wp-json\/wp\/v2\/pages\/1710","targetHints":{"allow":["GET"]}}],"collection":[{"href":"https:\/\/rula.disabilityrightsca.org\/vi\/wp-json\/wp\/v2\/pages"}],"about":[{"href":"https:\/\/rula.disabilityrightsca.org\/vi\/wp-json\/wp\/v2\/types\/page"}],"author":[{"embeddable":true,"href":"https:\/\/rula.disabilityrightsca.org\/vi\/wp-json\/wp\/v2\/users\/1"}],"replies":[{"embeddable":true,"href":"https:\/\/rula.disabilityrightsca.org\/vi\/wp-json\/wp\/v2\/comments?post=1710"}],"version-history":[{"count":3,"href":"https:\/\/rula.disabilityrightsca.org\/vi\/wp-json\/wp\/v2\/pages\/1710\/revisions"}],"predecessor-version":[{"id":3172,"href":"https:\/\/rula.disabilityrightsca.org\/vi\/wp-json\/wp\/v2\/pages\/1710\/revisions\/3172"}],"up":[{"embeddable":true,"href":"https:\/\/rula.disabilityrightsca.org\/vi\/wp-json\/wp\/v2\/pages\/1650"}],"wp:attachment":[{"href":"https:\/\/rula.disabilityrightsca.org\/vi\/wp-json\/wp\/v2\/media?parent=1710"}],"curies":[{"name":"wp","href":"https:\/\/api.w.org\/{rel}","templated":true}]}}