{"id":1708,"date":"2021-09-03T16:03:49","date_gmt":"2021-09-03T16:03:49","guid":{"rendered":"http:\/\/www.rula.disabilityrightsca.org\/vi\/?page_id=1708"},"modified":"2022-04-22T18:22:45","modified_gmt":"2022-04-22T18:22:45","slug":"8-18-what-are-the-different-commitment-orders","status":"publish","type":"page","link":"https:\/\/rula.disabilityrightsca.org\/vi\/rula-book\/chapter-8-how-to-stay-out-of-an-institution\/8-18-what-are-the-different-commitment-orders\/","title":{"rendered":"(8.18) C\u00e1c l\u1ec7nh t\u1ea1m gi\u1eef kh\u00e1c l\u00e0 g\u00ec?"},"content":{"rendered":"\n<p>C\u00e1c l\u1ec7nh t\u1ea1m gi\u1eef ph\u1ed5 bi\u1ebfn nh\u1ea5t l\u00e0:<\/p>\n\n\n\n<ul class=\"wp-block-list\"><li><strong>B\u1ed9 Lu\u1eadt Ph\u00fac L\u1ee3i &amp; \u0110\u1ecbnh Ch\u1ebf, m\u1ee5c 6500:<\/strong>&nbsp;L\u1ec7nh n\u00e0y \u0111\u01b0\u1ee3c s\u1eed d\u1ee5ng \u0111\u1ec3 t\u1ea1m gi\u1eef nh\u1eefng ng\u01b0\u1eddi b\u1ecb khuy\u1ebft t\u1eadt tr\u00ed tu\u1ec7 \u0111\u01b0\u1ee3c cho l\u00e0 g\u00e2y nguy hi\u1ec3m cho b\u1ea3n th\u00e2n ho\u1eb7c ng\u01b0\u1eddi kh\u00e1c. T\u00f2a ph\u1ea3i x\u00e1c \u0111\u1ecbnh n\u01a1i n\u00e0o l\u00e0 m\u00f4i tr\u01b0\u1eddng s\u1ed1ng \u00edt h\u1ea1n ch\u1ebf nh\u1ea5t v\u1edbi h\u1ecd. <span class=\"footnote_referrer\"><a role=\"button\" tabindex=\"0\" onclick=\"footnote_moveToReference_1708_1('footnote_plugin_reference_1708_1_1');\" onkeypress=\"footnote_moveToReference_1708_1('footnote_plugin_reference_1708_1_1');\" ><sup id=\"footnote_plugin_tooltip_1708_1_1\" class=\"footnote_plugin_tooltip_text\">[1]<\/sup><\/a><span id=\"footnote_plugin_tooltip_text_1708_1_1\" class=\"footnote_tooltip\">B\u1ed9 Lu\u1eadt Ph\u00fac L\u1ee3i v\u00e0 \u0110\u1ecbnh Ch\u1ebf m\u1ee5c 6509.<\/span><\/span><script type=\"text\/javascript\"> jQuery('#footnote_plugin_tooltip_1708_1_1').tooltip({ tip: '#footnote_plugin_tooltip_text_1708_1_1', tipClass: 'footnote_tooltip', effect: 'fade', predelay: 0, fadeInSpeed: 200, delay: 400, fadeOutSpeed: 200, position: 'top center', relative: true, offset: [-7, 0], });<\/script>&nbsp;T\u00f2a ph\u1ea3i x\u00e9t l\u1ea1i l\u1ec7nh t\u1ea1m gi\u1eef n\u00e0y h\u00e0ng n\u0103m.<\/li><li><strong>B\u1ed9 Lu\u1eadt H\u00ecnh S\u1ef1, m\u1ee5c 1370.1:<\/strong>&nbsp;L\u1ec7nh n\u00e0y \u0111\u01b0\u1ee3c s\u1eed d\u1ee5ng cho nh\u1eefng ng\u01b0\u1eddi \u201ckh\u00f4ng \u0111\u1ee7 n\u0103ng l\u1ef1c h\u1ea7u t\u00f2a\u201d (incompetent to stand trial, IST) v\u1ec1 c\u00e1c c\u00e1o bu\u1ed9c h\u00ecnh s\u1ef1 do t\u00ecnh tr\u1ea1ng khuy\u1ebft t\u1eadt v\u1ec1 ph\u00e1t tri\u1ec3n. <span class=\"footnote_referrer\"><a role=\"button\" tabindex=\"0\" onclick=\"footnote_moveToReference_1708_1('footnote_plugin_reference_1708_1_2');\" onkeypress=\"footnote_moveToReference_1708_1('footnote_plugin_reference_1708_1_2');\" ><sup id=\"footnote_plugin_tooltip_1708_1_2\" class=\"footnote_plugin_tooltip_text\">[2]<\/sup><\/a><span id=\"footnote_plugin_tooltip_text_1708_1_2\" class=\"footnote_tooltip\">\u0110\u1ec3 bi\u1ebft m\u00f4 t\u1ea3 chi ti\u1ebft h\u01a1n, h\u00e3y xem \u1ea5n ph\u1ea9m C\u00e1c V\u1ea5n \u0110\u1ec1 S\u1ee9c Kh\u1ecfe T\u00e2m Th\u1ea7n Ph\u00e1p Y (Forensic Mental Health Legal Issues) c\u1ee7a Disability Rights California, t\u1ea1i&nbsp;&#x2026; <span class=\"footnote_tooltip_continue\"  onclick=\"footnote_moveToReference_1708_1('footnote_plugin_reference_1708_1_2');\">Continue reading<\/span><\/span><\/span><script type=\"text\/javascript\"> jQuery('#footnote_plugin_tooltip_1708_1_2').tooltip({ tip: '#footnote_plugin_tooltip_text_1708_1_2', tipClass: 'footnote_tooltip', effect: 'fade', predelay: 0, fadeInSpeed: 200, delay: 400, fadeOutSpeed: 200, position: 'top center', relative: true, offset: [-7, 0], });<\/script>&nbsp;\u0110\u00e2y c\u0169ng \u0111\u01b0\u1ee3c g\u1ecdi l\u00e0 l\u1ec7nh t\u1ea1m gi\u1eef ph\u00e1p y. L\u1ec7nh n\u00e0y k\u00e9o d\u00e0i t\u1ed1i \u0111a 2 n\u0103m.<\/li><li><strong>B\u1ed9 Lu\u1eadt H\u00ecnh S\u1ef1, m\u1ee5c 1026:<\/strong>&nbsp;L\u1ec7nh n\u00e0y d\u00e0nh cho nh\u1eefng ng\u01b0\u1eddi \u0111\u01b0\u1ee3c tuy\u00ean b\u1ed1 l\u00e0 \u201cv\u00f4 t\u1ed9i do b\u1ecb \u0111i\u00ean\u201d (NGI). L\u1ec7nh n\u00e0y k\u00e9o d\u00e0i cho \u0111\u1ebfn khi \u201ckh\u00f4i ph\u1ee5c minh m\u1eabn\u201d ho\u1eb7c cho \u0111\u1ebfn khi b\u1ea3n \u00e1n c\u1ee7a h\u1ecd k\u1ebft th\u00fac.<\/li><\/ul>\n\n\n\n<p>Ch\u00fang t\u00f4i kh\u00f4ng \u0111\u1ec1 c\u1eadp \u0111\u1ebfn nh\u1eefng th\u1ee7 t\u1ee5c ph\u1ee9c t\u1ea1p c\u1ee7a c\u00e1c l\u1ec7nh t\u1ea1m gi\u1eef trong \u0111\u00e2y. <span class=\"footnote_referrer\"><a role=\"button\" tabindex=\"0\" onclick=\"footnote_moveToReference_1708_1('footnote_plugin_reference_1708_1_3');\" onkeypress=\"footnote_moveToReference_1708_1('footnote_plugin_reference_1708_1_3');\" ><sup id=\"footnote_plugin_tooltip_1708_1_3\" class=\"footnote_plugin_tooltip_text\">[3]<\/sup><\/a><span id=\"footnote_plugin_tooltip_text_1708_1_3\" class=\"footnote_tooltip\">Xem \u1ea5n ph\u1ea9m c\u1ee7a DDS&nbsp;C\u00e1c Quy Tr\u00ecnh Nh\u1eadn V\u00e0o v\u00e0 T\u00e1i H\u00f2a Nh\u1eadp C\u1ed9ng \u0110\u1ed3ng t\u1ea1i C\u00e1c C\u01a1 S\u1edf N\u1ed9i Tr\u00fa c\u1ee7a Ti\u1ec3u Bang: H\u01b0\u1edbng D\u1eabn v\u1ec1 C\u00e1c Quy \u0110\u1ecbnh Theo Lu\u1eadt,&nbsp;&#x2026; <span class=\"footnote_tooltip_continue\"  onclick=\"footnote_moveToReference_1708_1('footnote_plugin_reference_1708_1_3');\">Continue reading<\/span><\/span><\/span><script type=\"text\/javascript\"> jQuery('#footnote_plugin_tooltip_1708_1_3').tooltip({ tip: '#footnote_plugin_tooltip_text_1708_1_3', tipClass: 'footnote_tooltip', effect: 'fade', predelay: 0, fadeInSpeed: 200, delay: 400, fadeOutSpeed: 200, position: 'top center', relative: true, offset: [-7, 0], });<\/script> Qu\u00fd v\u1ecb n\u00ean l\u00e0m vi\u1ec7c v\u1edbi lu\u1eadt s\u01b0 c\u1ee7a m\u00ecnh, th\u01b0\u1eddng l\u00e0 lu\u1eadt s\u01b0 bi\u1ec7n h\u1ed9 c\u00f4ng, ng\u01b0\u1eddi \u0111\u01b0\u1ee3c ch\u1ec9 \u0111\u1ecbnh b\u1ea3o v\u1ec7 c\u00e1c quy\u1ec1n l\u1ee3i c\u1ee7a qu\u00fd v\u1ecb.<\/p>\n<div class=\"speaker-mute footnotes_reference_container\"> <div class=\"footnote_container_prepare\"><p><span role=\"button\" tabindex=\"0\" class=\"footnote_reference_container_label pointer\" onclick=\"footnote_expand_collapse_reference_container_1708_1();\">&#x202F;<\/span><span role=\"button\" tabindex=\"0\" class=\"footnote_reference_container_collapse_button\" style=\"display: none;\" onclick=\"footnote_expand_collapse_reference_container_1708_1();\">[<a id=\"footnote_reference_container_collapse_button_1708_1\">+<\/a>]<\/span><\/p><\/div> <div id=\"footnote_references_container_1708_1\" style=\"\"><table class=\"footnotes_table footnote-reference-container\"><caption class=\"accessibility\">References<\/caption> <tbody> \r\n\r\n<tr class=\"footnotes_plugin_reference_row\"> <th scope=\"row\" class=\"footnote_plugin_index_combi pointer\"  onclick=\"footnote_moveToAnchor_1708_1('footnote_plugin_tooltip_1708_1_1');\"><a id=\"footnote_plugin_reference_1708_1_1\" class=\"footnote_backlink\"><span class=\"footnote_index_arrow\">&#8593;<\/span>1<\/a><\/th> <td class=\"footnote_plugin_text\">B\u1ed9 Lu\u1eadt Ph\u00fac L\u1ee3i v\u00e0 \u0110\u1ecbnh Ch\u1ebf m\u1ee5c 6509.<\/td><\/tr>\r\n\r\n<tr class=\"footnotes_plugin_reference_row\"> <th scope=\"row\" class=\"footnote_plugin_index_combi pointer\"  onclick=\"footnote_moveToAnchor_1708_1('footnote_plugin_tooltip_1708_1_2');\"><a id=\"footnote_plugin_reference_1708_1_2\" class=\"footnote_backlink\"><span class=\"footnote_index_arrow\">&#8593;<\/span>2<\/a><\/th> <td class=\"footnote_plugin_text\">\u0110\u1ec3 bi\u1ebft m\u00f4 t\u1ea3 chi ti\u1ebft h\u01a1n, h\u00e3y xem \u1ea5n ph\u1ea9m C\u00e1c V\u1ea5n \u0110\u1ec1 S\u1ee9c Kh\u1ecfe T\u00e2m Th\u1ea7n Ph\u00e1p Y (Forensic Mental Health Legal Issues) c\u1ee7a Disability Rights California, t\u1ea1i \u0111\u00e2y:&nbsp;<a href=\"https:\/\/www.disabilityrightsca.org\/publications\/forensic-mental-health-legal-issues\" target=\"_blank\" rel=\"noreferrer noopener\"><span class=\"footnote_url_wrap\">https:\/\/www.disabilityrightsca.org\/publications\/forensic-mental-health-legal-issues<\/span><\/a>.<\/td><\/tr>\r\n\r\n<tr class=\"footnotes_plugin_reference_row\"> <th scope=\"row\" class=\"footnote_plugin_index_combi pointer\"  onclick=\"footnote_moveToAnchor_1708_1('footnote_plugin_tooltip_1708_1_3');\"><a id=\"footnote_plugin_reference_1708_1_3\" class=\"footnote_backlink\"><span class=\"footnote_index_arrow\">&#8593;<\/span>3<\/a><\/th> <td class=\"footnote_plugin_text\">Xem \u1ea5n ph\u1ea9m c\u1ee7a DDS&nbsp;<em>C\u00e1c Quy Tr\u00ecnh Nh\u1eadn V\u00e0o v\u00e0 T\u00e1i H\u00f2a Nh\u1eadp C\u1ed9ng \u0110\u1ed3ng t\u1ea1i C\u00e1c C\u01a1 S\u1edf N\u1ed9i Tr\u00fa c\u1ee7a Ti\u1ec3u Bang: H\u01b0\u1edbng D\u1eabn v\u1ec1 C\u00e1c Quy \u0110\u1ecbnh Theo Lu\u1eadt, Ph\u00e1n Quy\u1ebft c\u1ee7a T\u00f2a (\u00c1n L\u1ec7) v\u00e0 Th\u1ee7 T\u1ee5c H\u00e0nh Ch\u00ednh \u1edf California (A Guide to Statutory Requirements, Judicial Findings (Case Law) and Administrative Procedures in California)<\/em>. Qu\u00fd v\u1ecb c\u0169ng c\u00f3 th\u1ec3 xem tr\u1ef1c tuy\u1ebfn t\u1ea1i: www.dds.ca.gov\/wp-content\/uploads\/2019\/03\/CC_CommReEntry_20190318-1.pdf.<\/td><\/tr>\r\n\r\n <\/tbody> <\/table> <\/div><\/div><script type=\"text\/javascript\"> function footnote_expand_reference_container_1708_1() { jQuery('#footnote_references_container_1708_1').show(); jQuery('#footnote_reference_container_collapse_button_1708_1').text('\u2212'); } function footnote_collapse_reference_container_1708_1() { jQuery('#footnote_references_container_1708_1').hide(); jQuery('#footnote_reference_container_collapse_button_1708_1').text('+'); } function footnote_expand_collapse_reference_container_1708_1() { if (jQuery('#footnote_references_container_1708_1').is(':hidden')) { footnote_expand_reference_container_1708_1(); } else { footnote_collapse_reference_container_1708_1(); } } function footnote_moveToReference_1708_1(p_str_TargetID) { footnote_expand_reference_container_1708_1(); var l_obj_Target = jQuery('#' + p_str_TargetID); if (l_obj_Target.length) { jQuery( 'html, body' ).delay( 0 ); jQuery('html, body').animate({ scrollTop: l_obj_Target.offset().top - window.innerHeight * 0.2 }, 380); } } function footnote_moveToAnchor_1708_1(p_str_TargetID) { footnote_expand_reference_container_1708_1(); var l_obj_Target = jQuery('#' + p_str_TargetID); if (l_obj_Target.length) { jQuery( 'html, body' ).delay( 0 ); jQuery('html, body').animate({ scrollTop: l_obj_Target.offset().top - window.innerHeight * 0.2 }, 380); } }<\/script>","protected":false},"excerpt":{"rendered":"<p>C\u00e1c l\u1ec7nh t\u1ea1m gi\u1eef ph\u1ed5 bi\u1ebfn nh\u1ea5t l\u00e0: B\u1ed9 Lu\u1eadt Ph\u00fac L\u1ee3i &amp; \u0110\u1ecbnh Ch\u1ebf, m\u1ee5c 6500:&nbsp;L\u1ec7nh n\u00e0y \u0111\u01b0\u1ee3c s\u1eed d\u1ee5ng \u0111\u1ec3 t\u1ea1m gi\u1eef nh\u1eefng&hellip;<\/p>\n","protected":false},"author":1,"featured_media":0,"parent":1650,"menu_order":18,"comment_status":"closed","ping_status":"closed","template":"","meta":{"footnotes":""},"class_list":["post-1708","page","type-page","status-publish","hentry"],"_links":{"self":[{"href":"https:\/\/rula.disabilityrightsca.org\/vi\/wp-json\/wp\/v2\/pages\/1708","targetHints":{"allow":["GET"]}}],"collection":[{"href":"https:\/\/rula.disabilityrightsca.org\/vi\/wp-json\/wp\/v2\/pages"}],"about":[{"href":"https:\/\/rula.disabilityrightsca.org\/vi\/wp-json\/wp\/v2\/types\/page"}],"author":[{"embeddable":true,"href":"https:\/\/rula.disabilityrightsca.org\/vi\/wp-json\/wp\/v2\/users\/1"}],"replies":[{"embeddable":true,"href":"https:\/\/rula.disabilityrightsca.org\/vi\/wp-json\/wp\/v2\/comments?post=1708"}],"version-history":[{"count":4,"href":"https:\/\/rula.disabilityrightsca.org\/vi\/wp-json\/wp\/v2\/pages\/1708\/revisions"}],"predecessor-version":[{"id":3171,"href":"https:\/\/rula.disabilityrightsca.org\/vi\/wp-json\/wp\/v2\/pages\/1708\/revisions\/3171"}],"up":[{"embeddable":true,"href":"https:\/\/rula.disabilityrightsca.org\/vi\/wp-json\/wp\/v2\/pages\/1650"}],"wp:attachment":[{"href":"https:\/\/rula.disabilityrightsca.org\/vi\/wp-json\/wp\/v2\/media?parent=1708"}],"curies":[{"name":"wp","href":"https:\/\/api.w.org\/{rel}","templated":true}]}}