{"id":1706,"date":"2021-09-03T16:02:09","date_gmt":"2021-09-03T16:02:09","guid":{"rendered":"http:\/\/www.rula.disabilityrightsca.org\/vi\/?page_id=1706"},"modified":"2022-04-22T18:22:31","modified_gmt":"2022-04-22T18:22:31","slug":"8-17-what-if-i-cannot-express-what-i-want","status":"publish","type":"page","link":"https:\/\/rula.disabilityrightsca.org\/vi\/rula-book\/chapter-8-how-to-stay-out-of-an-institution\/8-17-what-if-i-cannot-express-what-i-want\/","title":{"rendered":"(8.17)  N\u1ebfu t\u00f4i kh\u00f4ng th\u1ec3 b\u00e0y t\u1ecf \u0111i\u1ec1u t\u00f4i mu\u1ed1n th\u00ec sao?"},"content":{"rendered":"\n<p>N\u1ebfu qu\u00fd v\u1ecb kh\u00f4ng th\u1ec3 d\u00f9ng ng\u00f4n t\u1eeb \u0111\u1ec3 cho bi\u1ebft nh\u1eefng \u0111i\u1ec1u qu\u00fd v\u1ecb mu\u1ed1n, nh\u00f3m IPP c\u00f3 th\u1ec3 nh\u00ecn v\u00e0o h\u00e0nh \u0111\u1ed9ng v\u00e0 nh\u1eefng \u0111i\u1ec1u qu\u00fd v\u1ecb th\u00edch v\u00e0 kh\u00f4ng th\u00edch. N\u1ebfu khuy\u1ebft t\u1eadt c\u1ee7a qu\u00fd v\u1ecb nghi\u00eam tr\u1ecdng \u0111\u1ebfn m\u1ee9c nh\u00f3m IPP kh\u00f4ng th\u1ec3 x\u00e1c \u0111\u1ecbnh nh\u1eefng \u0111i\u1ec1u qu\u00fd v\u1ecb mu\u1ed1n, h\u1ecd c\u00f3 th\u1ec3 cho r\u1eb1ng:<\/p>\n\n\n\n<ul class=\"wp-block-list\"><li>Qu\u00fd v\u1ecb s\u1ebd \u0111\u01b0a ra l\u1ef1a ch\u1ecdn gi\u1ed1ng h\u1ea7u h\u1ebft m\u1ecdi ng\u01b0\u1eddi.<\/li><li>Qu\u00fd v\u1ecb kh\u00f4ng mu\u1ed1n s\u1ed1ng trong c\u01a1 s\u1edf n\u1ed9i tr\u00fa n\u1ebfu c\u00f3 l\u1ef1a ch\u1ecdn thay th\u1ebf an to\u00e0n.<\/li><li>Qu\u00fd v\u1ecb mu\u1ed1n v\u00e0 x\u1ee9ng \u0111\u00e1ng \u0111\u01b0\u1ee3c h\u1ed9i nh\u1eadp v\u00e0 h\u00f2a nh\u1eadp v\u00e0o c\u1ed9ng \u0111\u1ed3ng, kh\u00f4ng b\u1ecb c\u00e1ch ly v\u00e0 c\u00f4 l\u1eadp.<\/li><li>Qu\u00fd v\u1ecb mu\u1ed1n \u0111\u01b0\u1ee3c t\u1ef1 do, kh\u00f4ng b\u1ecb giam h\u00e3m. <span class=\"footnote_referrer\"><a role=\"button\" tabindex=\"0\" onclick=\"footnote_moveToReference_1706_1('footnote_plugin_reference_1706_1_1');\" onkeypress=\"footnote_moveToReference_1706_1('footnote_plugin_reference_1706_1_1');\" ><sup id=\"footnote_plugin_tooltip_1706_1_1\" class=\"footnote_plugin_tooltip_text\">[1]<\/sup><\/a><span id=\"footnote_plugin_tooltip_text_1706_1_1\" class=\"footnote_tooltip\">Nh\u1eefng gi\u00e1 tr\u1ecb c\u0103n b\u1ea3n n\u1eb1m sau c\u00e1c lu\u1eadt nh\u01b0 l\u00e0 \u0110\u1ea1o Lu\u1eadt Lanterman v\u00e0 \u0110\u1ea1o Lu\u1eadt Ng\u01b0\u1eddi M\u1ef9 Khuy\u1ebft T\u1eadt y\u00eau c\u1ea7u gi\u1ea3 \u0111\u1ecbnh r\u1eb1ng k\u1ec3 c\u1ea3 nh\u1eefng ng\u01b0\u1eddi kh\u00f4ng&nbsp;&#x2026; <span class=\"footnote_tooltip_continue\"  onclick=\"footnote_moveToReference_1706_1('footnote_plugin_reference_1706_1_1');\">Continue reading<\/span><\/span><\/span><script type=\"text\/javascript\"> jQuery('#footnote_plugin_tooltip_1706_1_1').tooltip({ tip: '#footnote_plugin_tooltip_text_1706_1_1', tipClass: 'footnote_tooltip', effect: 'fade', predelay: 0, fadeInSpeed: 200, delay: 400, fadeOutSpeed: 200, position: 'top center', relative: true, offset: [-7, 0], });<\/script><\/li><\/ul>\n<div class=\"speaker-mute footnotes_reference_container\"> <div class=\"footnote_container_prepare\"><p><span role=\"button\" tabindex=\"0\" class=\"footnote_reference_container_label pointer\" onclick=\"footnote_expand_collapse_reference_container_1706_1();\">&#x202F;<\/span><span role=\"button\" tabindex=\"0\" class=\"footnote_reference_container_collapse_button\" style=\"display: none;\" onclick=\"footnote_expand_collapse_reference_container_1706_1();\">[<a id=\"footnote_reference_container_collapse_button_1706_1\">+<\/a>]<\/span><\/p><\/div> <div id=\"footnote_references_container_1706_1\" style=\"\"><table class=\"footnotes_table footnote-reference-container\"><caption class=\"accessibility\">References<\/caption> <tbody> \r\n\r\n<tr class=\"footnotes_plugin_reference_row\"> <th scope=\"row\" class=\"footnote_plugin_index_combi pointer\"  onclick=\"footnote_moveToAnchor_1706_1('footnote_plugin_tooltip_1706_1_1');\"><a id=\"footnote_plugin_reference_1706_1_1\" class=\"footnote_backlink\"><span class=\"footnote_index_arrow\">&#8593;<\/span>1<\/a><\/th> <td class=\"footnote_plugin_text\">Nh\u1eefng gi\u00e1 tr\u1ecb c\u0103n b\u1ea3n n\u1eb1m sau c\u00e1c lu\u1eadt nh\u01b0 l\u00e0 \u0110\u1ea1o Lu\u1eadt Lanterman v\u00e0 \u0110\u1ea1o Lu\u1eadt Ng\u01b0\u1eddi M\u1ef9 Khuy\u1ebft T\u1eadt y\u00eau c\u1ea7u gi\u1ea3 \u0111\u1ecbnh r\u1eb1ng k\u1ec3 c\u1ea3 nh\u1eefng ng\u01b0\u1eddi kh\u00f4ng th\u1ec3 b\u00e0y t\u1ecf s\u1edf th\u00edch c\u1ee7a h\u1ecd c\u0169ng s\u1ebd th\u00edch v\u00e0 x\u1ee9ng \u0111\u00e1ng \u0111\u01b0\u1ee3c s\u1ed1ng trong m\u00f4i tr\u01b0\u1eddng \u00edt h\u1ea1n ch\u1ebf nh\u1ea5t.<\/td><\/tr>\r\n\r\n <\/tbody> <\/table> <\/div><\/div><script type=\"text\/javascript\"> function footnote_expand_reference_container_1706_1() { jQuery('#footnote_references_container_1706_1').show(); jQuery('#footnote_reference_container_collapse_button_1706_1').text('\u2212'); } function footnote_collapse_reference_container_1706_1() { jQuery('#footnote_references_container_1706_1').hide(); jQuery('#footnote_reference_container_collapse_button_1706_1').text('+'); } function footnote_expand_collapse_reference_container_1706_1() { if (jQuery('#footnote_references_container_1706_1').is(':hidden')) { footnote_expand_reference_container_1706_1(); } else { footnote_collapse_reference_container_1706_1(); } } function footnote_moveToReference_1706_1(p_str_TargetID) { footnote_expand_reference_container_1706_1(); var l_obj_Target = jQuery('#' + p_str_TargetID); if (l_obj_Target.length) { jQuery( 'html, body' ).delay( 0 ); jQuery('html, body').animate({ scrollTop: l_obj_Target.offset().top - window.innerHeight * 0.2 }, 380); } } function footnote_moveToAnchor_1706_1(p_str_TargetID) { footnote_expand_reference_container_1706_1(); var l_obj_Target = jQuery('#' + p_str_TargetID); if (l_obj_Target.length) { jQuery( 'html, body' ).delay( 0 ); jQuery('html, body').animate({ scrollTop: l_obj_Target.offset().top - window.innerHeight * 0.2 }, 380); } }<\/script>","protected":false},"excerpt":{"rendered":"<p>N\u1ebfu qu\u00fd v\u1ecb kh\u00f4ng th\u1ec3 d\u00f9ng ng\u00f4n t\u1eeb \u0111\u1ec3 cho bi\u1ebft nh\u1eefng \u0111i\u1ec1u qu\u00fd v\u1ecb mu\u1ed1n, nh\u00f3m IPP c\u00f3 th\u1ec3 nh\u00ecn v\u00e0o h\u00e0nh \u0111\u1ed9ng v\u00e0&hellip;<\/p>\n","protected":false},"author":1,"featured_media":0,"parent":1650,"menu_order":17,"comment_status":"closed","ping_status":"closed","template":"","meta":{"footnotes":""},"class_list":["post-1706","page","type-page","status-publish","hentry"],"_links":{"self":[{"href":"https:\/\/rula.disabilityrightsca.org\/vi\/wp-json\/wp\/v2\/pages\/1706","targetHints":{"allow":["GET"]}}],"collection":[{"href":"https:\/\/rula.disabilityrightsca.org\/vi\/wp-json\/wp\/v2\/pages"}],"about":[{"href":"https:\/\/rula.disabilityrightsca.org\/vi\/wp-json\/wp\/v2\/types\/page"}],"author":[{"embeddable":true,"href":"https:\/\/rula.disabilityrightsca.org\/vi\/wp-json\/wp\/v2\/users\/1"}],"replies":[{"embeddable":true,"href":"https:\/\/rula.disabilityrightsca.org\/vi\/wp-json\/wp\/v2\/comments?post=1706"}],"version-history":[{"count":3,"href":"https:\/\/rula.disabilityrightsca.org\/vi\/wp-json\/wp\/v2\/pages\/1706\/revisions"}],"predecessor-version":[{"id":3156,"href":"https:\/\/rula.disabilityrightsca.org\/vi\/wp-json\/wp\/v2\/pages\/1706\/revisions\/3156"}],"up":[{"embeddable":true,"href":"https:\/\/rula.disabilityrightsca.org\/vi\/wp-json\/wp\/v2\/pages\/1650"}],"wp:attachment":[{"href":"https:\/\/rula.disabilityrightsca.org\/vi\/wp-json\/wp\/v2\/media?parent=1706"}],"curies":[{"name":"wp","href":"https:\/\/api.w.org\/{rel}","templated":true}]}}