{"id":1704,"date":"2021-09-03T16:00:58","date_gmt":"2021-09-03T16:00:58","guid":{"rendered":"http:\/\/www.rula.disabilityrightsca.org\/vi\/?page_id=1704"},"modified":"2022-04-22T18:22:20","modified_gmt":"2022-04-22T18:22:20","slug":"8-16-am-i-ready-to-move-out-of-a-developmental-center","status":"publish","type":"page","link":"https:\/\/rula.disabilityrightsca.org\/vi\/rula-book\/chapter-8-how-to-stay-out-of-an-institution\/8-16-am-i-ready-to-move-out-of-a-developmental-center\/","title":{"rendered":"(8.16) T\u00f4i c\u00f3 s\u1eb5n s\u00e0ng chuy\u1ec3n ra ngo\u00e0i trung t\u00e2m ph\u00e1t tri\u1ec3n kh\u00f4ng?"},"content":{"rendered":"\n<p><em>\u0110\u00e2y l\u00e0 m\u1ed9t c\u00e2u h\u1ecfi kh\u00f4ng c\u00f3 \u0111\u00e1p \u00e1n ch\u00ednh x\u00e1c. <\/em>Vi\u1ec7c qu\u00fd v\u1ecb c\u00f3&nbsp;<em>s\u1eb5n s\u00e0ng<\/em>&nbsp;kh\u00f4ng hay c\u00e1c d\u1ecbch v\u1ee5 qu\u00fd v\u1ecb c\u1ea7n hi\u1ec7n \u0111ang c\u00f3 s\u1eb5n kh\u00f4ng \u0111\u1ec1u kh\u00f4ng quan tr\u1ecdng. \u0110i\u1ec1u quan tr\u1ecdng l\u00e0 qu\u00fd v\u1ecb c\u00f3&nbsp;<em>quy\u1ec1n<\/em>&nbsp;nh\u1eadn \u0111\u01b0\u1ee3c c\u00e1c d\u1ecbch v\u1ee5 v\u00e0 s\u1ef1 h\u1ed7 tr\u1ee3 qu\u00fd v\u1ecb c\u1ea7n v\u00e0 mu\u1ed1n, c\u0169ng nh\u01b0 s\u1ed1ng trong m\u00f4i tr\u01b0\u1eddng c\u1ed9ng \u0111\u1ed3ng h\u00f2a nh\u1eadp t\u1ed1i \u0111a c\u00f3 th\u1ec3.<\/p>\n\n\n\n<p>N\u1ebfu qu\u00fd v\u1ecb s\u1ed1ng trong Porterville DC ho\u1eb7c Canyon Springs, nh\u00f3m IPP c\u1ee7a qu\u00fd v\u1ecb kh\u00f4ng n\u00ean h\u1ecfi qu\u00fd v\u1ecb&nbsp;<em>s\u1eb5n s\u00e0ng<\/em>&nbsp;ch\u01b0a. H\u1ecd n\u00ean h\u1ecfi:<\/p>\n\n\n\n<ul class=\"wp-block-list\"><li>Nh\u1eefng d\u1ecbch v\u1ee5 v\u00e0 s\u1ef1 h\u1ed7 tr\u1ee3 n\u00e0o s\u1ebd \u0111\u00e1p \u1ee9ng nhu c\u1ea7u v\u00e0 mong mu\u1ed1n c\u1ee7a qu\u00fd v\u1ecb trong m\u00f4i tr\u01b0\u1eddng c\u1ed9ng \u0111\u1ed3ng v\u00e0 cho ph\u00e9p qu\u00fd v\u1ecb tham gia c\u00e1c ho\u1ea1t \u0111\u1ed9ng c\u1ed9ng \u0111\u1ed3ng?<\/li><li>\u0110i\u1ec1u g\u00ec ng\u0103n c\u1ea3n qu\u00fd v\u1ecb s\u1ed1ng trong c\u1ed9ng \u0111\u1ed3ng hi\u1ec7n t\u1ea1i?<\/li><li>Ch\u00fang ta n\u00ean th\u1ef1c hi\u1ec7n nh\u1eefng b\u01b0\u1edbc g\u00ec \u0111\u1ec3 qu\u00fd v\u1ecb c\u00f3 th\u1ec3 s\u1ed1ng trong c\u1ed9ng \u0111\u1ed3ng?<\/li><li>Ch\u00fang ta n\u00ean t\u00ecm ho\u1eb7c ph\u00e1t tri\u1ec3n nh\u1eefng d\u1ecbch v\u1ee5 v\u00e0 s\u1ef1 h\u1ed7 tr\u1ee3 n\u00e0o \u0111\u1ec3 qu\u00fd v\u1ecb c\u00f3 th\u1ec3 s\u1ed1ng trong c\u1ed9ng \u0111\u1ed3ng m\u1ed9t c\u00e1ch an to\u00e0n v\u00e0 ph\u00f9 h\u1ee3p?<\/li><\/ul>\n","protected":false},"excerpt":{"rendered":"<p>\u0110\u00e2y l\u00e0 m\u1ed9t c\u00e2u h\u1ecfi kh\u00f4ng c\u00f3 \u0111\u00e1p \u00e1n ch\u00ednh x\u00e1c. Vi\u1ec7c qu\u00fd v\u1ecb c\u00f3&nbsp;s\u1eb5n s\u00e0ng&nbsp;kh\u00f4ng hay c\u00e1c d\u1ecbch v\u1ee5 qu\u00fd v\u1ecb c\u1ea7n hi\u1ec7n \u0111ang&hellip;<\/p>\n","protected":false},"author":1,"featured_media":0,"parent":1650,"menu_order":16,"comment_status":"closed","ping_status":"closed","template":"","meta":{"footnotes":""},"class_list":["post-1704","page","type-page","status-publish","hentry"],"_links":{"self":[{"href":"https:\/\/rula.disabilityrightsca.org\/vi\/wp-json\/wp\/v2\/pages\/1704","targetHints":{"allow":["GET"]}}],"collection":[{"href":"https:\/\/rula.disabilityrightsca.org\/vi\/wp-json\/wp\/v2\/pages"}],"about":[{"href":"https:\/\/rula.disabilityrightsca.org\/vi\/wp-json\/wp\/v2\/types\/page"}],"author":[{"embeddable":true,"href":"https:\/\/rula.disabilityrightsca.org\/vi\/wp-json\/wp\/v2\/users\/1"}],"replies":[{"embeddable":true,"href":"https:\/\/rula.disabilityrightsca.org\/vi\/wp-json\/wp\/v2\/comments?post=1704"}],"version-history":[{"count":3,"href":"https:\/\/rula.disabilityrightsca.org\/vi\/wp-json\/wp\/v2\/pages\/1704\/revisions"}],"predecessor-version":[{"id":3170,"href":"https:\/\/rula.disabilityrightsca.org\/vi\/wp-json\/wp\/v2\/pages\/1704\/revisions\/3170"}],"up":[{"embeddable":true,"href":"https:\/\/rula.disabilityrightsca.org\/vi\/wp-json\/wp\/v2\/pages\/1650"}],"wp:attachment":[{"href":"https:\/\/rula.disabilityrightsca.org\/vi\/wp-json\/wp\/v2\/media?parent=1704"}],"curies":[{"name":"wp","href":"https:\/\/api.w.org\/{rel}","templated":true}]}}