{"id":1702,"date":"2021-09-03T16:00:06","date_gmt":"2021-09-03T16:00:06","guid":{"rendered":"http:\/\/www.rula.disabilityrightsca.org\/vi\/?page_id=1702"},"modified":"2022-04-22T18:22:09","modified_gmt":"2022-04-22T18:22:09","slug":"8-15-can-i-move-out-of-a-developmental-center-if-i-am-not-in-the-cpp","status":"publish","type":"page","link":"https:\/\/rula.disabilityrightsca.org\/vi\/rula-book\/chapter-8-how-to-stay-out-of-an-institution\/8-15-can-i-move-out-of-a-developmental-center-if-i-am-not-in-the-cpp\/","title":{"rendered":"(8.15) T\u00f4i c\u00f3 th\u1ec3 chuy\u1ec3n ra ngo\u00e0i trung t\u00e2m ph\u00e1t tri\u1ec3n n\u1ebfu t\u00f4i kh\u00f4ng c\u00f3 trong CPP kh\u00f4ng?"},"content":{"rendered":"\n<p>C\u00f3. Qu\u00fd v\u1ecb v\u1eabn c\u00f3 c\u00e1c quy\u1ec1n theo \u0110\u1ea1o Lu\u1eadt Lanterman, bao g\u1ed3m quy\u1ec1n \u0111\u01b0\u1ee3c \u0111\u00e1nh gi\u00e1, l\u1eadp k\u1ebf ho\u1ea1ch t\u1eadp trung v\u00e0o con ng\u01b0\u1eddi v\u00e0 s\u1ed1ng trong m\u1ed9t m\u00f4i tr\u01b0\u1eddng h\u00f2a nh\u1eadp nh\u1ea5t, \u00edt h\u1ea1n ch\u1ebf nh\u1ea5t.<\/p>\n\n\n\n<p>N\u1ebfu qu\u00fd v\u1ecb kh\u00f4ng n\u1eb1m trong danh s\u00e1ch CPP, trung t\u00e2m khu v\u1ef1c c\u1ee7a qu\u00fd v\u1ecb s\u1ebd kh\u00f4ng nh\u1eadn \u0111\u01b0\u1ee3c th\u00eam ti\u1ec1n \u0111\u1ec3 gi\u00fap qu\u00fd v\u1ecb chuy\u1ec3n \u0111\u1ebfn m\u00f4i tr\u01b0\u1eddng trong c\u1ed9ng \u0111\u1ed3ng. Tuy nhi\u00ean, qu\u00fd v\u1ecb c\u00f3 quy\u1ec1n nh\u1eadn c\u00e1c d\u1ecbch v\u1ee5 v\u00e0 s\u1ef1 h\u1ed7 tr\u1ee3 \u0111\u01b0\u1ee3c li\u1ec7t k\u00ea trong IPP, cho ph\u00e9p qu\u00fd v\u1ecb s\u1ed1ng trong m\u00f4i tr\u01b0\u1eddng h\u00f2a nh\u1eadp nh\u1ea5t c\u00f3 th\u1ec3. Qu\u00fd v\u1ecb c\u0169ng c\u00f3 th\u1ec3 nh\u1eadn \u0111\u01b0\u1ee3c c\u00e1c d\u1ecbch v\u1ee5 c\u1ea7n thi\u1ebft \u0111\u1ec3 chuy\u1ec3n ra ngo\u00e0i DC ho\u1eb7c \u0111\u1ec3 tr\u00e1nh b\u1ecb s\u1eafp x\u1ebfp v\u00e0o DC. \u0110\u00f4i khi, qu\u00fd v\u1ecb c\u00f3 th\u1ec3 ph\u1ea3i ra t\u00f2a \u0111\u1ec3 th\u1ef1c thi quy\u1ec1n kh\u00f4ng ph\u1ea3i s\u1ed1ng trong DC c\u1ee7a qu\u00fd v\u1ecb.<\/p>\n","protected":false},"excerpt":{"rendered":"<p>C\u00f3. Qu\u00fd v\u1ecb v\u1eabn c\u00f3 c\u00e1c quy\u1ec1n theo \u0110\u1ea1o Lu\u1eadt Lanterman, bao g\u1ed3m quy\u1ec1n \u0111\u01b0\u1ee3c \u0111\u00e1nh gi\u00e1, l\u1eadp k\u1ebf ho\u1ea1ch t\u1eadp trung v\u00e0o con ng\u01b0\u1eddi&hellip;<\/p>\n","protected":false},"author":1,"featured_media":0,"parent":1650,"menu_order":15,"comment_status":"closed","ping_status":"closed","template":"","meta":{"footnotes":""},"class_list":["post-1702","page","type-page","status-publish","hentry"],"_links":{"self":[{"href":"https:\/\/rula.disabilityrightsca.org\/vi\/wp-json\/wp\/v2\/pages\/1702","targetHints":{"allow":["GET"]}}],"collection":[{"href":"https:\/\/rula.disabilityrightsca.org\/vi\/wp-json\/wp\/v2\/pages"}],"about":[{"href":"https:\/\/rula.disabilityrightsca.org\/vi\/wp-json\/wp\/v2\/types\/page"}],"author":[{"embeddable":true,"href":"https:\/\/rula.disabilityrightsca.org\/vi\/wp-json\/wp\/v2\/users\/1"}],"replies":[{"embeddable":true,"href":"https:\/\/rula.disabilityrightsca.org\/vi\/wp-json\/wp\/v2\/comments?post=1702"}],"version-history":[{"count":2,"href":"https:\/\/rula.disabilityrightsca.org\/vi\/wp-json\/wp\/v2\/pages\/1702\/revisions"}],"predecessor-version":[{"id":3148,"href":"https:\/\/rula.disabilityrightsca.org\/vi\/wp-json\/wp\/v2\/pages\/1702\/revisions\/3148"}],"up":[{"embeddable":true,"href":"https:\/\/rula.disabilityrightsca.org\/vi\/wp-json\/wp\/v2\/pages\/1650"}],"wp:attachment":[{"href":"https:\/\/rula.disabilityrightsca.org\/vi\/wp-json\/wp\/v2\/media?parent=1702"}],"curies":[{"name":"wp","href":"https:\/\/api.w.org\/{rel}","templated":true}]}}