{"id":1700,"date":"2021-09-03T00:02:24","date_gmt":"2021-09-03T00:02:24","guid":{"rendered":"http:\/\/www.rula.disabilityrightsca.org\/vi\/?page_id=1700"},"modified":"2022-04-22T18:21:53","modified_gmt":"2022-04-22T18:21:53","slug":"8-14-what-is-the-community-placement-plan-cpp","status":"publish","type":"page","link":"https:\/\/rula.disabilityrightsca.org\/vi\/rula-book\/chapter-8-how-to-stay-out-of-an-institution\/8-14-what-is-the-community-placement-plan-cpp\/","title":{"rendered":"(8.14) K\u1ebf Ho\u1ea1ch S\u1eafp X\u1ebfp Trong C\u1ed9ng \u0110\u1ed3ng (Community Placement Plan, CPP) l\u00e0 g\u00ec?"},"content":{"rendered":"\n<p>K\u1ebf Ho\u1ea1ch S\u1eafp X\u1ebfp Trong C\u1ed9ng \u0110\u1ed3ng (CPP) bao g\u1ed3m nhi\u1ec1u th\u00f4ng tin v\u1ec1 c\u00e1c n\u1ed7 l\u1ef1c c\u1ee7a trung t\u00e2m khu v\u1ef1c v\u00e0 ti\u1ec3u bang nh\u1eb1m ph\u1ee5c v\u1ee5 m\u1ecdi ng\u01b0\u1eddi trong c\u1ed9ng \u0111\u1ed3ng. CPP bao g\u1ed3m th\u00f4ng tin v\u1ec1:<\/p>\n\n\n\n<ul class=\"wp-block-list\"><li>S\u1ed1 ng\u01b0\u1eddi v\u00e0o DC v\u00e0 c\u00e1c l\u00fd do.<\/li><li>S\u1ed1 ng\u01b0\u1eddi nh\u1eadn c\u00e1c th\u1ea9m \u0111\u1ecbnh c\u1ee7a RRDP v\u00e0 k\u1ebft qu\u1ea3 c\u1ee7a nh\u1eefng th\u1ea9m \u0111\u1ecbnh \u0111\u00f3 c\u00f9ng v\u1edbi vi\u1ec7c c\u00e1c d\u1ecbch v\u1ee5 v\u00e0 s\u1ef1 h\u1ed7 tr\u1ee3 trong c\u1ed9ng \u0111\u1ed3ng c\u00f3 th\u00e0nh c\u00f4ng trong vi\u1ec7c h\u1ed7 tr\u1ee3 m\u1ecdi ng\u01b0\u1eddi \u1edf l\u1ea1i c\u1ed9ng \u0111\u1ed3ng kh\u00f4ng v\u00e0 c\u00e1c nhu c\u1ea7u kh\u00f4ng \u0111\u01b0\u1ee3c \u0111\u00e1p \u1ee9ng c\u1ee7a nh\u1eefng ng\u01b0\u1eddi \u0111\u00e3 v\u00e0o DC.<\/li><li>Ti\u1ebfn b\u1ed9 \u0111\u1ea1t \u0111\u01b0\u1ee3c trong qu\u00e1 tr\u00ecnh ph\u00e1t tri\u1ec3n c\u00e1c d\u1ecbch v\u1ee5 chuy\u00ean bi\u1ec7t to\u00e0n ti\u1ec3u bang, bao g\u1ed3m c\u00e1c l\u1ef1a ch\u1ecdn can thi\u1ec7p kh\u1ee7ng ho\u1ea3ng trong c\u1ed9ng \u0111\u1ed3ng. <span class=\"footnote_referrer\"><a role=\"button\" tabindex=\"0\" onclick=\"footnote_moveToReference_1700_1('footnote_plugin_reference_1700_1_1');\" onkeypress=\"footnote_moveToReference_1700_1('footnote_plugin_reference_1700_1_1');\" ><sup id=\"footnote_plugin_tooltip_1700_1_1\" class=\"footnote_plugin_tooltip_text\">[1]<\/sup><\/a><span id=\"footnote_plugin_tooltip_text_1700_1_1\" class=\"footnote_tooltip\">M\u1ee5c 4418.25.<\/span><\/span><script type=\"text\/javascript\"> jQuery('#footnote_plugin_tooltip_1700_1_1').tooltip({ tip: '#footnote_plugin_tooltip_text_1700_1_1', tipClass: 'footnote_tooltip', effect: 'fade', predelay: 0, fadeInSpeed: 200, delay: 400, fadeOutSpeed: 200, position: 'top center', relative: true, offset: [-7, 0], });<\/script><\/li><\/ul>\n\n\n\n<p>H\u00e0ng n\u0103m, trung t\u00e2m khu v\u1ef1c nh\u1eadn th\u00eam ti\u1ec1n \u0111\u1ec3 th\u1ef1c hi\u1ec7n c\u00e1c \u0111\u00e1nh gi\u00e1, l\u1eadp k\u1ebf ho\u1ea1ch c\u00e1c ch\u01b0\u01a1ng tr\u00ecnh v\u00e0 cung c\u1ea5p c\u00e1c ngu\u1ed3n l\u1ef1c, d\u1ecbch v\u1ee5 v\u00e0 s\u1ef1 h\u1ed7 tr\u1ee3 \u0111\u1ec3 gi\u00fap m\u1ecdi ng\u01b0\u1eddi s\u1ed1ng trong c\u1ed9ng \u0111\u1ed3ng. <span class=\"footnote_referrer\"><a role=\"button\" tabindex=\"0\" onclick=\"footnote_moveToReference_1700_1('footnote_plugin_reference_1700_1_2');\" onkeypress=\"footnote_moveToReference_1700_1('footnote_plugin_reference_1700_1_2');\" ><sup id=\"footnote_plugin_tooltip_1700_1_2\" class=\"footnote_plugin_tooltip_text\">[2]<\/sup><\/a><span id=\"footnote_plugin_tooltip_text_1700_1_2\" class=\"footnote_tooltip\">C\u00e1c M\u1ee5c 4418.25 v\u00e0 4679.<\/span><\/span><script type=\"text\/javascript\"> jQuery('#footnote_plugin_tooltip_1700_1_2').tooltip({ tip: '#footnote_plugin_tooltip_text_1700_1_2', tipClass: 'footnote_tooltip', effect: 'fade', predelay: 0, fadeInSpeed: 200, delay: 400, fadeOutSpeed: 200, position: 'top center', relative: true, offset: [-7, 0], });<\/script>&nbsp;C\u00e1c trung t\u00e2m khu v\u1ef1c x\u00e1c \u0111\u1ecbnh s\u1ed1 l\u01b0\u1ee3ng ng\u01b0\u1eddi \u0111\u01b0\u1ee3c \u0111\u01b0a v\u00e0o CPP m\u1ed7i n\u0103m. \u0110\u1ec3 t\u00ecm hi\u1ec3u v\u1ec1 m\u1ee9c \u0111\u1ed9 ho\u1ea1t \u0111\u1ed9ng hi\u1ec7u qu\u1ea3 theo CPP c\u1ee7a trung t\u00e2m khu v\u1ef1c, h\u00e3y li\u00ean h\u1ec7 v\u1edbi DDS. <span class=\"footnote_referrer\"><a role=\"button\" tabindex=\"0\" onclick=\"footnote_moveToReference_1700_1('footnote_plugin_reference_1700_1_3');\" onkeypress=\"footnote_moveToReference_1700_1('footnote_plugin_reference_1700_1_3');\" ><sup id=\"footnote_plugin_tooltip_1700_1_3\" class=\"footnote_plugin_tooltip_text\">[3]<\/sup><\/a><span id=\"footnote_plugin_tooltip_text_1700_1_3\" class=\"footnote_tooltip\">M\u1ee5c 4418.25(c)&amp;(d).<\/span><\/span><script type=\"text\/javascript\"> jQuery('#footnote_plugin_tooltip_1700_1_3').tooltip({ tip: '#footnote_plugin_tooltip_text_1700_1_3', tipClass: 'footnote_tooltip', effect: 'fade', predelay: 0, fadeInSpeed: 200, delay: 400, fadeOutSpeed: 200, position: 'top center', relative: true, offset: [-7, 0], });<\/script><\/p>\n<div class=\"speaker-mute footnotes_reference_container\"> <div class=\"footnote_container_prepare\"><p><span role=\"button\" tabindex=\"0\" class=\"footnote_reference_container_label pointer\" onclick=\"footnote_expand_collapse_reference_container_1700_1();\">&#x202F;<\/span><span role=\"button\" tabindex=\"0\" class=\"footnote_reference_container_collapse_button\" style=\"display: none;\" onclick=\"footnote_expand_collapse_reference_container_1700_1();\">[<a id=\"footnote_reference_container_collapse_button_1700_1\">+<\/a>]<\/span><\/p><\/div> <div id=\"footnote_references_container_1700_1\" style=\"\"><table class=\"footnotes_table footnote-reference-container\"><caption class=\"accessibility\">References<\/caption> <tbody> \r\n\r\n<tr class=\"footnotes_plugin_reference_row\"> <th scope=\"row\" class=\"footnote_plugin_index_combi pointer\"  onclick=\"footnote_moveToAnchor_1700_1('footnote_plugin_tooltip_1700_1_1');\"><a id=\"footnote_plugin_reference_1700_1_1\" class=\"footnote_backlink\"><span class=\"footnote_index_arrow\">&#8593;<\/span>1<\/a><\/th> <td class=\"footnote_plugin_text\">M\u1ee5c 4418.25.<\/td><\/tr>\r\n\r\n<tr class=\"footnotes_plugin_reference_row\"> <th scope=\"row\" class=\"footnote_plugin_index_combi pointer\"  onclick=\"footnote_moveToAnchor_1700_1('footnote_plugin_tooltip_1700_1_2');\"><a id=\"footnote_plugin_reference_1700_1_2\" class=\"footnote_backlink\"><span class=\"footnote_index_arrow\">&#8593;<\/span>2<\/a><\/th> <td class=\"footnote_plugin_text\">C\u00e1c M\u1ee5c 4418.25 v\u00e0 4679.<\/td><\/tr>\r\n\r\n<tr class=\"footnotes_plugin_reference_row\"> <th scope=\"row\" class=\"footnote_plugin_index_combi pointer\"  onclick=\"footnote_moveToAnchor_1700_1('footnote_plugin_tooltip_1700_1_3');\"><a id=\"footnote_plugin_reference_1700_1_3\" class=\"footnote_backlink\"><span class=\"footnote_index_arrow\">&#8593;<\/span>3<\/a><\/th> <td class=\"footnote_plugin_text\">M\u1ee5c 4418.25(c)&amp;(d).<\/td><\/tr>\r\n\r\n <\/tbody> <\/table> <\/div><\/div><script type=\"text\/javascript\"> function footnote_expand_reference_container_1700_1() { jQuery('#footnote_references_container_1700_1').show(); jQuery('#footnote_reference_container_collapse_button_1700_1').text('\u2212'); } function footnote_collapse_reference_container_1700_1() { jQuery('#footnote_references_container_1700_1').hide(); jQuery('#footnote_reference_container_collapse_button_1700_1').text('+'); } function footnote_expand_collapse_reference_container_1700_1() { if (jQuery('#footnote_references_container_1700_1').is(':hidden')) { footnote_expand_reference_container_1700_1(); } else { footnote_collapse_reference_container_1700_1(); } } function footnote_moveToReference_1700_1(p_str_TargetID) { footnote_expand_reference_container_1700_1(); var l_obj_Target = jQuery('#' + p_str_TargetID); if (l_obj_Target.length) { jQuery( 'html, body' ).delay( 0 ); jQuery('html, body').animate({ scrollTop: l_obj_Target.offset().top - window.innerHeight * 0.2 }, 380); } } function footnote_moveToAnchor_1700_1(p_str_TargetID) { footnote_expand_reference_container_1700_1(); var l_obj_Target = jQuery('#' + p_str_TargetID); if (l_obj_Target.length) { jQuery( 'html, body' ).delay( 0 ); jQuery('html, body').animate({ scrollTop: l_obj_Target.offset().top - window.innerHeight * 0.2 }, 380); } }<\/script>","protected":false},"excerpt":{"rendered":"<p>K\u1ebf Ho\u1ea1ch S\u1eafp X\u1ebfp Trong C\u1ed9ng \u0110\u1ed3ng (CPP) bao g\u1ed3m nhi\u1ec1u th\u00f4ng tin v\u1ec1 c\u00e1c n\u1ed7 l\u1ef1c c\u1ee7a trung t\u00e2m khu v\u1ef1c v\u00e0 ti\u1ec3u bang&hellip;<\/p>\n","protected":false},"author":1,"featured_media":0,"parent":1650,"menu_order":14,"comment_status":"closed","ping_status":"closed","template":"","meta":{"footnotes":""},"class_list":["post-1700","page","type-page","status-publish","hentry"],"_links":{"self":[{"href":"https:\/\/rula.disabilityrightsca.org\/vi\/wp-json\/wp\/v2\/pages\/1700","targetHints":{"allow":["GET"]}}],"collection":[{"href":"https:\/\/rula.disabilityrightsca.org\/vi\/wp-json\/wp\/v2\/pages"}],"about":[{"href":"https:\/\/rula.disabilityrightsca.org\/vi\/wp-json\/wp\/v2\/types\/page"}],"author":[{"embeddable":true,"href":"https:\/\/rula.disabilityrightsca.org\/vi\/wp-json\/wp\/v2\/users\/1"}],"replies":[{"embeddable":true,"href":"https:\/\/rula.disabilityrightsca.org\/vi\/wp-json\/wp\/v2\/comments?post=1700"}],"version-history":[{"count":3,"href":"https:\/\/rula.disabilityrightsca.org\/vi\/wp-json\/wp\/v2\/pages\/1700\/revisions"}],"predecessor-version":[{"id":3169,"href":"https:\/\/rula.disabilityrightsca.org\/vi\/wp-json\/wp\/v2\/pages\/1700\/revisions\/3169"}],"up":[{"embeddable":true,"href":"https:\/\/rula.disabilityrightsca.org\/vi\/wp-json\/wp\/v2\/pages\/1650"}],"wp:attachment":[{"href":"https:\/\/rula.disabilityrightsca.org\/vi\/wp-json\/wp\/v2\/media?parent=1700"}],"curies":[{"name":"wp","href":"https:\/\/api.w.org\/{rel}","templated":true}]}}