{"id":1698,"date":"2021-09-02T23:54:36","date_gmt":"2021-09-02T23:54:36","guid":{"rendered":"http:\/\/www.rula.disabilityrightsca.org\/vi\/?page_id=1698"},"modified":"2022-04-22T18:21:42","modified_gmt":"2022-04-22T18:21:42","slug":"8-13-what-happens-if-i-am-having-problems-living-in-the-community","status":"publish","type":"page","link":"https:\/\/rula.disabilityrightsca.org\/vi\/rula-book\/chapter-8-how-to-stay-out-of-an-institution\/8-13-what-happens-if-i-am-having-problems-living-in-the-community\/","title":{"rendered":"(8.13) Chuy\u1ec7n g\u00ec x\u1ea3y ra n\u1ebfu t\u00f4i g\u1eb7p v\u1ea5n \u0111\u1ec1 v\u1edbi vi\u1ec7c s\u1ed1ng trong c\u1ed9ng \u0111\u1ed3ng?"},"content":{"rendered":"\n<p>Chuy\u1ec7n g\u00ec x\u1ea3y ra n\u1ebfu t\u00f4i g\u1eb7p v\u1ea5n \u0111\u1ec1 v\u1edbi vi\u1ec7c s\u1ed1ng trong c\u1ed9ng \u0111\u1ed3ng?<\/p>\n\n\n\n<p>RRDP l\u00e0 c\u00e1c c\u01a1 quan l\u00e0m vi\u1ec7c v\u1edbi trung t\u00e2m khu v\u1ef1c \u0111\u1ec3 gi\u00fap qu\u00fd v\u1ecb b\u1eb1ng c\u00e1ch trao \u0111\u1ed5i v\u1edbi nh\u00f3m l\u1eadp k\u1ebf ho\u1ea1ch v\u00e0 t\u00ecm c\u00e1c d\u1ecbch v\u1ee5 c\u00f9ng s\u1ef1 h\u1ed7 tr\u1ee3 c\u1ea7n thi\u1ebft \u0111\u1ec3 qu\u00fd v\u1ecb th\u00e0nh c\u00f4ng v\u1edbi vi\u1ec7c s\u1ed1ng trong c\u1ed9ng \u0111\u1ed3ng. <span class=\"footnote_referrer\"><a role=\"button\" tabindex=\"0\" onclick=\"footnote_moveToReference_1698_1('footnote_plugin_reference_1698_1_1');\" onkeypress=\"footnote_moveToReference_1698_1('footnote_plugin_reference_1698_1_1');\" ><sup id=\"footnote_plugin_tooltip_1698_1_1\" class=\"footnote_plugin_tooltip_text\">[1]<\/sup><\/a><span id=\"footnote_plugin_tooltip_text_1698_1_1\" class=\"footnote_tooltip\">M\u1ee5c 4418.3(b).<\/span><\/span><script type=\"text\/javascript\"> jQuery('#footnote_plugin_tooltip_1698_1_1').tooltip({ tip: '#footnote_plugin_tooltip_text_1698_1_1', tipClass: 'footnote_tooltip', effect: 'fade', predelay: 0, fadeInSpeed: 200, delay: 400, fadeOutSpeed: 200, position: 'top center', relative: true, offset: [-7, 0], });<\/script>&nbsp;RRDP xem x\u00e9t ho\u00e0n c\u1ea3nh c\u1ee7a qu\u00fd v\u1ecb, \u0111\u1ebfn th\u0103m qu\u00fd v\u1ecb (n\u1ebfu th\u00edch h\u1ee3p) v\u00e0 x\u00e1c \u0111\u1ecbnh nh\u1eefng \u0111i\u1ec1u ng\u0103n c\u1ea3n qu\u00fd v\u1ecb h\u00f2a nh\u1eadp v\u00e0o c\u1ed9ng \u0111\u1ed3ng. Sau \u0111\u00f3, h\u1ecd \u0111\u1ec1 xu\u1ea5t s\u1ef1 h\u1ed7 tr\u1ee3 s\u1ebd gi\u00fap qu\u00fd v\u1ecb \u1edf l\u1ea1i c\u1ed9ng \u0111\u1ed3ng. Qu\u00fd v\u1ecb ph\u1ea3i c\u00f3 cu\u1ed9c h\u1ecdp IPP v\u1edbi nh\u00e2n vi\u00ean RRDP, ng\u01b0\u1eddi c\u00f3 th\u1ec3 x\u00e1c \u0111\u1ecbnh c\u00e1ch \u0111\u00e1p \u1ee9ng c\u00e1c nhu c\u1ea7u c\u1ee7a qu\u00fd v\u1ecb trong c\u00e1c t\u00ecnh hu\u1ed1ng kh\u1ee7ng ho\u1ea3ng v\u00e0 ho\u00e0n c\u1ea3nh chung. <span class=\"footnote_referrer\"><a role=\"button\" tabindex=\"0\" onclick=\"footnote_moveToReference_1698_1('footnote_plugin_reference_1698_1_2');\" onkeypress=\"footnote_moveToReference_1698_1('footnote_plugin_reference_1698_1_2');\" ><sup id=\"footnote_plugin_tooltip_1698_1_2\" class=\"footnote_plugin_tooltip_text\">[2]<\/sup><\/a><span id=\"footnote_plugin_tooltip_text_1698_1_2\" class=\"footnote_tooltip\">M\u1ee5c 4418.7(a) &amp; (b).<\/span><\/span><script type=\"text\/javascript\"> jQuery('#footnote_plugin_tooltip_1698_1_2').tooltip({ tip: '#footnote_plugin_tooltip_text_1698_1_2', tipClass: 'footnote_tooltip', effect: 'fade', predelay: 0, fadeInSpeed: 200, delay: 400, fadeOutSpeed: 200, position: 'top center', relative: true, offset: [-7, 0], });<\/script><\/p>\n\n\n\n<p><strong><em>Quan tr\u1ecdng! <\/em><\/strong>N\u1ebfu c\u00f3 ng\u01b0\u1eddi \u0111e d\u1ecda \u0111\u01b0a qu\u00fd v\u1ecb v\u00e0o m\u00f4i tr\u01b0\u1eddng h\u1ea1n ch\u1ebf, h\u00e3y g\u1ecdi \u0111\u1ebfn RRDP v\u00e0 y\u00eau c\u1ea7u th\u1ef1c hi\u1ec7n \u0111\u00e1nh gi\u00e1. Truy c\u1eadp trang web c\u1ee7a DDS t\u1ea1i \u0111\u00e2y&nbsp;<a rel=\"noreferrer noopener\" href=\"https:\/\/www.dds.ca.gov\/services\/state-facilities\/regional-resource-development-projects\/\" target=\"_blank\">https:\/\/www.dds.ca.gov\/services\/state-facilities\/regional-resource-development-projects\/<\/a>&nbsp;\u0111\u1ec3 xem danh s\u00e1ch c\u00e1c RRDP.<\/p>\n<div class=\"speaker-mute footnotes_reference_container\"> <div class=\"footnote_container_prepare\"><p><span role=\"button\" tabindex=\"0\" class=\"footnote_reference_container_label pointer\" onclick=\"footnote_expand_collapse_reference_container_1698_1();\">&#x202F;<\/span><span role=\"button\" tabindex=\"0\" class=\"footnote_reference_container_collapse_button\" style=\"display: none;\" onclick=\"footnote_expand_collapse_reference_container_1698_1();\">[<a id=\"footnote_reference_container_collapse_button_1698_1\">+<\/a>]<\/span><\/p><\/div> <div id=\"footnote_references_container_1698_1\" style=\"\"><table class=\"footnotes_table footnote-reference-container\"><caption class=\"accessibility\">References<\/caption> <tbody> \r\n\r\n<tr class=\"footnotes_plugin_reference_row\"> <th scope=\"row\" class=\"footnote_plugin_index_combi pointer\"  onclick=\"footnote_moveToAnchor_1698_1('footnote_plugin_tooltip_1698_1_1');\"><a id=\"footnote_plugin_reference_1698_1_1\" class=\"footnote_backlink\"><span class=\"footnote_index_arrow\">&#8593;<\/span>1<\/a><\/th> <td class=\"footnote_plugin_text\">M\u1ee5c 4418.3(b).<\/td><\/tr>\r\n\r\n<tr class=\"footnotes_plugin_reference_row\"> <th scope=\"row\" class=\"footnote_plugin_index_combi pointer\"  onclick=\"footnote_moveToAnchor_1698_1('footnote_plugin_tooltip_1698_1_2');\"><a id=\"footnote_plugin_reference_1698_1_2\" class=\"footnote_backlink\"><span class=\"footnote_index_arrow\">&#8593;<\/span>2<\/a><\/th> <td class=\"footnote_plugin_text\">M\u1ee5c 4418.7(a) &amp; (b).<\/td><\/tr>\r\n\r\n <\/tbody> <\/table> <\/div><\/div><script type=\"text\/javascript\"> function footnote_expand_reference_container_1698_1() { jQuery('#footnote_references_container_1698_1').show(); jQuery('#footnote_reference_container_collapse_button_1698_1').text('\u2212'); } function footnote_collapse_reference_container_1698_1() { jQuery('#footnote_references_container_1698_1').hide(); jQuery('#footnote_reference_container_collapse_button_1698_1').text('+'); } function footnote_expand_collapse_reference_container_1698_1() { if (jQuery('#footnote_references_container_1698_1').is(':hidden')) { footnote_expand_reference_container_1698_1(); } else { footnote_collapse_reference_container_1698_1(); } } function footnote_moveToReference_1698_1(p_str_TargetID) { footnote_expand_reference_container_1698_1(); var l_obj_Target = jQuery('#' + p_str_TargetID); if (l_obj_Target.length) { jQuery( 'html, body' ).delay( 0 ); jQuery('html, body').animate({ scrollTop: l_obj_Target.offset().top - window.innerHeight * 0.2 }, 380); } } function footnote_moveToAnchor_1698_1(p_str_TargetID) { footnote_expand_reference_container_1698_1(); var l_obj_Target = jQuery('#' + p_str_TargetID); if (l_obj_Target.length) { jQuery( 'html, body' ).delay( 0 ); jQuery('html, body').animate({ scrollTop: l_obj_Target.offset().top - window.innerHeight * 0.2 }, 380); } }<\/script>","protected":false},"excerpt":{"rendered":"<p>Chuy\u1ec7n g\u00ec x\u1ea3y ra n\u1ebfu t\u00f4i g\u1eb7p v\u1ea5n \u0111\u1ec1 v\u1edbi vi\u1ec7c s\u1ed1ng trong c\u1ed9ng \u0111\u1ed3ng? RRDP l\u00e0 c\u00e1c c\u01a1 quan l\u00e0m vi\u1ec7c v\u1edbi trung t\u00e2m&hellip;<\/p>\n","protected":false},"author":1,"featured_media":0,"parent":1650,"menu_order":13,"comment_status":"closed","ping_status":"closed","template":"","meta":{"footnotes":""},"class_list":["post-1698","page","type-page","status-publish","hentry"],"_links":{"self":[{"href":"https:\/\/rula.disabilityrightsca.org\/vi\/wp-json\/wp\/v2\/pages\/1698","targetHints":{"allow":["GET"]}}],"collection":[{"href":"https:\/\/rula.disabilityrightsca.org\/vi\/wp-json\/wp\/v2\/pages"}],"about":[{"href":"https:\/\/rula.disabilityrightsca.org\/vi\/wp-json\/wp\/v2\/types\/page"}],"author":[{"embeddable":true,"href":"https:\/\/rula.disabilityrightsca.org\/vi\/wp-json\/wp\/v2\/users\/1"}],"replies":[{"embeddable":true,"href":"https:\/\/rula.disabilityrightsca.org\/vi\/wp-json\/wp\/v2\/comments?post=1698"}],"version-history":[{"count":4,"href":"https:\/\/rula.disabilityrightsca.org\/vi\/wp-json\/wp\/v2\/pages\/1698\/revisions"}],"predecessor-version":[{"id":3168,"href":"https:\/\/rula.disabilityrightsca.org\/vi\/wp-json\/wp\/v2\/pages\/1698\/revisions\/3168"}],"up":[{"embeddable":true,"href":"https:\/\/rula.disabilityrightsca.org\/vi\/wp-json\/wp\/v2\/pages\/1650"}],"wp:attachment":[{"href":"https:\/\/rula.disabilityrightsca.org\/vi\/wp-json\/wp\/v2\/media?parent=1698"}],"curies":[{"name":"wp","href":"https:\/\/api.w.org\/{rel}","templated":true}]}}