{"id":1696,"date":"2021-09-02T23:38:09","date_gmt":"2021-09-02T23:38:09","guid":{"rendered":"http:\/\/www.rula.disabilityrightsca.org\/vi\/?page_id=1696"},"modified":"2022-06-24T17:03:48","modified_gmt":"2022-06-24T17:03:48","slug":"8-12-how-do-i-know-what-deflection-services-are-available","status":"publish","type":"page","link":"https:\/\/rula.disabilityrightsca.org\/vi\/rula-book\/chapter-8-how-to-stay-out-of-an-institution\/8-12-how-do-i-know-what-deflection-services-are-available\/","title":{"rendered":"(8.12) L\u00e0m sao \u0111\u1ec3 bi\u1ebft nh\u1eefng d\u1ecbch v\u1ee5 chuy\u1ec3n h\u01b0\u1edbng n\u00e0o l\u00e0 c\u00f3 s\u1eb5n?"},"content":{"rendered":"\n<p>H\u00e3y h\u1ecfi \u0111i\u1ec1u ph\u1ed1i vi\u00ean d\u1ecbch v\u1ee5 t\u1ea1i trung t\u00e2m khu v\u1ef1c c\u1ee7a qu\u00fd v\u1ecb. Trung t\u00e2m khu v\u1ef1c ph\u1ea3i gi\u1edbi thi\u1ec7u qu\u00fd v\u1ecb th\u1ef1c hi\u1ec7n \u0111\u00e1nh gi\u00e1 n\u1ebfu vi\u1ec7c s\u1eafp x\u1ebfp trong c\u1ed9ng \u0111\u1ed3ng cho qu\u00fd v\u1ecb c\u00f3 nguy c\u01a1 kh\u00f4ng th\u00e0nh c\u00f4ng. \u0110\u00e2y \u0111\u01b0\u1ee3c g\u1ecdi l\u00e0 \u0111\u00e1nh gi\u00e1 4418.7. D\u1ef1 \u00c1n Ph\u00e1t Tri\u1ec3n Ngu\u1ed3n L\u1ef1c Khu V\u1ef1c (Regional Resource Development Projec, RRDP) s\u1ebd ho\u00e0n th\u00e0nh \u0111\u00e1nh gi\u00e1 n\u00e0y c\u1ee7a qu\u00fd v\u1ecb. \u0110\u00e1nh gi\u00e1 n\u00e0y s\u1ebd cho bi\u1ebft c\u00e1c s\u1eafp x\u1ebfp trong c\u1ed9ng \u0111\u1ed3ng, c\u00e1c d\u1ecbch v\u1ee5 v\u00e0 s\u1ef1 h\u1ed7 tr\u1ee3 qu\u00fd v\u1ecb c\u1ea7n \u0111\u1ec3 gi\u00fap qu\u00fd v\u1ecb \u1edf l\u1ea1i c\u1ed9ng \u0111\u1ed3ng. Xem c\u00e2u h\u1ecfi 14 \u0111\u1ec3 bi\u1ebft th\u00eam chi ti\u1ebft v\u1ec1 RRDP.<\/p>\n\n\n\n<p>M\u1ed9t ngu\u1ed3n l\u1ef1c kh\u00e1c l\u00e0 D\u1ecbch V\u1ee5 Can Thi\u1ec7p Kh\u1ee7ng Ho\u1ea3ng Linh \u0110\u1ed9ng. C\u00e1c trung t\u00e2m khu v\u1ef1c ph\u1ea3i cung c\u1ea5p D\u1ecbch V\u1ee5 Can Thi\u1ec7p Kh\u1ee7ng Ho\u1ea3ng Linh \u0110\u1ed9ng cho kh\u00e1ch h\u00e0ng. D\u1ecbch V\u1ee5 Can Thi\u1ec7p Kh\u1ee7ng Ho\u1ea3ng Linh \u0110\u1ed9ng c\u00f3 th\u1ec3 \u1ed5n \u0111\u1ecbnh v\u00e0 h\u1ed7 tr\u1ee3 qu\u00fd v\u1ecb trong vi\u1ec7c s\u1eafp x\u1ebfp n\u01a1i \u1edf hi\u1ec7n t\u1ea1i, ch\u01b0\u01a1ng tr\u00ecnh ban ng\u00e0y ho\u1eb7c t\u1ea1i tr\u01b0\u1eddng h\u1ecdc c\u1ee7a qu\u00fd v\u1ecb. H\u00e3y truy c\u1eadp v\u00e0o trang web c\u1ee7a DDS \u0111\u1ec3 bi\u1ebft th\u00eam th\u00f4ng tin v\u1ec1&nbsp;<a href=\"https:\/\/www.dds.ca.gov\/services\/crisis-safety-net-services\/mobile-crisis-services\/\">D\u1ecbch V\u1ee5 Can Thi\u1ec7p Kh\u1ee7ng Ho\u1ea3ng Linh \u0110\u1ed9ng<\/a>.<\/p>\n\n\n\n<p>Ngo\u00e0i ra c\u00f2n c\u00f3 c\u00e1c d\u1ecbch v\u1ee5 can thi\u1ec7p kh\u1ee7ng ho\u1ea3ng do ti\u1ec3u bang \u0111i\u1ec1u h\u00e0nh tr\u00ean to\u00e0n bang, \u0111\u01b0\u1ee3c g\u1ecdi l\u00e0 Nh\u00f3m \u1ed4n \u0110\u1ecbnh \u0110\u00e1nh Gi\u00e1 Kh\u1ee7ng Ho\u1ea3ng (Crisis Assessment Stabilization Teams, CAST). Trung t\u00e2m khu v\u1ef1c c\u1ee7a qu\u00fd v\u1ecb c\u00f3 th\u1ec3 gi\u1edbi thi\u1ec7u qu\u00fd v\u1ecb \u0111\u1ebfn CAST \u0111\u1ec3 \u0111\u01b0\u1ee3c tr\u1ee3 gi\u00fap n\u1ebfu h\u1ecd \u0111\u00e3 s\u1eed d\u1ee5ng t\u1ea5t c\u1ea3 c\u00e1c ngu\u1ed3n l\u1ef1c can thi\u1ec7p kh\u1ee7ng ho\u1ea3ng trong khu v\u1ef1c c\u1ee7a qu\u00fd v\u1ecb. CAST c\u00f3 th\u1ec3 tr\u1ee3 gi\u00fap n\u1ebfu qu\u00fd v\u1ecb \u0111ang g\u1eb7p nguy c\u01a1 ph\u1ea3i chuy\u1ec3n t\u1eeb c\u1ed9ng \u0111\u1ed3ng v\u00e0o m\u00f4i tr\u01b0\u1eddng h\u1ea1n ch\u1ebf h\u01a1n.<\/p>\n\n\n\n<p>Qu\u00fd v\u1ecb c\u00f3 th\u1ec3 nh\u1eadn&nbsp;<a href=\"https:\/\/www.dds.ca.gov\/services\/crisis-safety-net-services\/institutions-for-mental-disease-intensive-transition-services\/\">D\u1ecbch V\u1ee5 Chuy\u1ec3n Ti\u1ebfp Chuy\u00ean S\u00e2u c\u1ee7a C\u01a1 S\u1edf N\u1ed9i Tr\u00fa cho B\u1ec7nh T\u00e2m Th\u1ea7n (Institutions for Mental Disease Intensive Transition Services<\/a>&nbsp;IITS). IITS d\u00e0nh cho nh\u1eefng ng\u01b0\u1eddi b\u1ecb khuy\u1ebft t\u1eadt v\u1ec1 ph\u00e1t tri\u1ec3n \u0111\u1ed3ng th\u1eddi khuy\u1ebft t\u1eadt t\u00e2m th\u1ea7n c\u00f3 nguy c\u01a1 v\u00e0o IMD ho\u1eb7c \u0111ang chuy\u1ec3n t\u1eeb m\u1ed9t IMD, ho\u1eb7c \u0111ang chuy\u1ec3n t\u1eeb m\u1ed9t nh\u00e0 t\u1ea1m trong IMD v\u1ec1 c\u1ed9ng \u0111\u1ed3ng.<\/p>\n\n\n\n<p><a href=\"https:\/\/www.dds.ca.gov\/services\/crisis-safety-net-services\/institutions-for-mental-disease-step-down-homes\/\">Nh\u00e0 T\u1ea1m trong C\u01a1 S\u1edf N\u1ed9i Tr\u00fa cho B\u1ec7nh T\u00e2m Th\u1ea7n<\/a>d\u00e0nh cho nh\u1eefng ng\u01b0\u1eddi r\u1eddi kh\u1ecfi IMD ho\u1eb7c c\u00f3 nguy c\u01a1 v\u00e0o IMD. Nh\u1eefng nh\u00e0 n\u00e0y cung c\u1ea5p s\u1ef1 h\u1ed7 tr\u1ee3 v\u00e0 d\u1ecbch v\u1ee5 chuy\u00ean s\u00e2u t\u1eadp trung v\u00e0o con ng\u01b0\u1eddi, c\u00f3 c\u1ea5u tr\u00fac v\u00e0 ch\u00fa tr\u1ecdng ph\u00e1t tri\u1ec3n k\u1ef9 n\u0103ng.<\/p>\n\n\n\n<p>M\u1ecdi trung t\u00e2m khu v\u1ef1c ph\u1ea3i c\u00f3 th\u1ecfa thu\u1eadn v\u1edbi c\u00e1c c\u01a1 quan s\u1ee9c kh\u1ecfe t\u00e2m th\u1ea7n c\u1ee7a h\u1ea1t. Nh\u1eefng th\u1ecfa thu\u1eadn n\u00e0y \u0111\u01b0\u1ee3c g\u1ecdi l\u00e0&nbsp;<em>bi\u00ean b\u1ea3n ghi nh\u1edb<\/em>&nbsp;(g\u1ecdi t\u1eaft l\u00e0 MOU). Nh\u1eefng bi\u00ean b\u1ea3n n\u00e0y bao g\u1ed3m c\u00e1c k\u1ebf ho\u1ea1ch can thi\u1ec7p kh\u1ee7ng ho\u1ea3ng cho nh\u1eefng ng\u01b0\u1eddi l\u00e0 kh\u00e1ch h\u00e0ng c\u1ee7a trung t\u00e2m khu v\u1ef1c&nbsp;<em>v\u00e0<\/em>&nbsp;s\u1ee9c kh\u1ecfe t\u00e2m th\u1ea7n c\u1ee7a h\u1ea1t (ho\u1eb7c c\u00f3 th\u1ec3 h\u1ed9i \u0111\u1ee7 \u0111i\u1ec1u ki\u1ec7n).<\/p>\n\n\n\n<p>K\u1ebf ho\u1ea1ch can thi\u1ec7p kh\u1ee7ng ho\u1ea3ng c\u00f3 th\u1ec3 bao g\u1ed3m:<\/p>\n\n\n\n<ul class=\"wp-block-list\"><li>c\u00e1c h\u1ec7 th\u1ed1ng ph\u1ea3n \u1ee9ng cho nh\u1eefng tr\u01b0\u1eddng h\u1ee3p kh\u1ea9n c\u1ea5p ngo\u00e0i gi\u1edd,<\/li><li>h\u01b0\u1edbng d\u1eabn v\u1ec1 vi\u1ec7c th\u00f4ng b\u00e1o cho c\u00e1c c\u01a1 quan kh\u00e1c, v\u00e0<\/li><li>ph\u00e1c \u0111\u1ed3 theo d\u00f5i. <span class=\"footnote_referrer\"><a role=\"button\" tabindex=\"0\" onclick=\"footnote_moveToReference_1696_1('footnote_plugin_reference_1696_1_1');\" onkeypress=\"footnote_moveToReference_1696_1('footnote_plugin_reference_1696_1_1');\" ><sup id=\"footnote_plugin_tooltip_1696_1_1\" class=\"footnote_plugin_tooltip_text\">[1]<\/sup><\/a><span id=\"footnote_plugin_tooltip_text_1696_1_1\" class=\"footnote_tooltip\">M\u1ee5c 4696.1(b)(2).<\/span><\/span><script type=\"text\/javascript\"> jQuery('#footnote_plugin_tooltip_1696_1_1').tooltip({ tip: '#footnote_plugin_tooltip_text_1696_1_1', tipClass: 'footnote_tooltip', effect: 'fade', predelay: 0, fadeInSpeed: 200, delay: 400, fadeOutSpeed: 200, position: 'top center', relative: true, offset: [-7, 0], });<\/script><\/li><\/ul>\n\n\n\n<p>Qu\u00fd v\u1ecb c\u00f3 th\u1ec3 c\u0169ng c\u1ea7n c\u00e1c l\u1ef1a ch\u1ecdn nh\u00e0 \u1edf kh\u1ea9n c\u1ea5p, ch\u1eb3ng h\u1ea1n nh\u01b0:<\/p>\n\n\n\n<ul class=\"wp-block-list\"><li>nh\u00e0 \u1edf t\u1eadp th\u1ec3 cho c\u00e1c tr\u01b0\u1eddng h\u1ee3p kh\u1ee7ng ho\u1ea3ng,<\/li><li>gi\u01b0\u1eddng cho c\u00e1c tr\u01b0\u1eddng h\u1ee3p kh\u1ee7ng ho\u1ea3ng trong nh\u00e0 t\u1eadp th\u1ec3 th\u00f4ng th\u01b0\u1eddng,<\/li><li>nh\u00e0 ch\u0103m nu\u00f4i cho c\u00e1c tr\u01b0\u1eddng h\u1ee3p kh\u1ee7ng ho\u1ea3ng, v\u00e0<\/li><li>nh\u00e0 tr\u1ecd, kh\u00e1ch s\u1ea1n ho\u1eb7c gi\u01b0\u1eddng trong c\u01a1 s\u1edf t\u00e2m th\u1ea7n. <span class=\"footnote_referrer\"><a role=\"button\" tabindex=\"0\" onclick=\"footnote_moveToReference_1696_1('footnote_plugin_reference_1696_1_2');\" onkeypress=\"footnote_moveToReference_1696_1('footnote_plugin_reference_1696_1_2');\" ><sup id=\"footnote_plugin_tooltip_1696_1_2\" class=\"footnote_plugin_tooltip_text\">[2]<\/sup><\/a><span id=\"footnote_plugin_tooltip_text_1696_1_2\" class=\"footnote_tooltip\">M\u1ee5c 4696.1(g).  <\/span><\/span><script type=\"text\/javascript\"> jQuery('#footnote_plugin_tooltip_1696_1_2').tooltip({ tip: '#footnote_plugin_tooltip_text_1696_1_2', tipClass: 'footnote_tooltip', effect: 'fade', predelay: 0, fadeInSpeed: 200, delay: 400, fadeOutSpeed: 200, position: 'top center', relative: true, offset: [-7, 0], });<\/script><\/li><\/ul>\n\n\n\n<p>\u0110\u1ec3 t\u00ecm hi\u1ec3u th\u00eam v\u1ec1 c\u00e1c d\u1ecbch v\u1ee5 s\u1eb5n c\u00f3 t\u1ea1i trung t\u00e2m khu v\u1ef1c c\u1ee7a qu\u00fd v\u1ecb, qu\u00fd v\u1ecb c\u00f3 th\u1ec3 y\u00eau c\u1ea7u trung t\u00e2m khu v\u1ef1c cung c\u1ea5p m\u1ed9t b\u1ea3n sao MOU c\u1ee7a h\u1ecd ho\u1eb7c nh\u1eadn b\u1ea3n sao t\u1eeb DDS. <span class=\"footnote_referrer\"><a role=\"button\" tabindex=\"0\" onclick=\"footnote_moveToReference_1696_1('footnote_plugin_reference_1696_1_3');\" onkeypress=\"footnote_moveToReference_1696_1('footnote_plugin_reference_1696_1_3');\" ><sup id=\"footnote_plugin_tooltip_1696_1_3\" class=\"footnote_plugin_tooltip_text\">[3]<\/sup><\/a><span id=\"footnote_plugin_tooltip_text_1696_1_3\" class=\"footnote_tooltip\">M\u1ee5c 4696.1(e).<\/span><\/span><script type=\"text\/javascript\"> jQuery('#footnote_plugin_tooltip_1696_1_3').tooltip({ tip: '#footnote_plugin_tooltip_text_1696_1_3', tipClass: 'footnote_tooltip', effect: 'fade', predelay: 0, fadeInSpeed: 200, delay: 400, fadeOutSpeed: 200, position: 'top center', relative: true, offset: [-7, 0], });<\/script> DDS c\u00f3 th\u00f4ng tin v\u1ec1 c\u00e1c l\u1ef1a ch\u1ecdn nh\u00e0 \u1edf kh\u1ea9n c\u1ea5p c\u1ee7a t\u1eebng trung t\u00e2m khu v\u1ef1c, bao g\u1ed3m vi\u1ec7c c\u00e1c nh\u00e0 ph\u1ee5c v\u1ee5 tr\u1ebb em hay ng\u01b0\u1eddi l\u1edbn v\u00e0 li\u1ec7u nh\u1eefng ng\u01b0\u1eddi b\u1ecb khuy\u1ebft t\u1eadt th\u1ec3 ch\u1ea5t c\u00f3 th\u1ec3 ti\u1ebfp c\u1eadn v\u1ec1 m\u1eb7t v\u1eadt ch\u1ea5t c\u00e1c nh\u00e0 n\u00e0y kh\u00f4ng. <span class=\"footnote_referrer\"><a role=\"button\" tabindex=\"0\" onclick=\"footnote_moveToReference_1696_1('footnote_plugin_reference_1696_1_4');\" onkeypress=\"footnote_moveToReference_1696_1('footnote_plugin_reference_1696_1_4');\" ><sup id=\"footnote_plugin_tooltip_1696_1_4\" class=\"footnote_plugin_tooltip_text\">[4]<\/sup><\/a><span id=\"footnote_plugin_tooltip_text_1696_1_4\" class=\"footnote_tooltip\">M\u1ee5c 4696.1(g).<\/span><\/span><script type=\"text\/javascript\"> jQuery('#footnote_plugin_tooltip_1696_1_4').tooltip({ tip: '#footnote_plugin_tooltip_text_1696_1_4', tipClass: 'footnote_tooltip', effect: 'fade', predelay: 0, fadeInSpeed: 200, delay: 400, fadeOutSpeed: 200, position: 'top center', relative: true, offset: [-7, 0], });<\/script> DDS c\u0169ng c\u00f3 th\u00f4ng tin v\u1ec1 c\u00e1c d\u1ecbch v\u1ee5 can thi\u1ec7p kh\u1ee7ng ho\u1ea3ng c\u1ee7a t\u1eebng trung t\u00e2m khu v\u1ef1c.<\/p>\n<div class=\"speaker-mute footnotes_reference_container\"> <div class=\"footnote_container_prepare\"><p><span role=\"button\" tabindex=\"0\" class=\"footnote_reference_container_label pointer\" onclick=\"footnote_expand_collapse_reference_container_1696_1();\">&#x202F;<\/span><span role=\"button\" tabindex=\"0\" class=\"footnote_reference_container_collapse_button\" style=\"display: none;\" onclick=\"footnote_expand_collapse_reference_container_1696_1();\">[<a id=\"footnote_reference_container_collapse_button_1696_1\">+<\/a>]<\/span><\/p><\/div> <div id=\"footnote_references_container_1696_1\" style=\"\"><table class=\"footnotes_table footnote-reference-container\"><caption class=\"accessibility\">References<\/caption> <tbody> \r\n\r\n<tr class=\"footnotes_plugin_reference_row\"> <th scope=\"row\" class=\"footnote_plugin_index_combi pointer\"  onclick=\"footnote_moveToAnchor_1696_1('footnote_plugin_tooltip_1696_1_1');\"><a id=\"footnote_plugin_reference_1696_1_1\" class=\"footnote_backlink\"><span class=\"footnote_index_arrow\">&#8593;<\/span>1<\/a><\/th> <td class=\"footnote_plugin_text\">M\u1ee5c 4696.1(b)(2).<\/td><\/tr>\r\n\r\n<tr class=\"footnotes_plugin_reference_row\"> <th scope=\"row\" class=\"footnote_plugin_index_combi pointer\"  onclick=\"footnote_moveToAnchor_1696_1('footnote_plugin_tooltip_1696_1_2');\"><a id=\"footnote_plugin_reference_1696_1_2\" class=\"footnote_backlink\"><span class=\"footnote_index_arrow\">&#8593;<\/span>2<\/a><\/th> <td class=\"footnote_plugin_text\">M\u1ee5c 4696.1(g).  <\/td><\/tr>\r\n\r\n<tr class=\"footnotes_plugin_reference_row\"> <th scope=\"row\" class=\"footnote_plugin_index_combi pointer\"  onclick=\"footnote_moveToAnchor_1696_1('footnote_plugin_tooltip_1696_1_3');\"><a id=\"footnote_plugin_reference_1696_1_3\" class=\"footnote_backlink\"><span class=\"footnote_index_arrow\">&#8593;<\/span>3<\/a><\/th> <td class=\"footnote_plugin_text\">M\u1ee5c 4696.1(e).<\/td><\/tr>\r\n\r\n<tr class=\"footnotes_plugin_reference_row\"> <th scope=\"row\" class=\"footnote_plugin_index_combi pointer\"  onclick=\"footnote_moveToAnchor_1696_1('footnote_plugin_tooltip_1696_1_4');\"><a id=\"footnote_plugin_reference_1696_1_4\" class=\"footnote_backlink\"><span class=\"footnote_index_arrow\">&#8593;<\/span>4<\/a><\/th> <td class=\"footnote_plugin_text\">M\u1ee5c 4696.1(g).<\/td><\/tr>\r\n\r\n <\/tbody> <\/table> <\/div><\/div><script type=\"text\/javascript\"> function footnote_expand_reference_container_1696_1() { jQuery('#footnote_references_container_1696_1').show(); jQuery('#footnote_reference_container_collapse_button_1696_1').text('\u2212'); } function footnote_collapse_reference_container_1696_1() { jQuery('#footnote_references_container_1696_1').hide(); jQuery('#footnote_reference_container_collapse_button_1696_1').text('+'); } function footnote_expand_collapse_reference_container_1696_1() { if (jQuery('#footnote_references_container_1696_1').is(':hidden')) { footnote_expand_reference_container_1696_1(); } else { footnote_collapse_reference_container_1696_1(); } } function footnote_moveToReference_1696_1(p_str_TargetID) { footnote_expand_reference_container_1696_1(); var l_obj_Target = jQuery('#' + p_str_TargetID); if (l_obj_Target.length) { jQuery( 'html, body' ).delay( 0 ); jQuery('html, body').animate({ scrollTop: l_obj_Target.offset().top - window.innerHeight * 0.2 }, 380); } } function footnote_moveToAnchor_1696_1(p_str_TargetID) { footnote_expand_reference_container_1696_1(); var l_obj_Target = jQuery('#' + p_str_TargetID); if (l_obj_Target.length) { jQuery( 'html, body' ).delay( 0 ); jQuery('html, body').animate({ scrollTop: l_obj_Target.offset().top - window.innerHeight * 0.2 }, 380); } }<\/script>","protected":false},"excerpt":{"rendered":"<p>H\u00e3y h\u1ecfi \u0111i\u1ec1u ph\u1ed1i vi\u00ean d\u1ecbch v\u1ee5 t\u1ea1i trung t\u00e2m khu v\u1ef1c c\u1ee7a qu\u00fd v\u1ecb. Trung t\u00e2m khu v\u1ef1c ph\u1ea3i gi\u1edbi thi\u1ec7u qu\u00fd v\u1ecb th\u1ef1c&hellip;<\/p>\n","protected":false},"author":1,"featured_media":0,"parent":1650,"menu_order":11,"comment_status":"closed","ping_status":"closed","template":"","meta":{"footnotes":""},"class_list":["post-1696","page","type-page","status-publish","hentry"],"_links":{"self":[{"href":"https:\/\/rula.disabilityrightsca.org\/vi\/wp-json\/wp\/v2\/pages\/1696","targetHints":{"allow":["GET"]}}],"collection":[{"href":"https:\/\/rula.disabilityrightsca.org\/vi\/wp-json\/wp\/v2\/pages"}],"about":[{"href":"https:\/\/rula.disabilityrightsca.org\/vi\/wp-json\/wp\/v2\/types\/page"}],"author":[{"embeddable":true,"href":"https:\/\/rula.disabilityrightsca.org\/vi\/wp-json\/wp\/v2\/users\/1"}],"replies":[{"embeddable":true,"href":"https:\/\/rula.disabilityrightsca.org\/vi\/wp-json\/wp\/v2\/comments?post=1696"}],"version-history":[{"count":6,"href":"https:\/\/rula.disabilityrightsca.org\/vi\/wp-json\/wp\/v2\/pages\/1696\/revisions"}],"predecessor-version":[{"id":3494,"href":"https:\/\/rula.disabilityrightsca.org\/vi\/wp-json\/wp\/v2\/pages\/1696\/revisions\/3494"}],"up":[{"embeddable":true,"href":"https:\/\/rula.disabilityrightsca.org\/vi\/wp-json\/wp\/v2\/pages\/1650"}],"wp:attachment":[{"href":"https:\/\/rula.disabilityrightsca.org\/vi\/wp-json\/wp\/v2\/media?parent=1696"}],"curies":[{"name":"wp","href":"https:\/\/api.w.org\/{rel}","templated":true}]}}