{"id":1694,"date":"2021-09-02T23:35:47","date_gmt":"2021-09-02T23:35:47","guid":{"rendered":"http:\/\/www.rula.disabilityrightsca.org\/vi\/?page_id=1694"},"modified":"2022-04-22T18:19:09","modified_gmt":"2022-04-22T18:19:09","slug":"8-11-what-is-deflection","status":"publish","type":"page","link":"https:\/\/rula.disabilityrightsca.org\/vi\/rula-book\/chapter-8-how-to-stay-out-of-an-institution\/8-11-what-is-deflection\/","title":{"rendered":"(8.11) Chuy\u1ec3n h\u01b0\u1edbng l\u00e0 g\u00ec?"},"content":{"rendered":"\n<p>Chuy\u1ec3n h\u01b0\u1edbng l\u00e0 quy tr\u00ecnh x\u00e1c \u0111\u1ecbnh v\u00e0 thi\u1ebft l\u1eadp c\u00e1c d\u1ecbch v\u1ee5 v\u00e0 s\u1ef1 h\u1ed7 tr\u1ee3 qu\u00fd v\u1ecb c\u1ea7n \u0111\u1ec3 tr\u00e1nh ph\u1ea3i v\u00e0o c\u01a1 s\u1edf n\u1ed9i tr\u00fa. C\u00f3 c\u00e1c lu\u1eadt \u0111\u1eb7c bi\u1ec7t v\u1ec1 vi\u1ec7c chuy\u1ec3n h\u01b0\u1edbng \u0111\u1ec3 ng\u01b0\u1eddi b\u1ecb khuy\u1ebft t\u1eadt v\u1ec1 ph\u00e1t tri\u1ec3n kh\u00f4ng b\u1ecb s\u1eafp x\u1ebfp v\u00e0o trung t\u00e2m ph\u00e1t tri\u1ec3n. <span class=\"footnote_referrer\"><a role=\"button\" tabindex=\"0\" onclick=\"footnote_moveToReference_1694_1('footnote_plugin_reference_1694_1_1');\" onkeypress=\"footnote_moveToReference_1694_1('footnote_plugin_reference_1694_1_1');\" ><sup id=\"footnote_plugin_tooltip_1694_1_1\" class=\"footnote_plugin_tooltip_text\">[1]<\/sup><\/a><span id=\"footnote_plugin_tooltip_text_1694_1_1\" class=\"footnote_tooltip\">C\u00e1c M\u1ee5c 4418.7(a)-(c) v\u00e0 4418.25(c).<\/span><\/span><script type=\"text\/javascript\"> jQuery('#footnote_plugin_tooltip_1694_1_1').tooltip({ tip: '#footnote_plugin_tooltip_text_1694_1_1', tipClass: 'footnote_tooltip', effect: 'fade', predelay: 0, fadeInSpeed: 200, delay: 400, fadeOutSpeed: 200, position: 'top center', relative: true, offset: [-7, 0], });<\/script>&nbsp;C\u00e1c d\u1ecbch v\u1ee5 chuy\u1ec3n h\u01b0\u1edbng c\u00f3 th\u1ec3 tr\u00e1nh cho qu\u00fd v\u1ecb ph\u1ea3i v\u00e0o c\u01a1 s\u1edf n\u1ed9i tr\u00fa b\u1eb1ng c\u00e1ch:<\/p>\n\n\n\n<ul class=\"wp-block-list\"><li>Gi\u00fap qu\u00fd v\u1ecb \u1edf l\u1ea1i ch\u1ed7 s\u1eafp x\u1ebfp hi\u1ec7n t\u1ea1i c\u1ee7a qu\u00fd v\u1ecb. V\u00ed d\u1ee5: qu\u00fd v\u1ecb c\u00f3 th\u1ec3 nh\u1eadn c\u00e1c d\u1ecbch v\u1ee5 s\u1ee9c kh\u1ecfe t\u00e2m th\u1ea7n v\u00e0 c\u00e1c d\u1ecbch v\u1ee5 can thi\u1ec7p h\u00e0nh vi \u0111\u1ec3 duy tr\u00ec s\u1eafp x\u1ebfp ch\u1ed7 \u1edf hi\u1ec7n t\u1ea1i c\u1ee7a qu\u00fd v\u1ecb n\u1ebfu qu\u00fd v\u1ecb \u0111ang tr\u1ea3i qua kh\u1ee7ng ho\u1ea3ng.<\/li><li>Gi\u00fap qu\u00fd v\u1ecb t\u00ecm m\u1ed9t s\u1eafp x\u1ebfp kh\u00e1c n\u1ebfu qu\u00fd v\u1ecb kh\u00f4ng th\u1ec3 \u1edf l\u1ea1i n\u01a1i s\u1eafp x\u1ebfp hi\u1ec7n t\u1ea1i.<\/li><li>V\u1edbi tr\u1ebb em, trung t\u00e2m khu v\u1ef1c c\u00f3 th\u1ec3 ph\u1ea3i th\u1eed c\u00e1c c\u00e1ch m\u1edbi v\u00e0 s\u00e1ng t\u1ea1o \u0111\u1ec3 \u0111\u00e1p \u1ee9ng nhu c\u1ea7u c\u1ee7a gia \u0111\u00ecnh qu\u00fd v\u1ecb v\u00e0 gi\u00fap gia \u0111\u00ecnh s\u1ed1ng c\u00f9ng nhau. <span class=\"footnote_referrer\"><a role=\"button\" tabindex=\"0\" onclick=\"footnote_moveToReference_1694_1('footnote_plugin_reference_1694_1_2');\" onkeypress=\"footnote_moveToReference_1694_1('footnote_plugin_reference_1694_1_2');\" ><sup id=\"footnote_plugin_tooltip_1694_1_2\" class=\"footnote_plugin_tooltip_text\">[2]<\/sup><\/a><span id=\"footnote_plugin_tooltip_text_1694_1_2\" class=\"footnote_tooltip\">M\u1ee5c 4685(c)(2).<\/span><\/span><script type=\"text\/javascript\"> jQuery('#footnote_plugin_tooltip_1694_1_2').tooltip({ tip: '#footnote_plugin_tooltip_text_1694_1_2', tipClass: 'footnote_tooltip', effect: 'fade', predelay: 0, fadeInSpeed: 200, delay: 400, fadeOutSpeed: 200, position: 'top center', relative: true, offset: [-7, 0], });<\/script><\/li><\/ul>\n\n\n\n<p>Chuy\u1ec3n h\u01b0\u1edbng \u0111\u00f4i khi c\u00f3 ngh\u0129a qu\u00fd v\u1ecb c\u1ea7n th\u00eam d\u1ecbch v\u1ee5. \u0110\u00e2y \u0111\u01b0\u1ee3c g\u1ecdi l\u00e0 c\u00e1c d\u1ecbch v\u1ee5 b\u1ed5 sung. V\u00ed d\u1ee5: nh\u00f3m IPP c\u1ee7a qu\u00fd v\u1ecb c\u00f3 th\u1ec3 nh\u1ea5t tr\u00ed r\u1eb1ng qu\u00fd v\u1ecb c\u1ea7n th\u00eam nh\u00e2n vi\u00ean h\u1ed7 tr\u1ee3. <span class=\"footnote_referrer\"><a role=\"button\" tabindex=\"0\" onclick=\"footnote_moveToReference_1694_1('footnote_plugin_reference_1694_1_3');\" onkeypress=\"footnote_moveToReference_1694_1('footnote_plugin_reference_1694_1_3');\" ><sup id=\"footnote_plugin_tooltip_1694_1_3\" class=\"footnote_plugin_tooltip_text\">[3]<\/sup><\/a><span id=\"footnote_plugin_tooltip_text_1694_1_3\" class=\"footnote_tooltip\">M\u1ee5c 4648(a)(9)(C).<\/span><\/span><script type=\"text\/javascript\"> jQuery('#footnote_plugin_tooltip_1694_1_3').tooltip({ tip: '#footnote_plugin_tooltip_text_1694_1_3', tipClass: 'footnote_tooltip', effect: 'fade', predelay: 0, fadeInSpeed: 200, delay: 400, fadeOutSpeed: 200, position: 'top center', relative: true, offset: [-7, 0], });<\/script>&nbsp;Qu\u00fd v\u1ecb c\u00f3 th\u1ec3 nh\u1eadn c\u00e1c d\u1ecbch v\u1ee5 can thi\u1ec7p kh\u1ee7ng ho\u1ea3ng trong c\u1ed9ng \u0111\u1ed3ng c\u1ee7a m\u00ecnh. N\u1ebfu kh\u00f4ng c\u00f3 c\u00e1ch n\u00e0o \u0111\u1ec3 qu\u00fd v\u1ecb \u1edf l\u1ea1i trong c\u1ed9ng \u0111\u1ed3ng, trung t\u00e2m khu v\u1ef1c ph\u1ea3i c\u1ed1 g\u1eafng \u0111\u01b0a qu\u00fd v\u1ecb tr\u1edf v\u1ec1 s\u1eafp x\u1ebfp ch\u1ed7 \u1edf m\u00e0 qu\u00fd v\u1ecb ch\u1ecdn, c\u00f9ng t\u1ea5t c\u1ea3 s\u1ef1 h\u1ed7 tr\u1ee3 qu\u00fd v\u1ecb c\u1ea7n, s\u1edbm nh\u1ea5t c\u00f3 th\u1ec3. <span class=\"footnote_referrer\"><a role=\"button\" tabindex=\"0\" onclick=\"footnote_moveToReference_1694_1('footnote_plugin_reference_1694_1_4');\" onkeypress=\"footnote_moveToReference_1694_1('footnote_plugin_reference_1694_1_4');\" ><sup id=\"footnote_plugin_tooltip_1694_1_4\" class=\"footnote_plugin_tooltip_text\">[4]<\/sup><\/a><span id=\"footnote_plugin_tooltip_text_1694_1_4\" class=\"footnote_tooltip\">M\u1ee5c 4648(a)(10).<\/span><\/span><script type=\"text\/javascript\"> jQuery('#footnote_plugin_tooltip_1694_1_4').tooltip({ tip: '#footnote_plugin_tooltip_text_1694_1_4', tipClass: 'footnote_tooltip', effect: 'fade', predelay: 0, fadeInSpeed: 200, delay: 400, fadeOutSpeed: 200, position: 'top center', relative: true, offset: [-7, 0], });<\/script><\/p>\n<div class=\"speaker-mute footnotes_reference_container\"> <div class=\"footnote_container_prepare\"><p><span role=\"button\" tabindex=\"0\" class=\"footnote_reference_container_label pointer\" onclick=\"footnote_expand_collapse_reference_container_1694_1();\">&#x202F;<\/span><span role=\"button\" tabindex=\"0\" class=\"footnote_reference_container_collapse_button\" style=\"display: none;\" onclick=\"footnote_expand_collapse_reference_container_1694_1();\">[<a id=\"footnote_reference_container_collapse_button_1694_1\">+<\/a>]<\/span><\/p><\/div> <div id=\"footnote_references_container_1694_1\" style=\"\"><table class=\"footnotes_table footnote-reference-container\"><caption class=\"accessibility\">References<\/caption> <tbody> \r\n\r\n<tr class=\"footnotes_plugin_reference_row\"> <th scope=\"row\" class=\"footnote_plugin_index_combi pointer\"  onclick=\"footnote_moveToAnchor_1694_1('footnote_plugin_tooltip_1694_1_1');\"><a id=\"footnote_plugin_reference_1694_1_1\" class=\"footnote_backlink\"><span class=\"footnote_index_arrow\">&#8593;<\/span>1<\/a><\/th> <td class=\"footnote_plugin_text\">C\u00e1c M\u1ee5c 4418.7(a)-(c) v\u00e0 4418.25(c).<\/td><\/tr>\r\n\r\n<tr class=\"footnotes_plugin_reference_row\"> <th scope=\"row\" class=\"footnote_plugin_index_combi pointer\"  onclick=\"footnote_moveToAnchor_1694_1('footnote_plugin_tooltip_1694_1_2');\"><a id=\"footnote_plugin_reference_1694_1_2\" class=\"footnote_backlink\"><span class=\"footnote_index_arrow\">&#8593;<\/span>2<\/a><\/th> <td class=\"footnote_plugin_text\">M\u1ee5c 4685(c)(2).<\/td><\/tr>\r\n\r\n<tr class=\"footnotes_plugin_reference_row\"> <th scope=\"row\" class=\"footnote_plugin_index_combi pointer\"  onclick=\"footnote_moveToAnchor_1694_1('footnote_plugin_tooltip_1694_1_3');\"><a id=\"footnote_plugin_reference_1694_1_3\" class=\"footnote_backlink\"><span class=\"footnote_index_arrow\">&#8593;<\/span>3<\/a><\/th> <td class=\"footnote_plugin_text\">M\u1ee5c 4648(a)(9)(C).<\/td><\/tr>\r\n\r\n<tr class=\"footnotes_plugin_reference_row\"> <th scope=\"row\" class=\"footnote_plugin_index_combi pointer\"  onclick=\"footnote_moveToAnchor_1694_1('footnote_plugin_tooltip_1694_1_4');\"><a id=\"footnote_plugin_reference_1694_1_4\" class=\"footnote_backlink\"><span class=\"footnote_index_arrow\">&#8593;<\/span>4<\/a><\/th> <td class=\"footnote_plugin_text\">M\u1ee5c 4648(a)(10).<\/td><\/tr>\r\n\r\n <\/tbody> <\/table> <\/div><\/div><script type=\"text\/javascript\"> function footnote_expand_reference_container_1694_1() { jQuery('#footnote_references_container_1694_1').show(); jQuery('#footnote_reference_container_collapse_button_1694_1').text('\u2212'); } function footnote_collapse_reference_container_1694_1() { jQuery('#footnote_references_container_1694_1').hide(); jQuery('#footnote_reference_container_collapse_button_1694_1').text('+'); } function footnote_expand_collapse_reference_container_1694_1() { if (jQuery('#footnote_references_container_1694_1').is(':hidden')) { footnote_expand_reference_container_1694_1(); } else { footnote_collapse_reference_container_1694_1(); } } function footnote_moveToReference_1694_1(p_str_TargetID) { footnote_expand_reference_container_1694_1(); var l_obj_Target = jQuery('#' + p_str_TargetID); if (l_obj_Target.length) { jQuery( 'html, body' ).delay( 0 ); jQuery('html, body').animate({ scrollTop: l_obj_Target.offset().top - window.innerHeight * 0.2 }, 380); } } function footnote_moveToAnchor_1694_1(p_str_TargetID) { footnote_expand_reference_container_1694_1(); var l_obj_Target = jQuery('#' + p_str_TargetID); if (l_obj_Target.length) { jQuery( 'html, body' ).delay( 0 ); jQuery('html, body').animate({ scrollTop: l_obj_Target.offset().top - window.innerHeight * 0.2 }, 380); } }<\/script>","protected":false},"excerpt":{"rendered":"<p>Chuy\u1ec3n h\u01b0\u1edbng l\u00e0 quy tr\u00ecnh x\u00e1c \u0111\u1ecbnh v\u00e0 thi\u1ebft l\u1eadp c\u00e1c d\u1ecbch v\u1ee5 v\u00e0 s\u1ef1 h\u1ed7 tr\u1ee3 qu\u00fd v\u1ecb c\u1ea7n \u0111\u1ec3 tr\u00e1nh ph\u1ea3i v\u00e0o c\u01a1&hellip;<\/p>\n","protected":false},"author":1,"featured_media":0,"parent":1650,"menu_order":11,"comment_status":"closed","ping_status":"closed","template":"","meta":{"footnotes":""},"class_list":["post-1694","page","type-page","status-publish","hentry"],"_links":{"self":[{"href":"https:\/\/rula.disabilityrightsca.org\/vi\/wp-json\/wp\/v2\/pages\/1694","targetHints":{"allow":["GET"]}}],"collection":[{"href":"https:\/\/rula.disabilityrightsca.org\/vi\/wp-json\/wp\/v2\/pages"}],"about":[{"href":"https:\/\/rula.disabilityrightsca.org\/vi\/wp-json\/wp\/v2\/types\/page"}],"author":[{"embeddable":true,"href":"https:\/\/rula.disabilityrightsca.org\/vi\/wp-json\/wp\/v2\/users\/1"}],"replies":[{"embeddable":true,"href":"https:\/\/rula.disabilityrightsca.org\/vi\/wp-json\/wp\/v2\/comments?post=1694"}],"version-history":[{"count":4,"href":"https:\/\/rula.disabilityrightsca.org\/vi\/wp-json\/wp\/v2\/pages\/1694\/revisions"}],"predecessor-version":[{"id":3166,"href":"https:\/\/rula.disabilityrightsca.org\/vi\/wp-json\/wp\/v2\/pages\/1694\/revisions\/3166"}],"up":[{"embeddable":true,"href":"https:\/\/rula.disabilityrightsca.org\/vi\/wp-json\/wp\/v2\/pages\/1650"}],"wp:attachment":[{"href":"https:\/\/rula.disabilityrightsca.org\/vi\/wp-json\/wp\/v2\/media?parent=1694"}],"curies":[{"name":"wp","href":"https:\/\/api.w.org\/{rel}","templated":true}]}}